{"id":307,"date":"2024-11-27T16:05:10","date_gmt":"2024-11-27T16:05:10","guid":{"rendered":"http:\/\/sl.iron-toys.com\/?page_id=307"},"modified":"2025-10-19T11:49:08","modified_gmt":"2025-10-19T11:49:08","slug":"service-und-garantie","status":"publish","type":"page","link":"https:\/\/iron-toys.com\/at\/service-und-garantie\/","title":{"rendered":"Service und Garantie"},"content":{"rendered":"\n\t<section class=\"section\" id=\"section_23175155\">\n\t\t<div class=\"section-bg fill\" >\n\t\t\t\t\t\t\t\t\t\n\t\t\t\n\n\t\t<\/div>\n\n\t\t\n\n\t\t<div class=\"section-content relative\">\n\t\t\t\n<div class=\"row\"  id=\"row-859680935\">\n\n\t<div id=\"col-1877387334\" class=\"col small-12 large-12\"  >\n\t\t\t\t<div class=\"col-inner\"  >\n\t\t\t\n\t\t\t\n\n<nav class=\"breadcrumbs\"><a href=\"https:\/\/iron-toys.com\/at\">Heim<\/a> > <\/nav>\n\n\t\t<\/div>\n\t\t\t\t\t<\/div>\n\n\t\n<\/div>\n<div class=\"row\"  id=\"row-675082447\">\n\n\t<div id=\"col-777659726\" class=\"col small-12 large-12\"  >\n\t\t\t\t<div class=\"col-inner\"  >\n\t\t\t\n\t\t\t\n<div class=\"container section-title-container\" ><h1 class=\"section-title section-title-normal\"><b aria-hidden=\"true\"><\/b><span class=\"section-title-main\" >Service &amp; Garantie<\/span><b aria-hidden=\"true\"><\/b><\/h1><\/div>\n<p data-start=\"65\" data-end=\"130\"><strong data-start=\"65\" data-end=\"130\">Service &amp; Garantie \u2013 Zuverl\u00e4ssigkeit und Sicherheit an erster Stelle!<\/strong><\/p>\n<p>Beim Kauf einer Maschine bei Iron Toys erhalten Sie eine 1-Jahres-Garantie, die grundlegende Ersatzteile sowie eine schnelle Lieferung zus\u00e4tzlicher Komponenten umfasst. Serviceunterst\u00fctzung ist nach vorheriger Terminvereinbarung verf\u00fcgbar, wobei wir uns flexibel an Ihre Bed\u00fcrfnisse und Ihren Standort anpassen.<\/p>\n<p>Auch nach Ablauf der Garantie bieten wir Ihnen einen zuverl\u00e4ssigen und kosteng\u00fcnstigen Service, der f\u00fcr eine lange Lebensdauer und optimale Leistung Ihrer Maschine sorgt.<\/p>\n\t\t<\/div>\n\t\t\t\t\t<\/div>\n\n\t\n<\/div>\n\t\t<\/div>\n\n\t\t\n<style>\n#section_23175155 {\n  padding-top: 30px;\n  padding-bottom: 30px;\n}\n<\/style>\n\t<\/section>\n\t\n","protected":false},"excerpt":{"rendered":"","protected":false},"author":1,"featured_media":0,"parent":0,"menu_order":0,"comment_status":"closed","ping_status":"closed","template":"page-blank.php","meta":{"_acf_changed":false,"footnotes":""},"class_list":["post-307","page","type-page","status-publish","hentry"],"acf":[],"_links":{"self":[{"href":"https:\/\/iron-toys.com\/at\/wp-json\/wp\/v2\/pages\/307","targetHints":{"allow":["GET"]}}],"collection":[{"href":"https:\/\/iron-toys.com\/at\/wp-json\/wp\/v2\/pages"}],"about":[{"href":"https:\/\/iron-toys.com\/at\/wp-json\/wp\/v2\/types\/page"}],"author":[{"embeddable":true,"href":"https:\/\/iron-toys.com\/at\/wp-json\/wp\/v2\/users\/1"}],"replies":[{"embeddable":true,"href":"https:\/\/iron-toys.com\/at\/wp-json\/wp\/v2\/comments?post=307"}],"version-history":[{"count":9,"href":"https:\/\/iron-toys.com\/at\/wp-json\/wp\/v2\/pages\/307\/revisions"}],"predecessor-version":[{"id":1028,"href":"https:\/\/iron-toys.com\/at\/wp-json\/wp\/v2\/pages\/307\/revisions\/1028"}],"wp:attachment":[{"href":"https:\/\/iron-toys.com\/at\/wp-json\/wp\/v2\/media?parent=307"}],"curies":[{"name":"wp","href":"https:\/\/api.w.org\/{rel}","templated":true}]}}