{"id":1036,"date":"2025-11-09T18:27:45","date_gmt":"2025-11-09T18:27:45","guid":{"rendered":"https:\/\/iron-toys.com\/at\/?post_type=product&#038;p=1036"},"modified":"2025-11-09T18:32:07","modified_gmt":"2025-11-09T18:32:07","slug":"hydraulischer-greiffinger","status":"publish","type":"product","link":"https:\/\/iron-toys.com\/at\/produkt\/hydraulischer-greiffinger\/","title":{"rendered":"Hydraulischer (Greiffinger)"},"content":{"rendered":"<div class=\"flex max-w-full flex-col flex-grow\">\n<div class=\"min-h-8 text-message flex w-full flex-col items-end gap-2 whitespace-normal break-words [.text-message+&amp;]:mt-5\" dir=\"auto\" data-message-author-role=\"assistant\" data-message-id=\"c4e7f56e-520f-4d30-92ca-988880143525\" data-message-model-slug=\"gpt-4o\">\n<div class=\"flex w-full flex-col gap-1 empty:hidden first:pt-[3px]\">\n<div class=\"markdown prose w-full break-words dark:prose-invert light\">\n<p><b>\u00a0<\/b><\/p>\n<\/div>\n<\/div>\n<\/div>\n<\/div>\n","protected":false},"excerpt":{"rendered":"<div class=\"flex max-w-full flex-col flex-grow\">\n<div class=\"min-h-8 text-message flex w-full flex-col items-end gap-2 whitespace-normal break-words [.text-message+&amp;]:mt-5\" dir=\"auto\" data-message-author-role=\"assistant\" data-message-id=\"c4e7f56e-520f-4d30-92ca-988880143525\" data-message-model-slug=\"gpt-4o\">\n<div class=\"flex w-full flex-col gap-1 empty:hidden first:pt-[3px]\">\n<div class=\"markdown prose w-full break-words dark:prose-invert light\">\n<div class=\"flex max-w-full flex-col flex-grow\">\n<div class=\"min-h-8 text-message flex w-full flex-col items-end gap-2 whitespace-normal break-words [.text-message+&amp;]:mt-5\" dir=\"auto\" data-message-author-role=\"assistant\" data-message-id=\"a8a5e0d5-607b-44b4-868a-1dbab690b6f7\" data-message-model-slug=\"gpt-4o\">\n<div class=\"flex w-full flex-col gap-1 empty:hidden first:pt-[3px]\">\n<div class=\"markdown prose w-full break-words dark:prose-invert light\">\n<p><strong>Hydraulischer Greiffinger f\u00fcr Minibagger \u2013 Zuverl\u00e4ssiger Halt bei der Arbeit<\/strong><\/p>\n<p>Der hydraulische Greiffinger ist das ideale Anbauger\u00e4t f\u00fcr Minibagger zum Greifen und Anheben von \u00c4sten, Holzst\u00e4mmen, Steinen und anderen Materialien. Dank seines leistungsstarken hydraulischen Antriebs erm\u00f6glicht er pr\u00e4zises und sicheres Arbeiten und sorgt f\u00fcr effiziente Ergebnisse auf Baustellen, im Forstbereich oder bei kommunalen Eins\u00e4tzen.<\/p>\n<\/div>\n<\/div>\n<\/div>\n<\/div>\n<div class=\"mb-2 flex gap-3 empty:hidden -ml-2\">\n<div class=\"items-center justify-start rounded-xl p-1 flex\">\n<div class=\"flex items-center\">\n<div class=\"flex items-center pb-0\"><\/div>\n<\/div>\n<\/div>\n<\/div>\n<\/div>\n<\/div>\n<\/div>\n<\/div>\n","protected":false},"featured_media":1037,"template":"","meta":{"_acf_changed":false},"product_brand":[],"product_cat":[17],"product_tag":[],"class_list":{"0":"post-1036","1":"product","2":"type-product","3":"status-publish","4":"has-post-thumbnail","6":"product_cat-anbaugerate","8":"first","9":"instock","10":"taxable","11":"shipping-taxable","12":"purchasable","13":"product-type-simple"},"acf":[],"_links":{"self":[{"href":"https:\/\/iron-toys.com\/at\/wp-json\/wp\/v2\/product\/1036","targetHints":{"allow":["GET"]}}],"collection":[{"href":"https:\/\/iron-toys.com\/at\/wp-json\/wp\/v2\/product"}],"about":[{"href":"https:\/\/iron-toys.com\/at\/wp-json\/wp\/v2\/types\/product"}],"wp:featuredmedia":[{"embeddable":true,"href":"https:\/\/iron-toys.com\/at\/wp-json\/wp\/v2\/media\/1037"}],"wp:attachment":[{"href":"https:\/\/iron-toys.com\/at\/wp-json\/wp\/v2\/media?parent=1036"}],"wp:term":[{"taxonomy":"product_brand","embeddable":true,"href":"https:\/\/iron-toys.com\/at\/wp-json\/wp\/v2\/product_brand?post=1036"},{"taxonomy":"product_cat","embeddable":true,"href":"https:\/\/iron-toys.com\/at\/wp-json\/wp\/v2\/product_cat?post=1036"},{"taxonomy":"product_tag","embeddable":true,"href":"https:\/\/iron-toys.com\/at\/wp-json\/wp\/v2\/product_tag?post=1036"}],"curies":[{"name":"wp","href":"https:\/\/api.w.org\/{rel}","templated":true}]}}