{"id":1041,"date":"2025-11-17T18:46:44","date_gmt":"2025-11-17T18:46:44","guid":{"rendered":"https:\/\/iron-toys.com\/at\/?post_type=product&#038;p=1041"},"modified":"2025-12-03T15:13:53","modified_gmt":"2025-12-03T15:13:53","slug":"minibagger-irt12s-1200kg","status":"publish","type":"product","link":"https:\/\/iron-toys.com\/at\/produkt\/minibagger-irt12s-1200kg\/","title":{"rendered":"Minibagger IRT12S &#8211; 1200kg"},"content":{"rendered":"\n\t<section class=\"section\" id=\"section_1099589983\">\n\t\t<div class=\"section-bg fill\" >\n\t\t\t\t\t\t\t\t\t\n\t\t\t\n\n\t\t<\/div>\n\n\t\t\n\n\t\t<div class=\"section-content relative\">\n\t\t\t\n<div class=\"row row-large align-middle\"  id=\"row-59559042\">\n\n\t<div id=\"col-1537203126\" class=\"col medium-12 small-12 large-6\"  >\n\t\t\t\t<div class=\"col-inner\"  >\n\t\t\t\n\t\t\t\n<h3><b><strong>Abmessungen<\/strong><\/b><\/h3>\n<p style=\"text-align: left\"><strong>A \u2013<\/strong> Spurmitte: 910 mm<br \/>\n<strong>B \u2013<\/strong> Kettenl\u00e4nge gesamt: 1235 mm<br \/>\n<strong>C \u2013<\/strong> Bodenfreiheit Oberwagen: 400 mm<br \/>\n<strong>D \u2013<\/strong> Heckschwenkradius: 830 mm<br \/>\n<strong>E \u2013<\/strong> Fahrwerksbreite: 940 mm<br \/>\n<strong>F \u2013<\/strong> Kettenbreite: 180 mm<br \/>\n<strong>G \u2013<\/strong> Kettenh\u00f6he: 320 mm<br \/>\n<strong>H \u2013<\/strong> Transportl\u00e4nge: 2350 \/ 2870 mm<br \/>\n<strong>I \u2013<\/strong> Sitzh\u00f6he: 1560 mm<br \/>\n<strong>J \u2013 <\/strong>Gesamth\u00f6he: \u00a02270 mm<br \/>\n<strong>M \u2013<\/strong> Seitenschwenk Ausleger rechts: 40\u00b0<br \/>\n<strong>N \u2013<\/strong> Seitenschwenk Ausleger links: 53\u00b0<\/p>\n\t\t<\/div>\n\t\t\t\t\t<\/div>\n\n\t\n\n\t<div id=\"col-808724989\" class=\"col medium-12 small-12 large-6\"  >\n\t\t\t\t<div class=\"col-inner\"  >\n\t\t\t\n\t\t\t\n\t<div class=\"img has-hover x md-x lg-x y md-y lg-y\" id=\"image_840413717\">\n\t\t\t\t\t\t\t\t<div class=\"img-inner dark\" >\n\t\t\t<img loading=\"lazy\" decoding=\"async\" width=\"1020\" height=\"670\" src=\"https:\/\/iron-toys.com\/at\/wp-content\/uploads\/sites\/5\/2024\/11\/Screenshot-2025-06-24-at-20.23.27-1024x673.png\" class=\"attachment-large size-large\" alt=\"\" srcset=\"https:\/\/iron-toys.com\/at\/wp-content\/uploads\/sites\/5\/2024\/11\/Screenshot-2025-06-24-at-20.23.27-1024x673.png 1024w, https:\/\/iron-toys.com\/at\/wp-content\/uploads\/sites\/5\/2024\/11\/Screenshot-2025-06-24-at-20.23.27-300x197.png 300w, https:\/\/iron-toys.com\/at\/wp-content\/uploads\/sites\/5\/2024\/11\/Screenshot-2025-06-24-at-20.23.27-768x505.png 768w, https:\/\/iron-toys.com\/at\/wp-content\/uploads\/sites\/5\/2024\/11\/Screenshot-2025-06-24-at-20.23.27-1536x1010.png 1536w, https:\/\/iron-toys.com\/at\/wp-content\/uploads\/sites\/5\/2024\/11\/Screenshot-2025-06-24-at-20.23.27-2048x1347.png 2048w, https:\/\/iron-toys.com\/at\/wp-content\/uploads\/sites\/5\/2024\/11\/Screenshot-2025-06-24-at-20.23.27-655x431.png 655w\" sizes=\"auto, (max-width: 1020px) 100vw, 1020px\" \/>\t\t\t\t\t\t\n\t\t\t\t\t<\/div>\n\t\t\t\t\t\t\t\t\n<style>\n#image_840413717 {\n  width: 100%;\n}\n<\/style>\n\t<\/div>\n\t\n\t\t<\/div>\n\t\t\t\t\t<\/div>\n\n\t\n<\/div>\n<div class=\"row row-large align-middle\"  id=\"row-623043175\">\n\n\t<div id=\"col-1526154669\" class=\"col medium-12 small-12 large-6\"  >\n\t\t\t\t<div class=\"col-inner\"  >\n\t\t\t\n\t\t\t\n\t<div class=\"img has-hover x md-x lg-x y md-y lg-y\" id=\"image_597104838\">\n\t\t\t\t\t\t\t\t<div class=\"img-inner dark\" >\n\t\t\t<img loading=\"lazy\" decoding=\"async\" width=\"768\" height=\"576\" src=\"https:\/\/iron-toys.com\/at\/wp-content\/uploads\/sites\/5\/2025\/09\/WhatsApp-Image-2025-07-23-at-09.40.45-768x576.jpeg\" class=\"attachment-medium_large size-medium_large\" alt=\"\" srcset=\"https:\/\/iron-toys.com\/at\/wp-content\/uploads\/sites\/5\/2025\/09\/WhatsApp-Image-2025-07-23-at-09.40.45-768x576.jpeg 768w, https:\/\/iron-toys.com\/at\/wp-content\/uploads\/sites\/5\/2025\/09\/WhatsApp-Image-2025-07-23-at-09.40.45-300x225.jpeg 300w, https:\/\/iron-toys.com\/at\/wp-content\/uploads\/sites\/5\/2025\/09\/WhatsApp-Image-2025-07-23-at-09.40.45-1024x768.jpeg 1024w, https:\/\/iron-toys.com\/at\/wp-content\/uploads\/sites\/5\/2025\/09\/WhatsApp-Image-2025-07-23-at-09.40.45-1536x1152.jpeg 1536w, https:\/\/iron-toys.com\/at\/wp-content\/uploads\/sites\/5\/2025\/09\/WhatsApp-Image-2025-07-23-at-09.40.45-655x491.jpeg 655w, https:\/\/iron-toys.com\/at\/wp-content\/uploads\/sites\/5\/2025\/09\/WhatsApp-Image-2025-07-23-at-09.40.45.jpeg 1600w\" sizes=\"auto, (max-width: 768px) 100vw, 768px\" \/>\t\t\t\t\t\t\n\t\t\t\t\t<\/div>\n\t\t\t\t\t\t\t\t\n<style>\n#image_597104838 {\n  width: 80%;\n}\n<\/style>\n\t<\/div>\n\t\n\t\t<\/div>\n\t\t\t\t\t<\/div>\n\n\t\n\n\t<div id=\"col-173630229\" class=\"col medium-12 small-12 large-6 medium-col-first\"  >\n\t\t\t\t<div class=\"col-inner\"  >\n\t\t\t\n\t\t\t\n<h3><b>Kompakt, leistungsstark und effizient<\/b><\/h3>\n<p>Die kompakte und leistungsstarke Maschine vereint hohe Grabkraft, Stabilit\u00e4t und Wendigkeit auf nur 940 mm Breite. Ausgestattet mit dem zuverl\u00e4ssigen Koop-Motor und einem modernen Hydrauliksystem erm\u00f6glicht sie pr\u00e4zises und effizientes Arbeiten. Die Rundumrotation, Gummiketten und der seitlich schwenkbare Ausleger erlauben Eins\u00e4tze selbst in sehr beengten Bereichen. Eine komfortable Bedienkonsole sowie das Planierschild erh\u00f6hen zus\u00e4tzlich die Vielseitigkeit bei Arbeiten in urbanen und anspruchsvollen Umgebungen.<\/p>\n\t\t<\/div>\n\t\t\t\t\t<\/div>\n\n\t\n<\/div>\n<div class=\"row row-large align-middle\"  id=\"row-1908292513\">\n\n\t<div id=\"col-203087444\" class=\"col medium-12 small-12 large-6\"  >\n\t\t\t\t<div class=\"col-inner\"  >\n\t\t\t\n\t\t\t\n<h3><b>Ger\u00e4umige und komfortable Kabine<\/b><\/h3>\n<p>Die Kabine bietet noch mehr Platz und eine verbesserte Ergonomie f\u00fcr komfortables Arbeiten. Der ebene Boden erleichtert die Bewegung, w\u00e4hrend das elektronische Bedienfeld einen schnellen \u00dcberblick \u00fcber wichtige Funktionen wie Betriebsstunden, Batteriespannung, Beleuchtung und Start erm\u00f6glicht. Die hydraulischen Steuerhebel sind so angeordnet, dass sie eine pr\u00e4zise und m\u00fchelose Bedienung gew\u00e4hrleisten. Ein bequemer Sitz und ein Sicherheitsgurt sorgen f\u00fcr Sicherheit, auch bei l\u00e4ngeren Eins\u00e4tzen. Der einfache Ein- und Ausstieg erh\u00f6ht zus\u00e4tzlich den Bedienkomfort.<\/p>\n\t\t<\/div>\n\t\t\t\t\t<\/div>\n\n\t\n\n\t<div id=\"col-1653523781\" class=\"col medium-12 small-12 large-6\"  >\n\t\t\t\t<div class=\"col-inner\"  >\n\t\t\t\n\t\t\t\n\t<div class=\"img has-hover x md-x lg-x y md-y lg-y\" id=\"image_1261601599\">\n\t\t\t\t\t\t\t\t<div class=\"img-inner dark\" >\n\t\t\t<img loading=\"lazy\" decoding=\"async\" width=\"1020\" height=\"765\" src=\"https:\/\/iron-toys.com\/at\/wp-content\/uploads\/sites\/5\/2025\/09\/WhatsApp-Image-2025-07-23-at-09.40.47-1024x768.jpeg\" class=\"attachment-large size-large\" alt=\"\" srcset=\"https:\/\/iron-toys.com\/at\/wp-content\/uploads\/sites\/5\/2025\/09\/WhatsApp-Image-2025-07-23-at-09.40.47-1024x768.jpeg 1024w, https:\/\/iron-toys.com\/at\/wp-content\/uploads\/sites\/5\/2025\/09\/WhatsApp-Image-2025-07-23-at-09.40.47-300x225.jpeg 300w, https:\/\/iron-toys.com\/at\/wp-content\/uploads\/sites\/5\/2025\/09\/WhatsApp-Image-2025-07-23-at-09.40.47-768x576.jpeg 768w, https:\/\/iron-toys.com\/at\/wp-content\/uploads\/sites\/5\/2025\/09\/WhatsApp-Image-2025-07-23-at-09.40.47-1536x1152.jpeg 1536w, https:\/\/iron-toys.com\/at\/wp-content\/uploads\/sites\/5\/2025\/09\/WhatsApp-Image-2025-07-23-at-09.40.47-655x491.jpeg 655w, https:\/\/iron-toys.com\/at\/wp-content\/uploads\/sites\/5\/2025\/09\/WhatsApp-Image-2025-07-23-at-09.40.47.jpeg 1600w\" sizes=\"auto, (max-width: 1020px) 100vw, 1020px\" \/>\t\t\t\t\t\t\n\t\t\t\t\t<\/div>\n\t\t\t\t\t\t\t\t\n<style>\n#image_1261601599 {\n  width: 100%;\n}\n<\/style>\n\t<\/div>\n\t\n\t\t<\/div>\n\t\t\t\t\t<\/div>\n\n\t\n<\/div>\n<div class=\"row row-large align-middle\"  id=\"row-1199530001\">\n\n\t<div id=\"col-1904272948\" class=\"col medium-12 small-12 large-6\"  >\n\t\t\t\t<div class=\"col-inner\"  >\n\t\t\t\n\t\t\t\n\t<div class=\"img has-hover x md-x lg-x y md-y lg-y\" id=\"image_133705685\">\n\t\t\t\t\t\t\t\t<div class=\"img-inner dark\" >\n\t\t\t<img loading=\"lazy\" decoding=\"async\" width=\"1020\" height=\"679\" src=\"https:\/\/iron-toys.com\/at\/wp-content\/uploads\/sites\/5\/2025\/09\/WhatsApp-Image-2025-09-28-at-18.04.19-5-1024x682.jpeg\" class=\"attachment-large size-large\" alt=\"\" srcset=\"https:\/\/iron-toys.com\/at\/wp-content\/uploads\/sites\/5\/2025\/09\/WhatsApp-Image-2025-09-28-at-18.04.19-5-1024x682.jpeg 1024w, https:\/\/iron-toys.com\/at\/wp-content\/uploads\/sites\/5\/2025\/09\/WhatsApp-Image-2025-09-28-at-18.04.19-5-300x200.jpeg 300w, https:\/\/iron-toys.com\/at\/wp-content\/uploads\/sites\/5\/2025\/09\/WhatsApp-Image-2025-09-28-at-18.04.19-5-768x512.jpeg 768w, https:\/\/iron-toys.com\/at\/wp-content\/uploads\/sites\/5\/2025\/09\/WhatsApp-Image-2025-09-28-at-18.04.19-5-1536x1023.jpeg 1536w, https:\/\/iron-toys.com\/at\/wp-content\/uploads\/sites\/5\/2025\/09\/WhatsApp-Image-2025-09-28-at-18.04.19-5-655x436.jpeg 655w, https:\/\/iron-toys.com\/at\/wp-content\/uploads\/sites\/5\/2025\/09\/WhatsApp-Image-2025-09-28-at-18.04.19-5.jpeg 1600w\" sizes=\"auto, (max-width: 1020px) 100vw, 1020px\" \/>\t\t\t\t\t\t\n\t\t\t\t\t<\/div>\n\t\t\t\t\t\t\t\t\n<style>\n#image_133705685 {\n  width: 100%;\n}\n<\/style>\n\t<\/div>\n\t\n\t\t<\/div>\n\t\t\t\t\t<\/div>\n\n\t\n\n\t<div id=\"col-866809102\" class=\"col medium-12 small-12 large-6 medium-col-first\"  >\n\t\t\t\t<div class=\"col-inner\"  >\n\t\t\t\n\t\t\t\n<h3><b>Einfache Wartung und zuverl\u00e4ssiger Betrieb<\/b><\/h3>\n<p>Die Maschinenkonstruktion erm\u00f6glicht einen schnellen Zugang zum Motor und zu den wichtigsten Komponenten, was regelm\u00e4\u00dfige Inspektionen und Wartungsarbeiten erheblich vereinfacht. Dadurch verk\u00fcrzt sich die Wartungszeit und das Risiko von Betriebsst\u00f6rungen wird reduziert. Integrierte Sicherheitselemente sowie eine robuste Bauweise gew\u00e4hrleisten einen zuverl\u00e4ssigen und sicheren Einsatz auch unter anspruchsvollen Bedingungen.<\/p>\n\t\t<\/div>\n\t\t\t\t\t<\/div>\n\n\t\n<\/div>\n\t\t<\/div>\n\n\t\t\n<style>\n#section_1099589983 {\n  padding-top: 30px;\n  padding-bottom: 30px;\n}\n<\/style>\n\t<\/section>\n\t\n","protected":false},"excerpt":{"rendered":"<p>Der<strong> IRT-12<\/strong> ist ein leistungsstarker 1,2-t-Minibagger f\u00fcr Profis auf anspruchsvollen Baustellen und f\u00fcr pr\u00e4zise Arbeiten in beengten Bereichen. Der <strong>KOOP\u2011Dieselmotor KD192F (7,6\u202fkW)<\/strong> \u00a0mit zwei Volumenstr\u00f6men (21,6 + 10,8 l\/min) bei 16 MPa Arbeitsdruck liefert eine hohe Hydraulikleistung. Mit seinem kleinen Schwenkradius (1.190 mm) \u00fcberzeugt er insbesondere in urbanen Umgebungen.<\/p>\n<p><strong>Inklusive GRATIS: 40\u2011cm Grabenschaufel + Schnellwechsler<\/strong><\/p>\n","protected":false},"featured_media":1044,"template":"","meta":{"_acf_changed":false},"product_brand":[],"product_cat":[16,19],"product_tag":[],"class_list":{"0":"post-1041","1":"product","2":"type-product","3":"status-publish","4":"has-post-thumbnail","6":"product_cat-maschinen","7":"product_cat-minibagger","9":"first","10":"instock","11":"taxable","12":"shipping-taxable","13":"purchasable","14":"product-type-simple"},"acf":[],"_links":{"self":[{"href":"https:\/\/iron-toys.com\/at\/wp-json\/wp\/v2\/product\/1041","targetHints":{"allow":["GET"]}}],"collection":[{"href":"https:\/\/iron-toys.com\/at\/wp-json\/wp\/v2\/product"}],"about":[{"href":"https:\/\/iron-toys.com\/at\/wp-json\/wp\/v2\/types\/product"}],"wp:featuredmedia":[{"embeddable":true,"href":"https:\/\/iron-toys.com\/at\/wp-json\/wp\/v2\/media\/1044"}],"wp:attachment":[{"href":"https:\/\/iron-toys.com\/at\/wp-json\/wp\/v2\/media?parent=1041"}],"wp:term":[{"taxonomy":"product_brand","embeddable":true,"href":"https:\/\/iron-toys.com\/at\/wp-json\/wp\/v2\/product_brand?post=1041"},{"taxonomy":"product_cat","embeddable":true,"href":"https:\/\/iron-toys.com\/at\/wp-json\/wp\/v2\/product_cat?post=1041"},{"taxonomy":"product_tag","embeddable":true,"href":"https:\/\/iron-toys.com\/at\/wp-json\/wp\/v2\/product_tag?post=1041"}],"curies":[{"name":"wp","href":"https:\/\/api.w.org\/{rel}","templated":true}]}}