{"id":1047,"date":"2023-11-29T14:46:03","date_gmt":"2023-11-29T14:46:03","guid":{"rendered":"https:\/\/iron-toys.com\/at\/?post_type=product&#038;p=1047"},"modified":"2025-12-03T15:14:53","modified_gmt":"2025-12-03T15:14:53","slug":"minibagger-irt20-kubota-2000kg","status":"publish","type":"product","link":"https:\/\/iron-toys.com\/at\/produkt\/minibagger-irt20-kubota-2000kg\/","title":{"rendered":"Minibagger IRT20 (KUBOTA) &#8211; 2000kg"},"content":{"rendered":"\n\t<section class=\"section\" id=\"section_885707895\">\n\t\t<div class=\"section-bg fill\" >\n\t\t\t\t\t\t\t\t\t\n\t\t\t\n\n\t\t<\/div>\n\n\t\t\n\n\t\t<div class=\"section-content relative\">\n\t\t\t\n<div class=\"row row-large align-middle\"  id=\"row-1898840824\">\n\n\t<div id=\"col-639937782\" class=\"col medium-12 small-12 large-6\"  >\n\t\t\t\t<div class=\"col-inner\"  >\n\t\t\t\n\t\t\t\n<h3><b><strong>Abmessungen<\/strong><\/b><\/h3>\n<p style=\"text-align: left\"><strong>A \u2013<\/strong> Radstand: 1230 mm<br \/>\n<strong>B \u2013<\/strong> Gesamtl\u00e4nge der Ketten: 1550 mm<br \/>\n<strong>C \u2013<\/strong> Abstand der Plattform zum Boden: 440 mm<br \/>\n<strong>D \u2013<\/strong> Wendekreis des hinteren Teils: 805 mm<br \/>\n<strong>E \u2013<\/strong> Fahrwerksbreite: 1000\u20131250 mm<br \/>\n<strong>F \u2013<\/strong> Kettenbreite: 230 mm<br \/>\n<strong>G \u2013<\/strong> Kettenh\u00f6he: 320 mm<br \/>\n<strong>H \u2013<\/strong> Transportl\u00e4nge: 2225 \/ 3470 mm<br \/>\n<strong>I \u2013<\/strong> Sitzh\u00f6he \u00fcber Boden: 1655 mm<br \/>\n<strong>J \u2013<\/strong> Gesamth\u00f6he: 2295 mm<br \/>\n<strong>M \u2013<\/strong> Arm-Drehwinkel nach rechts: 50\u00b0<br \/>\n<strong>N \u2013<\/strong> Arm-Drehwinkel nach links: 60\u00b0<\/p>\n\t\t<\/div>\n\t\t\t\t\t<\/div>\n\n\t\n\n\t<div id=\"col-200313481\" class=\"col medium-12 small-12 large-6\"  >\n\t\t\t\t<div class=\"col-inner\"  >\n\t\t\t\n\t\t\t\n\t<div class=\"img has-hover x md-x lg-x y md-y lg-y\" id=\"image_435221944\">\n\t\t\t\t\t\t\t\t<div class=\"img-inner dark\" >\n\t\t\t<img loading=\"lazy\" decoding=\"async\" width=\"1020\" height=\"649\" src=\"https:\/\/iron-toys.com\/at\/wp-content\/uploads\/sites\/5\/2025\/06\/WhatsApp-Image-2025-06-28-at-20.30.06-1024x652.jpeg\" class=\"attachment-large size-large\" alt=\"\" srcset=\"https:\/\/iron-toys.com\/at\/wp-content\/uploads\/sites\/5\/2025\/06\/WhatsApp-Image-2025-06-28-at-20.30.06-1024x652.jpeg 1024w, https:\/\/iron-toys.com\/at\/wp-content\/uploads\/sites\/5\/2025\/06\/WhatsApp-Image-2025-06-28-at-20.30.06-300x191.jpeg 300w, https:\/\/iron-toys.com\/at\/wp-content\/uploads\/sites\/5\/2025\/06\/WhatsApp-Image-2025-06-28-at-20.30.06-768x489.jpeg 768w, https:\/\/iron-toys.com\/at\/wp-content\/uploads\/sites\/5\/2025\/06\/WhatsApp-Image-2025-06-28-at-20.30.06-655x417.jpeg 655w, https:\/\/iron-toys.com\/at\/wp-content\/uploads\/sites\/5\/2025\/06\/WhatsApp-Image-2025-06-28-at-20.30.06.jpeg 1110w\" sizes=\"auto, (max-width: 1020px) 100vw, 1020px\" \/>\t\t\t\t\t\t\n\t\t\t\t\t<\/div>\n\t\t\t\t\t\t\t\t\n<style>\n#image_435221944 {\n  width: 100%;\n}\n<\/style>\n\t<\/div>\n\t\n\t\t<\/div>\n\t\t\t\t\t<\/div>\n\n\t\n<\/div>\n<div class=\"row row-large align-middle\"  id=\"row-1517903410\">\n\n\t<div id=\"col-956587147\" class=\"col medium-12 small-12 large-6\"  >\n\t\t\t\t<div class=\"col-inner\"  >\n\t\t\t\n\t\t\t\n\t<div class=\"img has-hover x md-x lg-x y md-y lg-y\" id=\"image_1698403951\">\n\t\t\t\t\t\t\t\t<div class=\"img-inner dark\" >\n\t\t\t<img loading=\"lazy\" decoding=\"async\" width=\"768\" height=\"576\" src=\"https:\/\/iron-toys.com\/at\/wp-content\/uploads\/sites\/5\/2025\/06\/0Q8A1896-768x576.jpg\" class=\"attachment-medium_large size-medium_large\" alt=\"\" srcset=\"https:\/\/iron-toys.com\/at\/wp-content\/uploads\/sites\/5\/2025\/06\/0Q8A1896-768x576.jpg 768w, https:\/\/iron-toys.com\/at\/wp-content\/uploads\/sites\/5\/2025\/06\/0Q8A1896-300x225.jpg 300w, https:\/\/iron-toys.com\/at\/wp-content\/uploads\/sites\/5\/2025\/06\/0Q8A1896-1024x768.jpg 1024w, https:\/\/iron-toys.com\/at\/wp-content\/uploads\/sites\/5\/2025\/06\/0Q8A1896-1536x1152.jpg 1536w, https:\/\/iron-toys.com\/at\/wp-content\/uploads\/sites\/5\/2025\/06\/0Q8A1896-2048x1536.jpg 2048w, https:\/\/iron-toys.com\/at\/wp-content\/uploads\/sites\/5\/2025\/06\/0Q8A1896-655x491.jpg 655w\" sizes=\"auto, (max-width: 768px) 100vw, 768px\" \/>\t\t\t\t\t\t\n\t\t\t\t\t<\/div>\n\t\t\t\t\t\t\t\t\n<style>\n#image_1698403951 {\n  width: 80%;\n}\n<\/style>\n\t<\/div>\n\t\n\t\t<\/div>\n\t\t\t\t\t<\/div>\n\n\t\n\n\t<div id=\"col-1900831579\" class=\"col medium-12 small-12 large-6 medium-col-first\"  >\n\t\t\t\t<div class=\"col-inner\"  >\n\t\t\t\n\t\t\t\n<h3><b>Kompakt, leistungsstark und effizient<\/b><\/h3>\n<p>Diese Maschine kombiniert starke Grabkraft, ein fortschrittliches Hydrauliksystem und ein stabiles Fahrwerk mit einer Breite von 1000 mm. Die 360\u00b0-Rotation, Gummiketten und das seitliche Verschieben des Arms (60\u00b0 nach links, 50\u00b0 nach rechts) erm\u00f6glichen effizientes Arbeiten selbst in engen Bereichen. Die Steuerkonsole, die Planierkante und das verstellbare Fahrwerk erh\u00f6hen die Vielseitigkeit der Maschine auf unterschiedlichsten Untergr\u00fcnden \u2013 von urbanen Gebieten bis hin zu anspruchsvollen Baustellen.<\/p>\n\t\t<\/div>\n\t\t\t\t\t<\/div>\n\n\t\n<\/div>\n<div class=\"row row-large align-middle\"  id=\"row-1175572826\">\n\n\t<div id=\"col-1779022353\" class=\"col medium-12 small-12 large-6\"  >\n\t\t\t\t<div class=\"col-inner\"  >\n\t\t\t\n\t\t\t\n<h3><b>Ger\u00e4umige und komfortable Kabine<\/b><\/h3>\n<p class=\"p1\">Die Kabine bietet mehr Platz, einen flachen Boden und einen breiten Zugang, was komfortablen Einstieg und bessere Beweglichkeit w\u00e4hrend der Arbeit erm\u00f6glicht. Das \u00fcbersichtliche Bedienpanel zeigt wichtige Informationen an \u2013 Betriebsstunden, Motortemperatur, Spannungszustand und Energieverbrauch. Alle Bedienelemente sind ergonomisch angeordnet, was eine einfache und sichere Steuerung erlaubt. Pr\u00e4zise Hydraulikhebel, ein komfortabler Sitz und klar positionierte Funktionskn\u00f6pfe sorgen f\u00fcr ein angenehmes und effizientes Arbeitserlebnis, selbst bei l\u00e4ngeren Arbeitseins\u00e4tzen.<\/p>\n\t\t<\/div>\n\t\t\t\t\t<\/div>\n\n\t\n\n\t<div id=\"col-8622317\" class=\"col medium-12 small-12 large-6\"  >\n\t\t\t\t<div class=\"col-inner\"  >\n\t\t\t\n\t\t\t\n\t<div class=\"img has-hover x md-x lg-x y md-y lg-y\" id=\"image_1035898122\">\n\t\t\t\t\t\t\t\t<div class=\"img-inner dark\" >\n\t\t\t<img loading=\"lazy\" decoding=\"async\" width=\"1020\" height=\"765\" src=\"https:\/\/iron-toys.com\/at\/wp-content\/uploads\/sites\/5\/2025\/06\/0Q8A1830-1024x768.jpg\" class=\"attachment-large size-large\" alt=\"\" srcset=\"https:\/\/iron-toys.com\/at\/wp-content\/uploads\/sites\/5\/2025\/06\/0Q8A1830-1024x768.jpg 1024w, https:\/\/iron-toys.com\/at\/wp-content\/uploads\/sites\/5\/2025\/06\/0Q8A1830-300x225.jpg 300w, https:\/\/iron-toys.com\/at\/wp-content\/uploads\/sites\/5\/2025\/06\/0Q8A1830-768x576.jpg 768w, https:\/\/iron-toys.com\/at\/wp-content\/uploads\/sites\/5\/2025\/06\/0Q8A1830-1536x1152.jpg 1536w, https:\/\/iron-toys.com\/at\/wp-content\/uploads\/sites\/5\/2025\/06\/0Q8A1830-2048x1536.jpg 2048w, https:\/\/iron-toys.com\/at\/wp-content\/uploads\/sites\/5\/2025\/06\/0Q8A1830-655x491.jpg 655w\" sizes=\"auto, (max-width: 1020px) 100vw, 1020px\" \/>\t\t\t\t\t\t\n\t\t\t\t\t<\/div>\n\t\t\t\t\t\t\t\t\n<style>\n#image_1035898122 {\n  width: 100%;\n}\n<\/style>\n\t<\/div>\n\t\n\t\t<\/div>\n\t\t\t\t\t<\/div>\n\n\t\n<\/div>\n<div class=\"row row-large align-middle\"  id=\"row-1610602021\">\n\n\t<div id=\"col-1110955880\" class=\"col medium-12 small-12 large-6\"  >\n\t\t\t\t<div class=\"col-inner\"  >\n\t\t\t\n\t\t\t\n\t<div class=\"img has-hover x md-x lg-x y md-y lg-y\" id=\"image_604958872\">\n\t\t\t\t\t\t\t\t<div class=\"img-inner dark\" >\n\t\t\t<img loading=\"lazy\" decoding=\"async\" width=\"1020\" height=\"765\" src=\"https:\/\/iron-toys.com\/at\/wp-content\/uploads\/sites\/5\/2025\/06\/0Q8A1822-1024x768.jpg\" class=\"attachment-large size-large\" alt=\"\" srcset=\"https:\/\/iron-toys.com\/at\/wp-content\/uploads\/sites\/5\/2025\/06\/0Q8A1822-1024x768.jpg 1024w, https:\/\/iron-toys.com\/at\/wp-content\/uploads\/sites\/5\/2025\/06\/0Q8A1822-300x225.jpg 300w, https:\/\/iron-toys.com\/at\/wp-content\/uploads\/sites\/5\/2025\/06\/0Q8A1822-768x576.jpg 768w, https:\/\/iron-toys.com\/at\/wp-content\/uploads\/sites\/5\/2025\/06\/0Q8A1822-1536x1152.jpg 1536w, https:\/\/iron-toys.com\/at\/wp-content\/uploads\/sites\/5\/2025\/06\/0Q8A1822-2048x1536.jpg 2048w, https:\/\/iron-toys.com\/at\/wp-content\/uploads\/sites\/5\/2025\/06\/0Q8A1822-655x491.jpg 655w\" sizes=\"auto, (max-width: 1020px) 100vw, 1020px\" \/>\t\t\t\t\t\t\n\t\t\t\t\t<\/div>\n\t\t\t\t\t\t\t\t\n<style>\n#image_604958872 {\n  width: 100%;\n}\n<\/style>\n\t<\/div>\n\t\n\t\t<\/div>\n\t\t\t\t\t<\/div>\n\n\t\n\n\t<div id=\"col-220956636\" class=\"col medium-12 small-12 large-6 medium-col-first\"  >\n\t\t\t\t<div class=\"col-inner\"  >\n\t\t\t\n\t\t\t\n<h3><b>Einfache Wartung und zuverl\u00e4ssiger Betrieb<\/b><\/h3>\n<p>Das durchdachte Design erm\u00f6glicht schnellen Zugang zum Motor und zu den wichtigsten Komponenten, wodurch regelm\u00e4\u00dfige Inspektionen und Wartungen vereinfacht werden. Die Wartung ist schnell und \u00fcbersichtlich, wodurch m\u00f6gliche Ausfallzeiten reduziert werden. Die robuste Konstruktion und die intelligente Anordnung der Systeme gew\u00e4hrleisten einen sicheren und zuverl\u00e4ssigen Betrieb unter allen Bedingungen.<\/p>\n\t\t<\/div>\n\t\t\t\t\t<\/div>\n\n\t\n<\/div>\n\t\t<\/div>\n\n\t\t\n<style>\n#section_885707895 {\n  padding-top: 30px;\n  padding-bottom: 30px;\n}\n<\/style>\n\t<\/section>\n\t\n","protected":false},"excerpt":{"rendered":"<p class=\"p1\">Der <strong>IRT-20<\/strong> ist ein leistungsstarker und zuverl\u00e4ssiger Minibagger mit einer Masse von 2000 kg, geeignet f\u00fcr den professionellen Einsatz auf Baustellen, landwirtschaftlichen Fl\u00e4chen, anspruchsvollem Gel\u00e4nde sowie f\u00fcr pr\u00e4zise Arbeiten in beengten R\u00e4umen. Er wird von einem <strong>dreizylindrigen Dieselmotor Kubota D902<\/strong> mit einer <strong>Leistung von 11,8 kW<\/strong> bei 2300 U\/min und einem Hubraum von 0,898 l angetrieben. In Kombination mit einer Zahnrad-Hydraulikpumpe und einem Arbeitsdruck von 16 MPa bietet die Maschine ein stabiles und effizientes Hydrauliksystem mit einem Durchfluss von 15,6 + 15,6 + 7,8 l\/min. Hohe Leistung beh\u00e4lt sie auch bei Steigungen bis zu 30\u00b0 bei, und dank des kleinen Wenderadius (1395 mm) sowie der Gummiketten eignet sie sich hervorragend f\u00fcr enge, urbane und anspruchsvolle Arbeitsumgebungen.<\/p>\n<p><strong>Inklusive GRATIS: 40\u2011cm\u2011Grabenschaufel + Schnellwechsler<\/strong><\/p>\n","protected":false},"featured_media":1048,"template":"","meta":{"_acf_changed":false},"product_brand":[],"product_cat":[16,19],"product_tag":[],"class_list":{"0":"post-1047","1":"product","2":"type-product","3":"status-publish","4":"has-post-thumbnail","6":"product_cat-maschinen","7":"product_cat-minibagger","9":"first","10":"instock","11":"taxable","12":"shipping-taxable","13":"purchasable","14":"product-type-simple"},"acf":[],"_links":{"self":[{"href":"https:\/\/iron-toys.com\/at\/wp-json\/wp\/v2\/product\/1047","targetHints":{"allow":["GET"]}}],"collection":[{"href":"https:\/\/iron-toys.com\/at\/wp-json\/wp\/v2\/product"}],"about":[{"href":"https:\/\/iron-toys.com\/at\/wp-json\/wp\/v2\/types\/product"}],"wp:featuredmedia":[{"embeddable":true,"href":"https:\/\/iron-toys.com\/at\/wp-json\/wp\/v2\/media\/1048"}],"wp:attachment":[{"href":"https:\/\/iron-toys.com\/at\/wp-json\/wp\/v2\/media?parent=1047"}],"wp:term":[{"taxonomy":"product_brand","embeddable":true,"href":"https:\/\/iron-toys.com\/at\/wp-json\/wp\/v2\/product_brand?post=1047"},{"taxonomy":"product_cat","embeddable":true,"href":"https:\/\/iron-toys.com\/at\/wp-json\/wp\/v2\/product_cat?post=1047"},{"taxonomy":"product_tag","embeddable":true,"href":"https:\/\/iron-toys.com\/at\/wp-json\/wp\/v2\/product_tag?post=1047"}],"curies":[{"name":"wp","href":"https:\/\/api.w.org\/{rel}","templated":true}]}}