{"id":1057,"date":"2023-10-18T16:39:57","date_gmt":"2023-10-18T16:39:57","guid":{"rendered":"https:\/\/iron-toys.com\/at\/?post_type=product&#038;p=1057"},"modified":"2025-12-02T15:00:52","modified_gmt":"2025-12-02T15:00:52","slug":"minibagger-irt25-kubota-2500kg","status":"publish","type":"product","link":"https:\/\/iron-toys.com\/at\/produkt\/minibagger-irt25-kubota-2500kg\/","title":{"rendered":"Minibagger IRT25 (KUBOTA) &#8211; 2500kg"},"content":{"rendered":"\n\t<section class=\"section\" id=\"section_618888777\">\n\t\t<div class=\"section-bg fill\" >\n\t\t\t\t\t\t\t\t\t\n\t\t\t\n\n\t\t<\/div>\n\n\t\t\n\n\t\t<div class=\"section-content relative\">\n\t\t\t\n<div class=\"row row-large align-middle\"  id=\"row-167581997\">\n\n\t<div id=\"col-303184828\" class=\"col medium-12 small-12 large-6\"  >\n\t\t\t\t<div class=\"col-inner\"  >\n\t\t\t\n\t\t\t\n<h3><b><strong>Abmessungen<\/strong><\/b><\/h3>\n<p style=\"text-align: left;\"><strong>A \u2013<\/strong> 500 mm<br \/>\n<strong>B \u2013<\/strong> 720 mm<br \/>\n<strong>C \u2013<\/strong> 1280\/1440 mm<br \/>\n<strong>D \u2013<\/strong> 710 mm<br \/>\n<strong>E \u2013<\/strong> 3400 mm<br \/>\n<strong>F \u2013<\/strong> 2430 mm<br \/>\n<strong>G \u2013<\/strong> 2500 mm<br \/>\n<strong>H \u2013<\/strong> 1470 mm<br \/>\n<strong>I \u2013<\/strong> 1650 mm<br \/>\n<strong>J \u2013<\/strong> 1450 mm<br \/>\n<strong>K \u2013<\/strong> 860 mm<br \/>\n<strong>L \u2013<\/strong> 3730 mm<br \/>\n<strong>M \u2013<\/strong> 230 mm<br \/>\n<strong>N \u2013<\/strong> 230 mm<br \/>\n<strong>O \u2013<\/strong> 2240 mm<br \/>\n<strong>P \u2013<\/strong> 3980 mm<br \/>\n<strong>Q \u2013<\/strong> 4050 mm<\/p>\n\t\t<\/div>\n\t\t\t\t\t<\/div>\n\n\t\n\n\t<div id=\"col-453363990\" class=\"col medium-12 small-12 large-6\"  >\n\t\t\t\t<div class=\"col-inner\"  >\n\t\t\t\n\t\t\t\n\t<div class=\"img has-hover x md-x lg-x y md-y lg-y\" id=\"image_1543278123\">\n\t\t\t\t\t\t\t\t<div class=\"img-inner dark\" >\n\t\t\t<img loading=\"lazy\" decoding=\"async\" width=\"548\" height=\"632\" src=\"https:\/\/iron-toys.com\/at\/wp-content\/uploads\/sites\/5\/2023\/10\/Screenshot-2025-11-23-at-15.43.34.png\" class=\"attachment-large size-large\" alt=\"\" srcset=\"https:\/\/iron-toys.com\/at\/wp-content\/uploads\/sites\/5\/2023\/10\/Screenshot-2025-11-23-at-15.43.34.png 548w, https:\/\/iron-toys.com\/at\/wp-content\/uploads\/sites\/5\/2023\/10\/Screenshot-2025-11-23-at-15.43.34-260x300.png 260w\" sizes=\"auto, (max-width: 548px) 100vw, 548px\" \/>\t\t\t\t\t\t\n\t\t\t\t\t<\/div>\n\t\t\t\t\t\t\t\t\n<style>\n#image_1543278123 {\n  width: 80%;\n}\n<\/style>\n\t<\/div>\n\t\n\t\t<\/div>\n\t\t\t\t\t<\/div>\n\n\t\n<\/div>\n<div class=\"row row-large align-middle\"  id=\"row-729750185\">\n\n\t<div id=\"col-1525753493\" class=\"col medium-12 small-12 large-6\"  >\n\t\t\t\t<div class=\"col-inner\"  >\n\t\t\t\n\t\t\t\n\t<div class=\"img has-hover x md-x lg-x y md-y lg-y\" id=\"image_1138163785\">\n\t\t\t\t\t\t\t\t<div class=\"img-inner dark\" >\n\t\t\t<img loading=\"lazy\" decoding=\"async\" width=\"768\" height=\"686\" src=\"https:\/\/iron-toys.com\/at\/wp-content\/uploads\/sites\/5\/2025\/11\/IMG_1630-scaled-e1763905813965-768x686.jpg\" class=\"attachment-medium_large size-medium_large\" alt=\"\" srcset=\"https:\/\/iron-toys.com\/at\/wp-content\/uploads\/sites\/5\/2025\/11\/IMG_1630-scaled-e1763905813965-768x686.jpg 768w, https:\/\/iron-toys.com\/at\/wp-content\/uploads\/sites\/5\/2025\/11\/IMG_1630-scaled-e1763905813965-300x268.jpg 300w, https:\/\/iron-toys.com\/at\/wp-content\/uploads\/sites\/5\/2025\/11\/IMG_1630-scaled-e1763905813965-1024x915.jpg 1024w, https:\/\/iron-toys.com\/at\/wp-content\/uploads\/sites\/5\/2025\/11\/IMG_1630-scaled-e1763905813965-1536x1372.jpg 1536w, https:\/\/iron-toys.com\/at\/wp-content\/uploads\/sites\/5\/2025\/11\/IMG_1630-scaled-e1763905813965-655x585.jpg 655w, https:\/\/iron-toys.com\/at\/wp-content\/uploads\/sites\/5\/2025\/11\/IMG_1630-scaled-e1763905813965.jpg 1920w\" sizes=\"auto, (max-width: 768px) 100vw, 768px\" \/>\t\t\t\t\t\t\n\t\t\t\t\t<\/div>\n\t\t\t\t\t\t\t\t\n<style>\n#image_1138163785 {\n  width: 80%;\n}\n<\/style>\n\t<\/div>\n\t\n\t\t<\/div>\n\t\t\t\t\t<\/div>\n\n\t\n\n\t<div id=\"col-149672006\" class=\"col medium-12 small-12 large-6 medium-col-first\"  >\n\t\t\t\t<div class=\"col-inner\"  >\n\t\t\t\n\t\t\t\n<h3><b>Kompakt, leistungsstark und effizient<\/b><\/h3>\n<p class=\"p1\">Die Maschine kombiniert starke Grabkraft, ein modernes Hydrauliksystem und ein stabiles Fahrwerk mit einer Breite von 1440 mm, was zuverl\u00e4ssigen Betrieb unter allen Bedingungen erm\u00f6glicht. Dank 360\u00b0-Rotation, Gummiketten und seitlichem Armversatz kann der Bagger selbst in engen R\u00e4umen problemlos arbeiten. Die Steuerkonsole, die Planierkante und die verstellbare Fahrwerksbreite erh\u00f6hen die Flexibilit\u00e4t und machen ihn ebenso effizient auf Baustellen, in urbanen Bereichen wie auch auf anspruchsvollem Gel\u00e4nde.<\/p>\n\t\t<\/div>\n\t\t\t\t\t<\/div>\n\n\t\n<\/div>\n<div class=\"row row-large align-middle\"  id=\"row-562911952\">\n\n\t<div id=\"col-404262588\" class=\"col medium-12 small-12 large-6\"  >\n\t\t\t\t<div class=\"col-inner\"  >\n\t\t\t\n\t\t\t\n<h3><b>Ger\u00e4umige und komfortable Kabine<\/b><\/h3>\n<p class=\"p1\">Die Kabine ist so gestaltet, dass sie mehr Platz, einen flachen Boden und einen breiten Einstieg bietet, was einen einfachen Zugang und gr\u00f6\u00dfere Bewegungsfreiheit w\u00e4hrend der Arbeit erm\u00f6glicht. Das \u00fcbersichtliche Bedienpanel zeigt alle wichtigen Maschinenparameter an \u2013 Betriebsstunden, Motortemperatur, Spannungszustand und Energieverbrauch. Die Bedienelemente sind ergonomisch angeordnet, und die Hydraulikhebel reagieren pr\u00e4zise, was eine sichere und intuitive Steuerung erm\u00f6glicht. Der komfortable Sitz und logisch platzierte Funktionskn\u00f6pfe erh\u00f6hen die Produktivit\u00e4t, insbesondere bei l\u00e4ngerem Einsatz.<\/p>\n\t\t<\/div>\n\t\t\t\t\t<\/div>\n\n\t\n\n\t<div id=\"col-991535823\" class=\"col medium-12 small-12 large-6\"  >\n\t\t\t\t<div class=\"col-inner\"  >\n\t\t\t\n\t\t\t\n\t<div class=\"img has-hover x md-x lg-x y md-y lg-y\" id=\"image_1182124036\">\n\t\t\t\t\t\t\t\t<div class=\"img-inner dark\" >\n\t\t\t<img loading=\"lazy\" decoding=\"async\" width=\"1020\" height=\"765\" src=\"https:\/\/iron-toys.com\/at\/wp-content\/uploads\/sites\/5\/2025\/11\/WhatsApp-Image-2025-09-25-at-11.04.21-1-1024x768.jpeg\" class=\"attachment-large size-large\" alt=\"\" srcset=\"https:\/\/iron-toys.com\/at\/wp-content\/uploads\/sites\/5\/2025\/11\/WhatsApp-Image-2025-09-25-at-11.04.21-1-1024x768.jpeg 1024w, https:\/\/iron-toys.com\/at\/wp-content\/uploads\/sites\/5\/2025\/11\/WhatsApp-Image-2025-09-25-at-11.04.21-1-300x225.jpeg 300w, https:\/\/iron-toys.com\/at\/wp-content\/uploads\/sites\/5\/2025\/11\/WhatsApp-Image-2025-09-25-at-11.04.21-1-768x576.jpeg 768w, https:\/\/iron-toys.com\/at\/wp-content\/uploads\/sites\/5\/2025\/11\/WhatsApp-Image-2025-09-25-at-11.04.21-1-1536x1152.jpeg 1536w, https:\/\/iron-toys.com\/at\/wp-content\/uploads\/sites\/5\/2025\/11\/WhatsApp-Image-2025-09-25-at-11.04.21-1-655x491.jpeg 655w, https:\/\/iron-toys.com\/at\/wp-content\/uploads\/sites\/5\/2025\/11\/WhatsApp-Image-2025-09-25-at-11.04.21-1.jpeg 1600w\" sizes=\"auto, (max-width: 1020px) 100vw, 1020px\" \/>\t\t\t\t\t\t\n\t\t\t\t\t<\/div>\n\t\t\t\t\t\t\t\t\n<style>\n#image_1182124036 {\n  width: 100%;\n}\n<\/style>\n\t<\/div>\n\t\n\t\t<\/div>\n\t\t\t\t\t<\/div>\n\n\t\n<\/div>\n<div class=\"row row-large align-middle\"  id=\"row-1450445415\">\n\n\t<div id=\"col-352908167\" class=\"col medium-12 small-12 large-6\"  >\n\t\t\t\t<div class=\"col-inner\"  >\n\t\t\t\n\t\t\t\n\t<div class=\"img has-hover x md-x lg-x y md-y lg-y\" id=\"image_567996957\">\n\t\t\t\t\t\t\t\t<div class=\"img-inner dark\" >\n\t\t\t<img loading=\"lazy\" decoding=\"async\" width=\"1020\" height=\"765\" src=\"https:\/\/iron-toys.com\/at\/wp-content\/uploads\/sites\/5\/2025\/11\/IMG_1651-scaled-1-1024x768.jpg\" class=\"attachment-large size-large\" alt=\"\" srcset=\"https:\/\/iron-toys.com\/at\/wp-content\/uploads\/sites\/5\/2025\/11\/IMG_1651-scaled-1-1024x768.jpg 1024w, https:\/\/iron-toys.com\/at\/wp-content\/uploads\/sites\/5\/2025\/11\/IMG_1651-scaled-1-300x225.jpg 300w, https:\/\/iron-toys.com\/at\/wp-content\/uploads\/sites\/5\/2025\/11\/IMG_1651-scaled-1-768x576.jpg 768w, https:\/\/iron-toys.com\/at\/wp-content\/uploads\/sites\/5\/2025\/11\/IMG_1651-scaled-1-1536x1152.jpg 1536w, https:\/\/iron-toys.com\/at\/wp-content\/uploads\/sites\/5\/2025\/11\/IMG_1651-scaled-1-scaled.jpg 2048w, https:\/\/iron-toys.com\/at\/wp-content\/uploads\/sites\/5\/2025\/11\/IMG_1651-scaled-1-655x491.jpg 655w\" sizes=\"auto, (max-width: 1020px) 100vw, 1020px\" \/>\t\t\t\t\t\t\n\t\t\t\t\t<\/div>\n\t\t\t\t\t\t\t\t\n<style>\n#image_567996957 {\n  width: 100%;\n}\n<\/style>\n\t<\/div>\n\t\n\t\t<\/div>\n\t\t\t\t\t<\/div>\n\n\t\n\n\t<div id=\"col-1665777509\" class=\"col medium-12 small-12 large-6 medium-col-first\"  >\n\t\t\t\t<div class=\"col-inner\"  >\n\t\t\t\n\t\t\t\n<h3><b>Einfache Wartung und zuverl\u00e4ssiger Betrieb<\/b><\/h3>\n<p class=\"p1\">Das durchdachte Design erm\u00f6glicht einfachen Zugang zum Motor und zu den Hauptkomponenten, was regelm\u00e4\u00dfige Kontrollen und Wartungsarbeiten erheblich erleichtert. Die Wartung ist schnell und klar strukturiert, wodurch Ausfallzeiten reduziert und die Verf\u00fcgbarkeit der Maschine im Einsatz erh\u00f6ht werden. Die robuste Konstruktion und sorgf\u00e4ltig angeordneten Systeme gew\u00e4hrleisten einen zuverl\u00e4ssigen und sicheren Betrieb unter allen Arbeitsbedingungen.<\/p>\n\t\t<\/div>\n\t\t\t\t\t<\/div>\n\n\t\n<\/div>\n\t\t<\/div>\n\n\t\t\n<style>\n#section_618888777 {\n  padding-top: 30px;\n  padding-bottom: 30px;\n}\n<\/style>\n\t<\/section>\n\t\n","protected":false},"excerpt":{"rendered":"<p>IRT-20 ist ein leistungsstarker und zuverl\u00e4ssiger Minibagger mit einer Masse von 2000 kg, geeignet f\u00fcr den professionellen Einsatz auf Baustellen, landwirtschaftlichen Fl\u00e4chen, anspruchsvollem Gel\u00e4nde sowie f\u00fcr pr\u00e4zise Aufgaben in beengten Bereichen. Er wird von einem <strong>dreizylindrigen Dieselmotor Kubota D902<\/strong> mit einer <strong>Leistung von 11,8 kW<\/strong> bei 2300 U\/min und einem Hubraum von 0,898 l angetrieben. In Kombination mit einer Zahnrad-Hydraulikpumpe und einem Arbeitsdruck von 16 MPa bietet die Maschine ein stabiles und effizientes Hydrauliksystem mit einem Durchfluss von 15,6 + 15,6 + 7,8 l\/min. Hohe Leistungsf\u00e4higkeit beh\u00e4lt sie auch bei Steigungen von bis zu 30\u00b0 bei, und dank des kleinen Wenderadius (1395 mm) sowie der Gummiketten eignet sie sich hervorragend f\u00fcr enge, urbane und anspruchsvolle Arbeitsumgebungen.<\/p>\n<p><strong>Inklusive GRATIS: 40\u2011cm\u2011Grabenschaufel + Schnellwechsler<\/strong><\/p>\n","protected":false},"featured_media":1058,"template":"","meta":{"_acf_changed":false},"product_brand":[],"product_cat":[16,19],"product_tag":[],"class_list":{"0":"post-1057","1":"product","2":"type-product","3":"status-publish","4":"has-post-thumbnail","6":"product_cat-maschinen","7":"product_cat-minibagger","9":"first","10":"instock","11":"taxable","12":"shipping-taxable","13":"purchasable","14":"product-type-simple"},"acf":[],"_links":{"self":[{"href":"https:\/\/iron-toys.com\/at\/wp-json\/wp\/v2\/product\/1057","targetHints":{"allow":["GET"]}}],"collection":[{"href":"https:\/\/iron-toys.com\/at\/wp-json\/wp\/v2\/product"}],"about":[{"href":"https:\/\/iron-toys.com\/at\/wp-json\/wp\/v2\/types\/product"}],"wp:featuredmedia":[{"embeddable":true,"href":"https:\/\/iron-toys.com\/at\/wp-json\/wp\/v2\/media\/1058"}],"wp:attachment":[{"href":"https:\/\/iron-toys.com\/at\/wp-json\/wp\/v2\/media?parent=1057"}],"wp:term":[{"taxonomy":"product_brand","embeddable":true,"href":"https:\/\/iron-toys.com\/at\/wp-json\/wp\/v2\/product_brand?post=1057"},{"taxonomy":"product_cat","embeddable":true,"href":"https:\/\/iron-toys.com\/at\/wp-json\/wp\/v2\/product_cat?post=1057"},{"taxonomy":"product_tag","embeddable":true,"href":"https:\/\/iron-toys.com\/at\/wp-json\/wp\/v2\/product_tag?post=1057"}],"curies":[{"name":"wp","href":"https:\/\/api.w.org\/{rel}","templated":true}]}}