{"id":1070,"date":"2023-08-17T16:47:11","date_gmt":"2023-08-17T16:47:11","guid":{"rendered":"https:\/\/iron-toys.com\/at\/?post_type=product&#038;p=1070"},"modified":"2025-12-03T14:45:05","modified_gmt":"2025-12-03T14:45:05","slug":"minibagger-irt40-4000kg","status":"publish","type":"product","link":"https:\/\/iron-toys.com\/at\/produkt\/minibagger-irt40-4000kg\/","title":{"rendered":"Minibagger IRT40 &#8211; 4000kg"},"content":{"rendered":"\n\t<section class=\"section\" id=\"section_1257890719\">\n\t\t<div class=\"section-bg fill\" >\n\t\t\t\t\t\t\t\t\t\n\t\t\t\n\n\t\t<\/div>\n\n\t\t\n\n\t\t<div class=\"section-content relative\">\n\t\t\t\n<div class=\"row row-large align-middle\"  id=\"row-831347260\">\n\n\t<div id=\"col-1474314304\" class=\"col medium-12 small-12 large-6\"  >\n\t\t\t\t<div class=\"col-inner\"  >\n\t\t\t\n\t\t\t\n\t<div id=\"text-768214331\" class=\"text\">\n\t\t\n<h3><b><strong>Abmessungen<\/strong><\/b><\/h3>\n\t\t\n<style>\n#text-768214331 {\n  line-height: 0.75;\n}\n<\/style>\n\t<\/div>\n\t\n\t\t<\/div>\n\t\t\t\t\t<\/div>\n\n\t\n<\/div>\n<div class=\"row row-large align-middle\"  id=\"row-700442836\">\n\n\t<div id=\"col-31723700\" class=\"col medium-12 small-12 large-4\"  >\n\t\t\t\t<div class=\"col-inner\"  >\n\t\t\t\n\t\t\t\n<ul>\n<li class=\"p1\"><span class=\"s1\"><b>A<\/b><\/span> \u2013 4800 mm<\/li>\n<li class=\"p1\"><span class=\"s1\"><b>B<\/b><\/span> \u2013 1740 mm<\/li>\n<li class=\"p1\"><span class=\"s1\"><b>C<\/b><\/span> \u2013 1715 mm<\/li>\n<li class=\"p1\"><span class=\"s1\"><b>D<\/b><\/span> \u2013 2480 mm<\/li>\n<li class=\"p1\"><span class=\"s1\"><b>E<\/b><\/span> \u2013 565 mm<\/li>\n<li class=\"p1\"><span class=\"s1\"><b>F<\/b><\/span> \u2013 320 mm<\/li>\n<li class=\"p1\"><span class=\"s1\"><b>G<\/b><\/span> \u2013 850 mm<\/li>\n<li class=\"p1\"><span class=\"s1\"><b>H<\/b><\/span> \u2013 1660 mm<\/li>\n<li class=\"p1\"><span class=\"s1\"><b>J<\/b><\/span> \u2013 2120 mm<\/li>\n<li class=\"p1\"><span class=\"s1\"><b>K<\/b><\/span> \u2013 1440 mm<\/li>\n<li class=\"p1\"><span class=\"s1\"><b>L<\/b><\/span> \u2013 1740 mm<\/li>\n<li class=\"p1\"><span class=\"s1\"><b>M<\/b><\/span> \u2013 300 mm<\/li>\n<\/ul>\n\t\t<\/div>\n\t\t\t\t\t<\/div>\n\n\t\n\n\t<div id=\"col-955753660\" class=\"col medium-12 small-12 large-8\"  >\n\t\t\t\t<div class=\"col-inner\"  >\n\t\t\t\n\t\t\t\n\t<div class=\"img has-hover x md-x lg-x y md-y lg-y\" id=\"image_1180231262\">\n\t\t\t\t\t\t\t\t<div class=\"img-inner dark\" >\n\t\t\t<img loading=\"lazy\" decoding=\"async\" width=\"1020\" height=\"563\" src=\"https:\/\/iron-toys.com\/at\/wp-content\/uploads\/sites\/5\/2023\/08\/Gemini_Generated_Image_gc1kwsgc1kwsgc1k-2-1-1-1-min-1024x565.png\" class=\"attachment-large size-large\" alt=\"\" srcset=\"https:\/\/iron-toys.com\/at\/wp-content\/uploads\/sites\/5\/2023\/08\/Gemini_Generated_Image_gc1kwsgc1kwsgc1k-2-1-1-1-min-1024x565.png 1024w, https:\/\/iron-toys.com\/at\/wp-content\/uploads\/sites\/5\/2023\/08\/Gemini_Generated_Image_gc1kwsgc1kwsgc1k-2-1-1-1-min-300x166.png 300w, https:\/\/iron-toys.com\/at\/wp-content\/uploads\/sites\/5\/2023\/08\/Gemini_Generated_Image_gc1kwsgc1kwsgc1k-2-1-1-1-min-768x424.png 768w, https:\/\/iron-toys.com\/at\/wp-content\/uploads\/sites\/5\/2023\/08\/Gemini_Generated_Image_gc1kwsgc1kwsgc1k-2-1-1-1-min-1536x847.png 1536w, https:\/\/iron-toys.com\/at\/wp-content\/uploads\/sites\/5\/2023\/08\/Gemini_Generated_Image_gc1kwsgc1kwsgc1k-2-1-1-1-min-scaled.png 2048w, https:\/\/iron-toys.com\/at\/wp-content\/uploads\/sites\/5\/2023\/08\/Gemini_Generated_Image_gc1kwsgc1kwsgc1k-2-1-1-1-min-655x361.png 655w\" sizes=\"auto, (max-width: 1020px) 100vw, 1020px\" \/>\t\t\t\t\t\t\n\t\t\t\t\t<\/div>\n\t\t\t\t\t\t\t\t\n<style>\n#image_1180231262 {\n  width: 100%;\n}\n<\/style>\n\t<\/div>\n\t\n\t\t<\/div>\n\t\t\t\t\t<\/div>\n\n\t\n<\/div>\n<div class=\"row row-large align-middle\"  id=\"row-965565374\">\n\n\t<div id=\"col-1837988703\" class=\"col medium-12 small-12 large-6\"  >\n\t\t\t\t<div class=\"col-inner\"  >\n\t\t\t\n\t\t\t\n\t<div class=\"img has-hover x md-x lg-x y md-y lg-y\" id=\"image_1416609699\">\n\t\t\t\t\t\t\t\t<div class=\"img-inner dark\" >\n\t\t\t<img loading=\"lazy\" decoding=\"async\" width=\"768\" height=\"576\" src=\"https:\/\/iron-toys.com\/at\/wp-content\/uploads\/sites\/5\/2023\/08\/WhatsApp-Image-2025-09-25-at-11.04.33-768x576.jpeg\" class=\"attachment-medium_large size-medium_large\" alt=\"\" srcset=\"https:\/\/iron-toys.com\/at\/wp-content\/uploads\/sites\/5\/2023\/08\/WhatsApp-Image-2025-09-25-at-11.04.33-768x576.jpeg 768w, https:\/\/iron-toys.com\/at\/wp-content\/uploads\/sites\/5\/2023\/08\/WhatsApp-Image-2025-09-25-at-11.04.33-300x225.jpeg 300w, https:\/\/iron-toys.com\/at\/wp-content\/uploads\/sites\/5\/2023\/08\/WhatsApp-Image-2025-09-25-at-11.04.33-1024x768.jpeg 1024w, https:\/\/iron-toys.com\/at\/wp-content\/uploads\/sites\/5\/2023\/08\/WhatsApp-Image-2025-09-25-at-11.04.33-1536x1152.jpeg 1536w, https:\/\/iron-toys.com\/at\/wp-content\/uploads\/sites\/5\/2023\/08\/WhatsApp-Image-2025-09-25-at-11.04.33-655x491.jpeg 655w, https:\/\/iron-toys.com\/at\/wp-content\/uploads\/sites\/5\/2023\/08\/WhatsApp-Image-2025-09-25-at-11.04.33.jpeg 1600w\" sizes=\"auto, (max-width: 768px) 100vw, 768px\" \/>\t\t\t\t\t\t\n\t\t\t\t\t<\/div>\n\t\t\t\t\t\t\t\t\n<style>\n#image_1416609699 {\n  width: 80%;\n}\n<\/style>\n\t<\/div>\n\t\n\t\t<\/div>\n\t\t\t\t\t<\/div>\n\n\t\n\n\t<div id=\"col-1073687283\" class=\"col medium-12 small-12 large-6 medium-col-first\"  >\n\t\t\t\t<div class=\"col-inner\"  >\n\t\t\t\n\t\t\t\n<h3><b>Kompakt, leistungsstark und effizient<\/b><\/h3>\n<p>IRT-40 ist ein leistungsstarker und zuverl\u00e4ssiger Minibagger mit einer Masse von 4000 kg, geeignet f\u00fcr den professionellen Einsatz auf Baustellen und anspruchsvollem Gel\u00e4nde sowie f\u00fcr gr\u00f6\u00dfere Bauaufgaben, bei denen Stabilit\u00e4t und Kraft erforderlich sind. Er wird von einem Dieselmotor YANMAR 3TNV88F-ESSY mit einer Leistung von 18,2 kW bei 2200 U\/min und einem Hubraum von 1,642 l angetrieben. In Kombination mit der hydraulischen Kolbenpumpe Le-HydrauliX und einem Arbeitsdruck von 26 MPa erm\u00f6glicht er ein kraftvolles und effizientes Hydrauliksystem mit einem Durchfluss von 99 l\/min.<\/p>\n<p>Die Maschine beh\u00e4lt ihre hohe Effizienz und Stabilit\u00e4t auch auf steilem Gel\u00e4nde bei, mit einer maximalen Steigf\u00e4higkeit von 35\u00b0. Die Kabine dreht sich mit einer Geschwindigkeit von 9,5 U\/min, und die Fahrgeschwindigkeit betr\u00e4gt 2,7 bis 4,5 km\/h (niedrig\/hoch).<\/p>\n\t\t<\/div>\n\t\t\t\t\t<\/div>\n\n\t\n<\/div>\n<div class=\"row row-large align-middle\"  id=\"row-1432309287\">\n\n\t<div id=\"col-1493893467\" class=\"col medium-12 small-12 large-6\"  >\n\t\t\t\t<div class=\"col-inner\"  >\n\t\t\t\n\t\t\t\n<h3><b>Ger\u00e4umige und komfortable Kabine<\/b><\/h3>\n<p>Die ger\u00e4umige und komfortable Kabine des IRT-40 bietet maximale Ergonomie und Bequemlichkeit f\u00fcr den Bediener. Der flache Boden erleichtert die Bewegung innerhalb der Kabine, w\u00e4hrend das elektronische Bedienpanel einen schnellen \u00dcberblick \u00fcber die wichtigsten Funktionen erm\u00f6glicht, darunter Betriebsstunden, Batteriespannung, Beleuchtung und das Starten der Maschine. Die hydraulischen Steuerhebel sind f\u00fcr pr\u00e4zise und m\u00fchelose Bedienung angeordnet, und der bequeme Sitz mit Sicherheitsgurt sorgt f\u00fcr Sicherheit und Komfort auch bei l\u00e4ngerer Arbeit. Der Ein- und Ausstieg aus der Kabine ist einfach, was die Praxistauglichkeit und das Bedienerlebnis zus\u00e4tzlich verbessert.<\/p>\n\t\t<\/div>\n\t\t\t\t\t<\/div>\n\n\t\n\n\t<div id=\"col-798039782\" class=\"col medium-12 small-12 large-6\"  >\n\t\t\t\t<div class=\"col-inner\"  >\n\t\t\t\n\t\t\t\n\t<div class=\"img has-hover x md-x lg-x y md-y lg-y\" id=\"image_1174495930\">\n\t\t\t\t\t\t\t\t<div class=\"img-inner dark\" >\n\t\t\t<img loading=\"lazy\" decoding=\"async\" width=\"1020\" height=\"765\" src=\"https:\/\/iron-toys.com\/at\/wp-content\/uploads\/sites\/5\/2023\/08\/WhatsApp-Image-2025-09-25-at-11.04.35-1-1024x768.jpeg\" class=\"attachment-large size-large\" alt=\"\" srcset=\"https:\/\/iron-toys.com\/at\/wp-content\/uploads\/sites\/5\/2023\/08\/WhatsApp-Image-2025-09-25-at-11.04.35-1-1024x768.jpeg 1024w, https:\/\/iron-toys.com\/at\/wp-content\/uploads\/sites\/5\/2023\/08\/WhatsApp-Image-2025-09-25-at-11.04.35-1-300x225.jpeg 300w, https:\/\/iron-toys.com\/at\/wp-content\/uploads\/sites\/5\/2023\/08\/WhatsApp-Image-2025-09-25-at-11.04.35-1-768x576.jpeg 768w, https:\/\/iron-toys.com\/at\/wp-content\/uploads\/sites\/5\/2023\/08\/WhatsApp-Image-2025-09-25-at-11.04.35-1-1536x1152.jpeg 1536w, https:\/\/iron-toys.com\/at\/wp-content\/uploads\/sites\/5\/2023\/08\/WhatsApp-Image-2025-09-25-at-11.04.35-1-655x491.jpeg 655w, https:\/\/iron-toys.com\/at\/wp-content\/uploads\/sites\/5\/2023\/08\/WhatsApp-Image-2025-09-25-at-11.04.35-1.jpeg 1600w\" sizes=\"auto, (max-width: 1020px) 100vw, 1020px\" \/>\t\t\t\t\t\t\n\t\t\t\t\t<\/div>\n\t\t\t\t\t\t\t\t\n<style>\n#image_1174495930 {\n  width: 100%;\n}\n<\/style>\n\t<\/div>\n\t\n\t\t<\/div>\n\t\t\t\t\t<\/div>\n\n\t\n<\/div>\n<div class=\"row row-large align-middle\"  id=\"row-1266432395\">\n\n\t<div id=\"col-1190079941\" class=\"col medium-12 small-12 large-6\"  >\n\t\t\t\t<div class=\"col-inner\"  >\n\t\t\t\n\t\t\t\n\t<div class=\"img has-hover x md-x lg-x y md-y lg-y\" id=\"image_25999580\">\n\t\t\t\t\t\t\t\t<div class=\"img-inner dark\" >\n\t\t\t<img loading=\"lazy\" decoding=\"async\" width=\"1020\" height=\"668\" src=\"https:\/\/iron-toys.com\/at\/wp-content\/uploads\/sites\/5\/2023\/08\/compressed_image-1024x671.jpg\" class=\"attachment-large size-large\" alt=\"\" srcset=\"https:\/\/iron-toys.com\/at\/wp-content\/uploads\/sites\/5\/2023\/08\/compressed_image-1024x671.jpg 1024w, https:\/\/iron-toys.com\/at\/wp-content\/uploads\/sites\/5\/2023\/08\/compressed_image-300x197.jpg 300w, https:\/\/iron-toys.com\/at\/wp-content\/uploads\/sites\/5\/2023\/08\/compressed_image-768x503.jpg 768w, https:\/\/iron-toys.com\/at\/wp-content\/uploads\/sites\/5\/2023\/08\/compressed_image-655x429.jpg 655w, https:\/\/iron-toys.com\/at\/wp-content\/uploads\/sites\/5\/2023\/08\/compressed_image.jpg 1529w\" sizes=\"auto, (max-width: 1020px) 100vw, 1020px\" \/>\t\t\t\t\t\t\n\t\t\t\t\t<\/div>\n\t\t\t\t\t\t\t\t\n<style>\n#image_25999580 {\n  width: 100%;\n}\n<\/style>\n\t<\/div>\n\t\n\t\t<\/div>\n\t\t\t\t\t<\/div>\n\n\t\n\n\t<div id=\"col-641563408\" class=\"col medium-12 small-12 large-6 medium-col-first\"  >\n\t\t\t\t<div class=\"col-inner\"  >\n\t\t\t\n\t\t\t\n<h3><b>\u00a0Einfache Wartung und zuverl\u00e4ssiger Betrieb<\/b><\/h3>\n<p>Das durchdachte Design des IRT-40 erm\u00f6glicht einen schnellen Zugang zum Motor und zu den wichtigsten Komponenten, wodurch regelm\u00e4\u00dfige Inspektionen und Wartungsarbeiten vereinfacht werden. Die Wartung ist schnell und \u00fcbersichtlich, was m\u00f6gliche Ausfallzeiten reduziert. Die robuste Konstruktion und die durchdachte Anordnung der Systeme gew\u00e4hrleisten einen sicheren und zuverl\u00e4ssigen Betrieb unter allen Bedingungen.<\/p>\n\t\t<\/div>\n\t\t\t\t\t<\/div>\n\n\t\n<\/div>\n\t\t<\/div>\n\n\t\t\n<style>\n#section_1257890719 {\n  padding-top: 30px;\n  padding-bottom: 30px;\n}\n<\/style>\n\t<\/section>\n\t\n","protected":false},"excerpt":{"rendered":"<p>IRT-40 ist ein leistungsstarker Minibagger mit einem Gewicht von 4000 kg, der f\u00fcr den Einsatz auf Baustellen und in anspruchsvollerem Gel\u00e4nde konzipiert wurde. Er wird von einem <strong>3-Zylinder-Dieselmotor YANMAR 3TNV88F-ESSY<\/strong> mit einer <strong>Leistung von 18,2 kW<\/strong> (2200 U\/min) und einem Hubraum von 1,642 l angetrieben, der in Kombination mit der hydraulischen Kolbenpumpe Le-HydrauliX (BOSCH Rexroth) einen Druck von 26 MPa und einen Durchfluss von 99 l\/min gew\u00e4hrleistet. Der IRT-40 erm\u00f6glicht eine maximale Grabtiefe von 3165 mm, eine maximale Aussch\u00fctth\u00f6he von 3490 mm sowie eine Reichweite von 5260 mm. Zudem bietet er eine Steigf\u00e4higkeit von bis zu 35\u00b0 und eine Fahrgeschwindigkeit von 2,7\u20134,5 km\/h.<\/p>\n<p><strong>Inklusive GRATIS: 50\u2011cm\u2011Grabenschaufel + Schnellwechsler<\/strong><\/p>\n","protected":false},"featured_media":1071,"template":"","meta":{"_acf_changed":false},"product_brand":[],"product_cat":[16,19],"product_tag":[],"class_list":{"0":"post-1070","1":"product","2":"type-product","3":"status-publish","4":"has-post-thumbnail","6":"product_cat-maschinen","7":"product_cat-minibagger","9":"first","10":"instock","11":"taxable","12":"shipping-taxable","13":"purchasable","14":"product-type-simple"},"acf":[],"_links":{"self":[{"href":"https:\/\/iron-toys.com\/at\/wp-json\/wp\/v2\/product\/1070","targetHints":{"allow":["GET"]}}],"collection":[{"href":"https:\/\/iron-toys.com\/at\/wp-json\/wp\/v2\/product"}],"about":[{"href":"https:\/\/iron-toys.com\/at\/wp-json\/wp\/v2\/types\/product"}],"wp:featuredmedia":[{"embeddable":true,"href":"https:\/\/iron-toys.com\/at\/wp-json\/wp\/v2\/media\/1071"}],"wp:attachment":[{"href":"https:\/\/iron-toys.com\/at\/wp-json\/wp\/v2\/media?parent=1070"}],"wp:term":[{"taxonomy":"product_brand","embeddable":true,"href":"https:\/\/iron-toys.com\/at\/wp-json\/wp\/v2\/product_brand?post=1070"},{"taxonomy":"product_cat","embeddable":true,"href":"https:\/\/iron-toys.com\/at\/wp-json\/wp\/v2\/product_cat?post=1070"},{"taxonomy":"product_tag","embeddable":true,"href":"https:\/\/iron-toys.com\/at\/wp-json\/wp\/v2\/product_tag?post=1070"}],"curies":[{"name":"wp","href":"https:\/\/api.w.org\/{rel}","templated":true}]}}