{"id":777,"date":"2025-06-27T10:30:09","date_gmt":"2025-06-27T10:30:09","guid":{"rendered":"http:\/\/sl.iron-toys.com\/?post_type=product&#038;p=777"},"modified":"2025-12-03T15:14:12","modified_gmt":"2025-12-03T15:14:12","slug":"minibagger-irt10-1000kg","status":"publish","type":"product","link":"https:\/\/iron-toys.com\/at\/produkt\/minibagger-irt10-1000kg\/","title":{"rendered":"Minibagger IRT10 &#8211; 1000kg"},"content":{"rendered":"\n\t<section class=\"section\" id=\"section_1070458013\">\n\t\t<div class=\"section-bg fill\" >\n\t\t\t\t\t\t\t\t\t\n\t\t\t\n\n\t\t<\/div>\n\n\t\t\n\n\t\t<div class=\"section-content relative\">\n\t\t\t\n<div class=\"row row-large align-middle\"  id=\"row-425618752\">\n\n\t<div id=\"col-536722891\" class=\"col medium-12 small-12 large-6\"  >\n\t\t\t\t<div class=\"col-inner\"  >\n\t\t\t\n\t\t\t\n<h3><b>Abmessungen<\/b><\/h3>\n<p style=\"text-align: left\"><strong>A \u2013<\/strong> Spurmitte: 910 mm<br \/>\n<strong>B \u2013<\/strong> Kettenl\u00e4nge gesamt: 1235 mm<br \/>\n<strong>C \u2013<\/strong> Bodenfreiheit Oberwagen: 400 mm<br \/>\n<strong>D \u2013<\/strong> Heckschwenkradius: 840 mm<br \/>\n<strong>E \u2013<\/strong> Fahrwerksbreite: 940 mm<br \/>\n<strong>F \u2013<\/strong> Kettenbreite: 180 mm<br \/>\n<strong>G \u2013<\/strong> Kettenh\u00f6he: 320 mm<br \/>\n<strong>H \u2013<\/strong> Transportl\u00e4nge: 2345 \/ 3020 mm<br \/>\n<strong>I \u2013<\/strong> Sitzh\u00f6he: 1545 mm<br \/>\n<strong>J \u2013<\/strong> Gesamth\u00f6he: 2310 mm<br \/>\n<strong>M \u2013<\/strong> Seitenschwenk Ausleger rechts: 43\u00b0<br \/>\n<strong>N \u2013<\/strong> Seitenschwenk Ausleger links: 49\u00b0<\/p>\n\t\t<\/div>\n\t\t\t\t\t<\/div>\n\n\t\n\n\t<div id=\"col-1180379262\" class=\"col medium-12 small-12 large-6\"  >\n\t\t\t\t<div class=\"col-inner\"  >\n\t\t\t\n\t\t\t\n\t<div class=\"img has-hover x md-x lg-x y md-y lg-y\" id=\"image_68202736\">\n\t\t\t\t\t\t\t\t<div class=\"img-inner dark\" >\n\t\t\t<img loading=\"lazy\" decoding=\"async\" width=\"1020\" height=\"670\" src=\"https:\/\/iron-toys.com\/at\/wp-content\/uploads\/sites\/5\/2024\/11\/Screenshot-2025-06-24-at-20.23.27-1024x673.png\" class=\"attachment-large size-large\" alt=\"\" srcset=\"https:\/\/iron-toys.com\/at\/wp-content\/uploads\/sites\/5\/2024\/11\/Screenshot-2025-06-24-at-20.23.27-1024x673.png 1024w, https:\/\/iron-toys.com\/at\/wp-content\/uploads\/sites\/5\/2024\/11\/Screenshot-2025-06-24-at-20.23.27-300x197.png 300w, https:\/\/iron-toys.com\/at\/wp-content\/uploads\/sites\/5\/2024\/11\/Screenshot-2025-06-24-at-20.23.27-768x505.png 768w, https:\/\/iron-toys.com\/at\/wp-content\/uploads\/sites\/5\/2024\/11\/Screenshot-2025-06-24-at-20.23.27-1536x1010.png 1536w, https:\/\/iron-toys.com\/at\/wp-content\/uploads\/sites\/5\/2024\/11\/Screenshot-2025-06-24-at-20.23.27-2048x1347.png 2048w, https:\/\/iron-toys.com\/at\/wp-content\/uploads\/sites\/5\/2024\/11\/Screenshot-2025-06-24-at-20.23.27-655x431.png 655w\" sizes=\"auto, (max-width: 1020px) 100vw, 1020px\" \/>\t\t\t\t\t\t\n\t\t\t\t\t<\/div>\n\t\t\t\t\t\t\t\t\n<style>\n#image_68202736 {\n  width: 100%;\n}\n<\/style>\n\t<\/div>\n\t\n\t\t<\/div>\n\t\t\t\t\t<\/div>\n\n\t\n<\/div>\n<div class=\"row row-large align-middle\"  id=\"row-1286835007\">\n\n\t<div id=\"col-2051711494\" class=\"col medium-12 small-12 large-6\"  >\n\t\t\t\t<div class=\"col-inner\"  >\n\t\t\t\n\t\t\t\n\t<div class=\"img has-hover x md-x lg-x y md-y lg-y\" id=\"image_1323990185\">\n\t\t\t\t\t\t\t\t<div class=\"img-inner dark\" >\n\t\t\t<img loading=\"lazy\" decoding=\"async\" width=\"768\" height=\"576\" src=\"https:\/\/iron-toys.com\/at\/wp-content\/uploads\/sites\/5\/2025\/06\/0Q8A0602-768x576.jpg\" class=\"attachment-medium_large size-medium_large\" alt=\"\" srcset=\"https:\/\/iron-toys.com\/at\/wp-content\/uploads\/sites\/5\/2025\/06\/0Q8A0602-768x576.jpg 768w, https:\/\/iron-toys.com\/at\/wp-content\/uploads\/sites\/5\/2025\/06\/0Q8A0602-300x225.jpg 300w, https:\/\/iron-toys.com\/at\/wp-content\/uploads\/sites\/5\/2025\/06\/0Q8A0602-1024x768.jpg 1024w, https:\/\/iron-toys.com\/at\/wp-content\/uploads\/sites\/5\/2025\/06\/0Q8A0602-1536x1152.jpg 1536w, https:\/\/iron-toys.com\/at\/wp-content\/uploads\/sites\/5\/2025\/06\/0Q8A0602-2048x1536.jpg 2048w, https:\/\/iron-toys.com\/at\/wp-content\/uploads\/sites\/5\/2025\/06\/0Q8A0602-655x491.jpg 655w\" sizes=\"auto, (max-width: 768px) 100vw, 768px\" \/>\t\t\t\t\t\t\n\t\t\t\t\t<\/div>\n\t\t\t\t\t\t\t\t\n<style>\n#image_1323990185 {\n  width: 80%;\n}\n<\/style>\n\t<\/div>\n\t\n\t\t<\/div>\n\t\t\t\t\t<\/div>\n\n\t\n\n\t<div id=\"col-836039045\" class=\"col medium-12 small-12 large-6 medium-col-first\"  >\n\t\t\t\t<div class=\"col-inner\"  >\n\t\t\t\n\t\t\t\n<h3><b>Kompakt, leistungsstark und effizient<\/b><\/h3>\n<div>Der Minibagger IRT-10 vereint au\u00dfergew\u00f6hnliche Grabkraft, Stabilit\u00e4t und Wendigkeit in einem nur 940 mm breiten Geh\u00e4use. Ausgestattet mit dem zuverl\u00e4ssigen KOOP KD192F Motor (7,6 kW) und einem fortschrittlichen Hydrauliksystem garantiert er pr\u00e4zises und kraftvolles Arbeiten. Die 360\u00b0-Rotation, Gummiketten sowie die optionale Seiten\u00adschwenk\u00adfunktion des Auslegers erm\u00f6glichen Eins\u00e4tze selbst auf engstem Raum. Eine komfortable Bedienkonsole und die Option einer Planierschild-Erweiterung steigern zus\u00e4tzlich die Vielseitigkeit \u2013 die perfekte Wahl f\u00fcr Bauarbeiten in urbanen Gebieten oder schwer zug\u00e4nglichem Gel\u00e4nde.<\/div>\n\t\t<\/div>\n\t\t\t\t\t<\/div>\n\n\t\n\n\t<div id=\"col-1896509536\" class=\"col medium-4 small-12 large-4\"  >\n\t\t\t\t<div class=\"col-inner\"  >\n\t\t\t\n\t\t\t\n\t\t<\/div>\n\t\t\t\t\t<\/div>\n\n\t\n<\/div>\n<div class=\"row row-large align-middle\"  id=\"row-1646318076\">\n\n\t<div id=\"col-1445315919\" class=\"col medium-12 small-12 large-6\"  >\n\t\t\t\t<div class=\"col-inner\"  >\n\t\t\t\n\t\t\t\n<h3><b>Ger\u00e4umige und komfortable Kabine<\/b><\/h3>\n<p>Die Kabine bietet gro\u00dfz\u00fcgigen Raum, einen ebenen Boden f\u00fcr leichteres Bewegen sowie einen komfortablen Einstieg. Das elektronische Bedienfeld erm\u00f6glicht eine einfache \u00dcbersicht \u00fcber Funktionen wie Betriebsstunden, Batteriespannung, Beleuchtung und Start. Ergonomisch platzierte Steuerhebel, ein bequemer Sitz und ein Sicherheitsgurt sorgen f\u00fcr eine sichere und effiziente Bedienung unter allen Arbeitsbedingungen.<\/p>\n\t\t<\/div>\n\t\t\t\t\t<\/div>\n\n\t\n\n\t<div id=\"col-1615007545\" class=\"col medium-12 small-12 large-6\"  >\n\t\t\t\t<div class=\"col-inner\"  >\n\t\t\t\n\t\t\t\n\t<div class=\"img has-hover x md-x lg-x y md-y lg-y\" id=\"image_1232952500\">\n\t\t\t\t\t\t\t\t<div class=\"img-inner dark\" >\n\t\t\t<img loading=\"lazy\" decoding=\"async\" width=\"1020\" height=\"765\" src=\"https:\/\/iron-toys.com\/at\/wp-content\/uploads\/sites\/5\/2024\/11\/0Q8A6354-1024x768.jpg\" class=\"attachment-large size-large\" alt=\"\" srcset=\"https:\/\/iron-toys.com\/at\/wp-content\/uploads\/sites\/5\/2024\/11\/0Q8A6354-1024x768.jpg 1024w, https:\/\/iron-toys.com\/at\/wp-content\/uploads\/sites\/5\/2024\/11\/0Q8A6354-300x225.jpg 300w, https:\/\/iron-toys.com\/at\/wp-content\/uploads\/sites\/5\/2024\/11\/0Q8A6354-768x576.jpg 768w, https:\/\/iron-toys.com\/at\/wp-content\/uploads\/sites\/5\/2024\/11\/0Q8A6354-1536x1152.jpg 1536w, https:\/\/iron-toys.com\/at\/wp-content\/uploads\/sites\/5\/2024\/11\/0Q8A6354-2048x1536.jpg 2048w, https:\/\/iron-toys.com\/at\/wp-content\/uploads\/sites\/5\/2024\/11\/0Q8A6354-655x491.jpg 655w\" sizes=\"auto, (max-width: 1020px) 100vw, 1020px\" \/>\t\t\t\t\t\t\n\t\t\t\t\t<\/div>\n\t\t\t\t\t\t\t\t\n<style>\n#image_1232952500 {\n  width: 100%;\n}\n<\/style>\n\t<\/div>\n\t\n\t\t<\/div>\n\t\t\t\t\t<\/div>\n\n\t\n<\/div>\n<div class=\"row row-large align-middle\"  id=\"row-739121611\">\n\n\t<div id=\"col-1125630087\" class=\"col medium-12 small-12 large-6\"  >\n\t\t\t\t<div class=\"col-inner\"  >\n\t\t\t\n\t\t\t\n\t<div class=\"img has-hover x md-x lg-x y md-y lg-y\" id=\"image_199381741\">\n\t\t\t\t\t\t\t\t<div class=\"img-inner dark\" >\n\t\t\t<img loading=\"lazy\" decoding=\"async\" width=\"1020\" height=\"765\" src=\"https:\/\/iron-toys.com\/at\/wp-content\/uploads\/sites\/5\/2024\/11\/0Q8A6352-1024x768.jpg\" class=\"attachment-large size-large\" alt=\"\" srcset=\"https:\/\/iron-toys.com\/at\/wp-content\/uploads\/sites\/5\/2024\/11\/0Q8A6352-1024x768.jpg 1024w, https:\/\/iron-toys.com\/at\/wp-content\/uploads\/sites\/5\/2024\/11\/0Q8A6352-300x225.jpg 300w, https:\/\/iron-toys.com\/at\/wp-content\/uploads\/sites\/5\/2024\/11\/0Q8A6352-768x576.jpg 768w, https:\/\/iron-toys.com\/at\/wp-content\/uploads\/sites\/5\/2024\/11\/0Q8A6352-1536x1152.jpg 1536w, https:\/\/iron-toys.com\/at\/wp-content\/uploads\/sites\/5\/2024\/11\/0Q8A6352-2048x1536.jpg 2048w, https:\/\/iron-toys.com\/at\/wp-content\/uploads\/sites\/5\/2024\/11\/0Q8A6352-655x491.jpg 655w\" sizes=\"auto, (max-width: 1020px) 100vw, 1020px\" \/>\t\t\t\t\t\t\n\t\t\t\t\t<\/div>\n\t\t\t\t\t\t\t\t\n<style>\n#image_199381741 {\n  width: 100%;\n}\n<\/style>\n\t<\/div>\n\t\n\t\t<\/div>\n\t\t\t\t\t<\/div>\n\n\t\n\n\t<div id=\"col-53755165\" class=\"col medium-12 small-12 large-6 medium-col-first\"  >\n\t\t\t\t<div class=\"col-inner\"  >\n\t\t\t\n\t\t\t\n<h3><b>Einfache Wartung und zuverl\u00e4ssiger Betrieb<\/b><\/h3>\n<p>Das intelligente Design erm\u00f6glicht einen schnellen Zugang zu den Hauptkomponenten und vereinfacht dadurch regelm\u00e4\u00dfige Inspektionen und Wartungen. Dies verk\u00fcrzt die Wartungszeit erheblich und erh\u00f6ht die Zuverl\u00e4ssigkeit. Dar\u00fcber hinaus bietet die Maschine ein hohes Ma\u00df an Sicherheit und Robustheit, was einen sorgenfreien Einsatz selbst unter anspruchsvollen Bedingungen gew\u00e4hrleistet.<\/p>\n\t\t<\/div>\n\t\t\t\t\t<\/div>\n\n\t\n<\/div>\n\t\t<\/div>\n\n\t\t\n<style>\n#section_1070458013 {\n  padding-top: 30px;\n  padding-bottom: 30px;\n}\n<\/style>\n\t<\/section>\n\t\n","protected":false},"excerpt":{"rendered":"<div>\n<p>Der <strong>IRT\u201110<\/strong> ist ein vielseitiger 1\u2011t\u2011Minibagger f\u00fcr enge R\u00e4ume, Baustellen und private Projekte. Der bew\u00e4hrte <strong>KOOP\u2011Dieselmotor KD192F <\/strong>mit<strong> 7,6\u202fkW<\/strong> (3.000\u202fU\/min) und 499\u202fcm\u00b3 Hubraum arbeitet mit einer Zahnradpumpe (Arbeitsdruck 16\u202fMPa, Volumenstrom 18\u202fl\/min) \u2013 f\u00fcr ein effizientes Hydrauliksystem und pr\u00e4zise Steuerung. Die maximale Rei\u00dfkraft betr\u00e4gt 6,5\u202fkN; Steigungen bis 30\u00b0 meistert die Maschine souver\u00e4n.<\/p>\n<\/div>\n<p><strong>Inklusive GRATIS: 40\u2011cm\u2011Grabenschaufel + Schnellwechsler<\/strong><\/p>\n","protected":false},"featured_media":778,"template":"","meta":{"_acf_changed":false},"product_brand":[],"product_cat":[16,19],"product_tag":[],"class_list":{"0":"post-777","1":"product","2":"type-product","3":"status-publish","4":"has-post-thumbnail","6":"product_cat-maschinen","7":"product_cat-minibagger","9":"first","10":"instock","11":"taxable","12":"shipping-taxable","13":"purchasable","14":"product-type-simple"},"acf":[],"_links":{"self":[{"href":"https:\/\/iron-toys.com\/at\/wp-json\/wp\/v2\/product\/777","targetHints":{"allow":["GET"]}}],"collection":[{"href":"https:\/\/iron-toys.com\/at\/wp-json\/wp\/v2\/product"}],"about":[{"href":"https:\/\/iron-toys.com\/at\/wp-json\/wp\/v2\/types\/product"}],"wp:featuredmedia":[{"embeddable":true,"href":"https:\/\/iron-toys.com\/at\/wp-json\/wp\/v2\/media\/778"}],"wp:attachment":[{"href":"https:\/\/iron-toys.com\/at\/wp-json\/wp\/v2\/media?parent=777"}],"wp:term":[{"taxonomy":"product_brand","embeddable":true,"href":"https:\/\/iron-toys.com\/at\/wp-json\/wp\/v2\/product_brand?post=777"},{"taxonomy":"product_cat","embeddable":true,"href":"https:\/\/iron-toys.com\/at\/wp-json\/wp\/v2\/product_cat?post=777"},{"taxonomy":"product_tag","embeddable":true,"href":"https:\/\/iron-toys.com\/at\/wp-json\/wp\/v2\/product_tag?post=777"}],"curies":[{"name":"wp","href":"https:\/\/api.w.org\/{rel}","templated":true}]}}