{"id":801,"date":"2025-06-28T07:48:37","date_gmt":"2025-06-28T07:48:37","guid":{"rendered":"http:\/\/sl.iron-toys.com\/?post_type=product&#038;p=801"},"modified":"2025-12-03T15:13:07","modified_gmt":"2025-12-03T15:13:07","slug":"minibagger-irt16-1600kg","status":"publish","type":"product","link":"https:\/\/iron-toys.com\/at\/produkt\/minibagger-irt16-1600kg\/","title":{"rendered":"Minibagger IRT16 &#8211; 1600kg"},"content":{"rendered":"\n\t<section class=\"section\" id=\"section_1953024510\">\n\t\t<div class=\"section-bg fill\" >\n\t\t\t\t\t\t\t\t\t\n\t\t\t\n\n\t\t<\/div>\n\n\t\t\n\n\t\t<div class=\"section-content relative\">\n\t\t\t\n<div class=\"row row-large align-middle\"  id=\"row-633082045\">\n\n\t<div id=\"col-915713505\" class=\"col medium-12 small-12 large-6\"  >\n\t\t\t\t<div class=\"col-inner\"  >\n\t\t\t\n\t\t\t\n<h3><b><strong>Abmessungen<\/strong><\/b><\/h3>\n<p style=\"text-align: left\"><strong>A \u2013<\/strong> Spurmitte: 1084 mm<br \/>\n<strong>B \u2013<\/strong> Kettenl\u00e4nge gesamt: 1392 mm<br \/>\n<strong>C \u2013<\/strong> Bodenfreiheit Oberwagen: 400 mm<br \/>\n<strong>D \u2013 <\/strong>Heckschwenkradius:\u00a0824 mm<br \/>\n<strong>E \u2013<\/strong> Fahrwerksbreite: 1100 mm<br \/>\n<strong>F \u2013<\/strong> Kettenbreite: 180 mm<br \/>\n<strong>G \u2013<\/strong> Kettenh\u00f6he: 320 mm<br \/>\n<strong>H \u2013<\/strong> Transportl\u00e4nge: 2270 \/ 3060 mm<br \/>\n<strong>I \u2013<\/strong> Sitzh\u00f6he: 1610 mm<br \/>\n<strong>J \u2013<\/strong> Gesamth\u00f6he: 2270 mm<br \/>\n<strong>M \u2013<\/strong> Seitenschwenk Ausleger rechts: 46\u00b0<br \/>\n<strong>N \u2013<\/strong> Seitenschwenk Ausleger links: 44\u00b0<\/p>\n\t\t<\/div>\n\t\t\t\t\t<\/div>\n\n\t\n\n\t<div id=\"col-649030271\" class=\"col medium-12 small-12 large-6\"  >\n\t\t\t\t<div class=\"col-inner\"  >\n\t\t\t\n\t\t\t\n\t<div class=\"img has-hover x md-x lg-x y md-y lg-y\" id=\"image_177619411\">\n\t\t\t\t\t\t\t\t<div class=\"img-inner dark\" >\n\t\t\t<img loading=\"lazy\" decoding=\"async\" width=\"1020\" height=\"649\" src=\"https:\/\/iron-toys.com\/at\/wp-content\/uploads\/sites\/5\/2025\/06\/WhatsApp-Image-2025-06-28-at-20.30.06-1024x652.jpeg\" class=\"attachment-large size-large\" alt=\"\" srcset=\"https:\/\/iron-toys.com\/at\/wp-content\/uploads\/sites\/5\/2025\/06\/WhatsApp-Image-2025-06-28-at-20.30.06-1024x652.jpeg 1024w, https:\/\/iron-toys.com\/at\/wp-content\/uploads\/sites\/5\/2025\/06\/WhatsApp-Image-2025-06-28-at-20.30.06-300x191.jpeg 300w, https:\/\/iron-toys.com\/at\/wp-content\/uploads\/sites\/5\/2025\/06\/WhatsApp-Image-2025-06-28-at-20.30.06-768x489.jpeg 768w, https:\/\/iron-toys.com\/at\/wp-content\/uploads\/sites\/5\/2025\/06\/WhatsApp-Image-2025-06-28-at-20.30.06-655x417.jpeg 655w, https:\/\/iron-toys.com\/at\/wp-content\/uploads\/sites\/5\/2025\/06\/WhatsApp-Image-2025-06-28-at-20.30.06.jpeg 1110w\" sizes=\"auto, (max-width: 1020px) 100vw, 1020px\" \/>\t\t\t\t\t\t\n\t\t\t\t\t<\/div>\n\t\t\t\t\t\t\t\t\n<style>\n#image_177619411 {\n  width: 100%;\n}\n<\/style>\n\t<\/div>\n\t\n\t\t<\/div>\n\t\t\t\t\t<\/div>\n\n\t\n<\/div>\n<div class=\"row row-large align-middle\"  id=\"row-1087389369\">\n\n\t<div id=\"col-1485193446\" class=\"col medium-12 small-12 large-6\"  >\n\t\t\t\t<div class=\"col-inner\"  >\n\t\t\t\n\t\t\t\n\t<div class=\"img has-hover x md-x lg-x y md-y lg-y\" id=\"image_94210530\">\n\t\t\t\t\t\t\t\t<div class=\"img-inner dark\" >\n\t\t\t<img loading=\"lazy\" decoding=\"async\" width=\"768\" height=\"576\" src=\"https:\/\/iron-toys.com\/at\/wp-content\/uploads\/sites\/5\/2025\/06\/0Q8A0862-768x576.jpg\" class=\"attachment-medium_large size-medium_large\" alt=\"\" srcset=\"https:\/\/iron-toys.com\/at\/wp-content\/uploads\/sites\/5\/2025\/06\/0Q8A0862-768x576.jpg 768w, https:\/\/iron-toys.com\/at\/wp-content\/uploads\/sites\/5\/2025\/06\/0Q8A0862-300x225.jpg 300w, https:\/\/iron-toys.com\/at\/wp-content\/uploads\/sites\/5\/2025\/06\/0Q8A0862-1024x768.jpg 1024w, https:\/\/iron-toys.com\/at\/wp-content\/uploads\/sites\/5\/2025\/06\/0Q8A0862-1536x1152.jpg 1536w, https:\/\/iron-toys.com\/at\/wp-content\/uploads\/sites\/5\/2025\/06\/0Q8A0862-2048x1536.jpg 2048w, https:\/\/iron-toys.com\/at\/wp-content\/uploads\/sites\/5\/2025\/06\/0Q8A0862-655x491.jpg 655w\" sizes=\"auto, (max-width: 768px) 100vw, 768px\" \/>\t\t\t\t\t\t\n\t\t\t\t\t<\/div>\n\t\t\t\t\t\t\t\t\n<style>\n#image_94210530 {\n  width: 80%;\n}\n<\/style>\n\t<\/div>\n\t\n\t\t<\/div>\n\t\t\t\t\t<\/div>\n\n\t\n\n\t<div id=\"col-1294587833\" class=\"col medium-12 small-12 large-6 medium-col-first\"  >\n\t\t\t\t<div class=\"col-inner\"  >\n\t\t\t\n\t\t\t\n<h3><b>Kompakt, leistungsstark und effizient<\/b><\/h3>\n<p>Die kompakte Maschine vereint hohe Grabkraft, ein modernes Hydrauliksystem und Stabilit\u00e4t bei einer Fahrwerksbreite von 1.100 mm. Dank 360\u00b0-Rotation, Gummiketten und seitlich neigbarem Ausleger \u00fcberzeugt sie auch auf sehr beengtem Raum. Eine komfortable Bedienkonsole, das Planierschild und das ausziehbare Fahrwerk erh\u00f6hen die Flexibilit\u00e4t der Maschine f\u00fcr ein breites Spektrum an Gel\u00e4nde- und Bauaufgaben.<\/p>\n\t\t<\/div>\n\t\t\t\t\t<\/div>\n\n\t\n<\/div>\n<div class=\"row row-large align-middle\"  id=\"row-162890288\">\n\n\t<div id=\"col-118059690\" class=\"col medium-12 small-12 large-6\"  >\n\t\t\t\t<div class=\"col-inner\"  >\n\t\t\t\n\t\t\t\n<h3><b>Ger\u00e4umige und komfortable Kabine<\/b><\/h3>\n<p>Die Kabine des IRT-16 ist ger\u00e4umig, mit ebenem Boden und verstellbarem Sitz f\u00fcr noch mehr Komfort. Das elektronische Bedienfeld zeigt wichtige Daten wie Betriebsstunden, Spannung und Motortemperatur an. Ergonomische Hydraulikhebel erm\u00f6glichen eine pr\u00e4zise Steuerung, w\u00e4hrend Schalter f\u00fcr schnellen Start und Lichtsteuerung sorgen.<\/p>\n\t\t<\/div>\n\t\t\t\t\t<\/div>\n\n\t\n\n\t<div id=\"col-1258185477\" class=\"col medium-12 small-12 large-6\"  >\n\t\t\t\t<div class=\"col-inner\"  >\n\t\t\t\n\t\t\t\n\t<div class=\"img has-hover x md-x lg-x y md-y lg-y\" id=\"image_18556355\">\n\t\t\t\t\t\t\t\t<div class=\"img-inner dark\" >\n\t\t\t<img loading=\"lazy\" decoding=\"async\" width=\"1020\" height=\"765\" src=\"https:\/\/iron-toys.com\/at\/wp-content\/uploads\/sites\/5\/2025\/06\/0Q8A0868-1024x768.jpg\" class=\"attachment-large size-large\" alt=\"\" srcset=\"https:\/\/iron-toys.com\/at\/wp-content\/uploads\/sites\/5\/2025\/06\/0Q8A0868-1024x768.jpg 1024w, https:\/\/iron-toys.com\/at\/wp-content\/uploads\/sites\/5\/2025\/06\/0Q8A0868-300x225.jpg 300w, https:\/\/iron-toys.com\/at\/wp-content\/uploads\/sites\/5\/2025\/06\/0Q8A0868-768x576.jpg 768w, https:\/\/iron-toys.com\/at\/wp-content\/uploads\/sites\/5\/2025\/06\/0Q8A0868-1536x1152.jpg 1536w, https:\/\/iron-toys.com\/at\/wp-content\/uploads\/sites\/5\/2025\/06\/0Q8A0868-2048x1536.jpg 2048w, https:\/\/iron-toys.com\/at\/wp-content\/uploads\/sites\/5\/2025\/06\/0Q8A0868-655x491.jpg 655w\" sizes=\"auto, (max-width: 1020px) 100vw, 1020px\" \/>\t\t\t\t\t\t\n\t\t\t\t\t<\/div>\n\t\t\t\t\t\t\t\t\n<style>\n#image_18556355 {\n  width: 100%;\n}\n<\/style>\n\t<\/div>\n\t\n\t\t<\/div>\n\t\t\t\t\t<\/div>\n\n\t\n<\/div>\n<div class=\"row row-large align-middle\"  id=\"row-960879984\">\n\n\t<div id=\"col-1703608963\" class=\"col medium-12 small-12 large-6\"  >\n\t\t\t\t<div class=\"col-inner\"  >\n\t\t\t\n\t\t\t\n\t<div class=\"img has-hover x md-x lg-x y md-y lg-y\" id=\"image_998273536\">\n\t\t\t\t\t\t\t\t<div class=\"img-inner dark\" >\n\t\t\t<img loading=\"lazy\" decoding=\"async\" width=\"1020\" height=\"765\" src=\"https:\/\/iron-toys.com\/at\/wp-content\/uploads\/sites\/5\/2025\/06\/0Q8A0883-1024x768.jpg\" class=\"attachment-large size-large\" alt=\"\" srcset=\"https:\/\/iron-toys.com\/at\/wp-content\/uploads\/sites\/5\/2025\/06\/0Q8A0883-1024x768.jpg 1024w, https:\/\/iron-toys.com\/at\/wp-content\/uploads\/sites\/5\/2025\/06\/0Q8A0883-300x225.jpg 300w, https:\/\/iron-toys.com\/at\/wp-content\/uploads\/sites\/5\/2025\/06\/0Q8A0883-768x576.jpg 768w, https:\/\/iron-toys.com\/at\/wp-content\/uploads\/sites\/5\/2025\/06\/0Q8A0883-1536x1152.jpg 1536w, https:\/\/iron-toys.com\/at\/wp-content\/uploads\/sites\/5\/2025\/06\/0Q8A0883-2048x1536.jpg 2048w, https:\/\/iron-toys.com\/at\/wp-content\/uploads\/sites\/5\/2025\/06\/0Q8A0883-655x491.jpg 655w\" sizes=\"auto, (max-width: 1020px) 100vw, 1020px\" \/>\t\t\t\t\t\t\n\t\t\t\t\t<\/div>\n\t\t\t\t\t\t\t\t\n<style>\n#image_998273536 {\n  width: 100%;\n}\n<\/style>\n\t<\/div>\n\t\n\t\t<\/div>\n\t\t\t\t\t<\/div>\n\n\t\n\n\t<div id=\"col-1295754975\" class=\"col medium-12 small-12 large-6 medium-col-first\"  >\n\t\t\t\t<div class=\"col-inner\"  >\n\t\t\t\n\t\t\t\n<h3><b>Einfache Wartung und zuverl\u00e4ssiger Betrieb<\/b><\/h3>\n<p>Das intelligente Design erm\u00f6glicht einen schnellen Zugang zum Motor und zu den wichtigsten Komponenten, was regelm\u00e4\u00dfige Inspektionen und Wartungen erleichtert. Die Wartung ist schnell und \u00fcbersichtlich, wodurch m\u00f6gliche Arbeitsunterbrechungen reduziert werden. Die robuste Konstruktion und die durchdachte Anordnung der Systeme gew\u00e4hrleisten einen sicheren und zuverl\u00e4ssigen Betrieb unter allen Bedingungen.<\/p>\n\t\t<\/div>\n\t\t\t\t\t<\/div>\n\n\t\n<\/div>\n\t\t<\/div>\n\n\t\t\n<style>\n#section_1953024510 {\n  padding-top: 30px;\n  padding-bottom: 30px;\n}\n<\/style>\n\t<\/section>\n\t\n","protected":false},"excerpt":{"rendered":"<p>Der <strong>IRT\u201118<\/strong> ist ein zuverl\u00e4ssiger 1,8\u2011t\u2011Minibagger f\u00fcr intensiven Aushub und wechselnde Untergr\u00fcnde. <strong>LAIDONG KM385B <\/strong>mit<strong> 18,1\u202fkW<\/strong> (2.600\u202fU\/min) treibt zwei Zahnradpumpen (31,2 + 7,8\u202fl\/min) bei 16\u202fMPa an. Mit 2.170\u202fmm Grabtiefe, 3.470\u202fmm Reichweite und 30\u00b0 Steigf\u00e4higkeit ist er f\u00fcr vielseitige Baustellen und schwer zug\u00e4ngliche Bereiche pr\u00e4destiniert.<\/p>\n<p><strong>Inklusive GRATIS: 40\u2011cm\u2011Grabenschaufel + Schnellwechsler<\/strong><\/p>\n","protected":false},"featured_media":802,"template":"","meta":{"_acf_changed":false},"product_brand":[],"product_cat":[16,19],"product_tag":[],"class_list":{"0":"post-801","1":"product","2":"type-product","3":"status-publish","4":"has-post-thumbnail","6":"product_cat-maschinen","7":"product_cat-minibagger","9":"first","10":"instock","11":"taxable","12":"shipping-taxable","13":"purchasable","14":"product-type-simple"},"acf":[],"_links":{"self":[{"href":"https:\/\/iron-toys.com\/at\/wp-json\/wp\/v2\/product\/801","targetHints":{"allow":["GET"]}}],"collection":[{"href":"https:\/\/iron-toys.com\/at\/wp-json\/wp\/v2\/product"}],"about":[{"href":"https:\/\/iron-toys.com\/at\/wp-json\/wp\/v2\/types\/product"}],"wp:featuredmedia":[{"embeddable":true,"href":"https:\/\/iron-toys.com\/at\/wp-json\/wp\/v2\/media\/802"}],"wp:attachment":[{"href":"https:\/\/iron-toys.com\/at\/wp-json\/wp\/v2\/media?parent=801"}],"wp:term":[{"taxonomy":"product_brand","embeddable":true,"href":"https:\/\/iron-toys.com\/at\/wp-json\/wp\/v2\/product_brand?post=801"},{"taxonomy":"product_cat","embeddable":true,"href":"https:\/\/iron-toys.com\/at\/wp-json\/wp\/v2\/product_cat?post=801"},{"taxonomy":"product_tag","embeddable":true,"href":"https:\/\/iron-toys.com\/at\/wp-json\/wp\/v2\/product_tag?post=801"}],"curies":[{"name":"wp","href":"https:\/\/api.w.org\/{rel}","templated":true}]}}