{"id":821,"date":"2025-06-28T08:12:55","date_gmt":"2025-06-28T08:12:55","guid":{"rendered":"http:\/\/sl.iron-toys.com\/?post_type=product&#038;p=821"},"modified":"2025-10-23T06:22:21","modified_gmt":"2025-10-23T06:22:21","slug":"mini-dumper-irt-a800-800kg","status":"publish","type":"product","link":"https:\/\/iron-toys.com\/at\/produkt\/mini-dumper-irt-a800-800kg\/","title":{"rendered":"Mini-Dumper IRT-A800 &#8211; 800kg"},"content":{"rendered":"\n\t<section class=\"section\" id=\"section_727355983\">\n\t\t<div class=\"section-bg fill\" >\n\t\t\t\t\t\t\t\t\t\n\t\t\t\n\n\t\t<\/div>\n\n\t\t\n\n\t\t<div class=\"section-content relative\">\n\t\t\t\n<div class=\"row row-large align-middle\"  id=\"row-1771732288\">\n\n\t<div id=\"col-258651348\" class=\"col medium-12 small-12 large-6\"  >\n\t\t\t\t<div class=\"col-inner\"  >\n\t\t\t\n\t\t\t\n<h3><b>Kompakt, leistungsstark und effizient<\/b><\/h3>\n<p>Der Mini-Dumper IRT-A800 vereint hohe Tragf\u00e4higkeit, Stabilit\u00e4t und Wendigkeit in einer kompakten Breite von nur 870 mm, was auch die Durchfahrt durch enge Passagen und T\u00fcren erm\u00f6glicht. Die Gummiketten mit einer Breite von 620 mm sorgen f\u00fcr zuverl\u00e4ssigen Grip und Stabilit\u00e4t auf verschiedensten Untergr\u00fcnden \u2013 von weichen B\u00f6den bis hin zu anspruchsvollen Fl\u00e4chen.<\/p>\n<p>Die Mulde mit einem Volumen von 0,26 m\u00b3 (Abmessungen 1235 \u00d7 730 \u00d7 590 mm) erm\u00f6glicht den effizienten Transport gr\u00f6\u00dferer Materialmengen in einem Durchgang. Der Hubmechanismus mit einer Aussch\u00fctth\u00f6he von bis zu 1750 mm erm\u00f6glicht ein einfaches und pr\u00e4zises Entladen in Container oder direkt an der Arbeitsstelle.<\/p>\n\t\t<\/div>\n\t\t\t\t\t<\/div>\n\n\t\n\n\t<div id=\"col-524052987\" class=\"col medium-12 small-12 large-6\"  >\n\t\t\t\t<div class=\"col-inner\"  >\n\t\t\t\n\t\t\t\n\t<div class=\"img has-hover x md-x lg-x y md-y lg-y\" id=\"image_1595596102\">\n\t\t\t\t\t\t\t\t<div class=\"img-inner dark\" >\n\t\t\t<img loading=\"lazy\" decoding=\"async\" width=\"768\" height=\"1024\" src=\"https:\/\/iron-toys.com\/at\/wp-content\/uploads\/sites\/5\/2025\/06\/\u5fae\u4fe1\u56fe\u7247_20250627184014-768x1024.jpg\" class=\"attachment-large size-large\" alt=\"\" srcset=\"https:\/\/iron-toys.com\/at\/wp-content\/uploads\/sites\/5\/2025\/06\/\u5fae\u4fe1\u56fe\u7247_20250627184014-768x1024.jpg 768w, https:\/\/iron-toys.com\/at\/wp-content\/uploads\/sites\/5\/2025\/06\/\u5fae\u4fe1\u56fe\u7247_20250627184014-225x300.jpg 225w, https:\/\/iron-toys.com\/at\/wp-content\/uploads\/sites\/5\/2025\/06\/\u5fae\u4fe1\u56fe\u7247_20250627184014-1152x1536.jpg 1152w, https:\/\/iron-toys.com\/at\/wp-content\/uploads\/sites\/5\/2025\/06\/\u5fae\u4fe1\u56fe\u7247_20250627184014-1536x2048.jpg 1536w, https:\/\/iron-toys.com\/at\/wp-content\/uploads\/sites\/5\/2025\/06\/\u5fae\u4fe1\u56fe\u7247_20250627184014-655x873.jpg 655w, https:\/\/iron-toys.com\/at\/wp-content\/uploads\/sites\/5\/2025\/06\/\u5fae\u4fe1\u56fe\u7247_20250627184014-scaled.jpg 1920w\" sizes=\"auto, (max-width: 768px) 100vw, 768px\" \/>\t\t\t\t\t\t\n\t\t\t\t\t<\/div>\n\t\t\t\t\t\t\t\t\n<style>\n#image_1595596102 {\n  width: 100%;\n}\n<\/style>\n\t<\/div>\n\t\n\t\t<\/div>\n\t\t\t\t\t<\/div>\n\n\t\n<\/div>\n<div class=\"row row-large align-middle\"  id=\"row-873205694\">\n\n\t<div id=\"col-640211096\" class=\"col medium-12 small-12 large-6\"  >\n\t\t\t\t<div class=\"col-inner\"  >\n\t\t\t\n\t\t\t\n\t<div class=\"img has-hover x md-x lg-x y md-y lg-y\" id=\"image_883279350\">\n\t\t\t\t\t\t\t\t<div class=\"img-inner dark\" >\n\t\t\t<img loading=\"lazy\" decoding=\"async\" width=\"768\" height=\"576\" src=\"https:\/\/iron-toys.com\/at\/wp-content\/uploads\/sites\/5\/2025\/06\/\u5fae\u4fe1\u56fe\u7247_20250627183809-768x576.jpg\" class=\"attachment-medium_large size-medium_large\" alt=\"\" srcset=\"https:\/\/iron-toys.com\/at\/wp-content\/uploads\/sites\/5\/2025\/06\/\u5fae\u4fe1\u56fe\u7247_20250627183809-768x576.jpg 768w, https:\/\/iron-toys.com\/at\/wp-content\/uploads\/sites\/5\/2025\/06\/\u5fae\u4fe1\u56fe\u7247_20250627183809-300x225.jpg 300w, https:\/\/iron-toys.com\/at\/wp-content\/uploads\/sites\/5\/2025\/06\/\u5fae\u4fe1\u56fe\u7247_20250627183809-1024x768.jpg 1024w, https:\/\/iron-toys.com\/at\/wp-content\/uploads\/sites\/5\/2025\/06\/\u5fae\u4fe1\u56fe\u7247_20250627183809-1536x1152.jpg 1536w, https:\/\/iron-toys.com\/at\/wp-content\/uploads\/sites\/5\/2025\/06\/\u5fae\u4fe1\u56fe\u7247_20250627183809-2048x1536.jpg 2048w, https:\/\/iron-toys.com\/at\/wp-content\/uploads\/sites\/5\/2025\/06\/\u5fae\u4fe1\u56fe\u7247_20250627183809-655x491.jpg 655w\" sizes=\"auto, (max-width: 768px) 100vw, 768px\" \/>\t\t\t\t\t\t\n\t\t\t\t\t<\/div>\n\t\t\t\t\t\t\t\t\n<style>\n#image_883279350 {\n  width: 80%;\n}\n<\/style>\n\t<\/div>\n\t\n\t\t<\/div>\n\t\t\t\t\t<\/div>\n\n\t\n\n\t<div id=\"col-480102471\" class=\"col medium-12 small-12 large-6 medium-col-first\"  >\n\t\t\t\t<div class=\"col-inner\"  >\n\t\t\t\n\t\t\t\n<h3><b>Einfache Bedienung und Wartung<\/b><\/h3>\n<p>Der IRT-A800 ist f\u00fcr eine einfache und sichere Bedienung konzipiert, was komfortables Arbeiten selbst auf anspruchsvollem Gel\u00e4nde erm\u00f6glicht. Der minimale Wendekreis von 1,35 m sorgt f\u00fcr hohe Wendigkeit auf engem Raum, w\u00e4hrend eine Bodenfreiheit von 85 mm ein stabiles \u00dcberqueren kleinerer Hindernisse erm\u00f6glicht.<\/p>\n<p>Das Hydrauliksystem mit einem Tankvolumen von 16 Litern und der Verwendung von verschlei\u00dfarmem \u00d6l (Typ 46) tr\u00e4gt zur langen Lebensdauer und Betriebssicherheit bei. Dar\u00fcber hinaus erm\u00f6glicht das durchdachte Maschinendesign einen schnellen Zugang zu den wichtigsten Komponenten, was Wartung und Service vereinfacht und gleichzeitig Ausfallzeiten sowie Betriebskosten reduziert.<\/p>\n\t\t<\/div>\n\t\t\t\t\t<\/div>\n\n\t\n<\/div>\n<div class=\"row row-large align-middle\"  id=\"row-1380347871\">\n<\/div>\n\n\t<div id=\"col-764861251\" class=\"col medium-12 small-12 large-6\"  >\n\t\t\t\t<div class=\"col-inner\"  >\n\t\t\t\n\t\t\t\n\t\t<\/div>\n\t\t\t\t\t<\/div>\n\n\t\n\t\t<\/div>\n\n\t\t\n<style>\n#section_727355983 {\n  padding-top: 30px;\n  padding-bottom: 30px;\n}\n<\/style>\n\t<\/section>\n\t\n","protected":false},"excerpt":{"rendered":"<p>Der <strong>IRT\u2011A800<\/strong> ist ein robuster Allrounder mit 800\u202fkg Nutzlast f\u00fcr Baustelle, Landwirtschaft und Garten\u2011\/Landschaftsbau. Der RATO\u2011Benziner R300 (301\u202fcm\u00b3, 9,8\u202fPS) und ein kr\u00e4ftiges Hydrauliksystem sorgen f\u00fcr zuverl\u00e4ssiges Heben, Transportieren und Kippen. Mit 20\u00b0 Steigf\u00e4higkeit und 2,1\u20134,2\u202fkm\/h ist er auch auf geneigten Fl\u00e4chen zuhause.<\/p>\n","protected":false},"featured_media":822,"template":"","meta":{"_acf_changed":false},"product_brand":[],"product_cat":[16,25],"product_tag":[],"class_list":{"0":"post-821","1":"product","2":"type-product","3":"status-publish","4":"has-post-thumbnail","6":"product_cat-maschinen","7":"product_cat-minidumper","9":"first","10":"instock","11":"taxable","12":"shipping-taxable","13":"purchasable","14":"product-type-simple"},"acf":[],"_links":{"self":[{"href":"https:\/\/iron-toys.com\/at\/wp-json\/wp\/v2\/product\/821","targetHints":{"allow":["GET"]}}],"collection":[{"href":"https:\/\/iron-toys.com\/at\/wp-json\/wp\/v2\/product"}],"about":[{"href":"https:\/\/iron-toys.com\/at\/wp-json\/wp\/v2\/types\/product"}],"wp:featuredmedia":[{"embeddable":true,"href":"https:\/\/iron-toys.com\/at\/wp-json\/wp\/v2\/media\/822"}],"wp:attachment":[{"href":"https:\/\/iron-toys.com\/at\/wp-json\/wp\/v2\/media?parent=821"}],"wp:term":[{"taxonomy":"product_brand","embeddable":true,"href":"https:\/\/iron-toys.com\/at\/wp-json\/wp\/v2\/product_brand?post=821"},{"taxonomy":"product_cat","embeddable":true,"href":"https:\/\/iron-toys.com\/at\/wp-json\/wp\/v2\/product_cat?post=821"},{"taxonomy":"product_tag","embeddable":true,"href":"https:\/\/iron-toys.com\/at\/wp-json\/wp\/v2\/product_tag?post=821"}],"curies":[{"name":"wp","href":"https:\/\/api.w.org\/{rel}","templated":true}]}}