{"id":828,"date":"2025-06-28T08:22:01","date_gmt":"2025-06-28T08:22:01","guid":{"rendered":"http:\/\/sl.iron-toys.com\/?post_type=product&#038;p=828"},"modified":"2025-10-23T06:22:21","modified_gmt":"2025-10-23T06:22:21","slug":"mini-dumper-irt-a500-500kg","status":"publish","type":"product","link":"https:\/\/iron-toys.com\/at\/produkt\/mini-dumper-irt-a500-500kg\/","title":{"rendered":"Mini-Dumper IRT-A500 &#8211; 500kg"},"content":{"rendered":"\n\t<section class=\"section\" id=\"section_1986558946\">\n\t\t<div class=\"section-bg fill\" >\n\t\t\t\t\t\t\t\t\t\n\t\t\t\n\n\t\t<\/div>\n\n\t\t\n\n\t\t<div class=\"section-content relative\">\n\t\t\t\n<div class=\"row row-large align-middle\"  id=\"row-1231750451\">\n\n\t<div id=\"col-1198288125\" class=\"col medium-12 small-12 large-6\"  >\n\t\t\t\t<div class=\"col-inner\"  >\n\t\t\t\n\t\t\t\n<h3><b>Kompakt, wendig und vielseitig<\/b><\/h3>\n<p data-start=\"78\" data-end=\"329\">Der IRT-A500 vereint hohe Funktionalit\u00e4t in einem \u00e4u\u00dferst kompakten Design \u2013 mit nur 870 mm Breite passt er durch Standarddurchg\u00e4nge und T\u00fcren. Gummiketten mit 520 mm Breite sorgen f\u00fcr stabilen Halt auch auf weichen oder rutschigen Untergr\u00fcnden.<\/p>\n<p data-start=\"331\" data-end=\"602\">Die Mulde mit einem Fassungsverm\u00f6gen von 0,22 m\u00b3 (Ma\u00dfe 1040 \u00d7 730 \u00d7 590 mm) erm\u00f6glicht den einfachen Transport gr\u00f6\u00dferer Materialmengen. Das Anheben und \u00dcberkippen bis zu einer H\u00f6he von 1350 mm erleichtert das Entladen direkt in Container oder an pr\u00e4zise Zielpunkte.<\/p>\n<p data-start=\"604\" data-end=\"775\">Mit einem minimalen Wendekreis von nur 1 Meter \u00fcberzeugt der IRT-A500 zudem durch au\u00dfergew\u00f6hnliche Wendigkeit \u2013 ideal f\u00fcr Arbeiten in engen und begrenzten Bereichen.<\/p>\n\t\t<\/div>\n\t\t\t\t\t<\/div>\n\n\t\n\n\t<div id=\"col-268652895\" class=\"col medium-12 small-12 large-6\"  >\n\t\t\t\t<div class=\"col-inner\"  >\n\t\t\t\n\t\t\t\n\t<div class=\"img has-hover x md-x lg-x y md-y lg-y\" id=\"image_90236491\">\n\t\t\t\t\t\t\t\t<div class=\"img-inner dark\" >\n\t\t\t<img loading=\"lazy\" decoding=\"async\" width=\"1020\" height=\"765\" src=\"https:\/\/iron-toys.com\/at\/wp-content\/uploads\/sites\/5\/2025\/06\/IRT-A5003-1024x768.jpg\" class=\"attachment-large size-large\" alt=\"\" srcset=\"https:\/\/iron-toys.com\/at\/wp-content\/uploads\/sites\/5\/2025\/06\/IRT-A5003-1024x768.jpg 1024w, https:\/\/iron-toys.com\/at\/wp-content\/uploads\/sites\/5\/2025\/06\/IRT-A5003-300x225.jpg 300w, https:\/\/iron-toys.com\/at\/wp-content\/uploads\/sites\/5\/2025\/06\/IRT-A5003-768x576.jpg 768w, https:\/\/iron-toys.com\/at\/wp-content\/uploads\/sites\/5\/2025\/06\/IRT-A5003-1536x1152.jpg 1536w, https:\/\/iron-toys.com\/at\/wp-content\/uploads\/sites\/5\/2025\/06\/IRT-A5003-2048x1536.jpg 2048w, https:\/\/iron-toys.com\/at\/wp-content\/uploads\/sites\/5\/2025\/06\/IRT-A5003-655x491.jpg 655w\" sizes=\"auto, (max-width: 1020px) 100vw, 1020px\" \/>\t\t\t\t\t\t\n\t\t\t\t\t<\/div>\n\t\t\t\t\t\t\t\t\n<style>\n#image_90236491 {\n  width: 100%;\n}\n<\/style>\n\t<\/div>\n\t\n\t\t<\/div>\n\t\t\t\t\t<\/div>\n\n\t\n<\/div>\n<div class=\"row row-large align-middle\"  id=\"row-170615100\">\n\n\t<div id=\"col-1450241991\" class=\"col medium-12 small-12 large-6\"  >\n\t\t\t\t<div class=\"col-inner\"  >\n\t\t\t\n\t\t\t\n\t<div class=\"img has-hover x md-x lg-x y md-y lg-y\" id=\"image_1329705196\">\n\t\t\t\t\t\t\t\t<div class=\"img-inner dark\" >\n\t\t\t<img loading=\"lazy\" decoding=\"async\" width=\"768\" height=\"576\" src=\"https:\/\/iron-toys.com\/at\/wp-content\/uploads\/sites\/5\/2025\/06\/IRT-A5003-768x576.jpg\" class=\"attachment-medium_large size-medium_large\" alt=\"\" srcset=\"https:\/\/iron-toys.com\/at\/wp-content\/uploads\/sites\/5\/2025\/06\/IRT-A5003-768x576.jpg 768w, https:\/\/iron-toys.com\/at\/wp-content\/uploads\/sites\/5\/2025\/06\/IRT-A5003-300x225.jpg 300w, https:\/\/iron-toys.com\/at\/wp-content\/uploads\/sites\/5\/2025\/06\/IRT-A5003-1024x768.jpg 1024w, https:\/\/iron-toys.com\/at\/wp-content\/uploads\/sites\/5\/2025\/06\/IRT-A5003-1536x1152.jpg 1536w, https:\/\/iron-toys.com\/at\/wp-content\/uploads\/sites\/5\/2025\/06\/IRT-A5003-2048x1536.jpg 2048w, https:\/\/iron-toys.com\/at\/wp-content\/uploads\/sites\/5\/2025\/06\/IRT-A5003-655x491.jpg 655w\" sizes=\"auto, (max-width: 768px) 100vw, 768px\" \/>\t\t\t\t\t\t\n\t\t\t\t\t<\/div>\n\t\t\t\t\t\t\t\t\n<style>\n#image_1329705196 {\n  width: 80%;\n}\n<\/style>\n\t<\/div>\n\t\n\t\t<\/div>\n\t\t\t\t\t<\/div>\n\n\t\n\n\t<div id=\"col-121083175\" class=\"col medium-12 small-12 large-6 medium-col-first\"  >\n\t\t\t\t<div class=\"col-inner\"  >\n\t\t\t\n\t\t\t\n<h3><b>Einfache Bedienung und Wartung<\/b><\/h3>\n<p data-start=\"78\" data-end=\"285\">Die Maschine ist auf einfache Bedienung, Sicherheit und Benutzerkomfort ausgelegt. Mit einer Bodenfreiheit von 85 mm k\u00f6nnen kleinere Hindernisse auf verschiedenen Untergr\u00fcnden sicher \u00fcberwunden werden.<\/p>\n<p data-start=\"287\" data-end=\"574\">Das intelligente Design erm\u00f6glicht einen schnellen und einfachen Zugang zu den wichtigsten Komponenten, was regelm\u00e4\u00dfige Inspektionen, Service und Wartung erleichtert. Dadurch verk\u00fcrzen sich Ausfallzeiten erheblich und ein reibungsloser Einsatz auf der Baustelle wird gew\u00e4hrleistet.<\/p>\n<p data-start=\"576\" data-end=\"755\">Das zuverl\u00e4ssige Hydrauliksystem mit verschlei\u00dfarmem \u00d6l (Typ 46) und einem Tankvolumen von 16 Litern tr\u00e4gt zur langen Lebensdauer und hohen Zuverl\u00e4ssigkeit der Maschine bei.<\/p>\n\t\t<\/div>\n\t\t\t\t\t<\/div>\n\n\t\n<\/div>\n<div class=\"row row-large align-middle\"  id=\"row-1367428695\">\n<\/div>\n\n\t<div id=\"col-1913653366\" class=\"col medium-12 small-12 large-6\"  >\n\t\t\t\t<div class=\"col-inner\"  >\n\t\t\t\n\t\t\t\n\t\t<\/div>\n\t\t\t\t\t<\/div>\n\n\t\n\t\t<\/div>\n\n\t\t\n<style>\n#section_1986558946 {\n  padding-top: 30px;\n  padding-bottom: 30px;\n}\n<\/style>\n\t<\/section>\n\t\n","protected":false},"excerpt":{"rendered":"<p>Der <strong>IRT\u2011A500<\/strong> ist ein kompakter, wendiger Mini\u2011Dumper mit 500\u202fkg Nutzlast \u2013 ideal f\u00fcr Baustellen, Garten\u2011 und Landschaftsbau, Landwirtschaft und Objektpflege. Der bew\u00e4hrte RATO\u2011Benziner R300 (301\u202fcm\u00b3, 9,8\u202fPS) liefert konstante Leistung f\u00fcr den Alltag. Mit 1,7\u20133,5\u202fkm\/h und 20\u00b0 Steigf\u00e4higkeit arbeitet der IRT\u2011A500 sicher auf verschiedenem Terrain.<\/p>\n","protected":false},"featured_media":829,"template":"","meta":{"_acf_changed":false},"product_brand":[],"product_cat":[16,25],"product_tag":[],"class_list":{"0":"post-828","1":"product","2":"type-product","3":"status-publish","4":"has-post-thumbnail","6":"product_cat-maschinen","7":"product_cat-minidumper","9":"first","10":"instock","11":"taxable","12":"shipping-taxable","13":"purchasable","14":"product-type-simple"},"acf":[],"_links":{"self":[{"href":"https:\/\/iron-toys.com\/at\/wp-json\/wp\/v2\/product\/828","targetHints":{"allow":["GET"]}}],"collection":[{"href":"https:\/\/iron-toys.com\/at\/wp-json\/wp\/v2\/product"}],"about":[{"href":"https:\/\/iron-toys.com\/at\/wp-json\/wp\/v2\/types\/product"}],"wp:featuredmedia":[{"embeddable":true,"href":"https:\/\/iron-toys.com\/at\/wp-json\/wp\/v2\/media\/829"}],"wp:attachment":[{"href":"https:\/\/iron-toys.com\/at\/wp-json\/wp\/v2\/media?parent=828"}],"wp:term":[{"taxonomy":"product_brand","embeddable":true,"href":"https:\/\/iron-toys.com\/at\/wp-json\/wp\/v2\/product_brand?post=828"},{"taxonomy":"product_cat","embeddable":true,"href":"https:\/\/iron-toys.com\/at\/wp-json\/wp\/v2\/product_cat?post=828"},{"taxonomy":"product_tag","embeddable":true,"href":"https:\/\/iron-toys.com\/at\/wp-json\/wp\/v2\/product_tag?post=828"}],"curies":[{"name":"wp","href":"https:\/\/api.w.org\/{rel}","templated":true}]}}