{"id":854,"date":"2025-06-28T09:08:07","date_gmt":"2025-06-28T09:08:07","guid":{"rendered":"http:\/\/sl.iron-toys.com\/?post_type=product&#038;p=854"},"modified":"2025-11-09T18:26:15","modified_gmt":"2025-11-09T18:26:15","slug":"planirna-zlica-800mm","status":"publish","type":"product","link":"https:\/\/iron-toys.com\/at\/produkt\/planirna-zlica-800mm\/","title":{"rendered":"Planierl\u00f6ffel 800\u202fmm"},"content":{"rendered":"<div class=\"flex max-w-full flex-col flex-grow\">\n<div class=\"min-h-8 text-message flex w-full flex-col items-end gap-2 whitespace-normal break-words [.text-message+&amp;]:mt-5\" dir=\"auto\" data-message-author-role=\"assistant\" data-message-id=\"c4e7f56e-520f-4d30-92ca-988880143525\" data-message-model-slug=\"gpt-4o\">\n<div class=\"flex w-full flex-col gap-1 empty:hidden first:pt-[3px]\">\n<div class=\"markdown prose w-full break-words dark:prose-invert light\">\n<p><b>\u00a0<\/b><\/p>\n<\/div>\n<\/div>\n<\/div>\n<\/div>\n","protected":false},"excerpt":{"rendered":"<p>80\u2011cm\u2011Planierl\u00f6ffel f\u00fcr die Bearbeitung gr\u00f6\u00dferer Fl\u00e4chen \u2013 robust, pr\u00e4zise und effizient.<\/p>\n","protected":false},"featured_media":846,"template":"","meta":{"_acf_changed":false},"product_brand":[],"product_cat":[17],"product_tag":[],"class_list":{"0":"post-854","1":"product","2":"type-product","3":"status-publish","4":"has-post-thumbnail","6":"product_cat-anbaugerate","8":"first","9":"instock","10":"taxable","11":"shipping-taxable","12":"purchasable","13":"product-type-simple"},"acf":[],"_links":{"self":[{"href":"https:\/\/iron-toys.com\/at\/wp-json\/wp\/v2\/product\/854","targetHints":{"allow":["GET"]}}],"collection":[{"href":"https:\/\/iron-toys.com\/at\/wp-json\/wp\/v2\/product"}],"about":[{"href":"https:\/\/iron-toys.com\/at\/wp-json\/wp\/v2\/types\/product"}],"wp:featuredmedia":[{"embeddable":true,"href":"https:\/\/iron-toys.com\/at\/wp-json\/wp\/v2\/media\/846"}],"wp:attachment":[{"href":"https:\/\/iron-toys.com\/at\/wp-json\/wp\/v2\/media?parent=854"}],"wp:term":[{"taxonomy":"product_brand","embeddable":true,"href":"https:\/\/iron-toys.com\/at\/wp-json\/wp\/v2\/product_brand?post=854"},{"taxonomy":"product_cat","embeddable":true,"href":"https:\/\/iron-toys.com\/at\/wp-json\/wp\/v2\/product_cat?post=854"},{"taxonomy":"product_tag","embeddable":true,"href":"https:\/\/iron-toys.com\/at\/wp-json\/wp\/v2\/product_tag?post=854"}],"curies":[{"name":"wp","href":"https:\/\/api.w.org\/{rel}","templated":true}]}}