{"id":307,"date":"2024-11-27T16:05:10","date_gmt":"2024-11-27T16:05:10","guid":{"rendered":"http:\/\/sl.iron-toys.com\/?page_id=307"},"modified":"2025-07-07T11:10:29","modified_gmt":"2025-07-07T11:10:29","slug":"servis-i-garancija","status":"publish","type":"page","link":"https:\/\/iron-toys.com\/ba\/servis-i-garancija\/","title":{"rendered":"Servis i garancija"},"content":{"rendered":"\n\t<section class=\"section\" id=\"section_1283033771\">\n\t\t<div class=\"section-bg fill\" >\n\t\t\t\t\t\t\t\t\t\n\t\t\t\n\n\t\t<\/div>\n\n\t\t\n\n\t\t<div class=\"section-content relative\">\n\t\t\t\n<div class=\"row\"  id=\"row-1483212394\">\n\n\t<div id=\"col-1654013712\" class=\"col small-12 large-12\"  >\n\t\t\t\t<div class=\"col-inner\"  >\n\t\t\t\n\t\t\t\n\n<nav class=\"breadcrumbs\"><a href=\"https:\/\/iron-toys.com\/ba\">Dom<\/a> > <\/nav>\n\n\t\t<\/div>\n\t\t\t\t\t<\/div>\n\n\t\n<\/div>\n<div class=\"row\"  id=\"row-623677133\">\n\n\t<div id=\"col-1402039071\" class=\"col small-12 large-12\"  >\n\t\t\t\t<div class=\"col-inner\"  >\n\t\t\t\n\t\t\t\n<div class=\"container section-title-container\" ><h1 class=\"section-title section-title-normal\"><b aria-hidden=\"true\"><\/b><span class=\"section-title-main\" >Servis &amp; Garancija<\/span><b aria-hidden=\"true\"><\/b><\/h1><\/div>\n<p data-start=\"65\" data-end=\"130\"><strong data-start=\"65\" data-end=\"130\">Servis in garancija \u2013 zanesljivost in varnost na prvem mestu!<\/strong><\/p>\n<p>Ob nakupu stroja pri Iron Toys prejmete 1-letno garancijo, ki vklju\u010duje osnovne rezervne dele ter hitro dobavo dodatnih komponent. Servisna pomo\u010d je na voljo po predhodnem dogovoru, pri \u010demer se prilagodimo va\u0161im potrebam in lokaciji.<\/p>\n<p>Tudi po poteku garancijskega roka vam nudimo zanesljiv in cenovno dostopen servis, s katerim poskrbimo za dolgo \u017eivljenjsko dobo in optimalno delovanje va\u0161ega stroja.<\/p>\n\t\t<\/div>\n\t\t\t\t\t<\/div>\n\n\t\n<\/div>\n\t\t<\/div>\n\n\t\t\n<style>\n#section_1283033771 {\n  padding-top: 30px;\n  padding-bottom: 30px;\n}\n<\/style>\n\t<\/section>\n\t\n","protected":false},"excerpt":{"rendered":"","protected":false},"author":1,"featured_media":0,"parent":0,"menu_order":0,"comment_status":"closed","ping_status":"closed","template":"page-blank.php","meta":{"_acf_changed":false,"footnotes":""},"class_list":["post-307","page","type-page","status-publish","hentry"],"acf":[],"_links":{"self":[{"href":"https:\/\/iron-toys.com\/ba\/wp-json\/wp\/v2\/pages\/307","targetHints":{"allow":["GET"]}}],"collection":[{"href":"https:\/\/iron-toys.com\/ba\/wp-json\/wp\/v2\/pages"}],"about":[{"href":"https:\/\/iron-toys.com\/ba\/wp-json\/wp\/v2\/types\/page"}],"author":[{"embeddable":true,"href":"https:\/\/iron-toys.com\/ba\/wp-json\/wp\/v2\/users\/1"}],"replies":[{"embeddable":true,"href":"https:\/\/iron-toys.com\/ba\/wp-json\/wp\/v2\/comments?post=307"}],"version-history":[{"count":8,"href":"https:\/\/iron-toys.com\/ba\/wp-json\/wp\/v2\/pages\/307\/revisions"}],"predecessor-version":[{"id":933,"href":"https:\/\/iron-toys.com\/ba\/wp-json\/wp\/v2\/pages\/307\/revisions\/933"}],"wp:attachment":[{"href":"https:\/\/iron-toys.com\/ba\/wp-json\/wp\/v2\/media?parent=307"}],"curies":[{"name":"wp","href":"https:\/\/api.w.org\/{rel}","templated":true}]}}