{"id":78,"date":"2024-11-10T17:50:55","date_gmt":"2024-11-10T17:50:55","guid":{"rendered":"http:\/\/sl.iron-toys.com\/?page_id=78"},"modified":"2025-10-14T16:50:36","modified_gmt":"2025-10-14T16:50:36","slug":"o-nama","status":"publish","type":"page","link":"https:\/\/iron-toys.com\/ba\/o-nama\/","title":{"rendered":"O nama"},"content":{"rendered":"\n\t<section class=\"section\" id=\"section_1066537272\">\n\t\t<div class=\"section-bg fill\" >\n\t\t\t\t\t\t\t\t\t\n\t\t\t\n\n\t\t<\/div>\n\n\t\t\n\n\t\t<div class=\"section-content relative\">\n\t\t\t\n<div class=\"row row-collapse\"  id=\"row-1346268918\">\n\n\t<div id=\"col-1313216124\" class=\"col small-12 large-12\"  >\n\t\t\t\t<div class=\"col-inner\"  >\n\t\t\t\n\t\t\t\n\n<nav class=\"breadcrumbs\"><a href=\"https:\/\/iron-toys.com\/ba\">Dom<\/a> > <\/nav>\n\n\t\t<\/div>\n\t\t\t\t\t<\/div>\n\n\t\n<\/div>\n<div class=\"row align-middle\"  id=\"row-1107410978\">\n\n\t<div id=\"col-1520307379\" class=\"col medium-6 small-12 large-6\"  >\n\t\t\t\t<div class=\"col-inner\"  >\n\t\t\t\n\t\t\t\n<div class=\"container section-title-container\" ><h1 class=\"section-title section-title-normal\"><b aria-hidden=\"true\"><\/b><span class=\"section-title-main\" >O podjetju<\/span><b aria-hidden=\"true\"><\/b><\/h1><\/div>\n<p class=\"p1\"><b>Iron Toys<\/b> je poduze\u0107e specijalizirano za prodaju mini bagera i druge gra\u0111evinske mehanizacije. Trenutno smo prisutni u Sloveniji, Hrvatskoj, Austriji i Bosni. Na\u0161 cilj je ponuditi pouzdane i cjenovno pristupa\u010dne strojeve koji omogu\u0107uju brzo, u\u010dinkovito i sigurno izvo\u0111enje radova \u2013 kako profesionalcima u gra\u0111evinskom sektoru, tako i privatnim korisnicima.<\/p>\n<p class=\"p1\">U na\u0161oj ponudi nalaze se vlastiti proizvodi te strojevi provjerenih i pouzdanih proizvo\u0111a\u010da. Sura\u0111ujemo izravno s dobavlja\u010dima, \u0161to nam omogu\u0107uje konkurentne cijene i dobru kontrolu kvalitete. Dostupni su mini bageri razli\u010ditih dimenzija, priklju\u010dci i dodatna oprema \u2013 sve spremno za trenutnu upotrebu.<\/p>\n<p class=\"p1\">Posve\u0107eni smo jednostavnosti, po\u0161tenju i podr\u0161ci kupcima. Osiguravamo garanciju i rezervne dijelove za sve strojeve.<\/p>\n<p class=\"p1\">Dobrodo\u0161li u <b>Iron Toys<\/b> \u2013 gdje zajedno gradimo budu\u0107nost.<\/p>\n\t\t<\/div>\n\t\t\t\t\t<\/div>\n\n\t\n\n\t<div id=\"col-544117136\" class=\"col medium-6 small-12 large-6\"  >\n\t\t\t\t<div class=\"col-inner\"  >\n\t\t\t\n\t\t\t\n\t<div class=\"img has-hover x md-x lg-x y md-y lg-y\" id=\"image_818146918\">\n\t\t\t\t\t\t\t\t<div class=\"img-inner dark\" >\n\t\t\t<img loading=\"lazy\" decoding=\"async\" width=\"576\" height=\"448\" src=\"https:\/\/iron-toys.com\/ba\/wp-content\/uploads\/sites\/7\/2025\/06\/d8281d42a1d898477c21d6f9ab2bfed75c6db444.png\" class=\"attachment-large size-large\" alt=\"\" srcset=\"https:\/\/iron-toys.com\/ba\/wp-content\/uploads\/sites\/7\/2025\/06\/d8281d42a1d898477c21d6f9ab2bfed75c6db444.png 576w, https:\/\/iron-toys.com\/ba\/wp-content\/uploads\/sites\/7\/2025\/06\/d8281d42a1d898477c21d6f9ab2bfed75c6db444-510x397.png 510w, https:\/\/iron-toys.com\/ba\/wp-content\/uploads\/sites\/7\/2025\/06\/d8281d42a1d898477c21d6f9ab2bfed75c6db444-300x233.png 300w\" sizes=\"auto, (max-width: 576px) 100vw, 576px\" \/>\t\t\t\t\t\t\n\t\t\t\t\t<\/div>\n\t\t\t\t\t\t\t\t\n<style>\n#image_818146918 {\n  width: 100%;\n}\n<\/style>\n\t<\/div>\n\t\n\t\t<\/div>\n\t\t\t\t\t<\/div>\n\n\t\n<\/div>\n\t<div id=\"gap-665350289\" class=\"gap-element clearfix\" style=\"display:block; height:auto;\">\n\t\t\n<style>\n#gap-665350289 {\n  padding-top: 30px;\n}\n<\/style>\n\t<\/div>\n\t\n<div class=\"row align-middle\"  id=\"row-972239194\">\n\n\t<div id=\"col-1629595368\" class=\"col medium-6 small-12 large-3\"  >\n\t\t\t\t<div class=\"col-inner\"  >\n\t\t\t\n\t\t\t\n\n\t\t<div class=\"icon-box featured-box colored-section-icons icon-box-left text-left\"  >\n\t\t\t\t\t<div class=\"icon-box-img\" style=\"width: 60px\">\n\t\t\t\t<div class=\"icon\">\n\t\t\t\t\t<div class=\"icon-inner\" style=\"color:rgba(235, 0, 0, 0);\">\n\t\t\t\t\t\t<img loading=\"lazy\" decoding=\"async\" width=\"57\" height=\"57\" src=\"https:\/\/iron-toys.com\/ba\/wp-content\/uploads\/sites\/7\/2025\/06\/servis.png\" class=\"attachment-medium size-medium\" alt=\"\" \/>\t\t\t\t\t<\/div>\n\t\t\t\t<\/div>\n\t\t\t<\/div>\n\t\t\t\t<div class=\"icon-box-text last-reset\">\n\t\t\t<h5 class=\"uppercase\">POUZDAN SERVIS<\/h5>\t\t\t\t\t\t\n\t\t<\/div>\n\t<\/div>\n\t\n\t\n\t\t<\/div>\n\t\t\t\t\t<\/div>\n\n\t\n\n\t<div id=\"col-1275067030\" class=\"col medium-6 small-12 large-3\"  >\n\t\t\t\t<div class=\"col-inner\"  >\n\t\t\t\n\t\t\t\n\n\t\t<div class=\"icon-box featured-box colored-section-icons icon-box-left text-left\"  >\n\t\t\t\t\t<div class=\"icon-box-img\" style=\"width: 60px\">\n\t\t\t\t<div class=\"icon\">\n\t\t\t\t\t<div class=\"icon-inner\" style=\"color:rgba(235, 0, 0, 0);\">\n\t\t\t\t\t\t<img loading=\"lazy\" decoding=\"async\" width=\"57\" height=\"57\" src=\"https:\/\/iron-toys.com\/ba\/wp-content\/uploads\/sites\/7\/2025\/06\/garancija.png\" class=\"attachment-medium size-medium\" alt=\"\" \/>\t\t\t\t\t<\/div>\n\t\t\t\t<\/div>\n\t\t\t<\/div>\n\t\t\t\t<div class=\"icon-box-text last-reset\">\n\t\t\t<h5 class=\"uppercase\">JAMSTVO UZ KUPNJU<\/h5>\t\t\t\t\t\t\n\t\t<\/div>\n\t<\/div>\n\t\n\t\n\t\t<\/div>\n\t\t\t\t\t<\/div>\n\n\t\n\n\t<div id=\"col-86730236\" class=\"col medium-6 small-12 large-3\"  >\n\t\t\t\t<div class=\"col-inner\"  >\n\t\t\t\n\t\t\t\n\n\t\t<div class=\"icon-box featured-box colored-section-icons icon-box-left text-left\"  >\n\t\t\t\t\t<div class=\"icon-box-img\" style=\"width: 60px\">\n\t\t\t\t<div class=\"icon\">\n\t\t\t\t\t<div class=\"icon-inner\" style=\"color:rgba(235, 0, 0, 0);\">\n\t\t\t\t\t\t<img loading=\"lazy\" decoding=\"async\" width=\"57\" height=\"57\" src=\"https:\/\/iron-toys.com\/ba\/wp-content\/uploads\/sites\/7\/2025\/06\/rezervni-deli.png\" class=\"attachment-medium size-medium\" alt=\"\" \/>\t\t\t\t\t<\/div>\n\t\t\t\t<\/div>\n\t\t\t<\/div>\n\t\t\t\t<div class=\"icon-box-text last-reset\">\n\t\t\t<h5 class=\"uppercase\">REZERVNI DIJELOVI ZA SVE STROJEVE<\/h5>\t\t\t\t\t\t\n\t\t<\/div>\n\t<\/div>\n\t\n\t\n\t\t<\/div>\n\t\t\t\t\t<\/div>\n\n\t\n\n\t<div id=\"col-1252091915\" class=\"col medium-6 small-12 large-3\"  >\n\t\t\t\t<div class=\"col-inner\"  >\n\t\t\t\n\t\t\t\n\n\t\t<div class=\"icon-box featured-box colored-section-icons icon-box-left text-left\"  >\n\t\t\t\t\t<div class=\"icon-box-img\" style=\"width: 60px\">\n\t\t\t\t<div class=\"icon\">\n\t\t\t\t\t<div class=\"icon-inner\" style=\"color:rgba(235, 0, 0, 0);\">\n\t\t\t\t\t\t<img loading=\"lazy\" decoding=\"async\" width=\"57\" height=\"57\" src=\"https:\/\/iron-toys.com\/ba\/wp-content\/uploads\/sites\/7\/2025\/06\/financiranje.png\" class=\"attachment-medium size-medium\" alt=\"\" \/>\t\t\t\t\t<\/div>\n\t\t\t\t<\/div>\n\t\t\t<\/div>\n\t\t\t\t<div class=\"icon-box-text last-reset\">\n\t\t\t<h5 class=\"uppercase\">STRU\u010cNA POMO\u0106 I SAVJETOVANJE<\/h5>\t\t\t\t\t\t\n\t\t<\/div>\n\t<\/div>\n\t\n\t\n\t\t<\/div>\n\t\t\t\t\t<\/div>\n\n\t\n<\/div>\n\t<div id=\"gap-539553890\" class=\"gap-element clearfix\" style=\"display:block; height:auto;\">\n\t\t\n<style>\n#gap-539553890 {\n  padding-top: 30px;\n}\n<\/style>\n\t<\/div>\n\t\n<div class=\"row align-middle\"  id=\"row-1239596969\">\n\n\t<div id=\"col-180361662\" class=\"col medium-6 small-12 large-6\"  >\n\t\t\t\t<div class=\"col-inner\"  >\n\t\t\t\n\t\t\t\n\n\t<script type=\"text\/javascript\">\n  jQuery( document ).ready(function() {\n    function initialize() {\n        var styles = {\n            'flatsome':  [{\n            \"featureType\": \"administrative\",\n            \"stylers\": [\n              { \"visibility\": \"on\" }\n            ]\n          },\n          {\n            \"featureType\": \"road\",\n            \"stylers\": [\n              { \"visibility\": \"on\" },\n              { \"hue\": \"\" }\n            ]\n          },\n          {\n            \"stylers\": [\n\t\t\t  { \"visibility\": \"on\" },\n\t\t\t  { \"hue\": \"\" },\n\t\t\t  { \"saturation\": -30 }\n            ]\n          }\n        ]};\n\n        var myLatlng = new google.maps.LatLng(44.77895, 17.1858);\n        var myOptions = {\n            zoom: 18,\n            center: myLatlng,\n            mapTypeId: google.maps.MapTypeId.ROADMAP,\n            disableDefaultUI: true,\n            mapTypeId: 'flatsome',\n            draggable: true,\n            zoomControl: true,\n            zoomControlOptions: {\n              position: google.maps.ControlPosition.TOP_LEFT\n            },\n      \t\t\tmapTypeControl: true,\n            mapTypeControlOptions: {\n              position: google.maps.ControlPosition.TOP_LEFT\n            },\n      \t\t\tstreetViewControl: true,\n            streetViewControlOptions: {\n              position: google.maps.ControlPosition.TOP_LEFT\n            },\n            scrollwheel: false,\n            disableDoubleClickZoom: true\n        }\n        var map = new google.maps.Map(document.getElementById(\"map-3863668421-inner\"), myOptions);\n        var styledMapType = new google.maps.StyledMapType(styles['flatsome'], {name: 'flatsome'});\n        map.mapTypes.set('flatsome', styledMapType);\n\n        var marker = new google.maps.Marker({\n            position: myLatlng,\n            map: map,\n            title:\"\"\n        });\n    }\n\n    \/\/ Required to proceed\n    if (!(typeof google === 'object' && typeof google.maps === 'object')) {\n      return\n    }\n\n    initialize()\n    google.maps.event.addDomListener(window, 'resize', initialize);\n    });\n    <\/script>\n\n    <div class=\"google-map relative mb\" id=\"map-3863668421\">\n        <div class=\"map-height\" id=\"map-3863668421-inner\"><\/div>\n        <div id=\"map_overlay_top\"><\/div>\n        <div id=\"map_overlay_bottom\"><\/div>\n         \n       \n<style>\n#map-3863668421 .map-inner {\n  background-color: #fff;\n  max-width: 100%;\n}\n#map-3863668421 .map-height {\n  height: 400px;\n}\n@media (min-width:550px) {\n  #map-3863668421 .map-inner {\n    max-width: 40%;\n  }\n}\n@media (min-width:850px) {\n  #map-3863668421 .map-inner {\n    max-width: 30%;\n  }\n}\n<\/style>\n    <\/div>\n\n\t\n\t\t<\/div>\n\t\t\t\t\t<\/div>\n\n\t\n\n\t<div id=\"col-960861422\" class=\"col medium-6 small-12 large-6 small-col-first\"  >\n\t\t\t\t<div class=\"col-inner\"  >\n\t\t\t\n\t\t\t\n<h2>Podaci o poduze\u0107u<\/h2>\n<p style=\"text-align: left\">Naziv: Iron Toys d.o.o.<\/p>\n<p style=\"text-align: left\">Adresa: Ulica Mi\u0161e Stupara broj 4, Banja Luka<\/p>\n<p style=\"text-align: left\">Mati\u010dni broj: 11674992<\/p>\n<p style=\"text-align: left\">JIB: 4405369900000<\/p>\n<p style=\"text-align: left\">PIB: 405369900000<\/p>\n<p>Broj \u017eiro ra\u010duna: 1610000354880040<br \/>Broj deviznog ra\u010duna: BA391611000004975770<\/p>\n<p><strong>Posjetite nas na lokaciji u Banja Luki:<\/strong> <a href=\"https:\/\/maps.app.goo.gl\/QB4NfgyTTCpvzHau7\" rel=\"nofollow noopener\" target=\"_blank\">Kraji\u0161kih brigada 127, Banja Luka<\/a><\/p>\n<p>\u00a0<\/p>\n<div class=\"address-line full-width\">\u00a0<\/div>\n\t\t<\/div>\n\t\t\t\t\t<\/div>\n\n\t\n<\/div>\n\t\t<\/div>\n\n\t\t\n<style>\n#section_1066537272 {\n  padding-top: 30px;\n  padding-bottom: 30px;\n}\n<\/style>\n\t<\/section>\n\t\n","protected":false},"excerpt":{"rendered":"","protected":false},"author":1,"featured_media":0,"parent":0,"menu_order":0,"comment_status":"closed","ping_status":"closed","template":"page-blank.php","meta":{"_acf_changed":false,"footnotes":""},"class_list":["post-78","page","type-page","status-publish","hentry"],"acf":[],"_links":{"self":[{"href":"https:\/\/iron-toys.com\/ba\/wp-json\/wp\/v2\/pages\/78","targetHints":{"allow":["GET"]}}],"collection":[{"href":"https:\/\/iron-toys.com\/ba\/wp-json\/wp\/v2\/pages"}],"about":[{"href":"https:\/\/iron-toys.com\/ba\/wp-json\/wp\/v2\/types\/page"}],"author":[{"embeddable":true,"href":"https:\/\/iron-toys.com\/ba\/wp-json\/wp\/v2\/users\/1"}],"replies":[{"embeddable":true,"href":"https:\/\/iron-toys.com\/ba\/wp-json\/wp\/v2\/comments?post=78"}],"version-history":[{"count":39,"href":"https:\/\/iron-toys.com\/ba\/wp-json\/wp\/v2\/pages\/78\/revisions"}],"predecessor-version":[{"id":1059,"href":"https:\/\/iron-toys.com\/ba\/wp-json\/wp\/v2\/pages\/78\/revisions\/1059"}],"wp:attachment":[{"href":"https:\/\/iron-toys.com\/ba\/wp-json\/wp\/v2\/media?parent=78"}],"curies":[{"name":"wp","href":"https:\/\/api.w.org\/{rel}","templated":true}]}}