{"id":80,"date":"2024-11-10T17:51:05","date_gmt":"2024-11-10T17:51:05","guid":{"rendered":"http:\/\/sl.iron-toys.com\/?page_id=80"},"modified":"2025-07-07T08:40:39","modified_gmt":"2025-07-07T08:40:39","slug":"kontakt","status":"publish","type":"page","link":"https:\/\/iron-toys.com\/ba\/kontakt\/","title":{"rendered":"Kontakt"},"content":{"rendered":"\n\t<section class=\"section\" id=\"section_1987750233\">\n\t\t<div class=\"section-bg fill\" >\n\t\t\t\t\t\t\t\t\t\n\t\t\t\n\n\t\t<\/div>\n\n\t\t\n\n\t\t<div class=\"section-content relative\">\n\t\t\t\n<div class=\"row\"  id=\"row-2141475858\">\n\n\t<div id=\"col-1805066306\" class=\"col small-12 large-12\"  >\n\t\t\t\t<div class=\"col-inner\"  >\n\t\t\t\n\t\t\t\n\n<nav class=\"breadcrumbs\"><a href=\"https:\/\/iron-toys.com\/ba\">Dom<\/a> > <\/nav>\n\n\t\t<\/div>\n\t\t\t\t\t<\/div>\n\n\t\n<\/div>\n<div class=\"row align-center\"  id=\"row-1675667417\">\n\n\t<div id=\"col-62105835\" class=\"col pb-0 medium-8 small-12 large-6\"  >\n\t\t\t\t<div class=\"col-inner\"  >\n\t\t\t\n\t\t\t\n<div class=\"container section-title-container cf7-title\" ><h1 class=\"section-title section-title-normal\"><b aria-hidden=\"true\"><\/b><span class=\"section-title-main\" >Po\u0161aljite upit<\/span><b aria-hidden=\"true\"><\/b><\/h1><\/div>\n\t\t<\/div>\n\t\t\t\t\t<\/div>\n\n\t\n<\/div>\n<div class=\"row align-center\"  id=\"row-693960275\">\n\n\t<div id=\"col-35417946\" class=\"col medium-8 small-12 large-6\"  >\n\t\t\t\t<div class=\"col-inner\"  >\n\t\t\t\n\t\t\t\n\n<div class=\"wpcf7 no-js\" id=\"wpcf7-f175-o1\" lang=\"sl-SI\" dir=\"ltr\" data-wpcf7-id=\"175\">\n<div class=\"screen-reader-response\"><p role=\"status\" aria-live=\"polite\" aria-atomic=\"true\"><\/p> <ul><\/ul><\/div>\n<form action=\"\/ba\/wp-json\/wp\/v2\/pages\/80#wpcf7-f175-o1\" method=\"post\" class=\"wpcf7-form init\" aria-label=\"Contact form\" novalidate=\"novalidate\" data-status=\"init\">\n<fieldset class=\"hidden-fields-container\"><input type=\"hidden\" name=\"_wpcf7\" value=\"175\" \/><input type=\"hidden\" name=\"_wpcf7_version\" value=\"6.1.4\" \/><input type=\"hidden\" name=\"_wpcf7_locale\" value=\"sl_SI\" \/><input type=\"hidden\" name=\"_wpcf7_unit_tag\" value=\"wpcf7-f175-o1\" \/><input type=\"hidden\" name=\"_wpcf7_container_post\" value=\"0\" \/><input type=\"hidden\" name=\"_wpcf7_posted_data_hash\" value=\"\" \/>\n<\/fieldset>\n<div class=\"wpcf7-turnstile cf-turnstile\" data-sitekey=\"0x4AAAAAAB78dyoICDYiYjUf\" data-response-field-name=\"_wpcf7_turnstile_response\"><\/div>\n\n<div class=\"cf7-form-fields\">\n\t<div class=\"cf7-input-wrapper\">\n\t\t<p><label>Ime i prezime<\/label><br \/>\n<span class=\"wpcf7-form-control-wrap\" data-name=\"ime\"><input size=\"40\" maxlength=\"400\" class=\"wpcf7-form-control wpcf7-text wpcf7-validates-as-required\" autocomplete=\"name\" aria-required=\"true\" aria-invalid=\"false\" value=\"\" type=\"text\" name=\"ime\" \/><\/span>\n\t\t<\/p>\n\t<\/div>\n\t<div class=\"cf7-input-wrapper\">\n\t\t<p><label>Tvrtka (neobavezno)<\/label><br \/>\n<span class=\"wpcf7-form-control-wrap\" data-name=\"podjetje\"><input size=\"40\" maxlength=\"400\" class=\"wpcf7-form-control wpcf7-text\" aria-invalid=\"false\" value=\"\" type=\"text\" name=\"podjetje\" \/><\/span>\n\t\t<\/p>\n\t<\/div>\n\t<div class=\"cf7-input-wrapper\">\n\t\t<p><label>Email<\/label><br \/>\n<span class=\"wpcf7-form-control-wrap\" data-name=\"e-naslov\"><input size=\"40\" maxlength=\"400\" class=\"wpcf7-form-control wpcf7-email wpcf7-validates-as-required wpcf7-text wpcf7-validates-as-email\" aria-required=\"true\" aria-invalid=\"false\" value=\"\" type=\"email\" name=\"e-naslov\" \/><\/span>\n\t\t<\/p>\n\t<\/div>\n\t<div class=\"cf7-input-wrapper\">\n\t\t<p><label>Broj telefona<\/label><br \/>\n<span class=\"wpcf7-form-control-wrap\" data-name=\"telefon\"><input size=\"40\" maxlength=\"400\" class=\"wpcf7-form-control wpcf7-tel wpcf7-validates-as-required wpcf7-text wpcf7-validates-as-tel\" autocomplete=\"tel\" aria-required=\"true\" aria-invalid=\"false\" value=\"\" type=\"tel\" name=\"telefon\" \/><\/span>\n\t\t<\/p>\n\t<\/div>\n\t<div class=\"cf7-input-wrapper cf7-product-select-input-wrapper\">\n\t\t<p><details id=\"cf7-accordion-stroj-a0c93f34-1fb3-4dd2-87dc-ebcfa322be24\" class=\"cf7-accordion cf7-accordion--product-select\" open><summary class=\"cf7-accordion__summary\"><span>Odaberi stroj (obavezno)<\/span><img decoding=\"async\" src=\"https:\/\/iron-toys.com\/ba\/wp-content\/themes\/iron-toys\/assets\/images\/arrow-down.svg\" alt=\"arrow\" ><\/summary><div class=\"cf7-accordion__content\"><span class=\"wpcf7-form-control wpcf7-checkbox wpcf7-validates-as-required\"><span class=\"wpcf7-list-item\"><label for=\"stroj_mini-bager-irt20-kubota-2000kg\"><input type=\"checkbox\" id=\"stroj_mini-bager-irt20-kubota-2000kg\" name=\"stroj[]\" value=\"mini-bager-irt20-kubota-2000kg\" aria-required=\"true\" required \/><span class=\"wpcf7-list-item-label\">Mini bager IRT20 (KUBOTA) - 2000kg<\/span><\/label><\/span><span class=\"wpcf7-list-item\"><label for=\"stroj_mini-bager-irt40-4000kg\"><input type=\"checkbox\" id=\"stroj_mini-bager-irt40-4000kg\" name=\"stroj[]\" value=\"mini-bager-irt40-4000kg\" \/><span class=\"wpcf7-list-item-label\">Mini bager IRT40 - 4000kg<\/span><\/label><\/span><span class=\"wpcf7-list-item\"><label for=\"stroj_mini-demper-irta800-800kg\"><input type=\"checkbox\" id=\"stroj_mini-demper-irta800-800kg\" name=\"stroj[]\" value=\"mini-demper-irta800-800kg\" \/><span class=\"wpcf7-list-item-label\">Mini demper IRT-A800 - 800kg<\/span><\/label><\/span><span class=\"wpcf7-list-item\"><label for=\"stroj_mini-demper-irt-a500-500kg\"><input type=\"checkbox\" id=\"stroj_mini-demper-irt-a500-500kg\" name=\"stroj[]\" value=\"mini-demper-irt-a500-500kg\" \/><span class=\"wpcf7-list-item-label\">Mini demper IRT-A500 - 500kg<\/span><\/label><\/span><span class=\"wpcf7-list-item\"><label for=\"stroj_mini-bager-irt12s-1200kg\"><input type=\"checkbox\" id=\"stroj_mini-bager-irt12s-1200kg\" name=\"stroj[]\" value=\"mini-bager-irt12s-1200kg\" \/><span class=\"wpcf7-list-item-label\">Mini bager IRT12S- 1200kg<\/span><\/label><\/span><span class=\"wpcf7-list-item\"><label for=\"stroj_mini-bager-irt12s-kubota-1200kg\"><input type=\"checkbox\" id=\"stroj_mini-bager-irt12s-kubota-1200kg\" name=\"stroj[]\" value=\"mini-bager-irt12s-kubota-1200kg\" \/><span class=\"wpcf7-list-item-label\">Mini bager IRT12S (KUBOTA) - 1200kg<\/span><\/label><\/span><span class=\"wpcf7-list-item\"><label for=\"stroj_mini-bager-irt18-kubota-1800kg\"><input type=\"checkbox\" id=\"stroj_mini-bager-irt18-kubota-1800kg\" name=\"stroj[]\" value=\"mini-bager-irt18-kubota-1800kg\" \/><span class=\"wpcf7-list-item-label\">Mini bager IRT18 (KUBOTA) - 1800kg<\/span><\/label><\/span><span class=\"wpcf7-list-item\"><label for=\"stroj_mini-bager-tk12-1200kg\"><input type=\"checkbox\" id=\"stroj_mini-bager-tk12-1200kg\" name=\"stroj[]\" value=\"mini-bager-tk12-1200kg\" \/><span class=\"wpcf7-list-item-label\">Mini bager IRT12 - 1200kg<\/span><\/label><\/span><span class=\"wpcf7-list-item\"><label for=\"stroj_mini-bager-irt16-kubota-1600kg\"><input type=\"checkbox\" id=\"stroj_mini-bager-irt16-kubota-1600kg\" name=\"stroj[]\" value=\"mini-bager-irt16-kubota-1600kg\" \/><span class=\"wpcf7-list-item-label\">Mini bager IRT16 (KUBOTA) - 1600kg<\/span><\/label><\/span><span class=\"wpcf7-list-item\"><label for=\"stroj_mini-bager-irt10-1000kg\"><input type=\"checkbox\" id=\"stroj_mini-bager-irt10-1000kg\" name=\"stroj[]\" value=\"mini-bager-irt10-1000kg\" \/><span class=\"wpcf7-list-item-label\">Mini bager IRT10 - 1000kg<\/span><\/label><\/span><span class=\"wpcf7-list-item\"><label for=\"stroj_mini-bager-irt16-1600kg\"><input type=\"checkbox\" id=\"stroj_mini-bager-irt16-1600kg\" name=\"stroj[]\" value=\"mini-bager-irt16-1600kg\" \/><span class=\"wpcf7-list-item-label\">Mini bager IRT16 - 1600kg<\/span><\/label><\/span><span class=\"wpcf7-list-item\"><label for=\"stroj_mini-bager-irt18-1800kg\"><input type=\"checkbox\" id=\"stroj_mini-bager-irt18-1800kg\" name=\"stroj[]\" value=\"mini-bager-irt18-1800kg\" \/><span class=\"wpcf7-list-item-label\">Mini bager IRT18 - 1800kg<\/span><\/label><\/span><\/span><\/div><\/details><br \/>\n<details id=\"cf7-accordion-prikljucek-e361c87e-72f7-44c0-9160-9182a229fdc3\" class=\"cf7-accordion cf7-accordion--product-select\"><summary class=\"cf7-accordion__summary\"><span>Odaberi priklju\u010dce<\/span><img decoding=\"async\" src=\"https:\/\/iron-toys.com\/ba\/wp-content\/themes\/iron-toys\/assets\/images\/arrow-down.svg\" alt=\"arrow\" ><\/summary><div class=\"cf7-accordion__content\"><span class=\"wpcf7-form-control wpcf7-checkbox\"><span class=\"wpcf7-list-item\"><label for=\"prikljucek_iskopna-zlica-400mm\"><input type=\"checkbox\" id=\"prikljucek_iskopna-zlica-400mm\" name=\"prikljucek[]\" value=\"iskopna-zlica-400mm\" \/><span class=\"wpcf7-list-item-label\">Iskopna \u017elica 400mm<\/span><\/label><\/span><span class=\"wpcf7-list-item\"><label for=\"prikljucek_iskopna-zlica-600mm\"><input type=\"checkbox\" id=\"prikljucek_iskopna-zlica-600mm\" name=\"prikljucek[]\" value=\"iskopna-zlica-600mm\" \/><span class=\"wpcf7-list-item-label\">Iskopna \u017elica 600mm<\/span><\/label><\/span><span class=\"wpcf7-list-item\"><label for=\"prikljucek_iskopna-zlica-200mm\"><input type=\"checkbox\" id=\"prikljucek_iskopna-zlica-200mm\" name=\"prikljucek[]\" value=\"iskopna-zlica-200mm\" \/><span class=\"wpcf7-list-item-label\">Iskopna \u017elica 200mm<\/span><\/label><\/span><span class=\"wpcf7-list-item\"><label for=\"prikljucek_hidraulicni-auger\"><input type=\"checkbox\" id=\"prikljucek_hidraulicni-auger\" name=\"prikljucek[]\" value=\"hidraulicni-auger\" \/><span class=\"wpcf7-list-item-label\">Hidrauli\u010dni svrdlo<\/span><\/label><\/span><span class=\"wpcf7-list-item\"><label for=\"prikljucek_hidraulicni-hvatalni-prst\"><input type=\"checkbox\" id=\"prikljucek_hidraulicni-hvatalni-prst\" name=\"prikljucek[]\" value=\"hidraulicni-hvatalni-prst\" \/><span class=\"wpcf7-list-item-label\">Hidrauli\u010dni hvatalni prst<\/span><\/label><\/span><span class=\"wpcf7-list-item\"><label for=\"prikljucek_trgalni-prst\"><input type=\"checkbox\" id=\"prikljucek_trgalni-prst\" name=\"prikljucek[]\" value=\"trgalni-prst\" \/><span class=\"wpcf7-list-item-label\">Riper<\/span><\/label><\/span><span class=\"wpcf7-list-item\"><label for=\"prikljucek_mehanicki-hvatalni-prst\"><input type=\"checkbox\" id=\"prikljucek_mehanicki-hvatalni-prst\" name=\"prikljucek[]\" value=\"mehanicki-hvatalni-prst\" \/><span class=\"wpcf7-list-item-label\">Mehani\u010dki hvatalni prst<\/span><\/label><\/span><span class=\"wpcf7-list-item\"><label for=\"prikljucek_planirna-zlica-800mm\"><input type=\"checkbox\" id=\"prikljucek_planirna-zlica-800mm\" name=\"prikljucek[]\" value=\"planirna-zlica-800mm\" \/><span class=\"wpcf7-list-item-label\">Planirna \u017elica 800mm<\/span><\/label><\/span><span class=\"wpcf7-list-item\"><label for=\"prikljucek_pikamer-za-mini-bager\"><input type=\"checkbox\" id=\"prikljucek_pikamer-za-mini-bager\" name=\"prikljucek[]\" value=\"pikamer-za-mini-bager\" \/><span class=\"wpcf7-list-item-label\">Pikamer za mini bager - Hidrauli\u010dni \u010deki\u0107<\/span><\/label><\/span><span class=\"wpcf7-list-item\"><label for=\"prikljucek_nagibna-planirna-zlica\"><input type=\"checkbox\" id=\"prikljucek_nagibna-planirna-zlica\" name=\"prikljucek[]\" value=\"nagibna-planirna-zlica\" \/><span class=\"wpcf7-list-item-label\">Nagibna planirna \u017elica<\/span><\/label><\/span><span class=\"wpcf7-list-item\"><label for=\"prikljucek_mehanske-klesce\"><input type=\"checkbox\" id=\"prikljucek_mehanske-klesce\" name=\"prikljucek[]\" value=\"mehanske-klesce\" \/><span class=\"wpcf7-list-item-label\">Mehani\u010dke hvataljke<\/span><\/label><\/span><\/span><\/div><\/details>\n\t\t<\/p>\n\t<\/div>\n\t<div class=\"cf7-input-wrapper\">\n\t\t<p><label>Ostavite nam poruku (neobavezno)<\/label><br \/>\n<span class=\"wpcf7-form-control-wrap\" data-name=\"sporocilo\"><textarea cols=\"40\" rows=\"10\" maxlength=\"2000\" class=\"wpcf7-form-control wpcf7-textarea\" aria-invalid=\"false\" name=\"sporocilo\"><\/textarea><\/span>\n\t\t<\/p>\n\t<\/div>\n\t<div class=\"cf7-input-wrapper\">\n\t\t<p><span class=\"wpcf7-form-control-wrap\" data-name=\"gdpr\"><span class=\"wpcf7-form-control wpcf7-acceptance\"><span class=\"wpcf7-list-item\"><label><input type=\"checkbox\" name=\"gdpr\" value=\"1\" aria-invalid=\"false\" \/><span class=\"wpcf7-list-item-label\">Pro\u010ditao\/la sam izjavu o za\u0161titi podataka i sla\u017eem se da \u0107e moji podaci biti\u00a0pohranjeni.<\/span><\/label><\/span><\/span><\/span>\n\t\t<\/p>\n\t<\/div>\n\t<div class=\"cf7-input-wrapper\">\n\t\t<p><input class=\"wpcf7-form-control wpcf7-submit has-spinner\" type=\"submit\" value=\"Po\u0161alji\" \/>\n\t\t<\/p>\n\t<\/div>\n<\/div><div class=\"wpcf7-response-output\" aria-hidden=\"true\"><\/div>\n<\/form>\n<\/div>\n\n\t\t<\/div>\n\t\t\t\t\t<\/div>\n\n\t\n<\/div>\n\t\t<\/div>\n\n\t\t\n<style>\n#section_1987750233 {\n  padding-top: 30px;\n  padding-bottom: 30px;\n}\n<\/style>\n\t<\/section>\n\t\n","protected":false},"excerpt":{"rendered":"","protected":false},"author":1,"featured_media":0,"parent":0,"menu_order":0,"comment_status":"closed","ping_status":"closed","template":"page-blank.php","meta":{"_acf_changed":false,"footnotes":""},"class_list":["post-80","page","type-page","status-publish","hentry"],"acf":[],"_links":{"self":[{"href":"https:\/\/iron-toys.com\/ba\/wp-json\/wp\/v2\/pages\/80","targetHints":{"allow":["GET"]}}],"collection":[{"href":"https:\/\/iron-toys.com\/ba\/wp-json\/wp\/v2\/pages"}],"about":[{"href":"https:\/\/iron-toys.com\/ba\/wp-json\/wp\/v2\/types\/page"}],"author":[{"embeddable":true,"href":"https:\/\/iron-toys.com\/ba\/wp-json\/wp\/v2\/users\/1"}],"replies":[{"embeddable":true,"href":"https:\/\/iron-toys.com\/ba\/wp-json\/wp\/v2\/comments?post=80"}],"version-history":[{"count":6,"href":"https:\/\/iron-toys.com\/ba\/wp-json\/wp\/v2\/pages\/80\/revisions"}],"predecessor-version":[{"id":926,"href":"https:\/\/iron-toys.com\/ba\/wp-json\/wp\/v2\/pages\/80\/revisions\/926"}],"wp:attachment":[{"href":"https:\/\/iron-toys.com\/ba\/wp-json\/wp\/v2\/media?parent=80"}],"curies":[{"name":"wp","href":"https:\/\/api.w.org\/{rel}","templated":true}]}}