{"id":1025,"date":"2025-09-24T15:03:41","date_gmt":"2025-09-24T15:03:41","guid":{"rendered":"https:\/\/iron-toys.com\/ba\/?post_type=product&#038;p=1025"},"modified":"2026-01-30T17:15:50","modified_gmt":"2026-01-30T17:15:50","slug":"mini-bager-irt12s-kubota-1200kg","status":"publish","type":"product","link":"https:\/\/iron-toys.com\/ba\/proizvod\/mini-bager-irt12s-kubota-1200kg\/","title":{"rendered":"Mini bager IRT12S (KUBOTA) &#8211; 1200kg"},"content":{"rendered":"\n\t<section class=\"section\" id=\"section_487310608\">\n\t\t<div class=\"section-bg fill\" >\n\t\t\t\t\t\t\t\t\t\n\t\t\t\n\n\t\t<\/div>\n\n\t\t\n\n\t\t<div class=\"section-content relative\">\n\t\t\t\n<div class=\"row row-large align-middle\"  id=\"row-1528607544\">\n\n\t<div id=\"col-1589695255\" class=\"col medium-12 small-12 large-6\"  >\n\t\t\t\t<div class=\"col-inner\"  >\n\t\t\t\n\t\t\t\n<h3><b>Dimenzije<\/b><\/h3>\n<p style=\"text-align: left\"><strong>A \u2013 <\/strong>Razmak izme\u0111u kota\u010da: 910 mm<br \/>\n<strong>B \u2013<\/strong> Ukupna du\u017eina gusjenica: 1235 mm<br \/>\n<strong>C \u2013 <\/strong>Udaljenost platforme od tla: 400 mm<br \/>\n<strong>D \u2013<\/strong> Radijus okretanja stra\u017enjeg dijela: 830 mm<br \/>\n<strong>E \u2013<\/strong> \u0160irina \u0161asije: 940 mm<br \/>\n<strong>F \u2013<\/strong> \u0160irina gusjenica: 180 mm<br \/>\n<strong>G \u2013<\/strong> Visina gosenic: 320 mm<br \/>\n<strong>H \u2013<\/strong> Transportna du\u017eina: 2350 \/ 2870 mm<br \/>\n<strong>I \u2013<\/strong> Udaljenost sjedala od tla: 1560 mm<br \/>\n<strong>J \u2013<\/strong> Ukupna visina: 2270 mm<br \/>\n<strong>M \u2013<\/strong> Zakretanje ruke udesno: 40\u00b0<br \/>\n<strong>N \u2013<\/strong> Zakretanje ruke ulijevo: 53\u00b0<\/p>\n\t\t<\/div>\n\t\t\t\t\t<\/div>\n\n\t\n\n\t<div id=\"col-1423473990\" class=\"col medium-12 small-12 large-6\"  >\n\t\t\t\t<div class=\"col-inner\"  >\n\t\t\t\n\t\t\t\n\t<div class=\"img has-hover x md-x lg-x y md-y lg-y\" id=\"image_64617455\">\n\t\t\t\t\t\t\t\t<div class=\"img-inner dark\" >\n\t\t\t<img loading=\"lazy\" decoding=\"async\" width=\"1020\" height=\"670\" src=\"https:\/\/iron-toys.com\/ba\/wp-content\/uploads\/sites\/7\/2024\/11\/Screenshot-2025-06-24-at-20.23.27-1024x673.png\" class=\"attachment-large size-large\" alt=\"\" srcset=\"https:\/\/iron-toys.com\/ba\/wp-content\/uploads\/sites\/7\/2024\/11\/Screenshot-2025-06-24-at-20.23.27-1024x673.png 1024w, https:\/\/iron-toys.com\/ba\/wp-content\/uploads\/sites\/7\/2024\/11\/Screenshot-2025-06-24-at-20.23.27-300x197.png 300w, https:\/\/iron-toys.com\/ba\/wp-content\/uploads\/sites\/7\/2024\/11\/Screenshot-2025-06-24-at-20.23.27-768x505.png 768w, https:\/\/iron-toys.com\/ba\/wp-content\/uploads\/sites\/7\/2024\/11\/Screenshot-2025-06-24-at-20.23.27-1536x1010.png 1536w, https:\/\/iron-toys.com\/ba\/wp-content\/uploads\/sites\/7\/2024\/11\/Screenshot-2025-06-24-at-20.23.27-2048x1347.png 2048w, https:\/\/iron-toys.com\/ba\/wp-content\/uploads\/sites\/7\/2024\/11\/Screenshot-2025-06-24-at-20.23.27-655x431.png 655w\" sizes=\"auto, (max-width: 1020px) 100vw, 1020px\" \/>\t\t\t\t\t\t\n\t\t\t\t\t<\/div>\n\t\t\t\t\t\t\t\t\n<style>\n#image_64617455 {\n  width: 100%;\n}\n<\/style>\n\t<\/div>\n\t\n\t\t<\/div>\n\t\t\t\t\t<\/div>\n\n\t\n<\/div>\n<div class=\"row row-large align-middle\"  id=\"row-1442493302\">\n\n\t<div id=\"col-1596239474\" class=\"col medium-12 small-12 large-6\"  >\n\t\t\t\t<div class=\"col-inner\"  >\n\t\t\t\n\t\t\t\n\t<div class=\"img has-hover x md-x lg-x y md-y lg-y\" id=\"image_1694645194\">\n\t\t\t\t\t\t\t\t<div class=\"img-inner dark\" >\n\t\t\t<img loading=\"lazy\" decoding=\"async\" width=\"768\" height=\"576\" src=\"https:\/\/iron-toys.com\/ba\/wp-content\/uploads\/sites\/7\/2025\/09\/WhatsApp-Image-2025-07-23-at-09.40.45-768x576.jpeg\" class=\"attachment-medium_large size-medium_large\" alt=\"\" srcset=\"https:\/\/iron-toys.com\/ba\/wp-content\/uploads\/sites\/7\/2025\/09\/WhatsApp-Image-2025-07-23-at-09.40.45-768x576.jpeg 768w, https:\/\/iron-toys.com\/ba\/wp-content\/uploads\/sites\/7\/2025\/09\/WhatsApp-Image-2025-07-23-at-09.40.45-300x225.jpeg 300w, https:\/\/iron-toys.com\/ba\/wp-content\/uploads\/sites\/7\/2025\/09\/WhatsApp-Image-2025-07-23-at-09.40.45-1024x768.jpeg 1024w, https:\/\/iron-toys.com\/ba\/wp-content\/uploads\/sites\/7\/2025\/09\/WhatsApp-Image-2025-07-23-at-09.40.45-1536x1152.jpeg 1536w, https:\/\/iron-toys.com\/ba\/wp-content\/uploads\/sites\/7\/2025\/09\/WhatsApp-Image-2025-07-23-at-09.40.45-655x491.jpeg 655w, https:\/\/iron-toys.com\/ba\/wp-content\/uploads\/sites\/7\/2025\/09\/WhatsApp-Image-2025-07-23-at-09.40.45.jpeg 1600w\" sizes=\"auto, (max-width: 768px) 100vw, 768px\" \/>\t\t\t\t\t\t\n\t\t\t\t\t<\/div>\n\t\t\t\t\t\t\t\t\n<style>\n#image_1694645194 {\n  width: 80%;\n}\n<\/style>\n\t<\/div>\n\t\n\t\t<\/div>\n\t\t\t\t\t<\/div>\n\n\t\n\n\t<div id=\"col-594355624\" class=\"col medium-12 small-12 large-6 medium-col-first\"  >\n\t\t\t\t<div class=\"col-inner\"  >\n\t\t\t\n\t\t\t\n<h3><b>Kompaktan, sna\u017ean i u\u010dinkovit<\/b><\/h3>\n<p>IRT-12 je sna\u017ean i pouzdan mini bager mase 1200 kg, prikladan za profesionalnu upotrebu na gradili\u0161tima i zahtjevnijim terenima, ali i za manja gra\u0111evinska zadu\u017eenja u ograni\u010denim prostorima. Pokre\u0107e ga dizelski motor Kubota D722-E4B snage 10.2 kW (2500 rpm) i zapremine 719 cc. U kombinaciji sa zup\u010dastom pumpom i radnim tlakom od 16 MPa, omogu\u0107uje u\u010dinkovit hidrauli\u010dni sustav s protokom od 21,6 + 10,8 L\/min. Maksimalna sila kopanja iznosi 6,5 kN, dok stroj ostaje iznimno u\u010dinkovit i na nagibima do 30\u00b0. \u00a0Zahvaljuju\u0107i malom radijusu okretanja (1190 mm) i \u0161irini podvozja 940 mm se odli\u010dno snalazi u uskim i urbanim okru\u017eenjima.<\/p>\n<p>.<\/p>\n\t\t<\/div>\n\t\t\t\t\t<\/div>\n\n\t\n<\/div>\n<div class=\"row row-large align-middle\"  id=\"row-283179362\">\n\n\t<div id=\"col-1288100849\" class=\"col medium-12 small-12 large-6\"  >\n\t\t\t\t<div class=\"col-inner\"  >\n\t\t\t\n\t\t\t\n<h3><b>Prostrana i udobna kabina<\/b><\/h3>\n<p>Kabina nudi jo\u0161 vi\u0161e prostora i pobolj\u0161anu ergonomiju za udobno upravljanje. Ravan pod omogu\u0107uje lak\u0161e kretanje, dok elektroni\u010dka upravlja\u010dka plo\u010da pru\u017ea brz pregled nad klju\u010dnim funkcijama kao \u0161to su radni sati, napon akumulatora, osvjetljenje i pokretanje. Hidrauli\u010dne ru\u010dice postavljene su tako da omogu\u0107uju precizno upravljanje bez napora, a udobno sjedalo i sigurnosni pojas osiguravaju sigurnost \u010dak i pri duljem radu. Ulazak i izlazak iz kabine su jednostavni, \u0161to dodatno pobolj\u0161ava korisni\u010dko iskustvo.<\/p>\n\t\t<\/div>\n\t\t\t\t\t<\/div>\n\n\t\n\n\t<div id=\"col-574615431\" class=\"col medium-12 small-12 large-6\"  >\n\t\t\t\t<div class=\"col-inner\"  >\n\t\t\t\n\t\t\t\n\t<div class=\"img has-hover x md-x lg-x y md-y lg-y\" id=\"image_1459858925\">\n\t\t\t\t\t\t\t\t<div class=\"img-inner dark\" >\n\t\t\t<img loading=\"lazy\" decoding=\"async\" width=\"1020\" height=\"765\" src=\"https:\/\/iron-toys.com\/ba\/wp-content\/uploads\/sites\/7\/2025\/09\/WhatsApp-Image-2025-07-23-at-09.40.47-1024x768.jpeg\" class=\"attachment-large size-large\" alt=\"\" srcset=\"https:\/\/iron-toys.com\/ba\/wp-content\/uploads\/sites\/7\/2025\/09\/WhatsApp-Image-2025-07-23-at-09.40.47-1024x768.jpeg 1024w, https:\/\/iron-toys.com\/ba\/wp-content\/uploads\/sites\/7\/2025\/09\/WhatsApp-Image-2025-07-23-at-09.40.47-300x225.jpeg 300w, https:\/\/iron-toys.com\/ba\/wp-content\/uploads\/sites\/7\/2025\/09\/WhatsApp-Image-2025-07-23-at-09.40.47-768x576.jpeg 768w, https:\/\/iron-toys.com\/ba\/wp-content\/uploads\/sites\/7\/2025\/09\/WhatsApp-Image-2025-07-23-at-09.40.47-1536x1152.jpeg 1536w, https:\/\/iron-toys.com\/ba\/wp-content\/uploads\/sites\/7\/2025\/09\/WhatsApp-Image-2025-07-23-at-09.40.47-655x491.jpeg 655w, https:\/\/iron-toys.com\/ba\/wp-content\/uploads\/sites\/7\/2025\/09\/WhatsApp-Image-2025-07-23-at-09.40.47.jpeg 1600w\" sizes=\"auto, (max-width: 1020px) 100vw, 1020px\" \/>\t\t\t\t\t\t\n\t\t\t\t\t<\/div>\n\t\t\t\t\t\t\t\t\n<style>\n#image_1459858925 {\n  width: 100%;\n}\n<\/style>\n\t<\/div>\n\t\n\t\t<\/div>\n\t\t\t\t\t<\/div>\n\n\t\n<\/div>\n<div class=\"row row-large align-middle\"  id=\"row-1213455313\">\n\n\t<div id=\"col-1014573381\" class=\"col medium-12 small-12 large-6\"  >\n\t\t\t\t<div class=\"col-inner\"  >\n\t\t\t\n\t\t\t\n\t<div class=\"img has-hover x md-x lg-x y md-y lg-y\" id=\"image_726744176\">\n\t\t\t\t\t\t\t\t<div class=\"img-inner dark\" >\n\t\t\t<img loading=\"lazy\" decoding=\"async\" width=\"1020\" height=\"680\" src=\"https:\/\/iron-toys.com\/ba\/wp-content\/uploads\/sites\/7\/2025\/09\/DSC00105-1024x683.jpg\" class=\"attachment-large size-large\" alt=\"\" srcset=\"https:\/\/iron-toys.com\/ba\/wp-content\/uploads\/sites\/7\/2025\/09\/DSC00105-1024x683.jpg 1024w, https:\/\/iron-toys.com\/ba\/wp-content\/uploads\/sites\/7\/2025\/09\/DSC00105-300x200.jpg 300w, https:\/\/iron-toys.com\/ba\/wp-content\/uploads\/sites\/7\/2025\/09\/DSC00105-768x512.jpg 768w, https:\/\/iron-toys.com\/ba\/wp-content\/uploads\/sites\/7\/2025\/09\/DSC00105-1536x1024.jpg 1536w, https:\/\/iron-toys.com\/ba\/wp-content\/uploads\/sites\/7\/2025\/09\/DSC00105-655x437.jpg 655w, https:\/\/iron-toys.com\/ba\/wp-content\/uploads\/sites\/7\/2025\/09\/DSC00105.jpg 2048w\" sizes=\"auto, (max-width: 1020px) 100vw, 1020px\" \/>\t\t\t\t\t\t\n\t\t\t\t\t<\/div>\n\t\t\t\t\t\t\t\t\n<style>\n#image_726744176 {\n  width: 100%;\n}\n<\/style>\n\t<\/div>\n\t\n\t\t<\/div>\n\t\t\t\t\t<\/div>\n\n\t\n\n\t<div id=\"col-1531117458\" class=\"col medium-12 small-12 large-6 medium-col-first\"  >\n\t\t\t\t<div class=\"col-inner\"  >\n\t\t\t\n\t\t\t\n<h3><b>Jednostavno i pouzdano<\/b><\/h3>\n<p>Pametan dizajn omogu\u0107uje brz pristup motoru i klju\u010dnim komponentama, \u0161to pojednostavljuje redovite provjere i servisiranje. Odr\u017eavanje je brzo i pregledno, \u010dime se smanjuju mogu\u0107i zastoji u radu. Izdr\u017eljiva konstrukcija i promi\u0161ljen raspored sustava osiguravaju siguran i pouzdan rad u svim uvjetima.<\/p>\n\t\t<\/div>\n\t\t\t\t\t<\/div>\n\n\t\n<\/div>\n\t\t<\/div>\n\n\t\t\n<style>\n#section_487310608 {\n  padding-top: 30px;\n  padding-bottom: 30px;\n}\n<\/style>\n\t<\/section>\n\t\n","protected":false},"excerpt":{"rendered":"<p><strong>IRT-12S<\/strong> je sna\u017ean i pouzdan mini bager mase 1200 kg, prikladan za profesionalnu upotrebu na gradili\u0161tima i zahtjevnijim terenima, ali i za manja gra\u0111evinska zadu\u017eenja u ograni\u010denim prostorima. Pokre\u0107e ga dizelski motor <strong>Kubota D722-E4B <\/strong>snage<strong> 10.2 kW<\/strong> \/ 2500 rpm i zapremine 719 cc. U kombinaciji sa zup\u010dastom pumpom i radnim tlakom od 16 MPa, omogu\u0107uje u\u010dinkovit hidrauli\u010dni sustav s protokom od 21,6 + 10,8 L\/min. Maksimalna sila kopanja iznosi 6,5 kN, a stroj zadr\u017eava visoke performanse i pri usponima do 30\u00b0. Zahvaljuju\u0107i malom radijusu okretanja (1190 mm) i \u0161irini podvozja 940, odli\u010dno se snalazi u uskim i urbanim okru\u017eenjima.<\/p>\n<p><strong>Uz kupnju dobivate GRATIS: Kopa\u010dka \u017elica 40cm + Brza spojka<\/strong><\/p>\n","protected":false},"featured_media":1026,"template":"","meta":{"_acf_changed":false},"product_brand":[],"product_cat":[16,19],"product_tag":[],"class_list":{"0":"post-1025","1":"product","2":"type-product","3":"status-publish","4":"has-post-thumbnail","6":"product_cat-strojevi","7":"product_cat-mini-bageri","9":"first","10":"instock","11":"taxable","12":"shipping-taxable","13":"purchasable","14":"product-type-simple"},"acf":[],"_links":{"self":[{"href":"https:\/\/iron-toys.com\/ba\/wp-json\/wp\/v2\/product\/1025","targetHints":{"allow":["GET"]}}],"collection":[{"href":"https:\/\/iron-toys.com\/ba\/wp-json\/wp\/v2\/product"}],"about":[{"href":"https:\/\/iron-toys.com\/ba\/wp-json\/wp\/v2\/types\/product"}],"wp:featuredmedia":[{"embeddable":true,"href":"https:\/\/iron-toys.com\/ba\/wp-json\/wp\/v2\/media\/1026"}],"wp:attachment":[{"href":"https:\/\/iron-toys.com\/ba\/wp-json\/wp\/v2\/media?parent=1025"}],"wp:term":[{"taxonomy":"product_brand","embeddable":true,"href":"https:\/\/iron-toys.com\/ba\/wp-json\/wp\/v2\/product_brand?post=1025"},{"taxonomy":"product_cat","embeddable":true,"href":"https:\/\/iron-toys.com\/ba\/wp-json\/wp\/v2\/product_cat?post=1025"},{"taxonomy":"product_tag","embeddable":true,"href":"https:\/\/iron-toys.com\/ba\/wp-json\/wp\/v2\/product_tag?post=1025"}],"curies":[{"name":"wp","href":"https:\/\/api.w.org\/{rel}","templated":true}]}}