{"id":1071,"date":"2023-11-29T14:46:51","date_gmt":"2023-11-29T14:46:51","guid":{"rendered":"https:\/\/iron-toys.com\/ba\/?post_type=product&#038;p=1071"},"modified":"2026-01-30T17:16:58","modified_gmt":"2026-01-30T17:16:58","slug":"mini-bager-irt20-kubota-2000kg","status":"publish","type":"product","link":"https:\/\/iron-toys.com\/ba\/proizvod\/mini-bager-irt20-kubota-2000kg\/","title":{"rendered":"Mini bager IRT20 (KUBOTA) &#8211; 2000kg"},"content":{"rendered":"\n\t<section class=\"section\" id=\"section_2105904563\">\n\t\t<div class=\"section-bg fill\" >\n\t\t\t\t\t\t\t\t\t\n\t\t\t\n\n\t\t<\/div>\n\n\t\t\n\n\t\t<div class=\"section-content relative\">\n\t\t\t\n<div class=\"row row-large align-middle\"  id=\"row-539425895\">\n\n\t<div id=\"col-642550758\" class=\"col medium-12 small-12 large-6\"  >\n\t\t\t\t<div class=\"col-inner\"  >\n\t\t\t\n\t\t\t\n<h3><b>Dimenzije<\/b><\/h3>\n<p style=\"text-align: left\"><strong>A \u2013<\/strong> Razmak izme\u0111u kota\u010da: 1230 mm<br \/>\n<strong>B \u2013<\/strong> Ukupna du\u017eina gusjenica: 1550 mm<br \/>\n<strong>C \u2013<\/strong> Udaljenost platforme od tla: 440 mm<br \/>\n<strong>D \u2013<\/strong> Radijus okretanja stra\u017enjeg dijela: 805 mm<br \/>\n<strong>E \u2013<\/strong> \u0160irina \u0161asije: 1000-1250 mm<br \/>\n<strong>F \u2013<\/strong> \u0160irina gusjenica: 230 mm<br \/>\n<strong>G \u2013<\/strong> Visina gusjenica: 320 mm<br \/>\n<strong>H \u2013<\/strong> Transportna du\u017eina: 2225 \/ 3470 mm<br \/>\n<strong>I \u2013<\/strong> Udaljenost sjedala od tla: 1655 mm<br \/>\n<strong>J \u2013 <\/strong>Ukupna visina: 2295 mm<br \/>\n<strong>M \u2013<\/strong> Zakretanje ruke udesno: 50\u00b0<br \/>\n<strong>N \u2013<\/strong> Zakretanje ruke ulijevo: 60\u00b0<\/p>\n\t\t<\/div>\n\t\t\t\t\t<\/div>\n\n\t\n\n\t<div id=\"col-1380986291\" class=\"col medium-12 small-12 large-6\"  >\n\t\t\t\t<div class=\"col-inner\"  >\n\t\t\t\n\t\t\t\n\t<div class=\"img has-hover x md-x lg-x y md-y lg-y\" id=\"image_1416924927\">\n\t\t\t\t\t\t\t\t<div class=\"img-inner dark\" >\n\t\t\t<img loading=\"lazy\" decoding=\"async\" width=\"1020\" height=\"649\" src=\"https:\/\/iron-toys.com\/ba\/wp-content\/uploads\/sites\/7\/2025\/06\/WhatsApp-Image-2025-06-28-at-20.30.06-1024x652.jpeg\" class=\"attachment-large size-large\" alt=\"\" srcset=\"https:\/\/iron-toys.com\/ba\/wp-content\/uploads\/sites\/7\/2025\/06\/WhatsApp-Image-2025-06-28-at-20.30.06-1024x652.jpeg 1024w, https:\/\/iron-toys.com\/ba\/wp-content\/uploads\/sites\/7\/2025\/06\/WhatsApp-Image-2025-06-28-at-20.30.06-300x191.jpeg 300w, https:\/\/iron-toys.com\/ba\/wp-content\/uploads\/sites\/7\/2025\/06\/WhatsApp-Image-2025-06-28-at-20.30.06-768x489.jpeg 768w, https:\/\/iron-toys.com\/ba\/wp-content\/uploads\/sites\/7\/2025\/06\/WhatsApp-Image-2025-06-28-at-20.30.06-655x417.jpeg 655w, https:\/\/iron-toys.com\/ba\/wp-content\/uploads\/sites\/7\/2025\/06\/WhatsApp-Image-2025-06-28-at-20.30.06.jpeg 1110w\" sizes=\"auto, (max-width: 1020px) 100vw, 1020px\" \/>\t\t\t\t\t\t\n\t\t\t\t\t<\/div>\n\t\t\t\t\t\t\t\t\n<style>\n#image_1416924927 {\n  width: 100%;\n}\n<\/style>\n\t<\/div>\n\t\n\t\t<\/div>\n\t\t\t\t\t<\/div>\n\n\t\n<\/div>\n<div class=\"row row-large align-middle\"  id=\"row-84625026\">\n\n\t<div id=\"col-473217791\" class=\"col medium-12 small-12 large-6\"  >\n\t\t\t\t<div class=\"col-inner\"  >\n\t\t\t\n\t\t\t\n\t<div class=\"img has-hover x md-x lg-x y md-y lg-y\" id=\"image_2049138397\">\n\t\t\t\t\t\t\t\t<div class=\"img-inner dark\" >\n\t\t\t<img loading=\"lazy\" decoding=\"async\" width=\"768\" height=\"576\" src=\"https:\/\/iron-toys.com\/ba\/wp-content\/uploads\/sites\/7\/2025\/06\/0Q8A1896-768x576.jpg\" class=\"attachment-medium_large size-medium_large\" alt=\"\" srcset=\"https:\/\/iron-toys.com\/ba\/wp-content\/uploads\/sites\/7\/2025\/06\/0Q8A1896-768x576.jpg 768w, https:\/\/iron-toys.com\/ba\/wp-content\/uploads\/sites\/7\/2025\/06\/0Q8A1896-300x225.jpg 300w, https:\/\/iron-toys.com\/ba\/wp-content\/uploads\/sites\/7\/2025\/06\/0Q8A1896-1024x768.jpg 1024w, https:\/\/iron-toys.com\/ba\/wp-content\/uploads\/sites\/7\/2025\/06\/0Q8A1896-1536x1152.jpg 1536w, https:\/\/iron-toys.com\/ba\/wp-content\/uploads\/sites\/7\/2025\/06\/0Q8A1896-2048x1536.jpg 2048w, https:\/\/iron-toys.com\/ba\/wp-content\/uploads\/sites\/7\/2025\/06\/0Q8A1896-655x491.jpg 655w\" sizes=\"auto, (max-width: 768px) 100vw, 768px\" \/>\t\t\t\t\t\t\n\t\t\t\t\t<\/div>\n\t\t\t\t\t\t\t\t\n<style>\n#image_2049138397 {\n  width: 80%;\n}\n<\/style>\n\t<\/div>\n\t\n\t\t<\/div>\n\t\t\t\t\t<\/div>\n\n\t\n\n\t<div id=\"col-887110740\" class=\"col medium-12 small-12 large-6 medium-col-first\"  >\n\t\t\t\t<div class=\"col-inner\"  >\n\t\t\t\n\t\t\t\n<h3><b>Kompaktan, sna\u017ean i u\u010dinkovit<\/b><\/h3>\n<p>Ovaj stroj kombinira sna\u017enu silu kopanja, napredni hidrauli\u010dni sustav i stabilno podvozje \u0161irine 1000 mm. Rotacija od 360\u00b0, gumene gusjenice i bo\u010dno pomicanje ruke (60\u00b0 ulijevo, 50\u00b0 udesno) omogu\u0107uju u\u010dinkovit rad i u uskim prostorima. Upravlja\u010dka konzola, dozerska daska i podesivo podvozje dodatno pove\u0107avaju svestranost stroja na razli\u010ditim terenima \u2013 od urbanih podru\u010dja do zahtjevnih gradili\u0161ta.<\/p>\n\t\t<\/div>\n\t\t\t\t\t<\/div>\n\n\t\n<\/div>\n<div class=\"row row-large align-middle\"  id=\"row-376228406\">\n\n\t<div id=\"col-1203325735\" class=\"col medium-12 small-12 large-6\"  >\n\t\t\t\t<div class=\"col-inner\"  >\n\t\t\t\n\t\t\t\n<h3><b>Prostrana i udobna kabina<\/b><\/h3>\n<p class=\"p1\">Kabina nudi vi\u0161e prostora, ravan pod i \u0161irok ulaz, \u0161to omogu\u0107uje udoban pristup i bolju pokretljivost tijekom rada. Pregledna upravlja\u010dka plo\u010da prikazuje klju\u010dne informacije \u2013 radne sate, temperaturu motora, stanje napona i potro\u0161nju energije. Sve komande raspore\u0111ene su ergonomski, \u0161to omogu\u0107uje jednostavno i sigurno upravljanje. Precizne hidrauli\u010dne ru\u010dice, udobno sjedalo i jasno postavljene funkcijske tipke osiguravaju ugodno i u\u010dinkovito radno iskustvo \u010dak i tijekom duljih radnih intervala.<\/p>\n\t\t<\/div>\n\t\t\t\t\t<\/div>\n\n\t\n\n\t<div id=\"col-2143297528\" class=\"col medium-12 small-12 large-6\"  >\n\t\t\t\t<div class=\"col-inner\"  >\n\t\t\t\n\t\t\t\n\t<div class=\"img has-hover x md-x lg-x y md-y lg-y\" id=\"image_822495431\">\n\t\t\t\t\t\t\t\t<div class=\"img-inner dark\" >\n\t\t\t<img loading=\"lazy\" decoding=\"async\" width=\"1020\" height=\"765\" src=\"https:\/\/iron-toys.com\/ba\/wp-content\/uploads\/sites\/7\/2025\/06\/0Q8A1830-1024x768.jpg\" class=\"attachment-large size-large\" alt=\"\" srcset=\"https:\/\/iron-toys.com\/ba\/wp-content\/uploads\/sites\/7\/2025\/06\/0Q8A1830-1024x768.jpg 1024w, https:\/\/iron-toys.com\/ba\/wp-content\/uploads\/sites\/7\/2025\/06\/0Q8A1830-300x225.jpg 300w, https:\/\/iron-toys.com\/ba\/wp-content\/uploads\/sites\/7\/2025\/06\/0Q8A1830-768x576.jpg 768w, https:\/\/iron-toys.com\/ba\/wp-content\/uploads\/sites\/7\/2025\/06\/0Q8A1830-1536x1152.jpg 1536w, https:\/\/iron-toys.com\/ba\/wp-content\/uploads\/sites\/7\/2025\/06\/0Q8A1830-2048x1536.jpg 2048w, https:\/\/iron-toys.com\/ba\/wp-content\/uploads\/sites\/7\/2025\/06\/0Q8A1830-655x491.jpg 655w\" sizes=\"auto, (max-width: 1020px) 100vw, 1020px\" \/>\t\t\t\t\t\t\n\t\t\t\t\t<\/div>\n\t\t\t\t\t\t\t\t\n<style>\n#image_822495431 {\n  width: 100%;\n}\n<\/style>\n\t<\/div>\n\t\n\t\t<\/div>\n\t\t\t\t\t<\/div>\n\n\t\n<\/div>\n<div class=\"row row-large align-middle\"  id=\"row-429562016\">\n\n\t<div id=\"col-1454387911\" class=\"col medium-12 small-12 large-6\"  >\n\t\t\t\t<div class=\"col-inner\"  >\n\t\t\t\n\t\t\t\n\t<div class=\"img has-hover x md-x lg-x y md-y lg-y\" id=\"image_899544383\">\n\t\t\t\t\t\t\t\t<div class=\"img-inner dark\" >\n\t\t\t<img loading=\"lazy\" decoding=\"async\" width=\"1020\" height=\"765\" src=\"https:\/\/iron-toys.com\/ba\/wp-content\/uploads\/sites\/7\/2025\/06\/0Q8A1822-1024x768.jpg\" class=\"attachment-large size-large\" alt=\"\" srcset=\"https:\/\/iron-toys.com\/ba\/wp-content\/uploads\/sites\/7\/2025\/06\/0Q8A1822-1024x768.jpg 1024w, https:\/\/iron-toys.com\/ba\/wp-content\/uploads\/sites\/7\/2025\/06\/0Q8A1822-300x225.jpg 300w, https:\/\/iron-toys.com\/ba\/wp-content\/uploads\/sites\/7\/2025\/06\/0Q8A1822-768x576.jpg 768w, https:\/\/iron-toys.com\/ba\/wp-content\/uploads\/sites\/7\/2025\/06\/0Q8A1822-1536x1152.jpg 1536w, https:\/\/iron-toys.com\/ba\/wp-content\/uploads\/sites\/7\/2025\/06\/0Q8A1822-2048x1536.jpg 2048w, https:\/\/iron-toys.com\/ba\/wp-content\/uploads\/sites\/7\/2025\/06\/0Q8A1822-655x491.jpg 655w\" sizes=\"auto, (max-width: 1020px) 100vw, 1020px\" \/>\t\t\t\t\t\t\n\t\t\t\t\t<\/div>\n\t\t\t\t\t\t\t\t\n<style>\n#image_899544383 {\n  width: 100%;\n}\n<\/style>\n\t<\/div>\n\t\n\t\t<\/div>\n\t\t\t\t\t<\/div>\n\n\t\n\n\t<div id=\"col-682668416\" class=\"col medium-12 small-12 large-6 medium-col-first\"  >\n\t\t\t\t<div class=\"col-inner\"  >\n\t\t\t\n\t\t\t\n<h3><b>Jednostavno i pouzdano<\/b><\/h3>\n<p>Pametan dizajn omogu\u0107uje brz pristup motoru i klju\u010dnim komponentama, \u0161to pojednostavljuje redovite provjere i servisiranje. Odr\u017eavanje je brzo i pregledno, \u010dime se smanjuju mogu\u0107i zastoji u radu. Izdr\u017eljiva konstrukcija i promi\u0161ljen raspored sustava osiguravaju siguran i pouzdan rad u svim uvjetima.<\/p>\n\t\t<\/div>\n\t\t\t\t\t<\/div>\n\n\t\n<\/div>\n\t\t<\/div>\n\n\t\t\n<style>\n#section_2105904563 {\n  padding-top: 30px;\n  padding-bottom: 30px;\n}\n<\/style>\n\t<\/section>\n\t\n","protected":false},"excerpt":{"rendered":"<p class=\"p1\"><strong>IRT-20<\/strong> je sna\u017ean i pouzdan mini bager mase 2000 kg, prikladan za profesionalnu upotrebu na gradili\u0161tima, poljoprivrednim povr\u0161inama, zahtjevnim terenima te za precizne zadatke u ograni\u010denim prostorima. Pokre\u0107e ga <strong>trocilindri\u010dni dizelski motor<\/strong> <strong>Kubota D902<\/strong> snage <strong>11.8 kW<\/strong> pri 2300 rpm i radne zapremine 0.898 L. U kombinaciji sa zup\u010dastom hidrauli\u010dnom pumpom i radnim tlakom od 16 MPa, stroj pru\u017ea stabilan i u\u010dinkovit hidrauli\u010dni sustav s protokom od 15.6 + 15.6 + 7.8 L\/min. Visoke performanse zadr\u017eava i pri usponima do 30\u00b0, a zahvaljuju\u0107i malom radijusu okretanja (1395 mm) i gumenim gusjenicama izvrsno se snalazi u uskim, urbanim i zahtjevnim radnim okru\u017eenjima.<\/p>\n<p><strong>Uz kupnju dobivate GRATIS: Kopa\u010dka \u017elica 40cm + Brza spojka<\/strong><\/p>\n","protected":false},"featured_media":1072,"template":"","meta":{"_acf_changed":false},"product_brand":[],"product_cat":[16,19],"product_tag":[],"class_list":{"0":"post-1071","1":"product","2":"type-product","3":"status-publish","4":"has-post-thumbnail","6":"product_cat-strojevi","7":"product_cat-mini-bageri","9":"first","10":"instock","11":"taxable","12":"shipping-taxable","13":"purchasable","14":"product-type-simple"},"acf":[],"_links":{"self":[{"href":"https:\/\/iron-toys.com\/ba\/wp-json\/wp\/v2\/product\/1071","targetHints":{"allow":["GET"]}}],"collection":[{"href":"https:\/\/iron-toys.com\/ba\/wp-json\/wp\/v2\/product"}],"about":[{"href":"https:\/\/iron-toys.com\/ba\/wp-json\/wp\/v2\/types\/product"}],"wp:featuredmedia":[{"embeddable":true,"href":"https:\/\/iron-toys.com\/ba\/wp-json\/wp\/v2\/media\/1072"}],"wp:attachment":[{"href":"https:\/\/iron-toys.com\/ba\/wp-json\/wp\/v2\/media?parent=1071"}],"wp:term":[{"taxonomy":"product_brand","embeddable":true,"href":"https:\/\/iron-toys.com\/ba\/wp-json\/wp\/v2\/product_brand?post=1071"},{"taxonomy":"product_cat","embeddable":true,"href":"https:\/\/iron-toys.com\/ba\/wp-json\/wp\/v2\/product_cat?post=1071"},{"taxonomy":"product_tag","embeddable":true,"href":"https:\/\/iron-toys.com\/ba\/wp-json\/wp\/v2\/product_tag?post=1071"}],"curies":[{"name":"wp","href":"https:\/\/api.w.org\/{rel}","templated":true}]}}