{"id":1095,"date":"2023-08-17T16:47:08","date_gmt":"2023-08-17T16:47:08","guid":{"rendered":"https:\/\/iron-toys.com\/ba\/?post_type=product&#038;p=1095"},"modified":"2026-01-19T20:03:20","modified_gmt":"2026-01-19T20:03:20","slug":"mini-bager-irt40-4000kg","status":"publish","type":"product","link":"https:\/\/iron-toys.com\/ba\/proizvod\/mini-bager-irt40-4000kg\/","title":{"rendered":"Mini bager IRT40 &#8211; 4000kg"},"content":{"rendered":"\n\t<section class=\"section\" id=\"section_981375017\">\n\t\t<div class=\"section-bg fill\" >\n\t\t\t\t\t\t\t\t\t\n\t\t\t\n\n\t\t<\/div>\n\n\t\t\n\n\t\t<div class=\"section-content relative\">\n\t\t\t\n<div class=\"row row-large align-middle\"  id=\"row-940746847\">\n\n\t<div id=\"col-400000927\" class=\"col medium-12 small-12 large-4\"  >\n\t\t\t\t<div class=\"col-inner\"  >\n\t\t\t\n\t\t\t\n<h3><b>Dimenzije<\/b><\/h3>\n<ul>\n<li class=\"p1\"><span class=\"s1\"><b>A<\/b><\/span>\u00a0\u2013 4800 mm<\/li>\n<li class=\"p1\"><span class=\"s1\"><b>B<\/b><\/span>\u00a0\u2013 1740 mm<\/li>\n<li class=\"p1\"><span class=\"s1\"><b>C<\/b><\/span>\u00a0\u2013 1715 mm<\/li>\n<li class=\"p1\"><span class=\"s1\"><b>D<\/b><\/span>\u00a0\u2013 2480 mm<\/li>\n<li class=\"p1\"><span class=\"s1\"><b>E<\/b><\/span>\u00a0\u2013 565 mm<\/li>\n<li class=\"p1\"><span class=\"s1\"><b>F<\/b><\/span>\u00a0\u2013 320 mm<\/li>\n<li class=\"p1\"><span class=\"s1\"><b>G<\/b><\/span>\u00a0\u2013 850 mm<\/li>\n<li class=\"p1\"><span class=\"s1\"><b>H<\/b><\/span>\u00a0\u2013 1660 mm<\/li>\n<li class=\"p1\"><span class=\"s1\"><b>J<\/b><\/span>\u00a0\u2013 2120 mm<\/li>\n<li class=\"p1\"><span class=\"s1\"><b>K<\/b><\/span>\u00a0\u2013 1440 mm<\/li>\n<li class=\"p1\"><span class=\"s1\"><b>L<\/b><\/span>\u00a0\u2013 1740 mm<\/li>\n<li class=\"p1\"><span class=\"s1\"><b>M<\/b><\/span>\u00a0\u2013 300 mm<\/li>\n<\/ul>\n\t\t<\/div>\n\t\t\t\t\t<\/div>\n\n\t\n\n\t<div id=\"col-1396663876\" class=\"col medium-12 small-12 large-8\"  >\n\t\t\t\t<div class=\"col-inner\"  >\n\t\t\t\n\t\t\t\n\t<div class=\"img has-hover x md-x lg-x y md-y lg-y\" id=\"image_2101612503\">\n\t\t\t\t\t\t\t\t<div class=\"img-inner dark\" >\n\t\t\t<img loading=\"lazy\" decoding=\"async\" width=\"1020\" height=\"563\" src=\"https:\/\/iron-toys.com\/ba\/wp-content\/uploads\/sites\/7\/2023\/08\/Gemini_Generated_Image_gc1kwsgc1kwsgc1k-2-1-1-1-1024x565.png\" class=\"attachment-large size-large\" alt=\"\" srcset=\"https:\/\/iron-toys.com\/ba\/wp-content\/uploads\/sites\/7\/2023\/08\/Gemini_Generated_Image_gc1kwsgc1kwsgc1k-2-1-1-1-1024x565.png 1024w, https:\/\/iron-toys.com\/ba\/wp-content\/uploads\/sites\/7\/2023\/08\/Gemini_Generated_Image_gc1kwsgc1kwsgc1k-2-1-1-1-300x166.png 300w, https:\/\/iron-toys.com\/ba\/wp-content\/uploads\/sites\/7\/2023\/08\/Gemini_Generated_Image_gc1kwsgc1kwsgc1k-2-1-1-1-768x424.png 768w, https:\/\/iron-toys.com\/ba\/wp-content\/uploads\/sites\/7\/2023\/08\/Gemini_Generated_Image_gc1kwsgc1kwsgc1k-2-1-1-1-1536x847.png 1536w, https:\/\/iron-toys.com\/ba\/wp-content\/uploads\/sites\/7\/2023\/08\/Gemini_Generated_Image_gc1kwsgc1kwsgc1k-2-1-1-1-scaled.png 2048w, https:\/\/iron-toys.com\/ba\/wp-content\/uploads\/sites\/7\/2023\/08\/Gemini_Generated_Image_gc1kwsgc1kwsgc1k-2-1-1-1-655x361.png 655w\" sizes=\"auto, (max-width: 1020px) 100vw, 1020px\" \/>\t\t\t\t\t\t\n\t\t\t\t\t<\/div>\n\t\t\t\t\t\t\t\t\n<style>\n#image_2101612503 {\n  width: 100%;\n}\n<\/style>\n\t<\/div>\n\t\n\t\t<\/div>\n\t\t\t\t\t<\/div>\n\n\t\n<\/div>\n<div class=\"row row-large align-middle\"  id=\"row-1827708044\">\n\n\t<div id=\"col-216238877\" class=\"col medium-12 small-12 large-6\"  >\n\t\t\t\t<div class=\"col-inner\"  >\n\t\t\t\n\t\t\t\n\t<div class=\"img has-hover x md-x lg-x y md-y lg-y\" id=\"image_1904341810\">\n\t\t\t\t\t\t\t\t<div class=\"img-inner dark\" >\n\t\t\t<img loading=\"lazy\" decoding=\"async\" width=\"768\" height=\"576\" src=\"https:\/\/iron-toys.com\/ba\/wp-content\/uploads\/sites\/7\/2023\/08\/WhatsApp-Image-2025-09-25-at-11.04.33-768x576.jpeg\" class=\"attachment-medium_large size-medium_large\" alt=\"\" srcset=\"https:\/\/iron-toys.com\/ba\/wp-content\/uploads\/sites\/7\/2023\/08\/WhatsApp-Image-2025-09-25-at-11.04.33-768x576.jpeg 768w, https:\/\/iron-toys.com\/ba\/wp-content\/uploads\/sites\/7\/2023\/08\/WhatsApp-Image-2025-09-25-at-11.04.33-300x225.jpeg 300w, https:\/\/iron-toys.com\/ba\/wp-content\/uploads\/sites\/7\/2023\/08\/WhatsApp-Image-2025-09-25-at-11.04.33-1024x768.jpeg 1024w, https:\/\/iron-toys.com\/ba\/wp-content\/uploads\/sites\/7\/2023\/08\/WhatsApp-Image-2025-09-25-at-11.04.33-1536x1152.jpeg 1536w, https:\/\/iron-toys.com\/ba\/wp-content\/uploads\/sites\/7\/2023\/08\/WhatsApp-Image-2025-09-25-at-11.04.33-655x491.jpeg 655w, https:\/\/iron-toys.com\/ba\/wp-content\/uploads\/sites\/7\/2023\/08\/WhatsApp-Image-2025-09-25-at-11.04.33.jpeg 1600w\" sizes=\"auto, (max-width: 768px) 100vw, 768px\" \/>\t\t\t\t\t\t\n\t\t\t\t\t<\/div>\n\t\t\t\t\t\t\t\t\n<style>\n#image_1904341810 {\n  width: 80%;\n}\n<\/style>\n\t<\/div>\n\t\n\t\t<\/div>\n\t\t\t\t\t<\/div>\n\n\t\n\n\t<div id=\"col-2034255115\" class=\"col medium-12 small-12 large-6 medium-col-first\"  >\n\t\t\t\t<div class=\"col-inner\"  >\n\t\t\t\n\t\t\t\n<h3><b>Kompaktan, sna\u017ean i u\u010dinkovit<\/b><\/h3>\n<p><span data-sheets-root=\"1\">IRT-40 je sna\u017ean i pouzdan mini bager mase 4000 kg, prikladan za profesionalnu upotrebu na gradili\u0161tima i zahtjevnim terenima, ali i za ve\u0107e gra\u0111evinske zadatke gdje je potrebna stabilnost i snaga. Pokre\u0107e ga dizelski motor YANMAR 3TNV88F-ESSY snage 18,2 kW pri 2200 rpm i radne zapremine 1,642 L. U kombinaciji s hidrauli\u010dnom klipnom pumpom Le-HydrauliX i radnim tlakom od 26 MPa, omogu\u0107uje sna\u017ean i u\u010dinkovit hidrauli\u010dni sustav s protokom od 99 L\/min.<\/span><\/p>\n<p>Stroj zadr\u017eava visoku u\u010dinkovitost i stabilnost \u010dak i na strmim terenima, s maksimalnom sposobno\u0161\u0107u uspona od 35\u00b0. Kabina se okre\u0107e brzinom od 9,5 r\/min, a brzina vo\u017enje iznosi 2,7 do 4,5 km\/h (niska\/visoka).<\/p>\n\t\t<\/div>\n\t\t\t\t\t<\/div>\n\n\t\n<\/div>\n<div class=\"row row-large align-middle\"  id=\"row-742995767\">\n\n\t<div id=\"col-1950759609\" class=\"col medium-12 small-12 large-6\"  >\n\t\t\t\t<div class=\"col-inner\"  >\n\t\t\t\n\t\t\t\n<h3><b>Prostrana i udobna kabina<\/b><\/h3>\n<p><span data-sheets-root=\"1\">Prostrana i udobna kabina IRT-40 pru\u017ea maksimalnu ergonomiju i udobnost za operatera. Ravan pod olak\u0161ava kretanje unutar kabine, dok elektroni\u010dka upravlja\u010dka plo\u010da omogu\u0107uje brz pregled klju\u010dnih funkcija, uklju\u010duju\u0107i radne sate, napon akumulatora, osvjetljenje i pokretanje stroja. Hidrauli\u010dne ru\u010dice postavljene su za precizno i lako upravljanje bez napora, a udobno sjedalo s sigurnosnim pojasom osigurava sigurnost i udobnost i tijekom duljeg rada. Ulazak i izlazak iz kabine je jednostavan, \u0161to dodatno pobolj\u0161ava prakti\u010dnost i iskustvo operatera.<\/span><\/p>\n\t\t<\/div>\n\t\t\t\t\t<\/div>\n\n\t\n\n\t<div id=\"col-1046962691\" class=\"col medium-12 small-12 large-6\"  >\n\t\t\t\t<div class=\"col-inner\"  >\n\t\t\t\n\t\t\t\n\t<div class=\"img has-hover x md-x lg-x y md-y lg-y\" id=\"image_1259802396\">\n\t\t\t\t\t\t\t\t<div class=\"img-inner dark\" >\n\t\t\t<img loading=\"lazy\" decoding=\"async\" width=\"1020\" height=\"765\" src=\"https:\/\/iron-toys.com\/ba\/wp-content\/uploads\/sites\/7\/2023\/08\/WhatsApp-Image-2025-09-25-at-11.04.35-1-1024x768.jpeg\" class=\"attachment-large size-large\" alt=\"\" srcset=\"https:\/\/iron-toys.com\/ba\/wp-content\/uploads\/sites\/7\/2023\/08\/WhatsApp-Image-2025-09-25-at-11.04.35-1-1024x768.jpeg 1024w, https:\/\/iron-toys.com\/ba\/wp-content\/uploads\/sites\/7\/2023\/08\/WhatsApp-Image-2025-09-25-at-11.04.35-1-300x225.jpeg 300w, https:\/\/iron-toys.com\/ba\/wp-content\/uploads\/sites\/7\/2023\/08\/WhatsApp-Image-2025-09-25-at-11.04.35-1-768x576.jpeg 768w, https:\/\/iron-toys.com\/ba\/wp-content\/uploads\/sites\/7\/2023\/08\/WhatsApp-Image-2025-09-25-at-11.04.35-1-1536x1152.jpeg 1536w, https:\/\/iron-toys.com\/ba\/wp-content\/uploads\/sites\/7\/2023\/08\/WhatsApp-Image-2025-09-25-at-11.04.35-1-655x491.jpeg 655w, https:\/\/iron-toys.com\/ba\/wp-content\/uploads\/sites\/7\/2023\/08\/WhatsApp-Image-2025-09-25-at-11.04.35-1.jpeg 1600w\" sizes=\"auto, (max-width: 1020px) 100vw, 1020px\" \/>\t\t\t\t\t\t\n\t\t\t\t\t<\/div>\n\t\t\t\t\t\t\t\t\n<style>\n#image_1259802396 {\n  width: 100%;\n}\n<\/style>\n\t<\/div>\n\t\n\t\t<\/div>\n\t\t\t\t\t<\/div>\n\n\t\n<\/div>\n<div class=\"row row-large align-middle\"  id=\"row-190647358\">\n\n\t<div id=\"col-1877315912\" class=\"col medium-12 small-12 large-6\"  >\n\t\t\t\t<div class=\"col-inner\"  >\n\t\t\t\n\t\t\t\n\t<div class=\"img has-hover x md-x lg-x y md-y lg-y\" id=\"image_572983800\">\n\t\t\t\t\t\t\t\t<div class=\"img-inner dark\" >\n\t\t\t<img loading=\"lazy\" decoding=\"async\" width=\"1020\" height=\"668\" src=\"https:\/\/iron-toys.com\/ba\/wp-content\/uploads\/sites\/7\/2023\/08\/compressed_image-1024x671.jpg\" class=\"attachment-large size-large\" alt=\"\" srcset=\"https:\/\/iron-toys.com\/ba\/wp-content\/uploads\/sites\/7\/2023\/08\/compressed_image-1024x671.jpg 1024w, https:\/\/iron-toys.com\/ba\/wp-content\/uploads\/sites\/7\/2023\/08\/compressed_image-300x197.jpg 300w, https:\/\/iron-toys.com\/ba\/wp-content\/uploads\/sites\/7\/2023\/08\/compressed_image-768x503.jpg 768w, https:\/\/iron-toys.com\/ba\/wp-content\/uploads\/sites\/7\/2023\/08\/compressed_image-655x429.jpg 655w, https:\/\/iron-toys.com\/ba\/wp-content\/uploads\/sites\/7\/2023\/08\/compressed_image.jpg 1529w\" sizes=\"auto, (max-width: 1020px) 100vw, 1020px\" \/>\t\t\t\t\t\t\n\t\t\t\t\t<\/div>\n\t\t\t\t\t\t\t\t\n<style>\n#image_572983800 {\n  width: 100%;\n}\n<\/style>\n\t<\/div>\n\t\n\t\t<\/div>\n\t\t\t\t\t<\/div>\n\n\t\n\n\t<div id=\"col-1184179845\" class=\"col medium-12 small-12 large-6 medium-col-first\"  >\n\t\t\t\t<div class=\"col-inner\"  >\n\t\t\t\n\t\t\t\n<h3><b>Jednostavno i pouzdano<\/b><\/h3>\n<p>Pametan dizajn IRT-40 omogu\u0107uje brz pristup motoru i klju\u010dnim komponentama, \u0161to pojednostavljuje redovite provjere i servisiranje. Odr\u017eavanje je brzo i pregledno, \u010dime se smanjuju mogu\u0107i zastoji u radu. Izdr\u017eljiva konstrukcija i promi\u0161ljen raspored sustava osiguravaju siguran i pouzdan rad u svim uvjetima.<\/p>\n\t\t<\/div>\n\t\t\t\t\t<\/div>\n\n\t\n<\/div>\n\t\t<\/div>\n\n\t\t\n<style>\n#section_981375017 {\n  padding-top: 30px;\n  padding-bottom: 30px;\n}\n<\/style>\n\t<\/section>\n\t\n","protected":false},"excerpt":{"rendered":"<p>IRT-40 je sna\u017ean mini bager te\u017eak 4000 kg, dizajniran za rad na gradili\u0161tima i zahtjevnijim terenima. Pogoni ga 3-cilindri\u010dni dizelski motor <strong>YANMAR 3TNV88F-ESSY (3-cilindri\u010den)<\/strong> snage <strong>18,2 kW<\/strong> (2200 r\/min) i radne zapremine 1,642 L, koji u kombinaciji s hidrauli\u010dnom klipnom pumpom Le-HydrauliX (BOSCH Rexroth) osigurava tlak od 26 MPa i protok 99 L\/min. IRT-40 omogu\u0107uje maksimalnu dubinu kopanja od 3165 mm, maksimalnu visinu istovara 3490 mm te doseg kopanja 5260 mm, uz sposobnost penjanja do 35\u00b0 i brzinu vo\u017enje 2,7\u20134,5 km\/h.<\/p>\n<p><strong>Uz kupnju dobivate GRATIS: Kopa\u010dka \u017elica 50cm + Brza spojka<\/strong><\/p>\n","protected":false},"featured_media":1096,"template":"","meta":{"_acf_changed":false},"product_brand":[],"product_cat":[16,19],"product_tag":[],"class_list":{"0":"post-1095","1":"product","2":"type-product","3":"status-publish","4":"has-post-thumbnail","6":"product_cat-strojevi","7":"product_cat-mini-bageri","9":"first","10":"instock","11":"taxable","12":"shipping-taxable","13":"purchasable","14":"product-type-simple"},"acf":[],"_links":{"self":[{"href":"https:\/\/iron-toys.com\/ba\/wp-json\/wp\/v2\/product\/1095","targetHints":{"allow":["GET"]}}],"collection":[{"href":"https:\/\/iron-toys.com\/ba\/wp-json\/wp\/v2\/product"}],"about":[{"href":"https:\/\/iron-toys.com\/ba\/wp-json\/wp\/v2\/types\/product"}],"wp:featuredmedia":[{"embeddable":true,"href":"https:\/\/iron-toys.com\/ba\/wp-json\/wp\/v2\/media\/1096"}],"wp:attachment":[{"href":"https:\/\/iron-toys.com\/ba\/wp-json\/wp\/v2\/media?parent=1095"}],"wp:term":[{"taxonomy":"product_brand","embeddable":true,"href":"https:\/\/iron-toys.com\/ba\/wp-json\/wp\/v2\/product_brand?post=1095"},{"taxonomy":"product_cat","embeddable":true,"href":"https:\/\/iron-toys.com\/ba\/wp-json\/wp\/v2\/product_cat?post=1095"},{"taxonomy":"product_tag","embeddable":true,"href":"https:\/\/iron-toys.com\/ba\/wp-json\/wp\/v2\/product_tag?post=1095"}],"curies":[{"name":"wp","href":"https:\/\/api.w.org\/{rel}","templated":true}]}}