{"id":119,"date":"2025-09-25T17:30:09","date_gmt":"2025-09-25T17:30:09","guid":{"rendered":"http:\/\/sl.iron-toys.com\/?post_type=product&#038;p=119"},"modified":"2025-10-15T15:14:17","modified_gmt":"2025-10-15T15:14:17","slug":"mini-bager-tk12-1200kg","status":"publish","type":"product","link":"https:\/\/iron-toys.com\/ba\/proizvod\/mini-bager-tk12-1200kg\/","title":{"rendered":"Mini bager IRT12 &#8211; 1200kg"},"content":{"rendered":"\n\t<section class=\"section\" id=\"section_299456882\">\n\t\t<div class=\"section-bg fill\" >\n\t\t\t\t\t\t\t\t\t\n\t\t\t\n\n\t\t<\/div>\n\n\t\t\n\n\t\t<div class=\"section-content relative\">\n\t\t\t\n<div class=\"row row-large align-middle\"  id=\"row-1079281048\">\n\n\t<div id=\"col-59150181\" class=\"col medium-12 small-12 large-6\"  >\n\t\t\t\t<div class=\"col-inner\"  >\n\t\t\t\n\t\t\t\n<h3><b>Dimenzije<\/b><\/h3>\n<p style=\"text-align: left\"><strong>A \u2013 <\/strong>Razmak izme\u0111u kota\u010da: 910 mm<br \/>\n<strong>B \u2013<\/strong> Ukupna du\u017eina gusjenica: 1235 mm<br \/>\n<strong>C \u2013 <\/strong>Udaljenost platforme od tla: 400 mm<br \/>\n<strong>D \u2013<\/strong> Radijus okretanja stra\u017enjeg dijela: 830 mm<br \/>\n<strong>E \u2013<\/strong> \u0160irina \u0161asije: 940 mm<br \/>\n<strong>F \u2013<\/strong> \u0160irina gusjenica: 180 mm<br \/>\n<strong>G \u2013<\/strong> Visina gosenic: 320 mm<br \/>\n<strong>H \u2013<\/strong> Transportna du\u017eina: 2350 \/ 2870 mm<br \/>\n<strong>I \u2013<\/strong> Udaljenost sjedala od tla: 1560 mm<br \/>\n<strong>J \u2013<\/strong> Ukupna visina: 2270 mm<br \/>\n<strong>K \u2013<\/strong> Zakretanje ruke udesno: 40\u00b0<br \/>\n<strong>L \u2013<\/strong> Zakretanje ruke ulijevo: 53\u00b0<\/p>\n\t\t<\/div>\n\t\t\t\t\t<\/div>\n\n\t\n\n\t<div id=\"col-1576239615\" class=\"col medium-12 small-12 large-6\"  >\n\t\t\t\t<div class=\"col-inner\"  >\n\t\t\t\n\t\t\t\n\t<div class=\"img has-hover x md-x lg-x y md-y lg-y\" id=\"image_2053285661\">\n\t\t\t\t\t\t\t\t<div class=\"img-inner dark\" >\n\t\t\t<img loading=\"lazy\" decoding=\"async\" width=\"1020\" height=\"670\" src=\"https:\/\/iron-toys.com\/ba\/wp-content\/uploads\/sites\/7\/2024\/11\/Screenshot-2025-06-24-at-20.23.27-1024x673.png\" class=\"attachment-large size-large\" alt=\"\" srcset=\"https:\/\/iron-toys.com\/ba\/wp-content\/uploads\/sites\/7\/2024\/11\/Screenshot-2025-06-24-at-20.23.27-1024x673.png 1024w, https:\/\/iron-toys.com\/ba\/wp-content\/uploads\/sites\/7\/2024\/11\/Screenshot-2025-06-24-at-20.23.27-300x197.png 300w, https:\/\/iron-toys.com\/ba\/wp-content\/uploads\/sites\/7\/2024\/11\/Screenshot-2025-06-24-at-20.23.27-768x505.png 768w, https:\/\/iron-toys.com\/ba\/wp-content\/uploads\/sites\/7\/2024\/11\/Screenshot-2025-06-24-at-20.23.27-1536x1010.png 1536w, https:\/\/iron-toys.com\/ba\/wp-content\/uploads\/sites\/7\/2024\/11\/Screenshot-2025-06-24-at-20.23.27-2048x1347.png 2048w, https:\/\/iron-toys.com\/ba\/wp-content\/uploads\/sites\/7\/2024\/11\/Screenshot-2025-06-24-at-20.23.27-655x431.png 655w\" sizes=\"auto, (max-width: 1020px) 100vw, 1020px\" \/>\t\t\t\t\t\t\n\t\t\t\t\t<\/div>\n\t\t\t\t\t\t\t\t\n<style>\n#image_2053285661 {\n  width: 100%;\n}\n<\/style>\n\t<\/div>\n\t\n\t\t<\/div>\n\t\t\t\t\t<\/div>\n\n\t\n<\/div>\n<div class=\"row row-large align-middle\"  id=\"row-1006961847\">\n\n\t<div id=\"col-410636393\" class=\"col medium-12 small-12 large-6\"  >\n\t\t\t\t<div class=\"col-inner\"  >\n\t\t\t\n\t\t\t\n\t<div class=\"img has-hover x md-x lg-x y md-y lg-y\" id=\"image_1349721109\">\n\t\t\t\t\t\t\t\t<div class=\"img-inner dark\" >\n\t\t\t<img loading=\"lazy\" decoding=\"async\" width=\"768\" height=\"576\" src=\"https:\/\/iron-toys.com\/ba\/wp-content\/uploads\/sites\/7\/2024\/11\/0Q8A6372-768x576.jpg\" class=\"attachment-medium_large size-medium_large\" alt=\"\" srcset=\"https:\/\/iron-toys.com\/ba\/wp-content\/uploads\/sites\/7\/2024\/11\/0Q8A6372-768x576.jpg 768w, https:\/\/iron-toys.com\/ba\/wp-content\/uploads\/sites\/7\/2024\/11\/0Q8A6372-300x225.jpg 300w, https:\/\/iron-toys.com\/ba\/wp-content\/uploads\/sites\/7\/2024\/11\/0Q8A6372-1024x768.jpg 1024w, https:\/\/iron-toys.com\/ba\/wp-content\/uploads\/sites\/7\/2024\/11\/0Q8A6372-1536x1152.jpg 1536w, https:\/\/iron-toys.com\/ba\/wp-content\/uploads\/sites\/7\/2024\/11\/0Q8A6372-2048x1536.jpg 2048w, https:\/\/iron-toys.com\/ba\/wp-content\/uploads\/sites\/7\/2024\/11\/0Q8A6372-655x491.jpg 655w\" sizes=\"auto, (max-width: 768px) 100vw, 768px\" \/>\t\t\t\t\t\t\n\t\t\t\t\t<\/div>\n\t\t\t\t\t\t\t\t\n<style>\n#image_1349721109 {\n  width: 80%;\n}\n<\/style>\n\t<\/div>\n\t\n\t\t<\/div>\n\t\t\t\t\t<\/div>\n\n\t\n\n\t<div id=\"col-1670880400\" class=\"col medium-12 small-12 large-6 medium-col-first\"  >\n\t\t\t\t<div class=\"col-inner\"  >\n\t\t\t\n\t\t\t\n<h3><b>Kompaktan, sna\u017ean i u\u010dinkovit<\/b><\/h3>\n<p>IRT-12 je sna\u017ean i pouzdan mini bager mase 1200 kg, prikladan za profesionalnu upotrebu na gradili\u0161tima i zahtjevnijim terenima, ali i za manja gra\u0111evinska zadu\u017eenja u ograni\u010denim prostorima. Pokre\u0107e ga dizelski motor KOOP KD192F snage 7,6 kW (3000 rpm) i zapremine 499 cc. U kombinaciji sa zup\u010dastom pumpom i radnim tlakom od 16 MPa, omogu\u0107uje u\u010dinkovit hidrauli\u010dni sustav s protokom od 21,6 + 10,8 L\/min. Maksimalna sila kopanja iznosi 6,5 kN, dok stroj ostaje iznimno u\u010dinkovit i na nagibima do 30\u00b0. \u00a0Zahvaljuju\u0107i malom radijusu okretanja (1190 mm) i \u0161irini podvozja 940 mm se odli\u010dno snalazi u uskim i urbanim okru\u017eenjima.<\/p>\n<p>.<\/p>\n\t\t<\/div>\n\t\t\t\t\t<\/div>\n\n\t\n<\/div>\n<div class=\"row row-large align-middle\"  id=\"row-6775760\">\n\n\t<div id=\"col-709704440\" class=\"col medium-12 small-12 large-6\"  >\n\t\t\t\t<div class=\"col-inner\"  >\n\t\t\t\n\t\t\t\n<h3><b>Prostrana i udobna kabina<\/b><\/h3>\n<p>Kabina nudi jo\u0161 vi\u0161e prostora i pobolj\u0161anu ergonomiju za udobno upravljanje. Ravan pod omogu\u0107uje lak\u0161e kretanje, dok elektroni\u010dka upravlja\u010dka plo\u010da pru\u017ea brz pregled nad klju\u010dnim funkcijama kao \u0161to su radni sati, napon akumulatora, osvjetljenje i pokretanje. Hidrauli\u010dne ru\u010dice postavljene su tako da omogu\u0107uju precizno upravljanje bez napora, a udobno sjedalo i sigurnosni pojas osiguravaju sigurnost \u010dak i pri duljem radu. Ulazak i izlazak iz kabine su jednostavni, \u0161to dodatno pobolj\u0161ava korisni\u010dko iskustvo.<\/p>\n\t\t<\/div>\n\t\t\t\t\t<\/div>\n\n\t\n\n\t<div id=\"col-992846997\" class=\"col medium-12 small-12 large-6\"  >\n\t\t\t\t<div class=\"col-inner\"  >\n\t\t\t\n\t\t\t\n\t<div class=\"img has-hover x md-x lg-x y md-y lg-y\" id=\"image_65980091\">\n\t\t\t\t\t\t\t\t<div class=\"img-inner dark\" >\n\t\t\t<img loading=\"lazy\" decoding=\"async\" width=\"1020\" height=\"765\" src=\"https:\/\/iron-toys.com\/ba\/wp-content\/uploads\/sites\/7\/2025\/06\/0Q8A0868-1024x768.jpg\" class=\"attachment-large size-large\" alt=\"\" srcset=\"https:\/\/iron-toys.com\/ba\/wp-content\/uploads\/sites\/7\/2025\/06\/0Q8A0868-1024x768.jpg 1024w, https:\/\/iron-toys.com\/ba\/wp-content\/uploads\/sites\/7\/2025\/06\/0Q8A0868-300x225.jpg 300w, https:\/\/iron-toys.com\/ba\/wp-content\/uploads\/sites\/7\/2025\/06\/0Q8A0868-768x576.jpg 768w, https:\/\/iron-toys.com\/ba\/wp-content\/uploads\/sites\/7\/2025\/06\/0Q8A0868-1536x1152.jpg 1536w, https:\/\/iron-toys.com\/ba\/wp-content\/uploads\/sites\/7\/2025\/06\/0Q8A0868-2048x1536.jpg 2048w, https:\/\/iron-toys.com\/ba\/wp-content\/uploads\/sites\/7\/2025\/06\/0Q8A0868-655x491.jpg 655w\" sizes=\"auto, (max-width: 1020px) 100vw, 1020px\" \/>\t\t\t\t\t\t\n\t\t\t\t\t<\/div>\n\t\t\t\t\t\t\t\t\n<style>\n#image_65980091 {\n  width: 100%;\n}\n<\/style>\n\t<\/div>\n\t\n\t\t<\/div>\n\t\t\t\t\t<\/div>\n\n\t\n<\/div>\n<div class=\"row row-large align-middle\"  id=\"row-227775045\">\n\n\t<div id=\"col-1904430875\" class=\"col medium-12 small-12 large-6\"  >\n\t\t\t\t<div class=\"col-inner\"  >\n\t\t\t\n\t\t\t\n\t<div class=\"img has-hover x md-x lg-x y md-y lg-y\" id=\"image_776133923\">\n\t\t\t\t\t\t\t\t<div class=\"img-inner dark\" >\n\t\t\t<img loading=\"lazy\" decoding=\"async\" width=\"1020\" height=\"765\" src=\"https:\/\/iron-toys.com\/ba\/wp-content\/uploads\/sites\/7\/2024\/11\/0Q8A6395-1024x768.jpg\" class=\"attachment-large size-large\" alt=\"\" srcset=\"https:\/\/iron-toys.com\/ba\/wp-content\/uploads\/sites\/7\/2024\/11\/0Q8A6395-1024x768.jpg 1024w, https:\/\/iron-toys.com\/ba\/wp-content\/uploads\/sites\/7\/2024\/11\/0Q8A6395-300x225.jpg 300w, https:\/\/iron-toys.com\/ba\/wp-content\/uploads\/sites\/7\/2024\/11\/0Q8A6395-768x576.jpg 768w, https:\/\/iron-toys.com\/ba\/wp-content\/uploads\/sites\/7\/2024\/11\/0Q8A6395-1536x1152.jpg 1536w, https:\/\/iron-toys.com\/ba\/wp-content\/uploads\/sites\/7\/2024\/11\/0Q8A6395-2048x1536.jpg 2048w, https:\/\/iron-toys.com\/ba\/wp-content\/uploads\/sites\/7\/2024\/11\/0Q8A6395-655x491.jpg 655w\" sizes=\"auto, (max-width: 1020px) 100vw, 1020px\" \/>\t\t\t\t\t\t\n\t\t\t\t\t<\/div>\n\t\t\t\t\t\t\t\t\n<style>\n#image_776133923 {\n  width: 100%;\n}\n<\/style>\n\t<\/div>\n\t\n\t\t<\/div>\n\t\t\t\t\t<\/div>\n\n\t\n\n\t<div id=\"col-726751980\" class=\"col medium-12 small-12 large-6 medium-col-first\"  >\n\t\t\t\t<div class=\"col-inner\"  >\n\t\t\t\n\t\t\t\n<h3><b>Jednostavno i pouzdano<\/b><\/h3>\n<p>Pametan dizajn omogu\u0107uje brz pristup motoru i klju\u010dnim komponentama, \u0161to pojednostavljuje redovite provjere i servisiranje. Odr\u017eavanje je brzo i pregledno, \u010dime se smanjuju mogu\u0107i zastoji u radu. Izdr\u017eljiva konstrukcija i promi\u0161ljen raspored sustava osiguravaju siguran i pouzdan rad u svim uvjetima.<\/p>\n\t\t<\/div>\n\t\t\t\t\t<\/div>\n\n\t\n<\/div>\n\t\t<\/div>\n\n\t\t\n<style>\n#section_299456882 {\n  padding-top: 30px;\n  padding-bottom: 30px;\n}\n<\/style>\n\t<\/section>\n\t\n","protected":false},"excerpt":{"rendered":"<p>IRT-12 je sna\u017ean i pouzdan mini bager mase 1200 kg, prikladan za profesionalnu upotrebu na gradili\u0161tima i zahtjevnijim terenima, ali i za manja gra\u0111evinska zadu\u017eenja u ograni\u010denim prostorima. Pokre\u0107e ga dizelski motor KOOP KD192F snage 7,6 kW (3000 o\/min) i zapremine 499 cc. U kombinaciji sa zup\u010dastom pumpom i radnim tlakom od 16 MPa, omogu\u0107uje u\u010dinkovit hidrauli\u010dni sustav s protokom od 21,6 + 10,8 L\/min. Maksimalna sila kopanja iznosi 6,5 kN, a stroj zadr\u017eava visoke performanse i pri usponima do 30\u00b0. Zahvaljuju\u0107i malom radijusu okretanja (1190 mm) i \u0161irini podvozja 940 mm, odli\u010dno se snalazi u uskim i urbanim okru\u017eenjima.<\/p>\n<p><strong>Uz kupnju dobivate GRATIS: Kopa\u010dka \u017elica 40cm + Brza spojka<\/strong><\/p>\n","protected":false},"featured_media":776,"template":"","meta":{"_acf_changed":false},"product_brand":[],"product_cat":[16,19],"product_tag":[],"class_list":{"0":"post-119","1":"product","2":"type-product","3":"status-publish","4":"has-post-thumbnail","6":"product_cat-strojevi","7":"product_cat-mini-bageri","9":"first","10":"instock","11":"taxable","12":"shipping-taxable","13":"purchasable","14":"product-type-simple"},"acf":[],"_links":{"self":[{"href":"https:\/\/iron-toys.com\/ba\/wp-json\/wp\/v2\/product\/119","targetHints":{"allow":["GET"]}}],"collection":[{"href":"https:\/\/iron-toys.com\/ba\/wp-json\/wp\/v2\/product"}],"about":[{"href":"https:\/\/iron-toys.com\/ba\/wp-json\/wp\/v2\/types\/product"}],"wp:featuredmedia":[{"embeddable":true,"href":"https:\/\/iron-toys.com\/ba\/wp-json\/wp\/v2\/media\/776"}],"wp:attachment":[{"href":"https:\/\/iron-toys.com\/ba\/wp-json\/wp\/v2\/media?parent=119"}],"wp:term":[{"taxonomy":"product_brand","embeddable":true,"href":"https:\/\/iron-toys.com\/ba\/wp-json\/wp\/v2\/product_brand?post=119"},{"taxonomy":"product_cat","embeddable":true,"href":"https:\/\/iron-toys.com\/ba\/wp-json\/wp\/v2\/product_cat?post=119"},{"taxonomy":"product_tag","embeddable":true,"href":"https:\/\/iron-toys.com\/ba\/wp-json\/wp\/v2\/product_tag?post=119"}],"curies":[{"name":"wp","href":"https:\/\/api.w.org\/{rel}","templated":true}]}}