{"id":777,"date":"2025-10-01T10:53:09","date_gmt":"2025-10-01T10:53:09","guid":{"rendered":"http:\/\/sl.iron-toys.com\/?post_type=product&#038;p=777"},"modified":"2026-01-30T17:13:38","modified_gmt":"2026-01-30T17:13:38","slug":"mini-bager-irt10-1000kg","status":"publish","type":"product","link":"https:\/\/iron-toys.com\/ba\/proizvod\/mini-bager-irt10-1000kg\/","title":{"rendered":"Mini bager IRT10 &#8211; 1000kg"},"content":{"rendered":"\n\t<section class=\"section\" id=\"section_150344564\">\n\t\t<div class=\"section-bg fill\" >\n\t\t\t\t\t\t\t\t\t\n\t\t\t\n\n\t\t<\/div>\n\n\t\t\n\n\t\t<div class=\"section-content relative\">\n\t\t\t\n<div class=\"row row-large align-middle\"  id=\"row-1646057863\">\n\n\t<div id=\"col-607643404\" class=\"col medium-12 small-12 large-6\"  >\n\t\t\t\t<div class=\"col-inner\"  >\n\t\t\t\n\t\t\t\n<h3><b>Dimenzije<\/b><\/h3>\n<p style=\"text-align: left\"><strong>A \u2013<\/strong> Razmak izme\u0111u kota\u010da: 910 mm<br \/>\n<strong>B \u2013<\/strong> Ukupna du\u017eina gusjenica: 1235 mm<br \/>\n<strong>C \u2013<\/strong> Udaljenost platforme od tla: 400 mm<br \/>\n<strong>D \u2013<\/strong> Radijus okretanja stra\u017enjeg dijela: 840 mm<br \/>\n<strong>E \u2013<\/strong> \u0160irina \u0161asije: 940 mm<br \/>\n<strong>F \u2013<\/strong> \u0160irina gusjenica: 180 mm<br \/>\n<strong>G \u2013<\/strong> Visina gusjenica: 320 mm<br \/>\n<strong>H \u2013<\/strong> Transportna du\u017eina: 2345 \/ 3020 mm<br \/>\n<strong>I \u2013<\/strong> Udaljenost sjedala od tla: 1545 mm<br \/>\n<strong>J \u2013<\/strong> Ukupna visina: 2310 mm<br \/>\n<strong>M \u2013<\/strong> Zakretanje ruke udesno: 43\u00b0<br \/>\n<strong>N \u2013<\/strong> Zakretanje ruke ulijevo: 49\u00b0<\/p>\n\t\t<\/div>\n\t\t\t\t\t<\/div>\n\n\t\n\n\t<div id=\"col-1508284760\" class=\"col medium-12 small-12 large-6\"  >\n\t\t\t\t<div class=\"col-inner\"  >\n\t\t\t\n\t\t\t\n\t<div class=\"img has-hover x md-x lg-x y md-y lg-y\" id=\"image_1534055583\">\n\t\t\t\t\t\t\t\t<div class=\"img-inner dark\" >\n\t\t\t<img loading=\"lazy\" decoding=\"async\" width=\"1020\" height=\"670\" src=\"https:\/\/iron-toys.com\/ba\/wp-content\/uploads\/sites\/7\/2024\/11\/Screenshot-2025-06-24-at-20.23.27-1024x673.png\" class=\"attachment-large size-large\" alt=\"\" srcset=\"https:\/\/iron-toys.com\/ba\/wp-content\/uploads\/sites\/7\/2024\/11\/Screenshot-2025-06-24-at-20.23.27-1024x673.png 1024w, https:\/\/iron-toys.com\/ba\/wp-content\/uploads\/sites\/7\/2024\/11\/Screenshot-2025-06-24-at-20.23.27-300x197.png 300w, https:\/\/iron-toys.com\/ba\/wp-content\/uploads\/sites\/7\/2024\/11\/Screenshot-2025-06-24-at-20.23.27-768x505.png 768w, https:\/\/iron-toys.com\/ba\/wp-content\/uploads\/sites\/7\/2024\/11\/Screenshot-2025-06-24-at-20.23.27-1536x1010.png 1536w, https:\/\/iron-toys.com\/ba\/wp-content\/uploads\/sites\/7\/2024\/11\/Screenshot-2025-06-24-at-20.23.27-2048x1347.png 2048w, https:\/\/iron-toys.com\/ba\/wp-content\/uploads\/sites\/7\/2024\/11\/Screenshot-2025-06-24-at-20.23.27-655x431.png 655w\" sizes=\"auto, (max-width: 1020px) 100vw, 1020px\" \/>\t\t\t\t\t\t\n\t\t\t\t\t<\/div>\n\t\t\t\t\t\t\t\t\n<style>\n#image_1534055583 {\n  width: 100%;\n}\n<\/style>\n\t<\/div>\n\t\n\t\t<\/div>\n\t\t\t\t\t<\/div>\n\n\t\n<\/div>\n<div class=\"row row-large align-middle\"  id=\"row-1203974355\">\n\n\t<div id=\"col-2130884658\" class=\"col medium-12 small-12 large-6\"  >\n\t\t\t\t<div class=\"col-inner\"  >\n\t\t\t\n\t\t\t\n\t<div class=\"img has-hover x md-x lg-x y md-y lg-y\" id=\"image_1634701672\">\n\t\t\t\t\t\t\t\t<div class=\"img-inner dark\" >\n\t\t\t<img loading=\"lazy\" decoding=\"async\" width=\"768\" height=\"576\" src=\"https:\/\/iron-toys.com\/ba\/wp-content\/uploads\/sites\/7\/2025\/06\/0Q8A0602-768x576.jpg\" class=\"attachment-medium_large size-medium_large\" alt=\"\" srcset=\"https:\/\/iron-toys.com\/ba\/wp-content\/uploads\/sites\/7\/2025\/06\/0Q8A0602-768x576.jpg 768w, https:\/\/iron-toys.com\/ba\/wp-content\/uploads\/sites\/7\/2025\/06\/0Q8A0602-300x225.jpg 300w, https:\/\/iron-toys.com\/ba\/wp-content\/uploads\/sites\/7\/2025\/06\/0Q8A0602-1024x768.jpg 1024w, https:\/\/iron-toys.com\/ba\/wp-content\/uploads\/sites\/7\/2025\/06\/0Q8A0602-1536x1152.jpg 1536w, https:\/\/iron-toys.com\/ba\/wp-content\/uploads\/sites\/7\/2025\/06\/0Q8A0602-2048x1536.jpg 2048w, https:\/\/iron-toys.com\/ba\/wp-content\/uploads\/sites\/7\/2025\/06\/0Q8A0602-655x491.jpg 655w\" sizes=\"auto, (max-width: 768px) 100vw, 768px\" \/>\t\t\t\t\t\t\n\t\t\t\t\t<\/div>\n\t\t\t\t\t\t\t\t\n<style>\n#image_1634701672 {\n  width: 80%;\n}\n<\/style>\n\t<\/div>\n\t\n\t\t<\/div>\n\t\t\t\t\t<\/div>\n\n\t\n\n\t<div id=\"col-659917658\" class=\"col medium-12 small-12 large-6 medium-col-first\"  >\n\t\t\t\t<div class=\"col-inner\"  >\n\t\t\t\n\t\t\t\n<h3><b>Kompaktan, sna\u017ean i u\u010dinkovit<\/b><\/h3>\n<div>\n<p>Mini bager IRT-10 spaja izvanrednu snagu kopanja, stabilnost i okretnost u ku\u0107i\u0161tu \u0161irine samo 940 mm. Opremljen je pouzdanim motorom KOOP KD192F (7,6 kW) i naprednim hidrauli\u010dnim sustavom koji osigurava precizan i sna\u017ean rad. 360\u00b0 rotacija, gumene gusjenice te funkcija bo\u010dnog pomicanja ruke omogu\u0107uju rad \u010dak i u naju\u017eim prostorima. Udobna upravlja\u010dka konzola i dozerska daska dodatno pove\u0107avaju svestranost stroja, koji je savr\u0161en izbor za gra\u0111evinske radove u urbanim sredinama ili na te\u0161ko dostupnim terenima.<\/p>\n<\/div>\n\t\t<\/div>\n\t\t\t\t\t<\/div>\n\n\t\n<\/div>\n<div class=\"row row-large align-middle\"  id=\"row-188663522\">\n\n\t<div id=\"col-1052013526\" class=\"col medium-12 small-12 large-6\"  >\n\t\t\t\t<div class=\"col-inner\"  >\n\t\t\t\n\t\t\t\n<h3><b>Prostrana i udobna kabina<\/b><\/h3>\n<p>Kabina nudi puno prostora, ravan pod za lak\u0161e kretanje i udoban pristup. Elektroni\u010dka upravlja\u010dka plo\u010da omogu\u0107uje jednostavan pregled funkcija kao \u0161to su radni sati, napon akumulatora, osvjetljenje i pokretanje. Ergonomski postavljene ru\u010dice, udobno sjedalo i sigurnosni pojas osiguravaju sigurno i u\u010dinkovito upravljanje u svim radnim uvjetima.<\/p>\n\t\t<\/div>\n\t\t\t\t\t<\/div>\n\n\t\n\n\t<div id=\"col-203246606\" class=\"col medium-12 small-12 large-6\"  >\n\t\t\t\t<div class=\"col-inner\"  >\n\t\t\t\n\t\t\t\n\t<div class=\"img has-hover x md-x lg-x y md-y lg-y\" id=\"image_573069547\">\n\t\t\t\t\t\t\t\t<div class=\"img-inner dark\" >\n\t\t\t<img loading=\"lazy\" decoding=\"async\" width=\"1020\" height=\"765\" src=\"https:\/\/iron-toys.com\/ba\/wp-content\/uploads\/sites\/7\/2024\/11\/0Q8A6354-1024x768.jpg\" class=\"attachment-large size-large\" alt=\"\" srcset=\"https:\/\/iron-toys.com\/ba\/wp-content\/uploads\/sites\/7\/2024\/11\/0Q8A6354-1024x768.jpg 1024w, https:\/\/iron-toys.com\/ba\/wp-content\/uploads\/sites\/7\/2024\/11\/0Q8A6354-300x225.jpg 300w, https:\/\/iron-toys.com\/ba\/wp-content\/uploads\/sites\/7\/2024\/11\/0Q8A6354-768x576.jpg 768w, https:\/\/iron-toys.com\/ba\/wp-content\/uploads\/sites\/7\/2024\/11\/0Q8A6354-1536x1152.jpg 1536w, https:\/\/iron-toys.com\/ba\/wp-content\/uploads\/sites\/7\/2024\/11\/0Q8A6354-2048x1536.jpg 2048w, https:\/\/iron-toys.com\/ba\/wp-content\/uploads\/sites\/7\/2024\/11\/0Q8A6354-655x491.jpg 655w\" sizes=\"auto, (max-width: 1020px) 100vw, 1020px\" \/>\t\t\t\t\t\t\n\t\t\t\t\t<\/div>\n\t\t\t\t\t\t\t\t\n<style>\n#image_573069547 {\n  width: 100%;\n}\n<\/style>\n\t<\/div>\n\t\n\t\t<\/div>\n\t\t\t\t\t<\/div>\n\n\t\n<\/div>\n<div class=\"row row-large align-middle\"  id=\"row-51333263\">\n\n\t<div id=\"col-42012100\" class=\"col medium-12 small-12 large-6\"  >\n\t\t\t\t<div class=\"col-inner\"  >\n\t\t\t\n\t\t\t\n\t<div class=\"img has-hover x md-x lg-x y md-y lg-y\" id=\"image_1873056200\">\n\t\t\t\t\t\t\t\t<div class=\"img-inner dark\" >\n\t\t\t<img loading=\"lazy\" decoding=\"async\" width=\"1020\" height=\"765\" src=\"https:\/\/iron-toys.com\/ba\/wp-content\/uploads\/sites\/7\/2024\/11\/0Q8A6352-1024x768.jpg\" class=\"attachment-large size-large\" alt=\"\" srcset=\"https:\/\/iron-toys.com\/ba\/wp-content\/uploads\/sites\/7\/2024\/11\/0Q8A6352-1024x768.jpg 1024w, https:\/\/iron-toys.com\/ba\/wp-content\/uploads\/sites\/7\/2024\/11\/0Q8A6352-300x225.jpg 300w, https:\/\/iron-toys.com\/ba\/wp-content\/uploads\/sites\/7\/2024\/11\/0Q8A6352-768x576.jpg 768w, https:\/\/iron-toys.com\/ba\/wp-content\/uploads\/sites\/7\/2024\/11\/0Q8A6352-1536x1152.jpg 1536w, https:\/\/iron-toys.com\/ba\/wp-content\/uploads\/sites\/7\/2024\/11\/0Q8A6352-2048x1536.jpg 2048w, https:\/\/iron-toys.com\/ba\/wp-content\/uploads\/sites\/7\/2024\/11\/0Q8A6352-655x491.jpg 655w\" sizes=\"auto, (max-width: 1020px) 100vw, 1020px\" \/>\t\t\t\t\t\t\n\t\t\t\t\t<\/div>\n\t\t\t\t\t\t\t\t\n<style>\n#image_1873056200 {\n  width: 100%;\n}\n<\/style>\n\t<\/div>\n\t\n\t\t<\/div>\n\t\t\t\t\t<\/div>\n\n\t\n\n\t<div id=\"col-853730605\" class=\"col medium-12 small-12 large-6 medium-col-first\"  >\n\t\t\t\t<div class=\"col-inner\"  >\n\t\t\t\n\t\t\t\n<h3><b>Jednostavno i pouzdano<\/b><\/h3>\n<p>Pametan dizajn omogu\u0107uje brz pristup glavnim komponentama, \u0161to pojednostavljuje redovite provjere i servisiranje. To zna\u010dajno skra\u0107uje vrijeme odr\u017eavanja i pove\u0107ava pouzdanost. Osim toga, stroj osigurava visoku razinu sigurnosti i otpornosti, \u0161to omogu\u0107uje bezbri\u017eno kori\u0161tenje \u010dak i u zahtjevnim uvjetima.<\/p>\n\t\t<\/div>\n\t\t\t\t\t<\/div>\n\n\t\n<\/div>\n\t\t<\/div>\n\n\t\t\n<style>\n#section_150344564 {\n  padding-top: 30px;\n  padding-bottom: 30px;\n}\n<\/style>\n\t<\/section>\n\t\n","protected":false},"excerpt":{"rendered":"<div><strong>IRT10<\/strong> je svestrani 1000-kilogramski mini bager, dizajniran za pouzdan rad u uskim prostorima, na gradili\u0161tima ili za ku\u0107ne projekte. Pokre\u0107e ga pouzdani dizelski motor <strong>KOOP KD192F <\/strong>snage<strong> 7.6 kW<\/strong> (3000 rpm) i radne zapremine 499 cc, koji u kombinaciji sa zup\u010dastom pumpom i radnim tlakom od 16 MPa osigurava u\u010dinkovit hidrauli\u010dni sustav s protokom od 18 L\/min. IRT10 posti\u017ee maksimalnu silu kopanja od 6.5 kN i omogu\u0107uje precizno upravljanje \u010dak i na zahtjevnim terenima s nagibima do 30\u00b0.<\/div>\n<p><strong>Uz kupnju dobivate GRATIS: Kopa\u010dka \u017elica 40cm + Brza spojka<\/strong><\/p>\n","protected":false},"featured_media":778,"template":"","meta":{"_acf_changed":false},"product_brand":[],"product_cat":[16,19],"product_tag":[],"class_list":{"0":"post-777","1":"product","2":"type-product","3":"status-publish","4":"has-post-thumbnail","6":"product_cat-strojevi","7":"product_cat-mini-bageri","9":"first","10":"instock","11":"taxable","12":"shipping-taxable","13":"purchasable","14":"product-type-simple"},"acf":[],"_links":{"self":[{"href":"https:\/\/iron-toys.com\/ba\/wp-json\/wp\/v2\/product\/777","targetHints":{"allow":["GET"]}}],"collection":[{"href":"https:\/\/iron-toys.com\/ba\/wp-json\/wp\/v2\/product"}],"about":[{"href":"https:\/\/iron-toys.com\/ba\/wp-json\/wp\/v2\/types\/product"}],"wp:featuredmedia":[{"embeddable":true,"href":"https:\/\/iron-toys.com\/ba\/wp-json\/wp\/v2\/media\/778"}],"wp:attachment":[{"href":"https:\/\/iron-toys.com\/ba\/wp-json\/wp\/v2\/media?parent=777"}],"wp:term":[{"taxonomy":"product_brand","embeddable":true,"href":"https:\/\/iron-toys.com\/ba\/wp-json\/wp\/v2\/product_brand?post=777"},{"taxonomy":"product_cat","embeddable":true,"href":"https:\/\/iron-toys.com\/ba\/wp-json\/wp\/v2\/product_cat?post=777"},{"taxonomy":"product_tag","embeddable":true,"href":"https:\/\/iron-toys.com\/ba\/wp-json\/wp\/v2\/product_tag?post=777"}],"curies":[{"name":"wp","href":"https:\/\/api.w.org\/{rel}","templated":true}]}}