{"id":810,"date":"2025-09-26T08:00:49","date_gmt":"2025-09-26T08:00:49","guid":{"rendered":"http:\/\/sl.iron-toys.com\/?post_type=product&#038;p=810"},"modified":"2026-01-30T17:14:50","modified_gmt":"2026-01-30T17:14:50","slug":"mini-bager-irt18-1800kg","status":"publish","type":"product","link":"https:\/\/iron-toys.com\/ba\/proizvod\/mini-bager-irt18-1800kg\/","title":{"rendered":"Mini bager IRT18 &#8211; 1800kg"},"content":{"rendered":"\n\t<section class=\"section\" id=\"section_1592186691\">\n\t\t<div class=\"section-bg fill\" >\n\t\t\t\t\t\t\t\t\t\n\t\t\t\n\n\t\t<\/div>\n\n\t\t\n\n\t\t<div class=\"section-content relative\">\n\t\t\t\n<div class=\"row row-large align-middle\"  id=\"row-935357240\">\n\n\t<div id=\"col-1332220109\" class=\"col medium-12 small-12 large-6\"  >\n\t\t\t\t<div class=\"col-inner\"  >\n\t\t\t\n\t\t\t\n<h3><b>Dimenzije<\/b><\/h3>\n<p style=\"text-align: left\"><strong>A \u2013<\/strong> Razmak izme\u0111u kota\u010da: 1120 mm<br \/>\n<strong>B \u2013<\/strong> Ukupna du\u017eina gusjenica: 1440 mm<br \/>\n<strong>C \u2013<\/strong> Udaljenost platforme od tla: 400 mm<br \/>\n<strong>D \u2013<\/strong> Radijus okretanja stra\u017enjeg dijela: 860 mm<br \/>\n<strong>E \u2013<\/strong> \u0160irina \u0161asije: 1100 mm<br \/>\n<strong>F \u2013<\/strong> \u0160irina gusjenica: 230 mm<br \/>\n<strong>G \u2013<\/strong> Visina gusjenica: 320 mm<br \/>\n<strong>H \u2013<\/strong> Transportna du\u017eina: 2430 \/ 3240 mm<br \/>\n<strong>I \u2013<\/strong> Udaljenost sjedala od tla: 1610 mm<br \/>\n<strong>J \u2013 <\/strong>Ukupna visina: 2270 mm<br \/>\n<strong>M \u2013<\/strong> Zakretanje ruke udesno: 48\u00b0<br \/>\n<strong>N \u2013<\/strong> Zakretanje ruke ulijevo: 43\u00b0<\/p>\n\t\t<\/div>\n\t\t\t\t\t<\/div>\n\n\t\n\n\t<div id=\"col-589751120\" class=\"col medium-12 small-12 large-6\"  >\n\t\t\t\t<div class=\"col-inner\"  >\n\t\t\t\n\t\t\t\n\t<div class=\"img has-hover x md-x lg-x y md-y lg-y\" id=\"image_1716066608\">\n\t\t\t\t\t\t\t\t<div class=\"img-inner dark\" >\n\t\t\t<img loading=\"lazy\" decoding=\"async\" width=\"1020\" height=\"649\" src=\"https:\/\/iron-toys.com\/ba\/wp-content\/uploads\/sites\/7\/2025\/06\/WhatsApp-Image-2025-06-28-at-20.30.06-1024x652.jpeg\" class=\"attachment-large size-large\" alt=\"\" srcset=\"https:\/\/iron-toys.com\/ba\/wp-content\/uploads\/sites\/7\/2025\/06\/WhatsApp-Image-2025-06-28-at-20.30.06-1024x652.jpeg 1024w, https:\/\/iron-toys.com\/ba\/wp-content\/uploads\/sites\/7\/2025\/06\/WhatsApp-Image-2025-06-28-at-20.30.06-300x191.jpeg 300w, https:\/\/iron-toys.com\/ba\/wp-content\/uploads\/sites\/7\/2025\/06\/WhatsApp-Image-2025-06-28-at-20.30.06-768x489.jpeg 768w, https:\/\/iron-toys.com\/ba\/wp-content\/uploads\/sites\/7\/2025\/06\/WhatsApp-Image-2025-06-28-at-20.30.06-655x417.jpeg 655w, https:\/\/iron-toys.com\/ba\/wp-content\/uploads\/sites\/7\/2025\/06\/WhatsApp-Image-2025-06-28-at-20.30.06.jpeg 1110w\" sizes=\"auto, (max-width: 1020px) 100vw, 1020px\" \/>\t\t\t\t\t\t\n\t\t\t\t\t<\/div>\n\t\t\t\t\t\t\t\t\n<style>\n#image_1716066608 {\n  width: 100%;\n}\n<\/style>\n\t<\/div>\n\t\n\t\t<\/div>\n\t\t\t\t\t<\/div>\n\n\t\n<\/div>\n<div class=\"row row-large align-middle\"  id=\"row-1118623350\">\n\n\t<div id=\"col-1211932472\" class=\"col medium-12 small-12 large-6\"  >\n\t\t\t\t<div class=\"col-inner\"  >\n\t\t\t\n\t\t\t\n\t<div class=\"img has-hover x md-x lg-x y md-y lg-y\" id=\"image_2006135864\">\n\t\t\t\t\t\t\t\t<div class=\"img-inner dark\" >\n\t\t\t<img loading=\"lazy\" decoding=\"async\" width=\"768\" height=\"576\" src=\"https:\/\/iron-toys.com\/ba\/wp-content\/uploads\/sites\/7\/2025\/06\/0Q8A1896-768x576.jpg\" class=\"attachment-medium_large size-medium_large\" alt=\"\" srcset=\"https:\/\/iron-toys.com\/ba\/wp-content\/uploads\/sites\/7\/2025\/06\/0Q8A1896-768x576.jpg 768w, https:\/\/iron-toys.com\/ba\/wp-content\/uploads\/sites\/7\/2025\/06\/0Q8A1896-300x225.jpg 300w, https:\/\/iron-toys.com\/ba\/wp-content\/uploads\/sites\/7\/2025\/06\/0Q8A1896-1024x768.jpg 1024w, https:\/\/iron-toys.com\/ba\/wp-content\/uploads\/sites\/7\/2025\/06\/0Q8A1896-1536x1152.jpg 1536w, https:\/\/iron-toys.com\/ba\/wp-content\/uploads\/sites\/7\/2025\/06\/0Q8A1896-2048x1536.jpg 2048w, https:\/\/iron-toys.com\/ba\/wp-content\/uploads\/sites\/7\/2025\/06\/0Q8A1896-655x491.jpg 655w\" sizes=\"auto, (max-width: 768px) 100vw, 768px\" \/>\t\t\t\t\t\t\n\t\t\t\t\t<\/div>\n\t\t\t\t\t\t\t\t\n<style>\n#image_2006135864 {\n  width: 80%;\n}\n<\/style>\n\t<\/div>\n\t\n\t\t<\/div>\n\t\t\t\t\t<\/div>\n\n\t\n\n\t<div id=\"col-1289079861\" class=\"col medium-12 small-12 large-6 medium-col-first\"  >\n\t\t\t\t<div class=\"col-inner\"  >\n\t\t\t\n\t\t\t\n<h3><b>Kompaktan, sna\u017ean i u\u010dinkovit<\/b><\/h3>\n<p>Ovaj stroj spaja visoku snagu kopanja, napredni hidrauli\u010dni sustav i stabilno podvozje \u0161irine 1000 mm. 360\u00b0 rotacija, gumene gusjenice i bo\u010dno pomicanje ruke (43\u00b0 ulijevo, 48\u00b0 udesno) omogu\u0107uju u\u010dinkovit rad \u010dak i u uskim prostorima. Upravlja\u010dka konzola, dozerska daska i podesivo podvozje dodatno pove\u0107avaju svestranost stroja na razli\u010ditim terenima \u2013 od urbanih sredina do zahtjevnih gradili\u0161ta.<\/p>\n\t\t<\/div>\n\t\t\t\t\t<\/div>\n\n\t\n<\/div>\n<div class=\"row row-large align-middle\"  id=\"row-265329897\">\n\n\t<div id=\"col-60978484\" class=\"col medium-12 small-12 large-6\"  >\n\t\t\t\t<div class=\"col-inner\"  >\n\t\t\t\n\t\t\t\n<h3><b>Prostrana i udobna kabina<\/b><\/h3>\n<p>Kabina nudi vi\u0161e prostora, ravan pod i \u0161irok ulaz, \u0161to omogu\u0107uje udoban pristup i ve\u0107u pokretljivost tijekom rada. Pregledna upravlja\u010dka plo\u010da prikazuje klju\u010dne informacije \u2013 radne sate, temperaturu motora, stanje napona i potro\u0161nju energije. Sve komande raspore\u0111ene su ergonomski, \u0161to omogu\u0107uje jednostavno i sigurno upravljanje. Hidrauli\u010dne ru\u010dice s preciznim odzivom, udobno sjedalo i logi\u010dno postavljene tipke osiguravaju u\u010dinkovito radno iskustvo \u010dak i pri duljim radnim intervalima.<\/p>\n\t\t<\/div>\n\t\t\t\t\t<\/div>\n\n\t\n\n\t<div id=\"col-1733288145\" class=\"col medium-12 small-12 large-6\"  >\n\t\t\t\t<div class=\"col-inner\"  >\n\t\t\t\n\t\t\t\n\t<div class=\"img has-hover x md-x lg-x y md-y lg-y\" id=\"image_1916645854\">\n\t\t\t\t\t\t\t\t<div class=\"img-inner dark\" >\n\t\t\t<img loading=\"lazy\" decoding=\"async\" width=\"1020\" height=\"765\" src=\"https:\/\/iron-toys.com\/ba\/wp-content\/uploads\/sites\/7\/2025\/06\/0Q8A1830-1024x768.jpg\" class=\"attachment-large size-large\" alt=\"\" srcset=\"https:\/\/iron-toys.com\/ba\/wp-content\/uploads\/sites\/7\/2025\/06\/0Q8A1830-1024x768.jpg 1024w, https:\/\/iron-toys.com\/ba\/wp-content\/uploads\/sites\/7\/2025\/06\/0Q8A1830-300x225.jpg 300w, https:\/\/iron-toys.com\/ba\/wp-content\/uploads\/sites\/7\/2025\/06\/0Q8A1830-768x576.jpg 768w, https:\/\/iron-toys.com\/ba\/wp-content\/uploads\/sites\/7\/2025\/06\/0Q8A1830-1536x1152.jpg 1536w, https:\/\/iron-toys.com\/ba\/wp-content\/uploads\/sites\/7\/2025\/06\/0Q8A1830-2048x1536.jpg 2048w, https:\/\/iron-toys.com\/ba\/wp-content\/uploads\/sites\/7\/2025\/06\/0Q8A1830-655x491.jpg 655w\" sizes=\"auto, (max-width: 1020px) 100vw, 1020px\" \/>\t\t\t\t\t\t\n\t\t\t\t\t<\/div>\n\t\t\t\t\t\t\t\t\n<style>\n#image_1916645854 {\n  width: 100%;\n}\n<\/style>\n\t<\/div>\n\t\n\t\t<\/div>\n\t\t\t\t\t<\/div>\n\n\t\n<\/div>\n<div class=\"row row-large align-middle\"  id=\"row-1675105594\">\n\n\t<div id=\"col-190456053\" class=\"col medium-12 small-12 large-6\"  >\n\t\t\t\t<div class=\"col-inner\"  >\n\t\t\t\n\t\t\t\n\t<div class=\"img has-hover x md-x lg-x y md-y lg-y\" id=\"image_617896188\">\n\t\t\t\t\t\t\t\t<div class=\"img-inner dark\" >\n\t\t\t<img loading=\"lazy\" decoding=\"async\" width=\"1020\" height=\"765\" src=\"https:\/\/iron-toys.com\/ba\/wp-content\/uploads\/sites\/7\/2025\/06\/0Q8A1822-1024x768.jpg\" class=\"attachment-large size-large\" alt=\"\" srcset=\"https:\/\/iron-toys.com\/ba\/wp-content\/uploads\/sites\/7\/2025\/06\/0Q8A1822-1024x768.jpg 1024w, https:\/\/iron-toys.com\/ba\/wp-content\/uploads\/sites\/7\/2025\/06\/0Q8A1822-300x225.jpg 300w, https:\/\/iron-toys.com\/ba\/wp-content\/uploads\/sites\/7\/2025\/06\/0Q8A1822-768x576.jpg 768w, https:\/\/iron-toys.com\/ba\/wp-content\/uploads\/sites\/7\/2025\/06\/0Q8A1822-1536x1152.jpg 1536w, https:\/\/iron-toys.com\/ba\/wp-content\/uploads\/sites\/7\/2025\/06\/0Q8A1822-2048x1536.jpg 2048w, https:\/\/iron-toys.com\/ba\/wp-content\/uploads\/sites\/7\/2025\/06\/0Q8A1822-655x491.jpg 655w\" sizes=\"auto, (max-width: 1020px) 100vw, 1020px\" \/>\t\t\t\t\t\t\n\t\t\t\t\t<\/div>\n\t\t\t\t\t\t\t\t\n<style>\n#image_617896188 {\n  width: 100%;\n}\n<\/style>\n\t<\/div>\n\t\n\t\t<\/div>\n\t\t\t\t\t<\/div>\n\n\t\n\n\t<div id=\"col-2011513920\" class=\"col medium-12 small-12 large-6 medium-col-first\"  >\n\t\t\t\t<div class=\"col-inner\"  >\n\t\t\t\n\t\t\t\n<h3><b>Jednostavno i pouzdano<\/b><\/h3>\n<p>Pametan dizajn omogu\u0107uje brz pristup motoru i klju\u010dnim komponentama, \u0161to pojednostavljuje redovite provjere i servisiranje. Odr\u017eavanje je brzo i pregledno, \u010dime se smanjuju mogu\u0107i zastoji u radu. Izdr\u017eljiva konstrukcija i promi\u0161ljen raspored sustava osiguravaju siguran i pouzdan rad u svim uvjetima.<\/p>\n\t\t<\/div>\n\t\t\t\t\t<\/div>\n\n\t\n<\/div>\n\t\t<\/div>\n\n\t\t\n<style>\n#section_1592186691 {\n  padding-top: 30px;\n  padding-bottom: 30px;\n}\n<\/style>\n\t<\/section>\n\t\n","protected":false},"excerpt":{"rendered":"<p><strong>IRT-18<\/strong> je pouzdan mini bager mase 1800 kg, dizajniran za u\u010dinkovito izvo\u0111enje zahtjevnih iskopa i rad na raznovrsnim terenima. Pokre\u0107e ga dizelski motor <strong>Laidong KM385B <\/strong>snage<strong> 18,1 kW<\/strong> (2600 rpm). Dvije zup\u010daste pumpe (31,2 + 7,8 L\/min) u kombinaciji s radnim tlakom od 16 MPa omogu\u0107uju sna\u017ean i precizan rad. S dubinom kopanja od 2170 mm, dosegom od 3470 mm i sposobno\u0161\u0107u uspona do 30\u00b0, prikladan je za \u0161irok raspon zadataka na gradili\u0161tima i te\u0161ko dostupnim terenima.<\/p>\n<p><strong>Uz kupnju dobivate GRATIS: Kopa\u010dka \u017elica 40cm + Brza spojka<\/strong><\/p>\n","protected":false},"featured_media":811,"template":"","meta":{"_acf_changed":false},"product_brand":[],"product_cat":[16,19],"product_tag":[],"class_list":{"0":"post-810","1":"product","2":"type-product","3":"status-publish","4":"has-post-thumbnail","6":"product_cat-strojevi","7":"product_cat-mini-bageri","9":"first","10":"instock","11":"taxable","12":"shipping-taxable","13":"purchasable","14":"product-type-simple"},"acf":[],"_links":{"self":[{"href":"https:\/\/iron-toys.com\/ba\/wp-json\/wp\/v2\/product\/810","targetHints":{"allow":["GET"]}}],"collection":[{"href":"https:\/\/iron-toys.com\/ba\/wp-json\/wp\/v2\/product"}],"about":[{"href":"https:\/\/iron-toys.com\/ba\/wp-json\/wp\/v2\/types\/product"}],"wp:featuredmedia":[{"embeddable":true,"href":"https:\/\/iron-toys.com\/ba\/wp-json\/wp\/v2\/media\/811"}],"wp:attachment":[{"href":"https:\/\/iron-toys.com\/ba\/wp-json\/wp\/v2\/media?parent=810"}],"wp:term":[{"taxonomy":"product_brand","embeddable":true,"href":"https:\/\/iron-toys.com\/ba\/wp-json\/wp\/v2\/product_brand?post=810"},{"taxonomy":"product_cat","embeddable":true,"href":"https:\/\/iron-toys.com\/ba\/wp-json\/wp\/v2\/product_cat?post=810"},{"taxonomy":"product_tag","embeddable":true,"href":"https:\/\/iron-toys.com\/ba\/wp-json\/wp\/v2\/product_tag?post=810"}],"curies":[{"name":"wp","href":"https:\/\/api.w.org\/{rel}","templated":true}]}}