{"id":821,"date":"2025-06-28T08:12:55","date_gmt":"2025-06-28T08:12:55","guid":{"rendered":"http:\/\/sl.iron-toys.com\/?post_type=product&#038;p=821"},"modified":"2025-10-15T15:23:09","modified_gmt":"2025-10-15T15:23:09","slug":"mini-demper-irta800-800kg","status":"publish","type":"product","link":"https:\/\/iron-toys.com\/ba\/proizvod\/mini-demper-irta800-800kg\/","title":{"rendered":"Mini demper IRT-A800 &#8211; 800kg"},"content":{"rendered":"\n\t<section class=\"section\" id=\"section_1579731030\">\n\t\t<div class=\"section-bg fill\" >\n\t\t\t\t\t\t\t\t\t\n\t\t\t\n\n\t\t<\/div>\n\n\t\t\n\n\t\t<div class=\"section-content relative\">\n\t\t\t\n<div class=\"row row-large align-middle\"  id=\"row-120858744\">\n\n\t<div id=\"col-395577953\" class=\"col medium-12 small-12 large-6\"  >\n\t\t\t\t<div class=\"col-inner\"  >\n\t\t\t\n\t\t\t\n<h3><b>Kompaktan, sna\u017ean i u\u010dinkovit<\/b><\/h3>\n<p>Mini demper IRT-A800 objedinjuje visoku nosivost, stabilnost i okretnost u kompaktnoj \u0161irini od samo 870 mm, \u0161to omogu\u0107uje prolazak \u010dak i kroz uske prolaze i vrata.<br data-start=\"309\" data-end=\"312\" \/>Gumene gusjenice \u0161irine 620 mm osiguravaju pouzdano prianjanje i stabilnost na razli\u010ditim terenima \u2013 od mekih podloga do zahtjevnijih povr\u0161ina.<br data-start=\"455\" data-end=\"458\" \/>Korpa zapremine 0,26 m\u00b3 (dimenzije 1235 \u00d7 730 \u00d7 590 mm) omogu\u0107uje u\u010dinkovit transport ve\u0107e koli\u010dine materijala u jednom prolazu.<br data-start=\"586\" data-end=\"589\" \/>Podizni mehanizam s visinom istovara do 1750 mm omogu\u0107uje jednostavno i precizno pra\u017enjenje u kontejnere ili izravno na radnu povr\u0161inu.<\/p>\n\t\t<\/div>\n\t\t\t\t\t<\/div>\n\n\t\n\n\t<div id=\"col-1105698085\" class=\"col medium-12 small-12 large-6\"  >\n\t\t\t\t<div class=\"col-inner\"  >\n\t\t\t\n\t\t\t\n\t<div class=\"img has-hover x md-x lg-x y md-y lg-y\" id=\"image_19565484\">\n\t\t\t\t\t\t\t\t<div class=\"img-inner dark\" >\n\t\t\t<img loading=\"lazy\" decoding=\"async\" width=\"768\" height=\"1024\" src=\"https:\/\/iron-toys.com\/ba\/wp-content\/uploads\/sites\/7\/2025\/06\/\u5fae\u4fe1\u56fe\u7247_20250627184014-768x1024.jpg\" class=\"attachment-large size-large\" alt=\"\" srcset=\"https:\/\/iron-toys.com\/ba\/wp-content\/uploads\/sites\/7\/2025\/06\/\u5fae\u4fe1\u56fe\u7247_20250627184014-768x1024.jpg 768w, https:\/\/iron-toys.com\/ba\/wp-content\/uploads\/sites\/7\/2025\/06\/\u5fae\u4fe1\u56fe\u7247_20250627184014-225x300.jpg 225w, https:\/\/iron-toys.com\/ba\/wp-content\/uploads\/sites\/7\/2025\/06\/\u5fae\u4fe1\u56fe\u7247_20250627184014-1152x1536.jpg 1152w, https:\/\/iron-toys.com\/ba\/wp-content\/uploads\/sites\/7\/2025\/06\/\u5fae\u4fe1\u56fe\u7247_20250627184014-1536x2048.jpg 1536w, https:\/\/iron-toys.com\/ba\/wp-content\/uploads\/sites\/7\/2025\/06\/\u5fae\u4fe1\u56fe\u7247_20250627184014-655x873.jpg 655w, https:\/\/iron-toys.com\/ba\/wp-content\/uploads\/sites\/7\/2025\/06\/\u5fae\u4fe1\u56fe\u7247_20250627184014-scaled.jpg 1920w\" sizes=\"auto, (max-width: 768px) 100vw, 768px\" \/>\t\t\t\t\t\t\n\t\t\t\t\t<\/div>\n\t\t\t\t\t\t\t\t\n<style>\n#image_19565484 {\n  width: 100%;\n}\n<\/style>\n\t<\/div>\n\t\n\t\t<\/div>\n\t\t\t\t\t<\/div>\n\n\t\n<\/div>\n<div class=\"row row-large align-middle\"  id=\"row-1154716992\">\n\n\t<div id=\"col-1105661999\" class=\"col medium-12 small-12 large-6\"  >\n\t\t\t\t<div class=\"col-inner\"  >\n\t\t\t\n\t\t\t\n\t<div class=\"img has-hover x md-x lg-x y md-y lg-y\" id=\"image_283123419\">\n\t\t\t\t\t\t\t\t<div class=\"img-inner dark\" >\n\t\t\t<img loading=\"lazy\" decoding=\"async\" width=\"768\" height=\"576\" src=\"https:\/\/iron-toys.com\/ba\/wp-content\/uploads\/sites\/7\/2025\/06\/\u5fae\u4fe1\u56fe\u7247_20250627183809-768x576.jpg\" class=\"attachment-medium_large size-medium_large\" alt=\"\" srcset=\"https:\/\/iron-toys.com\/ba\/wp-content\/uploads\/sites\/7\/2025\/06\/\u5fae\u4fe1\u56fe\u7247_20250627183809-768x576.jpg 768w, https:\/\/iron-toys.com\/ba\/wp-content\/uploads\/sites\/7\/2025\/06\/\u5fae\u4fe1\u56fe\u7247_20250627183809-300x225.jpg 300w, https:\/\/iron-toys.com\/ba\/wp-content\/uploads\/sites\/7\/2025\/06\/\u5fae\u4fe1\u56fe\u7247_20250627183809-1024x768.jpg 1024w, https:\/\/iron-toys.com\/ba\/wp-content\/uploads\/sites\/7\/2025\/06\/\u5fae\u4fe1\u56fe\u7247_20250627183809-1536x1152.jpg 1536w, https:\/\/iron-toys.com\/ba\/wp-content\/uploads\/sites\/7\/2025\/06\/\u5fae\u4fe1\u56fe\u7247_20250627183809-2048x1536.jpg 2048w, https:\/\/iron-toys.com\/ba\/wp-content\/uploads\/sites\/7\/2025\/06\/\u5fae\u4fe1\u56fe\u7247_20250627183809-655x491.jpg 655w\" sizes=\"auto, (max-width: 768px) 100vw, 768px\" \/>\t\t\t\t\t\t\n\t\t\t\t\t<\/div>\n\t\t\t\t\t\t\t\t\n<style>\n#image_283123419 {\n  width: 80%;\n}\n<\/style>\n\t<\/div>\n\t\n\t\t<\/div>\n\t\t\t\t\t<\/div>\n\n\t\n\n\t<div id=\"col-3424453\" class=\"col medium-12 small-12 large-6 medium-col-first\"  >\n\t\t\t\t<div class=\"col-inner\"  >\n\t\t\t\n\t\t\t\n<h3><b>Jednostavno upravljanje i odr\u017eavanje<\/b><\/h3>\n<p>IRT-A800 je dizajniran za jednostavno i sigurno upravljanje, \u0161to omogu\u0107uje udoban rad \u010dak i na zahtjevnijem terenu. Minimalni radijus okretanja od 1,35 m osigurava visoku okretnost u ograni\u010denim prostorima, dok udaljenost podvozja od tla od 85 mm omogu\u0107uje stabilno savladavanje manjih prepreka.<br data-start=\"439\" data-end=\"442\" \/>Hidrauli\u010dki sustav sa spremnikom zapremine 16 L i uporabom protuhabaju\u0107eg ulja (tip 46#) doprinosi dugom vijeku trajanja i pouzdanosti u radu.<br data-start=\"584\" data-end=\"587\" \/>Osim toga, promi\u0161ljen dizajn stroja omogu\u0107uje brz pristup klju\u010dnim komponentama, \u0161to pojednostavljuje servisiranje i redovno odr\u017eavanje te smanjuje vrijeme zastoja i operativne tro\u0161kove.<\/p>\n\t\t<\/div>\n\t\t\t\t\t<\/div>\n\n\t\n<\/div>\n<div class=\"row row-large align-middle\"  id=\"row-170916527\">\n<\/div>\n\n\t<div id=\"col-1477564219\" class=\"col medium-12 small-12 large-6\"  >\n\t\t\t\t<div class=\"col-inner\"  >\n\t\t\t\n\t\t\t\n\t\t<\/div>\n\t\t\t\t\t<\/div>\n\n\t\n\t\t<\/div>\n\n\t\t\n<style>\n#section_1579731030 {\n  padding-top: 30px;\n  padding-bottom: 30px;\n}\n<\/style>\n\t<\/section>\n\t\n","protected":false},"excerpt":{"rendered":"<p data-start=\"97\" data-end=\"369\">Mini demper IRT-A800 je robustan i svestran stroj s nosivo\u0161\u0107u od 800 kg, dizajniran za jednostavan transport materijala na gradili\u0161tima, u poljoprivredi ili pri ure\u0111enju okoli\u0161a.<br data-start=\"303\" data-end=\"306\" \/>Pokre\u0107e ga pouzdan benzinski motor RATO R300 zapremine 301 cc i snage 9,8 konjskih snaga, koji u kombinaciji s mo\u0107nim hidrauli\u010dkim sustavom osigurava pouzdano podizanje, transport i istovar materijala.<br data-start=\"507\" data-end=\"510\" \/>Sa sposobno\u0161\u0107u uspona do 20\u00b0 i brzinom od 2,1\u20134,2 km\/h, IRT-A800 je idealno rje\u0161enje za rad na neravnim i nagnutim povr\u0161inama.<\/p>\n","protected":false},"featured_media":822,"template":"","meta":{"_acf_changed":false},"product_brand":[],"product_cat":[16,25],"product_tag":[],"class_list":{"0":"post-821","1":"product","2":"type-product","3":"status-publish","4":"has-post-thumbnail","6":"product_cat-strojevi","7":"product_cat-mini-demperi","9":"first","10":"instock","11":"taxable","12":"shipping-taxable","13":"purchasable","14":"product-type-simple"},"acf":[],"_links":{"self":[{"href":"https:\/\/iron-toys.com\/ba\/wp-json\/wp\/v2\/product\/821","targetHints":{"allow":["GET"]}}],"collection":[{"href":"https:\/\/iron-toys.com\/ba\/wp-json\/wp\/v2\/product"}],"about":[{"href":"https:\/\/iron-toys.com\/ba\/wp-json\/wp\/v2\/types\/product"}],"wp:featuredmedia":[{"embeddable":true,"href":"https:\/\/iron-toys.com\/ba\/wp-json\/wp\/v2\/media\/822"}],"wp:attachment":[{"href":"https:\/\/iron-toys.com\/ba\/wp-json\/wp\/v2\/media?parent=821"}],"wp:term":[{"taxonomy":"product_brand","embeddable":true,"href":"https:\/\/iron-toys.com\/ba\/wp-json\/wp\/v2\/product_brand?post=821"},{"taxonomy":"product_cat","embeddable":true,"href":"https:\/\/iron-toys.com\/ba\/wp-json\/wp\/v2\/product_cat?post=821"},{"taxonomy":"product_tag","embeddable":true,"href":"https:\/\/iron-toys.com\/ba\/wp-json\/wp\/v2\/product_tag?post=821"}],"curies":[{"name":"wp","href":"https:\/\/api.w.org\/{rel}","templated":true}]}}