{"id":828,"date":"2025-06-28T08:22:01","date_gmt":"2025-06-28T08:22:01","guid":{"rendered":"http:\/\/sl.iron-toys.com\/?post_type=product&#038;p=828"},"modified":"2025-10-15T15:17:48","modified_gmt":"2025-10-15T15:17:48","slug":"mini-demper-irt-a500-500kg","status":"publish","type":"product","link":"https:\/\/iron-toys.com\/ba\/proizvod\/mini-demper-irt-a500-500kg\/","title":{"rendered":"Mini demper IRT-A500 &#8211; 500kg"},"content":{"rendered":"\n\t<section class=\"section\" id=\"section_110421320\">\n\t\t<div class=\"section-bg fill\" >\n\t\t\t\t\t\t\t\t\t\n\t\t\t\n\n\t\t<\/div>\n\n\t\t\n\n\t\t<div class=\"section-content relative\">\n\t\t\t\n<div class=\"row row-large align-middle\"  id=\"row-1746046088\">\n\n\t<div id=\"col-493557519\" class=\"col medium-12 small-12 large-6\"  >\n\t\t\t\t<div class=\"col-inner\"  >\n\t\t\t\n\t\t\t\n<h3><b>Kompaktan, okretan i prilagodljiv<\/b><\/h3>\n<p>IRT-A500 objedinjuje visoku funkcionalnost u izuzetno kompaktnoj izvedbi \u2013 sa \u0161irinom od samo 870 mm omogu\u0107uje prolazak kroz standardne prolaze i vrata. Gumene gusjenice \u0161irine 520 mm osiguravaju stabilno prianjanje \u010dak i na mekim ili skliskim podlogama.<br data-start=\"393\" data-end=\"396\" \/>Zaboj zapremine 0,22 m\u00b3 (dimenzije 1040 \u00d7 730 \u00d7 590 mm) omogu\u0107uje jednostavan prijevoz ve\u0107ih koli\u010dina materijala. Podizanje i istovar do visine 1350 mm olak\u0161avaju istovar izravno u kontejnere ili na to\u010dno odre\u0111ena mjesta.<br data-start=\"617\" data-end=\"620\" \/>S minimalnim radijusom okretanja od samo 1 metra, IRT-A500 impresionira iznimnom okretno\u0161\u0107u \u2013 idealno rje\u0161enje za rad u uskim i ograni\u010denim prostorima.<\/p>\n\t\t<\/div>\n\t\t\t\t\t<\/div>\n\n\t\n\n\t<div id=\"col-1044969738\" class=\"col medium-12 small-12 large-6\"  >\n\t\t\t\t<div class=\"col-inner\"  >\n\t\t\t\n\t\t\t\n\t<div class=\"img has-hover x md-x lg-x y md-y lg-y\" id=\"image_1410782967\">\n\t\t\t\t\t\t\t\t<div class=\"img-inner dark\" >\n\t\t\t<img loading=\"lazy\" decoding=\"async\" width=\"1020\" height=\"765\" src=\"https:\/\/iron-toys.com\/ba\/wp-content\/uploads\/sites\/7\/2025\/06\/IRT-A5003-1024x768.jpg\" class=\"attachment-large size-large\" alt=\"\" srcset=\"https:\/\/iron-toys.com\/ba\/wp-content\/uploads\/sites\/7\/2025\/06\/IRT-A5003-1024x768.jpg 1024w, https:\/\/iron-toys.com\/ba\/wp-content\/uploads\/sites\/7\/2025\/06\/IRT-A5003-300x225.jpg 300w, https:\/\/iron-toys.com\/ba\/wp-content\/uploads\/sites\/7\/2025\/06\/IRT-A5003-768x576.jpg 768w, https:\/\/iron-toys.com\/ba\/wp-content\/uploads\/sites\/7\/2025\/06\/IRT-A5003-1536x1152.jpg 1536w, https:\/\/iron-toys.com\/ba\/wp-content\/uploads\/sites\/7\/2025\/06\/IRT-A5003-2048x1536.jpg 2048w, https:\/\/iron-toys.com\/ba\/wp-content\/uploads\/sites\/7\/2025\/06\/IRT-A5003-655x491.jpg 655w\" sizes=\"auto, (max-width: 1020px) 100vw, 1020px\" \/>\t\t\t\t\t\t\n\t\t\t\t\t<\/div>\n\t\t\t\t\t\t\t\t\n<style>\n#image_1410782967 {\n  width: 100%;\n}\n<\/style>\n\t<\/div>\n\t\n\t\t<\/div>\n\t\t\t\t\t<\/div>\n\n\t\n<\/div>\n<div class=\"row row-large align-middle\"  id=\"row-166239191\">\n\n\t<div id=\"col-1489549113\" class=\"col medium-12 small-12 large-6\"  >\n\t\t\t\t<div class=\"col-inner\"  >\n\t\t\t\n\t\t\t\n\t<div class=\"img has-hover x md-x lg-x y md-y lg-y\" id=\"image_1313154190\">\n\t\t\t\t\t\t\t\t<div class=\"img-inner dark\" >\n\t\t\t<img loading=\"lazy\" decoding=\"async\" width=\"768\" height=\"576\" src=\"https:\/\/iron-toys.com\/ba\/wp-content\/uploads\/sites\/7\/2025\/06\/IRT-A5003-768x576.jpg\" class=\"attachment-medium_large size-medium_large\" alt=\"\" srcset=\"https:\/\/iron-toys.com\/ba\/wp-content\/uploads\/sites\/7\/2025\/06\/IRT-A5003-768x576.jpg 768w, https:\/\/iron-toys.com\/ba\/wp-content\/uploads\/sites\/7\/2025\/06\/IRT-A5003-300x225.jpg 300w, https:\/\/iron-toys.com\/ba\/wp-content\/uploads\/sites\/7\/2025\/06\/IRT-A5003-1024x768.jpg 1024w, https:\/\/iron-toys.com\/ba\/wp-content\/uploads\/sites\/7\/2025\/06\/IRT-A5003-1536x1152.jpg 1536w, https:\/\/iron-toys.com\/ba\/wp-content\/uploads\/sites\/7\/2025\/06\/IRT-A5003-2048x1536.jpg 2048w, https:\/\/iron-toys.com\/ba\/wp-content\/uploads\/sites\/7\/2025\/06\/IRT-A5003-655x491.jpg 655w\" sizes=\"auto, (max-width: 768px) 100vw, 768px\" \/>\t\t\t\t\t\t\n\t\t\t\t\t<\/div>\n\t\t\t\t\t\t\t\t\n<style>\n#image_1313154190 {\n  width: 80%;\n}\n<\/style>\n\t<\/div>\n\t\n\t\t<\/div>\n\t\t\t\t\t<\/div>\n\n\t\n\n\t<div id=\"col-776350075\" class=\"col medium-12 small-12 large-6 medium-col-first\"  >\n\t\t\t\t<div class=\"col-inner\"  >\n\t\t\t\n\t\t\t\n<h3><b>Jednostavno upravljanje i odr\u017eavanje<\/b><\/h3>\n<p>Stroj je dizajniran s naglaskom na jednostavno upravljanje, sigurnost i udobnost korisnika. Udaljenost podvozja od tla iznosi 85 mm, \u0161to omogu\u0107uje sigurno savladavanje manjih prepreka na razli\u010ditim terenima.<br data-start=\"345\" data-end=\"348\" \/>Pametan dizajn omogu\u0107uje brz i jednostavan pristup klju\u010dnim komponentama, \u0161to pojednostavljuje redovite preglede, servisiranje i odr\u017eavanje. To zna\u010dajno skra\u0107uje vrijeme zastoja i osigurava nesmetan rad na terenu.<br data-start=\"561\" data-end=\"564\" \/>Pouzdan hidrauli\u010dki sustav koji koristi protuhabaju\u0107e ulje (tip 46) te spremnik zapremine 16 litara doprinosi dugom vijeku trajanja i visokoj pouzdanosti stroja.<\/p>\n<p>\u00a0<\/p>\n\t\t<\/div>\n\t\t\t\t\t<\/div>\n\n\t\n<\/div>\n<div class=\"row row-large align-middle\"  id=\"row-636916573\">\n<\/div>\n\n\t<div id=\"col-1760426944\" class=\"col medium-12 small-12 large-6\"  >\n\t\t\t\t<div class=\"col-inner\"  >\n\t\t\t\n\t\t\t\n\t\t<\/div>\n\t\t\t\t\t<\/div>\n\n\t\n\t\t<\/div>\n\n\t\t\n<style>\n#section_110421320 {\n  padding-top: 30px;\n  padding-bottom: 30px;\n}\n<\/style>\n\t<\/section>\n\t\n","protected":false},"excerpt":{"rendered":"<p data-start=\"102\" data-end=\"421\"><strong data-start=\"89\" data-end=\"113\">Mini demper IRT-A500<\/strong> je kompaktan i sna\u017ean stroj s nosivo\u0161\u0107u od 500 kg, idealan za upotrebu na gradili\u0161tima, u vrtlarstvu, poljoprivredi te pri ure\u0111enju okoli\u0161a.<br data-start=\"258\" data-end=\"261\" \/>Stroj pokre\u0107e provjereni benzinski motor<strong data-start=\"286\" data-end=\"315\"> RATO R300<\/strong> zapremine 301 cc\u00a0i snage 9,8 hp, koji osigurava stabilan rad i dovoljno snage za svakodnevne radne zadatke.<br data-start=\"432\" data-end=\"435\" \/>S brzinom od 1,7 do 3,5 km\/h i sposobno\u0161\u0107u uspona do 20<strong data-start=\"492\" data-end=\"499\">\u00b0<\/strong>, omogu\u0107uje siguran i u\u010dinkovit rad na raznim terenima.<\/p>\n","protected":false},"featured_media":829,"template":"","meta":{"_acf_changed":false},"product_brand":[],"product_cat":[16,25],"product_tag":[],"class_list":{"0":"post-828","1":"product","2":"type-product","3":"status-publish","4":"has-post-thumbnail","6":"product_cat-strojevi","7":"product_cat-mini-demperi","9":"first","10":"instock","11":"taxable","12":"shipping-taxable","13":"purchasable","14":"product-type-simple"},"acf":[],"_links":{"self":[{"href":"https:\/\/iron-toys.com\/ba\/wp-json\/wp\/v2\/product\/828","targetHints":{"allow":["GET"]}}],"collection":[{"href":"https:\/\/iron-toys.com\/ba\/wp-json\/wp\/v2\/product"}],"about":[{"href":"https:\/\/iron-toys.com\/ba\/wp-json\/wp\/v2\/types\/product"}],"wp:featuredmedia":[{"embeddable":true,"href":"https:\/\/iron-toys.com\/ba\/wp-json\/wp\/v2\/media\/829"}],"wp:attachment":[{"href":"https:\/\/iron-toys.com\/ba\/wp-json\/wp\/v2\/media?parent=828"}],"wp:term":[{"taxonomy":"product_brand","embeddable":true,"href":"https:\/\/iron-toys.com\/ba\/wp-json\/wp\/v2\/product_brand?post=828"},{"taxonomy":"product_cat","embeddable":true,"href":"https:\/\/iron-toys.com\/ba\/wp-json\/wp\/v2\/product_cat?post=828"},{"taxonomy":"product_tag","embeddable":true,"href":"https:\/\/iron-toys.com\/ba\/wp-json\/wp\/v2\/product_tag?post=828"}],"curies":[{"name":"wp","href":"https:\/\/api.w.org\/{rel}","templated":true}]}}