{"id":855,"date":"2025-06-28T09:09:10","date_gmt":"2025-06-28T09:09:10","guid":{"rendered":"http:\/\/sl.iron-toys.com\/?post_type=product&#038;p=855"},"modified":"2025-10-15T15:21:28","modified_gmt":"2025-10-15T15:21:28","slug":"pikamer-za-mini-bager","status":"publish","type":"product","link":"https:\/\/iron-toys.com\/ba\/proizvod\/pikamer-za-mini-bager\/","title":{"rendered":"Pikamer za mini bager &#8211; Hidrauli\u010dni \u010deki\u0107"},"content":{"rendered":"","protected":false},"excerpt":{"rendered":"<p class=\"p1\"><b>Pikamer za mini bager \u2013 za ru\u0161iteljske radove<\/b><\/p>\n<p class=\"p1\">Hidrauli\u010dni \u010deki\u0107, odnosno pikamer, dizajniran je za u\u010dinkovito ru\u0161enje betona, stijena i drugih tvrdih materijala. Hidrauli\u010dki pogon osigurava visoku udarnu snagu i pouzdan rad.<\/p>\n<p class=\"p1\">Prikladan je za gra\u0111evinske i komunalne radove ru\u0161enja.<\/p>\n","protected":false},"featured_media":1044,"template":"","meta":{"_acf_changed":false},"product_brand":[],"product_cat":[17],"product_tag":[],"class_list":{"0":"post-855","1":"product","2":"type-product","3":"status-publish","4":"has-post-thumbnail","6":"product_cat-prikljucci","8":"first","9":"instock","10":"taxable","11":"shipping-taxable","12":"purchasable","13":"product-type-simple"},"acf":[],"_links":{"self":[{"href":"https:\/\/iron-toys.com\/ba\/wp-json\/wp\/v2\/product\/855","targetHints":{"allow":["GET"]}}],"collection":[{"href":"https:\/\/iron-toys.com\/ba\/wp-json\/wp\/v2\/product"}],"about":[{"href":"https:\/\/iron-toys.com\/ba\/wp-json\/wp\/v2\/types\/product"}],"wp:featuredmedia":[{"embeddable":true,"href":"https:\/\/iron-toys.com\/ba\/wp-json\/wp\/v2\/media\/1044"}],"wp:attachment":[{"href":"https:\/\/iron-toys.com\/ba\/wp-json\/wp\/v2\/media?parent=855"}],"wp:term":[{"taxonomy":"product_brand","embeddable":true,"href":"https:\/\/iron-toys.com\/ba\/wp-json\/wp\/v2\/product_brand?post=855"},{"taxonomy":"product_cat","embeddable":true,"href":"https:\/\/iron-toys.com\/ba\/wp-json\/wp\/v2\/product_cat?post=855"},{"taxonomy":"product_tag","embeddable":true,"href":"https:\/\/iron-toys.com\/ba\/wp-json\/wp\/v2\/product_tag?post=855"}],"curies":[{"name":"wp","href":"https:\/\/api.w.org\/{rel}","templated":true}]}}