{"id":861,"date":"2025-06-28T09:16:06","date_gmt":"2025-06-28T09:16:06","guid":{"rendered":"http:\/\/sl.iron-toys.com\/?post_type=product&#038;p=861"},"modified":"2025-11-24T10:00:28","modified_gmt":"2025-11-24T10:00:28","slug":"iskopna-zlica-200mm","status":"publish","type":"product","link":"https:\/\/iron-toys.com\/ba\/proizvod\/iskopna-zlica-200mm\/","title":{"rendered":"Iskopna \u017elica 200mm"},"content":{"rendered":"<div class=\"flex max-w-full flex-col flex-grow\">\n<div class=\"min-h-8 text-message flex w-full flex-col items-end gap-2 whitespace-normal break-words [.text-message+&amp;]:mt-5\" dir=\"auto\" data-message-author-role=\"assistant\" data-message-id=\"c4e7f56e-520f-4d30-92ca-988880143525\" data-message-model-slug=\"gpt-4o\">\n<div class=\"flex w-full flex-col gap-1 empty:hidden first:pt-[3px]\">\n<div class=\"markdown prose w-full break-words dark:prose-invert light\">\n<p><b>\u00a0<\/b><\/p>\n<\/div>\n<\/div>\n<\/div>\n<\/div>\n","protected":false},"excerpt":{"rendered":"<p class=\"p1\"><b>Iskopna \u017elica odnosno kopa\u010dka \u017elica za mini bager \u2013 200 mm za precizno iskopavanje<\/b><\/p>\n<p class=\"p1\">Iskopna \u017elica \u0161irine 20 cm odli\u010dan je izbor za precizno iskopavanje jaraka i rupa na sku\u010denim mjestima. Izra\u0111ena je od izdr\u017eljivih materijala za dug vijek trajanja i pouzdan rad.<\/p>\n<p class=\"p1\">Prikladna je za gra\u0111evinske i komunalne radove te za vrtlarstvo.<\/p>\n","protected":false},"featured_media":838,"template":"","meta":{"_acf_changed":false},"product_brand":[],"product_cat":[17],"product_tag":[],"class_list":{"0":"post-861","1":"product","2":"type-product","3":"status-publish","4":"has-post-thumbnail","6":"product_cat-prikljucci","8":"first","9":"instock","10":"taxable","11":"shipping-taxable","12":"purchasable","13":"product-type-simple"},"acf":[],"_links":{"self":[{"href":"https:\/\/iron-toys.com\/ba\/wp-json\/wp\/v2\/product\/861","targetHints":{"allow":["GET"]}}],"collection":[{"href":"https:\/\/iron-toys.com\/ba\/wp-json\/wp\/v2\/product"}],"about":[{"href":"https:\/\/iron-toys.com\/ba\/wp-json\/wp\/v2\/types\/product"}],"wp:featuredmedia":[{"embeddable":true,"href":"https:\/\/iron-toys.com\/ba\/wp-json\/wp\/v2\/media\/838"}],"wp:attachment":[{"href":"https:\/\/iron-toys.com\/ba\/wp-json\/wp\/v2\/media?parent=861"}],"wp:term":[{"taxonomy":"product_brand","embeddable":true,"href":"https:\/\/iron-toys.com\/ba\/wp-json\/wp\/v2\/product_brand?post=861"},{"taxonomy":"product_cat","embeddable":true,"href":"https:\/\/iron-toys.com\/ba\/wp-json\/wp\/v2\/product_cat?post=861"},{"taxonomy":"product_tag","embeddable":true,"href":"https:\/\/iron-toys.com\/ba\/wp-json\/wp\/v2\/product_tag?post=861"}],"curies":[{"name":"wp","href":"https:\/\/api.w.org\/{rel}","templated":true}]}}