{"id":307,"date":"2024-11-27T16:05:10","date_gmt":"2024-11-27T16:05:10","guid":{"rendered":"http:\/\/sl.iron-toys.com\/?page_id=307"},"modified":"2026-01-26T15:00:11","modified_gmt":"2026-01-26T15:00:11","slug":"servis-i-garancija","status":"publish","type":"page","link":"https:\/\/iron-toys.com\/hr\/servis-i-garancija\/","title":{"rendered":"Servis i garancija"},"content":{"rendered":"\n\t<section class=\"section\" id=\"section_1477544967\">\n\t\t<div class=\"section-bg fill\" >\n\t\t\t\t\t\t\t\t\t\n\t\t\t\n\n\t\t<\/div>\n\n\t\t\n\n\t\t<div class=\"section-content relative\">\n\t\t\t\n<div class=\"row\"  id=\"row-117480586\">\n\n\t<div id=\"col-871286344\" class=\"col small-12 large-12\"  >\n\t\t\t\t<div class=\"col-inner\"  >\n\t\t\t\n\t\t\t\n\n<nav class=\"breadcrumbs\"><a href=\"https:\/\/iron-toys.com\/hr\">Dom<\/a> > <\/nav>\n\n\t\t<\/div>\n\t\t\t\t\t<\/div>\n\n\t\n<\/div>\n<div class=\"row\"  id=\"row-305311547\">\n\n\t<div id=\"col-1604653851\" class=\"col small-12 large-12\"  >\n\t\t\t\t<div class=\"col-inner\"  >\n\t\t\t\n\t\t\t\n<div class=\"container section-title-container\" ><h1 class=\"section-title section-title-normal\"><b aria-hidden=\"true\"><\/b><span class=\"section-title-main\" >Servis &amp; Garancija<\/span><b aria-hidden=\"true\"><\/b><\/h1><\/div>\n<p data-start=\"65\" data-end=\"130\"><span style=\"font-weight: 400\">Servisiranje mini-bagera i gra\u0111evinskih strojeva klju\u010dno je za njihov pravilni rad i dug vijek trajanja. Nudimo garancijske preglede, garancijski i postgarancijski servis kako bismo osigurali da je va\u0161 stroj uvijek u optimalnom stanju.<\/span><\/p>\n\t\t<\/div>\n\t\t\t\t\t<\/div>\n\n\t\n<\/div>\n<div class=\"row align-middle\"  id=\"row-716545678\">\n\n\t<div id=\"col-1434744735\" class=\"col medium-12 small-12 large-6\"  >\n\t\t\t\t<div class=\"col-inner\"  >\n\t\t\t\n\t\t\t\n\t<div class=\"img has-hover x md-x lg-x y md-y lg-y\" id=\"image_1660671944\">\n\t\t\t\t\t\t\t\t<div class=\"img-inner dark\" >\n\t\t\t<img loading=\"lazy\" decoding=\"async\" width=\"1020\" height=\"680\" src=\"https:\/\/iron-toys.com\/hr\/wp-content\/uploads\/sites\/4\/2025\/09\/DSC00105-1024x683.jpg\" class=\"attachment-large size-large\" alt=\"\" srcset=\"https:\/\/iron-toys.com\/hr\/wp-content\/uploads\/sites\/4\/2025\/09\/DSC00105-1024x683.jpg 1024w, https:\/\/iron-toys.com\/hr\/wp-content\/uploads\/sites\/4\/2025\/09\/DSC00105-300x200.jpg 300w, https:\/\/iron-toys.com\/hr\/wp-content\/uploads\/sites\/4\/2025\/09\/DSC00105-768x512.jpg 768w, https:\/\/iron-toys.com\/hr\/wp-content\/uploads\/sites\/4\/2025\/09\/DSC00105-1536x1024.jpg 1536w, https:\/\/iron-toys.com\/hr\/wp-content\/uploads\/sites\/4\/2025\/09\/DSC00105-655x437.jpg 655w, https:\/\/iron-toys.com\/hr\/wp-content\/uploads\/sites\/4\/2025\/09\/DSC00105.jpg 2048w\" sizes=\"auto, (max-width: 1020px) 100vw, 1020px\" \/>\t\t\t\t\t\t\n\t\t\t\t\t<\/div>\n\t\t\t\t\t\t\t\t\n<style>\n#image_1660671944 {\n  width: 100%;\n}\n<\/style>\n\t<\/div>\n\t\n\t\t<\/div>\n\t\t\t\t\t<\/div>\n\n\t\n\n\t<div id=\"col-1121040035\" class=\"col medium-12 small-12 large-6\"  >\n\t\t\t\t<div class=\"col-inner\"  >\n\t\t\t\n\t\t\t\n<div class=\"container section-title-container mb-0\" ><h2 class=\"section-title section-title-normal\"><b aria-hidden=\"true\"><\/b><span class=\"section-title-main\" >Redovno odr\u017eavanje<\/span><b aria-hidden=\"true\"><\/b><\/h2><\/div>\n<p><span style=\"font-weight: 400\">Redovno odr\u017eavanje je jednostavno i mo\u017eete ga obavljati sami.<\/span><span style=\"font-weight: 400\"><br \/><\/span><span style=\"font-weight: 400\"> Preporu\u010dujemo redovito:<\/span><\/p>\n<ul>\n<li><span style=\"font-weight: 400\">Provjeravati ulje<\/span><\/li>\n<li><span style=\"font-weight: 400\">Provjeravati zra\u010dni filter<\/span><\/li>\n<li><span style=\"font-weight: 400\">Provjeravati rashladnu teku\u0107inu<\/span><\/li>\n<li><span style=\"font-weight: 400\">Redovito podmazivati sve mazne to\u010dke<\/span><\/li>\n<\/ul>\n<p><span style=\"font-weight: 400\">Ova osnovna briga va\u017ena je za dugoro\u010dnu pouzdanost va\u0161eg stroja.<\/span><\/p>\n\t\t<\/div>\n\t\t\t\t\t<\/div>\n\n\t\n<\/div>\n\t<div id=\"gap-1576155447\" class=\"gap-element clearfix\" style=\"display:block; height:auto;\">\n\t\t\n<style>\n#gap-1576155447 {\n  padding-top: 30px;\n}\n<\/style>\n\t<\/div>\n\t\n<div class=\"row align-middle\"  id=\"row-187055549\">\n\n\t<div id=\"col-1177259591\" class=\"col medium-12 small-12 large-6\"  >\n\t\t\t\t<div class=\"col-inner\"  >\n\t\t\t\n\t\t\t\n<div class=\"container section-title-container mb-0\" ><h2 class=\"section-title section-title-normal\"><b aria-hidden=\"true\"><\/b><span class=\"section-title-main\" >Garancijski pregledi<\/span><b aria-hidden=\"true\"><\/b><\/h2><\/div>\n<p><span style=\"font-weight: 400\">Garancijski pregledi su va\u017eni za odr\u017eavanje pune garancije na va\u0161 stroj. Ovi pregledi se obavljaju u propisanim intervalima radnih sati motora i uklju\u010duju:<\/span><\/p>\n<ul>\n<li><span style=\"font-weight: 400\">Zamjenu ulja<\/span><\/li>\n<li style=\"font-weight: 400\"><span style=\"font-weight: 400\">Zamjenu filtera (uljnog, zra\u010dnog, goriva, hidrauli\u010dnog)<\/span><\/li>\n<li style=\"font-weight: 400\"><span style=\"font-weight: 400\">Dopunjavanje\/zamjenu hidrauli\u010dnog ulja<\/span><\/li>\n<li style=\"font-weight: 400\"><span style=\"font-weight: 400\">Zatezanje remenja<\/span><\/li>\n<li><span style=\"font-weight: 400\">Provjeru elektri\u010dne instalacije<\/span><\/li>\n<li><span style=\"font-weight: 400\">Dopunjavanje rashladne teku\u0107ine<\/span><\/li>\n<li><span style=\"font-weight: 400\">Provjeru funkcija stroja<\/span><\/li>\n<\/ul>\n\t\t<\/div>\n\t\t\t\t\t<\/div>\n\n\t\n\n\t<div id=\"col-932410781\" class=\"col medium-12 small-12 large-6 medium-col-first\"  >\n\t\t\t\t<div class=\"col-inner\"  >\n\t\t\t\n\t\t\t\n\t<div class=\"img has-hover x md-x lg-x y md-y lg-y\" id=\"image_349266975\">\n\t\t\t\t\t\t\t\t<div class=\"img-inner dark\" >\n\t\t\t<img loading=\"lazy\" decoding=\"async\" width=\"1020\" height=\"765\" src=\"https:\/\/iron-toys.com\/hr\/wp-content\/uploads\/sites\/4\/2025\/12\/IMG_1992-1-1024x768.jpg\" class=\"attachment-large size-large\" alt=\"\" srcset=\"https:\/\/iron-toys.com\/hr\/wp-content\/uploads\/sites\/4\/2025\/12\/IMG_1992-1-1024x768.jpg 1024w, https:\/\/iron-toys.com\/hr\/wp-content\/uploads\/sites\/4\/2025\/12\/IMG_1992-1-300x225.jpg 300w, https:\/\/iron-toys.com\/hr\/wp-content\/uploads\/sites\/4\/2025\/12\/IMG_1992-1-768x576.jpg 768w, https:\/\/iron-toys.com\/hr\/wp-content\/uploads\/sites\/4\/2025\/12\/IMG_1992-1-1536x1152.jpg 1536w, https:\/\/iron-toys.com\/hr\/wp-content\/uploads\/sites\/4\/2025\/12\/IMG_1992-1-scaled.jpg 2048w, https:\/\/iron-toys.com\/hr\/wp-content\/uploads\/sites\/4\/2025\/12\/IMG_1992-1-655x491.jpg 655w\" sizes=\"auto, (max-width: 1020px) 100vw, 1020px\" \/>\t\t\t\t\t\t\n\t\t\t\t\t<\/div>\n\t\t\t\t\t\t\t\t\n<style>\n#image_349266975 {\n  width: 100%;\n}\n<\/style>\n\t<\/div>\n\t\n\t\t<\/div>\n\t\t\t\t\t<\/div>\n\n\t\n<\/div>\n\t<div id=\"gap-634937784\" class=\"gap-element clearfix\" style=\"display:block; height:auto;\">\n\t\t\n<style>\n#gap-634937784 {\n  padding-top: 30px;\n}\n<\/style>\n\t<\/div>\n\t\n<div class=\"row align-middle\"  id=\"row-288488380\">\n\n\t<div id=\"col-964705290\" class=\"col medium-12 small-12 large-6\"  >\n\t\t\t\t<div class=\"col-inner\"  >\n\t\t\t\n\t\t\t\n\t<div class=\"img has-hover x md-x lg-x y md-y lg-y\" id=\"image_1815260975\">\n\t\t\t\t\t\t\t\t<div class=\"img-inner dark\" >\n\t\t\t<img loading=\"lazy\" decoding=\"async\" width=\"1020\" height=\"765\" src=\"https:\/\/iron-toys.com\/hr\/wp-content\/uploads\/sites\/4\/2025\/10\/WhatsApp-Image-2025-09-25-at-11.03.13-1-1024x768.jpeg\" class=\"attachment-large size-large\" alt=\"\" srcset=\"https:\/\/iron-toys.com\/hr\/wp-content\/uploads\/sites\/4\/2025\/10\/WhatsApp-Image-2025-09-25-at-11.03.13-1-1024x768.jpeg 1024w, https:\/\/iron-toys.com\/hr\/wp-content\/uploads\/sites\/4\/2025\/10\/WhatsApp-Image-2025-09-25-at-11.03.13-1-300x225.jpeg 300w, https:\/\/iron-toys.com\/hr\/wp-content\/uploads\/sites\/4\/2025\/10\/WhatsApp-Image-2025-09-25-at-11.03.13-1-768x576.jpeg 768w, https:\/\/iron-toys.com\/hr\/wp-content\/uploads\/sites\/4\/2025\/10\/WhatsApp-Image-2025-09-25-at-11.03.13-1-1536x1152.jpeg 1536w, https:\/\/iron-toys.com\/hr\/wp-content\/uploads\/sites\/4\/2025\/10\/WhatsApp-Image-2025-09-25-at-11.03.13-1-655x491.jpeg 655w, https:\/\/iron-toys.com\/hr\/wp-content\/uploads\/sites\/4\/2025\/10\/WhatsApp-Image-2025-09-25-at-11.03.13-1.jpeg 1600w\" sizes=\"auto, (max-width: 1020px) 100vw, 1020px\" \/>\t\t\t\t\t\t\n\t\t\t\t\t<\/div>\n\t\t\t\t\t\t\t\t\n<style>\n#image_1815260975 {\n  width: 100%;\n}\n<\/style>\n\t<\/div>\n\t\n\t\t<\/div>\n\t\t\t\t\t<\/div>\n\n\t\n\n\t<div id=\"col-1842738046\" class=\"col medium-12 small-12 large-6\"  >\n\t\t\t\t<div class=\"col-inner\"  >\n\t\t\t\n\t\t\t\n<div class=\"container section-title-container mb-0\" ><h2 class=\"section-title section-title-normal\"><b aria-hidden=\"true\"><\/b><span class=\"section-title-main\" >Kako naru\u010diti garancijski pregled<\/span><b aria-hidden=\"true\"><\/b><\/h2><\/div>\n<p><span style=\"font-weight: 400\">Garancijski pregled mo\u017eete naru\u010diti putem e-po\u0161te ili telefona. <\/span><span style=\"font-weight: 400\">Cijenu servisa uvijek unaprijed dogovaramo kako biste to\u010dno znali koliko \u0107e servis ko\u0161tati.<\/span><\/p>\n<p>Cjenovna politika servisa<\/p>\n<ul>\n<li>Putni tro\u0161kovi obra\u010dunavaju se u iznosu od 0,68 EUR\/km<\/li>\n<li>Vrijeme vo\u017enje obra\u010dunava se 10,00 EUR po satu<\/li>\n<li>Satnica servisa (izvan jamstva) iznosi 40,00 EUR po satu<\/li>\n<li>U slu\u010daju kori\u0161tenja trajekta, tro\u0161ak se obra\u010dunava zasebno<\/li>\n<\/ul>\n\t\t<\/div>\n\t\t\t\t\t<\/div>\n\n\t\n<\/div>\n\t<div id=\"gap-630909784\" class=\"gap-element clearfix\" style=\"display:block; height:auto;\">\n\t\t\n<style>\n#gap-630909784 {\n  padding-top: 30px;\n}\n<\/style>\n\t<\/div>\n\t\n<div class=\"row align-middle\"  id=\"row-362723713\">\n\n\t<div id=\"col-1553254526\" class=\"col medium-12 small-12 large-6\"  >\n\t\t\t\t<div class=\"col-inner\"  >\n\t\t\t\n\t\t\t\n<div class=\"container section-title-container mb-0\" ><h2 class=\"section-title section-title-normal\"><b aria-hidden=\"true\"><\/b><span class=\"section-title-main\" >Garancijski servis<\/span><b aria-hidden=\"true\"><\/b><\/h2><\/div>\n<p><span style=\"font-weight: 400\">Ako redovno obavljate garancijske preglede, ostvarujete pravo na punu garanciju. U slu\u010daju kvara:<\/span><\/p>\n<ol>\n<li><span style=\"font-weight: 400\">Prijavite nam problem.<\/span><\/li>\n<li><span style=\"font-weight: 400\">Na\u0161 \u0107e tehni\u010dar do\u0107i na va\u0161u adresu i otkloniti kvar, uklju\u010duju\u0107i i prijevoz.<\/span><\/li>\n<li><span style=\"font-weight: 400\">Ako nije mogu\u0107e popraviti stroj na licu mjesta, odvest \u0107emo ga u na\u0161 servisni centar, ondje popraviti kvar i vratiti vam stroj bez ikakve naknade.<\/span><\/li>\n<li><span style=\"font-weight: 400\">Sve to o na\u0161em tro\u0161ku.<\/span><\/li>\n<\/ol>\n\t\t<\/div>\n\t\t\t\t\t<\/div>\n\n\t\n\n\t<div id=\"col-1410487763\" class=\"col medium-12 small-12 large-6 medium-col-first\"  >\n\t\t\t\t<div class=\"col-inner\"  >\n\t\t\t\n\t\t\t\n\t<div class=\"img has-hover x md-x lg-x y md-y lg-y\" id=\"image_954815166\">\n\t\t\t\t\t\t\t\t<div class=\"img-inner dark\" >\n\t\t\t<img loading=\"lazy\" decoding=\"async\" width=\"1020\" height=\"680\" src=\"https:\/\/iron-toys.com\/hr\/wp-content\/uploads\/sites\/4\/2025\/06\/DSC00083-1024x683.jpg\" class=\"attachment-large size-large\" alt=\"\" srcset=\"https:\/\/iron-toys.com\/hr\/wp-content\/uploads\/sites\/4\/2025\/06\/DSC00083-1024x683.jpg 1024w, https:\/\/iron-toys.com\/hr\/wp-content\/uploads\/sites\/4\/2025\/06\/DSC00083-300x200.jpg 300w, https:\/\/iron-toys.com\/hr\/wp-content\/uploads\/sites\/4\/2025\/06\/DSC00083-768x512.jpg 768w, https:\/\/iron-toys.com\/hr\/wp-content\/uploads\/sites\/4\/2025\/06\/DSC00083-1536x1024.jpg 1536w, https:\/\/iron-toys.com\/hr\/wp-content\/uploads\/sites\/4\/2025\/06\/DSC00083-655x437.jpg 655w, https:\/\/iron-toys.com\/hr\/wp-content\/uploads\/sites\/4\/2025\/06\/DSC00083.jpg 2048w\" sizes=\"auto, (max-width: 1020px) 100vw, 1020px\" \/>\t\t\t\t\t\t\n\t\t\t\t\t<\/div>\n\t\t\t\t\t\t\t\t\n<style>\n#image_954815166 {\n  width: 100%;\n}\n<\/style>\n\t<\/div>\n\t\n\t\t<\/div>\n\t\t\t\t\t<\/div>\n\n\t\n<\/div>\n\t<div id=\"gap-1246296983\" class=\"gap-element clearfix\" style=\"display:block; height:auto;\">\n\t\t\n<style>\n#gap-1246296983 {\n  padding-top: 30px;\n}\n<\/style>\n\t<\/div>\n\t\n<div class=\"row\"  id=\"row-521165571\">\n\n\t<div id=\"col-819479250\" class=\"col small-12 large-12\"  >\n\t\t\t\t<div class=\"col-inner\"  >\n\t\t\t\n\t\t\t\n<div class=\"container section-title-container mb-0\" ><h2 class=\"section-title section-title-normal\"><b aria-hidden=\"true\"><\/b><span class=\"section-title-main\" >Postgarancijski servis<\/span><b aria-hidden=\"true\"><\/b><\/h2><\/div>\n<p data-start=\"65\" data-end=\"130\"><span style=\"font-weight: 400\">Ni nakon isteka garancije ne\u0107emo vas ostaviti na cjedilu. Pru\u017eamo postgarancijski servis za sve na\u0161e kupce. Bilo da se radi o kvaru ili redovnom servisu, na\u0161i tehni\u010dari spremni su do\u0107i bilo gdje u Hrvatskoj, ili mo\u017eete dovesti stroj u na\u0161 servisni centar.<\/span><\/p>\n\t\t<\/div>\n\t\t\t\t\t<\/div>\n\n\t\n<\/div>\n\t\t<\/div>\n\n\t\t\n<style>\n#section_1477544967 {\n  padding-top: 60px;\n  padding-bottom: 60px;\n}\n<\/style>\n\t<\/section>\n\t\n","protected":false},"excerpt":{"rendered":"","protected":false},"author":1,"featured_media":0,"parent":0,"menu_order":0,"comment_status":"closed","ping_status":"closed","template":"page-blank.php","meta":{"_acf_changed":false,"footnotes":""},"class_list":["post-307","page","type-page","status-publish","hentry"],"acf":[],"_links":{"self":[{"href":"https:\/\/iron-toys.com\/hr\/wp-json\/wp\/v2\/pages\/307","targetHints":{"allow":["GET"]}}],"collection":[{"href":"https:\/\/iron-toys.com\/hr\/wp-json\/wp\/v2\/pages"}],"about":[{"href":"https:\/\/iron-toys.com\/hr\/wp-json\/wp\/v2\/types\/page"}],"author":[{"embeddable":true,"href":"https:\/\/iron-toys.com\/hr\/wp-json\/wp\/v2\/users\/1"}],"replies":[{"embeddable":true,"href":"https:\/\/iron-toys.com\/hr\/wp-json\/wp\/v2\/comments?post=307"}],"version-history":[{"count":15,"href":"https:\/\/iron-toys.com\/hr\/wp-json\/wp\/v2\/pages\/307\/revisions"}],"predecessor-version":[{"id":1155,"href":"https:\/\/iron-toys.com\/hr\/wp-json\/wp\/v2\/pages\/307\/revisions\/1155"}],"wp:attachment":[{"href":"https:\/\/iron-toys.com\/hr\/wp-json\/wp\/v2\/media?parent=307"}],"curies":[{"name":"wp","href":"https:\/\/api.w.org\/{rel}","templated":true}]}}