{"id":78,"date":"2024-11-10T17:50:55","date_gmt":"2024-11-10T17:50:55","guid":{"rendered":"http:\/\/sl.iron-toys.com\/?page_id=78"},"modified":"2026-03-25T10:44:25","modified_gmt":"2026-03-25T10:44:25","slug":"o-nama","status":"publish","type":"page","link":"https:\/\/iron-toys.com\/hr\/o-nama\/","title":{"rendered":"O nama"},"content":{"rendered":"\n\t<section class=\"section\" id=\"section_1470792975\">\n\t\t<div class=\"section-bg fill\" >\n\t\t\t\t\t\t\t\t\t\n\t\t\t\n\n\t\t<\/div>\n\n\t\t\n\n\t\t<div class=\"section-content relative\">\n\t\t\t\n<div class=\"row row-collapse\"  id=\"row-1526282228\">\n\n\t<div id=\"col-1453758965\" class=\"col small-12 large-12\"  >\n\t\t\t\t<div class=\"col-inner\"  >\n\t\t\t\n\t\t\t\n\n<nav class=\"breadcrumbs\"><a href=\"https:\/\/iron-toys.com\/hr\">Dom<\/a> > <\/nav>\n\n\t\t<\/div>\n\t\t\t\t\t<\/div>\n\n\t\n<\/div>\n<div class=\"row align-middle\"  id=\"row-490235939\">\n\n\t<div id=\"col-782352525\" class=\"col medium-6 small-12 large-6\"  >\n\t\t\t\t<div class=\"col-inner\"  >\n\t\t\t\n\t\t\t\n<div class=\"container section-title-container\" ><h1 class=\"section-title section-title-normal\"><b aria-hidden=\"true\"><\/b><span class=\"section-title-main\" >O podjetju<\/span><b aria-hidden=\"true\"><\/b><\/h1><\/div>\n<p class=\"p1\"><b>Iron Toys<\/b> je poduze\u0107e specijalizirano za prodaju mini bagera i druge gra\u0111evinske mehanizacije. Trenutno smo prisutni u Sloveniji, Hrvatskoj, Austriji i Bosni. Na\u0161 cilj je ponuditi pouzdane i cjenovno pristupa\u010dne strojeve koji omogu\u0107uju brzo, u\u010dinkovito i sigurno izvo\u0111enje radova \u2013 kako profesionalcima u gra\u0111evinskom sektoru, tako i privatnim korisnicima.<\/p>\n<p class=\"p1\">U na\u0161oj ponudi nalaze se vlastiti proizvodi te strojevi provjerenih i pouzdanih proizvo\u0111a\u010da. Sura\u0111ujemo izravno s dobavlja\u010dima, \u0161to nam omogu\u0107uje konkurentne cijene i dobru kontrolu kvalitete. Dostupni su mini bageri razli\u010ditih dimenzija, priklju\u010dci i dodatna oprema \u2013 sve spremno za trenutnu upotrebu.<\/p>\n<p class=\"p1\">Posve\u0107eni smo jednostavnosti, po\u0161tenju i podr\u0161ci kupcima. Osiguravamo garanciju i rezervne dijelove za sve strojeve.<\/p>\n<p class=\"p1\">Dobrodo\u0161li u <b>Iron Toys<\/b> \u2013 gdje zajedno gradimo budu\u0107nost.<\/p>\n\t\t<\/div>\n\t\t\t\t\t<\/div>\n\n\t\n\n\t<div id=\"col-1695334909\" class=\"col medium-6 small-12 large-6\"  >\n\t\t\t\t<div class=\"col-inner\"  >\n\t\t\t\n\t\t\t\n\t<div class=\"img has-hover x md-x lg-x y md-y lg-y\" id=\"image_1660145956\">\n\t\t\t\t\t\t\t\t<div class=\"img-inner dark\" >\n\t\t\t<img loading=\"lazy\" decoding=\"async\" width=\"576\" height=\"448\" src=\"https:\/\/iron-toys.com\/hr\/wp-content\/uploads\/sites\/4\/2025\/06\/d8281d42a1d898477c21d6f9ab2bfed75c6db444.png\" class=\"attachment-large size-large\" alt=\"\" srcset=\"https:\/\/iron-toys.com\/hr\/wp-content\/uploads\/sites\/4\/2025\/06\/d8281d42a1d898477c21d6f9ab2bfed75c6db444.png 576w, https:\/\/iron-toys.com\/hr\/wp-content\/uploads\/sites\/4\/2025\/06\/d8281d42a1d898477c21d6f9ab2bfed75c6db444-510x397.png 510w, https:\/\/iron-toys.com\/hr\/wp-content\/uploads\/sites\/4\/2025\/06\/d8281d42a1d898477c21d6f9ab2bfed75c6db444-300x233.png 300w\" sizes=\"auto, (max-width: 576px) 100vw, 576px\" \/>\t\t\t\t\t\t\n\t\t\t\t\t<\/div>\n\t\t\t\t\t\t\t\t\n<style>\n#image_1660145956 {\n  width: 100%;\n}\n<\/style>\n\t<\/div>\n\t\n\t\t<\/div>\n\t\t\t\t\t<\/div>\n\n\t\n<\/div>\n\t<div id=\"gap-1558630049\" class=\"gap-element clearfix\" style=\"display:block; height:auto;\">\n\t\t\n<style>\n#gap-1558630049 {\n  padding-top: 30px;\n}\n<\/style>\n\t<\/div>\n\t\n<div class=\"row align-middle\"  id=\"row-1055468443\">\n\n\t<div id=\"col-1831513073\" class=\"col medium-6 small-12 large-3\"  >\n\t\t\t\t<div class=\"col-inner\"  >\n\t\t\t\n\t\t\t\n\n\t\t<div class=\"icon-box featured-box colored-section-icons icon-box-left text-left\"  >\n\t\t\t\t\t<div class=\"icon-box-img\" style=\"width: 60px\">\n\t\t\t\t<div class=\"icon\">\n\t\t\t\t\t<div class=\"icon-inner\" style=\"color:rgba(235, 0, 0, 0);\">\n\t\t\t\t\t\t<img loading=\"lazy\" decoding=\"async\" width=\"57\" height=\"57\" src=\"https:\/\/iron-toys.com\/hr\/wp-content\/uploads\/sites\/4\/2025\/06\/servis.png\" class=\"attachment-medium size-medium\" alt=\"\" \/>\t\t\t\t\t<\/div>\n\t\t\t\t<\/div>\n\t\t\t<\/div>\n\t\t\t\t<div class=\"icon-box-text last-reset\">\n\t\t\t<h5 class=\"uppercase\">POUZDAN SERVIS<\/h5>\t\t\t\t\t\t\n\t\t<\/div>\n\t<\/div>\n\t\n\t\n\t\t<\/div>\n\t\t\t\t\t<\/div>\n\n\t\n\n\t<div id=\"col-1396144418\" class=\"col medium-6 small-12 large-3\"  >\n\t\t\t\t<div class=\"col-inner\"  >\n\t\t\t\n\t\t\t\n\n\t\t<div class=\"icon-box featured-box colored-section-icons icon-box-left text-left\"  >\n\t\t\t\t\t<div class=\"icon-box-img\" style=\"width: 60px\">\n\t\t\t\t<div class=\"icon\">\n\t\t\t\t\t<div class=\"icon-inner\" style=\"color:rgba(235, 0, 0, 0);\">\n\t\t\t\t\t\t<img loading=\"lazy\" decoding=\"async\" width=\"57\" height=\"57\" src=\"https:\/\/iron-toys.com\/hr\/wp-content\/uploads\/sites\/4\/2025\/06\/garancija.png\" class=\"attachment-medium size-medium\" alt=\"\" \/>\t\t\t\t\t<\/div>\n\t\t\t\t<\/div>\n\t\t\t<\/div>\n\t\t\t\t<div class=\"icon-box-text last-reset\">\n\t\t\t<h5 class=\"uppercase\">JAMSTVO UZ KUPNJU<\/h5>\t\t\t\t\t\t\n\t\t<\/div>\n\t<\/div>\n\t\n\t\n\t\t<\/div>\n\t\t\t\t\t<\/div>\n\n\t\n\n\t<div id=\"col-1931770157\" class=\"col medium-6 small-12 large-3\"  >\n\t\t\t\t<div class=\"col-inner\"  >\n\t\t\t\n\t\t\t\n\n\t\t<div class=\"icon-box featured-box colored-section-icons icon-box-left text-left\"  >\n\t\t\t\t\t<div class=\"icon-box-img\" style=\"width: 60px\">\n\t\t\t\t<div class=\"icon\">\n\t\t\t\t\t<div class=\"icon-inner\" style=\"color:rgba(235, 0, 0, 0);\">\n\t\t\t\t\t\t<img loading=\"lazy\" decoding=\"async\" width=\"57\" height=\"57\" src=\"https:\/\/iron-toys.com\/hr\/wp-content\/uploads\/sites\/4\/2025\/06\/rezervni-deli.png\" class=\"attachment-medium size-medium\" alt=\"\" \/>\t\t\t\t\t<\/div>\n\t\t\t\t<\/div>\n\t\t\t<\/div>\n\t\t\t\t<div class=\"icon-box-text last-reset\">\n\t\t\t<h5 class=\"uppercase\">REZERVNI DIJELOVI ZA SVE STROJEVE<\/h5>\t\t\t\t\t\t\n\t\t<\/div>\n\t<\/div>\n\t\n\t\n\t\t<\/div>\n\t\t\t\t\t<\/div>\n\n\t\n\n\t<div id=\"col-1129551426\" class=\"col medium-6 small-12 large-3\"  >\n\t\t\t\t<div class=\"col-inner\"  >\n\t\t\t\n\t\t\t\n\n\t\t<div class=\"icon-box featured-box colored-section-icons icon-box-left text-left\"  >\n\t\t\t\t\t<div class=\"icon-box-img\" style=\"width: 60px\">\n\t\t\t\t<div class=\"icon\">\n\t\t\t\t\t<div class=\"icon-inner\" style=\"color:rgba(235, 0, 0, 0);\">\n\t\t\t\t\t\t<img loading=\"lazy\" decoding=\"async\" width=\"57\" height=\"57\" src=\"https:\/\/iron-toys.com\/hr\/wp-content\/uploads\/sites\/4\/2025\/06\/financiranje.png\" class=\"attachment-medium size-medium\" alt=\"\" \/>\t\t\t\t\t<\/div>\n\t\t\t\t<\/div>\n\t\t\t<\/div>\n\t\t\t\t<div class=\"icon-box-text last-reset\">\n\t\t\t<h5 class=\"uppercase\">STRU\u010cNA POMO\u0106 I SAVJETOVANJE<\/h5>\t\t\t\t\t\t\n\t\t<\/div>\n\t<\/div>\n\t\n\t\n\t\t<\/div>\n\t\t\t\t\t<\/div>\n\n\t\n<\/div>\n\t<div id=\"gap-907096634\" class=\"gap-element clearfix\" style=\"display:block; height:auto;\">\n\t\t\n<style>\n#gap-907096634 {\n  padding-top: 30px;\n}\n<\/style>\n\t<\/div>\n\t\n<div class=\"row align-middle\"  id=\"row-1925825935\">\n\n\t<div id=\"col-1285532472\" class=\"col medium-6 small-12 large-6\"  >\n\t\t\t\t<div class=\"col-inner\"  >\n\t\t\t\n\t\t\t\n\n\t<script type=\"text\/javascript\">\n  jQuery( document ).ready(function() {\n    function initialize() {\n        var styles = {\n            'flatsome':  [{\n            \"featureType\": \"administrative\",\n            \"stylers\": [\n              { \"visibility\": \"on\" }\n            ]\n          },\n          {\n            \"featureType\": \"road\",\n            \"stylers\": [\n              { \"visibility\": \"on\" },\n              { \"hue\": \"\" }\n            ]\n          },\n          {\n            \"stylers\": [\n\t\t\t  { \"visibility\": \"on\" },\n\t\t\t  { \"hue\": \"\" },\n\t\t\t  { \"saturation\": -30 }\n            ]\n          }\n        ]};\n\n        var myLatlng = new google.maps.LatLng(45.75694, 15.853151);\n        var myOptions = {\n            zoom: 11,\n            center: myLatlng,\n            mapTypeId: google.maps.MapTypeId.ROADMAP,\n            disableDefaultUI: true,\n            mapTypeId: 'flatsome',\n            draggable: true,\n            zoomControl: true,\n            zoomControlOptions: {\n              position: google.maps.ControlPosition.TOP_LEFT\n            },\n      \t\t\tmapTypeControl: true,\n            mapTypeControlOptions: {\n              position: google.maps.ControlPosition.TOP_LEFT\n            },\n      \t\t\tstreetViewControl: true,\n            streetViewControlOptions: {\n              position: google.maps.ControlPosition.TOP_LEFT\n            },\n            scrollwheel: false,\n            disableDoubleClickZoom: true\n        }\n        var map = new google.maps.Map(document.getElementById(\"map-2446875723-inner\"), myOptions);\n        var styledMapType = new google.maps.StyledMapType(styles['flatsome'], {name: 'flatsome'});\n        map.mapTypes.set('flatsome', styledMapType);\n\n        var marker = new google.maps.Marker({\n            position: myLatlng,\n            map: map,\n            title:\"\"\n        });\n    }\n\n    \/\/ Required to proceed\n    if (!(typeof google === 'object' && typeof google.maps === 'object')) {\n      return\n    }\n\n    initialize()\n    google.maps.event.addDomListener(window, 'resize', initialize);\n    });\n    <\/script>\n\n    <div class=\"google-map relative mb\" id=\"map-2446875723\">\n        <div class=\"map-height\" id=\"map-2446875723-inner\"><\/div>\n        <div id=\"map_overlay_top\"><\/div>\n        <div id=\"map_overlay_bottom\"><\/div>\n                  <div class=\"map_inner map-inner last-reset absolute x95 md-x95 lg-x95 y95 md-y95 lg-y95\">\n              \n<h4>LOKACIJA ZAGREB:<\/h2>\n<p><a href=\"https:\/\/maps.app.goo.gl\/1z98dmwKpFvEo4dF9\" style=\"color: black;text-decoration:underline\" rel=\"nofollow noopener\" target=\"_blank\">Gornjostupni\u010dka 9g, 10255 Gornji Stupnik<\/a>.<\/p>\n         <\/div>\n       \n       \n<style>\n#map-2446875723 .map-inner {\n  background-color: #fff;\n  max-width: 90%;\n}\n#map-2446875723 .map-height {\n  height: 400px;\n}\n@media (min-width:550px) {\n  #map-2446875723 .map-inner {\n    max-width: 40%;\n  }\n}\n@media (min-width:850px) {\n  #map-2446875723 .map-inner {\n    max-width: 60%;\n  }\n}\n<\/style>\n    <\/div>\n\n\t\n\t\t<\/div>\n\t\t\t\t\t<\/div>\n\n\t\n\n\t<div id=\"col-989495053\" class=\"col medium-6 small-12 large-6 small-col-first\"  >\n\t\t\t\t<div class=\"col-inner\"  >\n\t\t\t\n\t\t\t\n<h2>Podaci o poduze\u0107u<\/h2>\n<p style=\"text-align: left\">Naziv: Iron Toys d.o.o.<\/p>\n<p style=\"text-align: left\">Adresa: Karlova\u010dka cesta 20, 10255 Gornji Stupnik<\/p>\n<p style=\"text-align: left\">\u017dupanija: Grad Zagreb i Zagreba\u010dka \u017eupanija<\/p>\n<p style=\"text-align: left\">Mati\u010dni broj : 06120075-081650314<br \/>OIB: 58881544110<\/p>\n<p>Transakcijski ra\u010duni IBAN: HR47 2402 0061 1012 8780 9<\/p>\n<div class=\"address-line full-width\">\u00a0<\/div>\n\t\t<\/div>\n\t\t\t\t\t<\/div>\n\n\t\n<\/div>\n\t\t<\/div>\n\n\t\t\n<style>\n#section_1470792975 {\n  padding-top: 30px;\n  padding-bottom: 30px;\n}\n<\/style>\n\t<\/section>\n\t\n","protected":false},"excerpt":{"rendered":"","protected":false},"author":1,"featured_media":0,"parent":0,"menu_order":0,"comment_status":"closed","ping_status":"closed","template":"page-blank.php","meta":{"_acf_changed":false,"footnotes":""},"class_list":["post-78","page","type-page","status-publish","hentry"],"acf":[],"_links":{"self":[{"href":"https:\/\/iron-toys.com\/hr\/wp-json\/wp\/v2\/pages\/78","targetHints":{"allow":["GET"]}}],"collection":[{"href":"https:\/\/iron-toys.com\/hr\/wp-json\/wp\/v2\/pages"}],"about":[{"href":"https:\/\/iron-toys.com\/hr\/wp-json\/wp\/v2\/types\/page"}],"author":[{"embeddable":true,"href":"https:\/\/iron-toys.com\/hr\/wp-json\/wp\/v2\/users\/1"}],"replies":[{"embeddable":true,"href":"https:\/\/iron-toys.com\/hr\/wp-json\/wp\/v2\/comments?post=78"}],"version-history":[{"count":47,"href":"https:\/\/iron-toys.com\/hr\/wp-json\/wp\/v2\/pages\/78\/revisions"}],"predecessor-version":[{"id":1221,"href":"https:\/\/iron-toys.com\/hr\/wp-json\/wp\/v2\/pages\/78\/revisions\/1221"}],"wp:attachment":[{"href":"https:\/\/iron-toys.com\/hr\/wp-json\/wp\/v2\/media?parent=78"}],"curies":[{"name":"wp","href":"https:\/\/api.w.org\/{rel}","templated":true}]}}