{"id":1073,"date":"2025-08-05T17:24:24","date_gmt":"2025-08-05T17:24:24","guid":{"rendered":"https:\/\/iron-toys.com\/hr\/?post_type=product&#038;p=1073"},"modified":"2025-11-05T17:37:10","modified_gmt":"2025-11-05T17:37:10","slug":"paletne-vilice","status":"publish","type":"product","link":"https:\/\/iron-toys.com\/hr\/izdelek\/paletne-vilice\/","title":{"rendered":"Paletne vilice"},"content":{"rendered":"<div class=\"flex max-w-full flex-col flex-grow\">\n<div class=\"min-h-8 text-message flex w-full flex-col items-end gap-2 whitespace-normal break-words [.text-message+&amp;]:mt-5\" dir=\"auto\" data-message-author-role=\"assistant\" data-message-id=\"c4e7f56e-520f-4d30-92ca-988880143525\" data-message-model-slug=\"gpt-4o\">\n<div class=\"flex w-full flex-col gap-1 empty:hidden first:pt-[3px]\">\n<div class=\"markdown prose w-full break-words dark:prose-invert light\">\n<p><b>\u00a0<\/b><\/p>\n<\/div>\n<\/div>\n<\/div>\n<\/div>\n","protected":false},"excerpt":{"rendered":"<div class=\"flex max-w-full flex-col flex-grow\">\n<div class=\"min-h-8 text-message flex w-full flex-col items-end gap-2 whitespace-normal break-words [.text-message+&amp;]:mt-5\" dir=\"auto\" data-message-author-role=\"assistant\" data-message-id=\"c4e7f56e-520f-4d30-92ca-988880143525\" data-message-model-slug=\"gpt-4o\">\n<div class=\"flex w-full flex-col gap-1 empty:hidden first:pt-[3px]\">\n<div class=\"markdown prose w-full break-words dark:prose-invert light\">\n<div class=\"flex max-w-full flex-col flex-grow\">\n<div class=\"min-h-8 text-message flex w-full flex-col items-end gap-2 whitespace-normal break-words [.text-message+&amp;]:mt-5\" dir=\"auto\" data-message-author-role=\"assistant\" data-message-id=\"a8a5e0d5-607b-44b4-868a-1dbab690b6f7\" data-message-model-slug=\"gpt-4o\">\n<div class=\"flex w-full flex-col gap-1 empty:hidden first:pt-[3px]\">\n<div class=\"markdown prose w-full break-words dark:prose-invert light\">\n<p><strong data-start=\"94\" data-end=\"171\">Paletne vilice za mini bager \u2013 za sigurno podizanje i premje\u0161tanje tereta<\/strong><\/p>\n<p data-start=\"173\" data-end=\"433\">Paletne vilice omogu\u0107uju jednostavno i u\u010dinkovito podizanje, premje\u0161tanje i slaganje paleta, gra\u0111evinskog materijala ili drugih tereta pomo\u0107u mini bagera. Zahvaljuju\u0107i \u010dvrstoj konstrukciji i jednostavnom rukovanju, idealne su za svakodnevnu upotrebu na terenu.<\/p>\n<p data-start=\"435\" data-end=\"501\">Prikladne su za gra\u0111evinske, poljoprivredne i komunalne zadatke.<\/p>\n<\/div>\n<\/div>\n<\/div>\n<\/div>\n<\/div>\n<\/div>\n<\/div>\n<\/div>\n","protected":false},"featured_media":1074,"template":"","meta":{"_acf_changed":false},"product_brand":[],"product_cat":[17],"product_tag":[],"class_list":{"0":"post-1073","1":"product","2":"type-product","3":"status-publish","4":"has-post-thumbnail","6":"product_cat-prikljucci","8":"first","9":"instock","10":"taxable","11":"shipping-taxable","12":"purchasable","13":"product-type-simple"},"acf":[],"_links":{"self":[{"href":"https:\/\/iron-toys.com\/hr\/wp-json\/wp\/v2\/product\/1073","targetHints":{"allow":["GET"]}}],"collection":[{"href":"https:\/\/iron-toys.com\/hr\/wp-json\/wp\/v2\/product"}],"about":[{"href":"https:\/\/iron-toys.com\/hr\/wp-json\/wp\/v2\/types\/product"}],"wp:featuredmedia":[{"embeddable":true,"href":"https:\/\/iron-toys.com\/hr\/wp-json\/wp\/v2\/media\/1074"}],"wp:attachment":[{"href":"https:\/\/iron-toys.com\/hr\/wp-json\/wp\/v2\/media?parent=1073"}],"wp:term":[{"taxonomy":"product_brand","embeddable":true,"href":"https:\/\/iron-toys.com\/hr\/wp-json\/wp\/v2\/product_brand?post=1073"},{"taxonomy":"product_cat","embeddable":true,"href":"https:\/\/iron-toys.com\/hr\/wp-json\/wp\/v2\/product_cat?post=1073"},{"taxonomy":"product_tag","embeddable":true,"href":"https:\/\/iron-toys.com\/hr\/wp-json\/wp\/v2\/product_tag?post=1073"}],"curies":[{"name":"wp","href":"https:\/\/api.w.org\/{rel}","templated":true}]}}