{"id":1080,"date":"2023-10-18T16:39:46","date_gmt":"2023-10-18T16:39:46","guid":{"rendered":"https:\/\/iron-toys.com\/hr\/?post_type=product&#038;p=1080"},"modified":"2025-11-26T16:32:55","modified_gmt":"2025-11-26T16:32:55","slug":"mini-bager-irt25-2500kg","status":"publish","type":"product","link":"https:\/\/iron-toys.com\/hr\/izdelek\/mini-bager-irt25-2500kg\/","title":{"rendered":"Mini bager IRT25 (KUBOTA) &#8211; 2500kg"},"content":{"rendered":"\n\t<section class=\"section\" id=\"section_1431115651\">\n\t\t<div class=\"section-bg fill\" >\n\t\t\t\t\t\t\t\t\t\n\t\t\t\n\n\t\t<\/div>\n\n\t\t\n\n\t\t<div class=\"section-content relative\">\n\t\t\t\n<div class=\"row row-large align-middle\"  id=\"row-1654378556\">\n\n\t<div id=\"col-2135571562\" class=\"col medium-12 small-12 large-6\"  >\n\t\t\t\t<div class=\"col-inner\"  >\n\t\t\t\n\t\t\t\n<h3><b>Dimenzije<\/b><\/h3>\n<p style=\"text-align: left\"><strong>A \u2013<\/strong> 500 mm<br \/>\n<strong>B \u2013<\/strong> 720 mm<br \/>\n<strong>C \u2013<\/strong> 1280\/1440 mm<br \/>\n<strong>D \u2013<\/strong> 710 mm<br \/>\n<strong>E \u2013<\/strong> 3400 mm<br \/>\n<strong>F \u2013<\/strong> 2430 mm<br \/>\n<strong>G \u2013<\/strong> 2500 mm<br \/>\n<strong>H \u2013<\/strong> 1470 mm<br \/>\n<strong>I \u2013<\/strong> 1650 mm<br \/>\n<strong>J \u2013<\/strong> 1450 mm<br \/>\n<strong>K \u2013<\/strong> 860 mm<br \/>\n<strong>L \u2013<\/strong> 3730 mm<br \/>\n<strong>M \u2013<\/strong> 230 mm<br \/>\n<strong>N \u2013<\/strong> 230 mm<br \/>\n<strong>O \u2013<\/strong> 2240 mm<br \/>\n<strong>P \u2013<\/strong> 3980 mm<br \/>\n<strong>Q \u2013<\/strong> 4050 mm<\/p>\n\t\t<\/div>\n\t\t\t\t\t<\/div>\n\n\t\n\n\t<div id=\"col-1616131842\" class=\"col medium-12 small-12 large-6\"  >\n\t\t\t\t<div class=\"col-inner\"  >\n\t\t\t\n\t\t\t\n\t<div class=\"img has-hover x md-x lg-x y md-y lg-y\" id=\"image_82241268\">\n\t\t\t\t\t\t\t\t<div class=\"img-inner dark\" >\n\t\t\t<img loading=\"lazy\" decoding=\"async\" width=\"548\" height=\"632\" src=\"https:\/\/iron-toys.com\/hr\/wp-content\/uploads\/sites\/4\/2025\/11\/Screenshot-2025-11-23-at-15.43.34.png\" class=\"attachment-large size-large\" alt=\"\" srcset=\"https:\/\/iron-toys.com\/hr\/wp-content\/uploads\/sites\/4\/2025\/11\/Screenshot-2025-11-23-at-15.43.34.png 548w, https:\/\/iron-toys.com\/hr\/wp-content\/uploads\/sites\/4\/2025\/11\/Screenshot-2025-11-23-at-15.43.34-260x300.png 260w\" sizes=\"auto, (max-width: 548px) 100vw, 548px\" \/>\t\t\t\t\t\t\n\t\t\t\t\t<\/div>\n\t\t\t\t\t\t\t\t\n<style>\n#image_82241268 {\n  width: 80%;\n}\n<\/style>\n\t<\/div>\n\t\n\t\t<\/div>\n\t\t\t\t\t<\/div>\n\n\t\n<\/div>\n<div class=\"row row-large align-middle\"  id=\"row-1186536739\">\n\n\t<div id=\"col-242961924\" class=\"col medium-12 small-12 large-6\"  >\n\t\t\t\t<div class=\"col-inner\"  >\n\t\t\t\n\t\t\t\n\t<div class=\"img has-hover x md-x lg-x y md-y lg-y\" id=\"image_375356926\">\n\t\t\t\t\t\t\t\t<div class=\"img-inner dark\" >\n\t\t\t<img loading=\"lazy\" decoding=\"async\" width=\"768\" height=\"686\" src=\"https:\/\/iron-toys.com\/hr\/wp-content\/uploads\/sites\/4\/2025\/11\/IMG_1630-scaled-e1763905813965-768x686.jpg\" class=\"attachment-medium_large size-medium_large\" alt=\"\" srcset=\"https:\/\/iron-toys.com\/hr\/wp-content\/uploads\/sites\/4\/2025\/11\/IMG_1630-scaled-e1763905813965-768x686.jpg 768w, https:\/\/iron-toys.com\/hr\/wp-content\/uploads\/sites\/4\/2025\/11\/IMG_1630-scaled-e1763905813965-300x268.jpg 300w, https:\/\/iron-toys.com\/hr\/wp-content\/uploads\/sites\/4\/2025\/11\/IMG_1630-scaled-e1763905813965-1024x915.jpg 1024w, https:\/\/iron-toys.com\/hr\/wp-content\/uploads\/sites\/4\/2025\/11\/IMG_1630-scaled-e1763905813965-1536x1372.jpg 1536w, https:\/\/iron-toys.com\/hr\/wp-content\/uploads\/sites\/4\/2025\/11\/IMG_1630-scaled-e1763905813965-655x585.jpg 655w, https:\/\/iron-toys.com\/hr\/wp-content\/uploads\/sites\/4\/2025\/11\/IMG_1630-scaled-e1763905813965.jpg 1920w\" sizes=\"auto, (max-width: 768px) 100vw, 768px\" \/>\t\t\t\t\t\t\n\t\t\t\t\t<\/div>\n\t\t\t\t\t\t\t\t\n<style>\n#image_375356926 {\n  width: 80%;\n}\n<\/style>\n\t<\/div>\n\t\n\t\t<\/div>\n\t\t\t\t\t<\/div>\n\n\t\n\n\t<div id=\"col-1362455388\" class=\"col medium-12 small-12 large-6 medium-col-first\"  >\n\t\t\t\t<div class=\"col-inner\"  >\n\t\t\t\n\t\t\t\n<h3><b>Kompaktan, sna\u017ean i u\u010dinkovit<\/b><\/h3>\n<p class=\"p1\">Stroj kombinira sna\u017enu kopaju\u0107u silu, moderan hidrauli\u010dni sustav i stabilno podvozje \u0161irine 1440 mm, \u0161to mu omogu\u0107uje pouzdan rad u svim uvjetima. Zahvaljuju\u0107i 360\u00b0 rotaciji, gumenim gusjenicama i bo\u010dnom pomicanju ruke, bager bez pote\u0161ko\u0107a obavlja zadatke i u sku\u010denim prostorima. Upravlja\u010dka konzola, dozerska daska i podesiva \u0161irina podvozja dodatno pove\u0107avaju fleksibilnost, \u010dine\u0107i ga jednako u\u010dinkovitim na gradili\u0161tima, u urbanim podru\u010djima i na zahtjevnijim terenima.<\/p>\n\t\t<\/div>\n\t\t\t\t\t<\/div>\n\n\t\n<\/div>\n<div class=\"row row-large align-middle\"  id=\"row-1899513596\">\n\n\t<div id=\"col-1908483962\" class=\"col medium-12 small-12 large-6\"  >\n\t\t\t\t<div class=\"col-inner\"  >\n\t\t\t\n\t\t\t\n<h3><b>Prostrana i udobna kabina<\/b><\/h3>\n<p class=\"p1\">Kabina je oblikovana tako da pru\u017ea vi\u0161e prostora, ravan pod i \u0161irok ulaz, \u0161to omogu\u0107uje lak\u0161i pristup i ve\u0107u slobodu kretanja tijekom rada. Jasna upravlja\u010dka plo\u010da prikazuje sve va\u017ene parametre stroja \u2013 radne sate, temperaturu motora, stanje napona i potro\u0161nju energije. Komande su raspore\u0111ene ergonomski, a hidrauli\u010dne ru\u010dice reagiraju precizno, \u0161to omogu\u0107uje sigurnu i intuitivnu kontrolu. Udobno sjedalo i logi\u010dno postavljene funkcijske tipke dodatno pove\u0107avaju produktivnost, posebno tijekom dugotrajnog rada.<\/p>\n\t\t<\/div>\n\t\t\t\t\t<\/div>\n\n\t\n\n\t<div id=\"col-2077879447\" class=\"col medium-12 small-12 large-6\"  >\n\t\t\t\t<div class=\"col-inner\"  >\n\t\t\t\n\t\t\t\n\t<div class=\"img has-hover x md-x lg-x y md-y lg-y\" id=\"image_552547973\">\n\t\t\t\t\t\t\t\t<div class=\"img-inner dark\" >\n\t\t\t<img loading=\"lazy\" decoding=\"async\" width=\"1020\" height=\"765\" src=\"https:\/\/iron-toys.com\/hr\/wp-content\/uploads\/sites\/4\/2025\/11\/WhatsApp-Image-2025-09-25-at-11.04.21-1-1024x768.jpeg\" class=\"attachment-large size-large\" alt=\"\" srcset=\"https:\/\/iron-toys.com\/hr\/wp-content\/uploads\/sites\/4\/2025\/11\/WhatsApp-Image-2025-09-25-at-11.04.21-1-1024x768.jpeg 1024w, https:\/\/iron-toys.com\/hr\/wp-content\/uploads\/sites\/4\/2025\/11\/WhatsApp-Image-2025-09-25-at-11.04.21-1-300x225.jpeg 300w, https:\/\/iron-toys.com\/hr\/wp-content\/uploads\/sites\/4\/2025\/11\/WhatsApp-Image-2025-09-25-at-11.04.21-1-768x576.jpeg 768w, https:\/\/iron-toys.com\/hr\/wp-content\/uploads\/sites\/4\/2025\/11\/WhatsApp-Image-2025-09-25-at-11.04.21-1-1536x1152.jpeg 1536w, https:\/\/iron-toys.com\/hr\/wp-content\/uploads\/sites\/4\/2025\/11\/WhatsApp-Image-2025-09-25-at-11.04.21-1-655x491.jpeg 655w, https:\/\/iron-toys.com\/hr\/wp-content\/uploads\/sites\/4\/2025\/11\/WhatsApp-Image-2025-09-25-at-11.04.21-1.jpeg 1600w\" sizes=\"auto, (max-width: 1020px) 100vw, 1020px\" \/>\t\t\t\t\t\t\n\t\t\t\t\t<\/div>\n\t\t\t\t\t\t\t\t\n<style>\n#image_552547973 {\n  width: 100%;\n}\n<\/style>\n\t<\/div>\n\t\n\t\t<\/div>\n\t\t\t\t\t<\/div>\n\n\t\n<\/div>\n<div class=\"row row-large align-middle\"  id=\"row-1974677775\">\n\n\t<div id=\"col-1097878182\" class=\"col medium-12 small-12 large-6\"  >\n\t\t\t\t<div class=\"col-inner\"  >\n\t\t\t\n\t\t\t\n\t<div class=\"img has-hover x md-x lg-x y md-y lg-y\" id=\"image_1047186726\">\n\t\t\t\t\t\t\t\t<div class=\"img-inner dark\" >\n\t\t\t<img loading=\"lazy\" decoding=\"async\" width=\"1020\" height=\"765\" src=\"https:\/\/iron-toys.com\/hr\/wp-content\/uploads\/sites\/4\/2025\/11\/IMG_1651-1024x768.jpg\" class=\"attachment-large size-large\" alt=\"\" srcset=\"https:\/\/iron-toys.com\/hr\/wp-content\/uploads\/sites\/4\/2025\/11\/IMG_1651-1024x768.jpg 1024w, https:\/\/iron-toys.com\/hr\/wp-content\/uploads\/sites\/4\/2025\/11\/IMG_1651-300x225.jpg 300w, https:\/\/iron-toys.com\/hr\/wp-content\/uploads\/sites\/4\/2025\/11\/IMG_1651-768x576.jpg 768w, https:\/\/iron-toys.com\/hr\/wp-content\/uploads\/sites\/4\/2025\/11\/IMG_1651-1536x1152.jpg 1536w, https:\/\/iron-toys.com\/hr\/wp-content\/uploads\/sites\/4\/2025\/11\/IMG_1651-2048x1536.jpg 2048w, https:\/\/iron-toys.com\/hr\/wp-content\/uploads\/sites\/4\/2025\/11\/IMG_1651-655x491.jpg 655w\" sizes=\"auto, (max-width: 1020px) 100vw, 1020px\" \/>\t\t\t\t\t\t\n\t\t\t\t\t<\/div>\n\t\t\t\t\t\t\t\t\n<style>\n#image_1047186726 {\n  width: 100%;\n}\n<\/style>\n\t<\/div>\n\t\n\t\t<\/div>\n\t\t\t\t\t<\/div>\n\n\t\n\n\t<div id=\"col-1321196980\" class=\"col medium-12 small-12 large-6 medium-col-first\"  >\n\t\t\t\t<div class=\"col-inner\"  >\n\t\t\t\n\t\t\t\n<h3><b>Jednostavno i pouzdano<\/b><\/h3>\n<p class=\"p1\">Pametno koncipiran dizajn omogu\u0107uje jednostavan pristup motoru i glavnim komponentama, \u0161to zna\u010dajno olak\u0161ava redovite provjere i servisne zahvate. Odr\u017eavanje je brzo i jasno organizirano, \u010dime se smanjuju zastoje i pove\u0107ava dostupnost stroja na terenu. Robusna konstrukcija i pa\u017eljivo raspore\u0111eni sustavi osiguravaju pouzdan i siguran rad u svim radnim uvjetima.<\/p>\n\t\t<\/div>\n\t\t\t\t\t<\/div>\n\n\t\n<\/div>\n\t\t<\/div>\n\n\t\t\n<style>\n#section_1431115651 {\n  padding-top: 30px;\n  padding-bottom: 30px;\n}\n<\/style>\n\t<\/section>\n\t\n","protected":false},"excerpt":{"rendered":"<p class=\"p1\">IRT-25 je 2,5-tonski mini bager s pouzdanim 19-konjskim motorom <strong>Kubota D1105<\/strong>, dizajniran za u\u010dinkovite iskope i zahtjevne gra\u0111evinske radove. Pro\u0161irive gusjenice osiguravaju stabilnost na razli\u010ditim terenima, a precizno upravljanje joystickom omogu\u0107uje to\u010dan hidrauli\u010dni odziv. Prostrana kabina s ventilatorom i preglednom upravlja\u010dkom plo\u010dom pru\u017ea udobno radno okru\u017eenje, dok robusna konstrukcija i mogu\u0107nost priklju\u010divanja razli\u010ditih alata jam\u010de \u0161iroku primjenu i pouzdan rad u svim uvjetima.<\/p>\n<p><strong>Uz kupnju dobivate GRATIS: Kopa\u010dka \u017elica 50cm + Brza spojka<\/strong><\/p>\n","protected":false},"featured_media":1123,"template":"","meta":{"_acf_changed":false},"product_brand":[],"product_cat":[19,16],"product_tag":[],"class_list":{"0":"post-1080","1":"product","2":"type-product","3":"status-publish","4":"has-post-thumbnail","6":"product_cat-mini-bageri","7":"product_cat-strojevi","9":"first","10":"instock","11":"taxable","12":"shipping-taxable","13":"purchasable","14":"product-type-simple"},"acf":[],"_links":{"self":[{"href":"https:\/\/iron-toys.com\/hr\/wp-json\/wp\/v2\/product\/1080","targetHints":{"allow":["GET"]}}],"collection":[{"href":"https:\/\/iron-toys.com\/hr\/wp-json\/wp\/v2\/product"}],"about":[{"href":"https:\/\/iron-toys.com\/hr\/wp-json\/wp\/v2\/types\/product"}],"wp:featuredmedia":[{"embeddable":true,"href":"https:\/\/iron-toys.com\/hr\/wp-json\/wp\/v2\/media\/1123"}],"wp:attachment":[{"href":"https:\/\/iron-toys.com\/hr\/wp-json\/wp\/v2\/media?parent=1080"}],"wp:term":[{"taxonomy":"product_brand","embeddable":true,"href":"https:\/\/iron-toys.com\/hr\/wp-json\/wp\/v2\/product_brand?post=1080"},{"taxonomy":"product_cat","embeddable":true,"href":"https:\/\/iron-toys.com\/hr\/wp-json\/wp\/v2\/product_cat?post=1080"},{"taxonomy":"product_tag","embeddable":true,"href":"https:\/\/iron-toys.com\/hr\/wp-json\/wp\/v2\/product_tag?post=1080"}],"curies":[{"name":"wp","href":"https:\/\/api.w.org\/{rel}","templated":true}]}}