{"id":1008,"date":"2023-08-17T16:47:06","date_gmt":"2023-08-17T16:47:06","guid":{"rendered":"https:\/\/iron-toys.com\/sl\/?post_type=product&#038;p=1008"},"modified":"2025-12-03T12:40:42","modified_gmt":"2025-12-03T12:40:42","slug":"mini-bager-irt40-4000kg","status":"publish","type":"product","link":"https:\/\/iron-toys.com\/sl\/izdelek\/mini-bager-irt40-4000kg\/","title":{"rendered":"Mini bager IRT40 &#8211; 4000kg"},"content":{"rendered":"\n\t<section class=\"section\" id=\"section_1678492498\">\n\t\t<div class=\"section-bg fill\" >\n\t\t\t\t\t\t\t\t\t\n\t\t\t\n\n\t\t<\/div>\n\n\t\t\n\n\t\t<div class=\"section-content relative\">\n\t\t\t\n<div class=\"row row-large align-middle\"  id=\"row-1899528755\">\n\n\t<div id=\"col-962631996\" class=\"col medium-12 small-12 large-4\"  >\n\t\t\t\t<div class=\"col-inner\"  >\n\t\t\t\n\t\t\t\n<h3><b>Dimenzije<\/b><\/h3>\n<ul>\n<li class=\"p1\"><span class=\"s1\"><b>A<\/b><\/span> \u2013 4800 mm<\/li>\n<li class=\"p1\"><span class=\"s1\"><b>B<\/b><\/span> \u2013 1740 mm<\/li>\n<li class=\"p1\"><span class=\"s1\"><b>C<\/b><\/span> \u2013 1715 mm<\/li>\n<li class=\"p1\"><span class=\"s1\"><b>D<\/b><\/span> \u2013 2480 mm<\/li>\n<li class=\"p1\"><span class=\"s1\"><b>E<\/b><\/span> \u2013 565 mm<\/li>\n<li class=\"p1\"><span class=\"s1\"><b>F<\/b><\/span> \u2013 320 mm<\/li>\n<li class=\"p1\"><span class=\"s1\"><b>G<\/b><\/span> \u2013 850 mm<\/li>\n<li class=\"p1\"><span class=\"s1\"><b>H<\/b><\/span> \u2013 1660 mm<\/li>\n<li class=\"p1\"><span class=\"s1\"><b>J<\/b><\/span> \u2013 2120 mm<\/li>\n<li class=\"p1\"><span class=\"s1\"><b>K<\/b><\/span> \u2013 1440 mm<\/li>\n<li class=\"p1\"><span class=\"s1\"><b>L<\/b><\/span> \u2013 1740 mm<\/li>\n<li class=\"p1\"><span class=\"s1\"><b>M<\/b><\/span> \u2013 300 mm<\/li>\n<\/ul>\n<p>\u00a0<\/p>\n\t\t<\/div>\n\t\t\t\t\t<\/div>\n\n\t\n\n\t<div id=\"col-534555627\" class=\"col medium-12 small-12 large-8\"  >\n\t\t\t\t<div class=\"col-inner\"  >\n\t\t\t\n\t\t\t\n\t<div class=\"img has-hover x md-x lg-x y md-y lg-y\" id=\"image_1207329581\">\n\t\t\t\t\t\t\t\t<div class=\"img-inner dark\" >\n\t\t\t<img loading=\"lazy\" decoding=\"async\" width=\"1020\" height=\"563\" src=\"https:\/\/iron-toys.com\/sl\/wp-content\/uploads\/sites\/2\/2023\/08\/Gemini_Generated_Image_gc1kwsgc1kwsgc1k-2-1-1-1-min-1024x565.png\" class=\"attachment-large size-large\" alt=\"\" srcset=\"https:\/\/iron-toys.com\/sl\/wp-content\/uploads\/sites\/2\/2023\/08\/Gemini_Generated_Image_gc1kwsgc1kwsgc1k-2-1-1-1-min-1024x565.png 1024w, https:\/\/iron-toys.com\/sl\/wp-content\/uploads\/sites\/2\/2023\/08\/Gemini_Generated_Image_gc1kwsgc1kwsgc1k-2-1-1-1-min-300x166.png 300w, https:\/\/iron-toys.com\/sl\/wp-content\/uploads\/sites\/2\/2023\/08\/Gemini_Generated_Image_gc1kwsgc1kwsgc1k-2-1-1-1-min-768x424.png 768w, https:\/\/iron-toys.com\/sl\/wp-content\/uploads\/sites\/2\/2023\/08\/Gemini_Generated_Image_gc1kwsgc1kwsgc1k-2-1-1-1-min-1536x847.png 1536w, https:\/\/iron-toys.com\/sl\/wp-content\/uploads\/sites\/2\/2023\/08\/Gemini_Generated_Image_gc1kwsgc1kwsgc1k-2-1-1-1-min-scaled.png 2048w, https:\/\/iron-toys.com\/sl\/wp-content\/uploads\/sites\/2\/2023\/08\/Gemini_Generated_Image_gc1kwsgc1kwsgc1k-2-1-1-1-min-655x361.png 655w\" sizes=\"auto, (max-width: 1020px) 100vw, 1020px\" \/>\t\t\t\t\t\t\n\t\t\t\t\t<\/div>\n\t\t\t\t\t\t\t\t\n<style>\n#image_1207329581 {\n  width: 100%;\n}\n<\/style>\n\t<\/div>\n\t\n\t\t<\/div>\n\t\t\t\t\t<\/div>\n\n\t\n<\/div>\n<div class=\"row row-large align-middle\"  id=\"row-1242058228\">\n\n\t<div id=\"col-1716821318\" class=\"col medium-12 small-12 large-6\"  >\n\t\t\t\t<div class=\"col-inner\"  >\n\t\t\t\n\t\t\t\n\t<div class=\"img has-hover x md-x lg-x y md-y lg-y\" id=\"image_2104443561\">\n\t\t\t\t\t\t\t\t<div class=\"img-inner dark\" >\n\t\t\t<img loading=\"lazy\" decoding=\"async\" width=\"768\" height=\"576\" src=\"https:\/\/iron-toys.com\/sl\/wp-content\/uploads\/sites\/2\/2023\/08\/WhatsApp-Image-2025-09-25-at-11.04.33-768x576.jpeg\" class=\"attachment-medium_large size-medium_large\" alt=\"\" srcset=\"https:\/\/iron-toys.com\/sl\/wp-content\/uploads\/sites\/2\/2023\/08\/WhatsApp-Image-2025-09-25-at-11.04.33-768x576.jpeg 768w, https:\/\/iron-toys.com\/sl\/wp-content\/uploads\/sites\/2\/2023\/08\/WhatsApp-Image-2025-09-25-at-11.04.33-300x225.jpeg 300w, https:\/\/iron-toys.com\/sl\/wp-content\/uploads\/sites\/2\/2023\/08\/WhatsApp-Image-2025-09-25-at-11.04.33-1024x768.jpeg 1024w, https:\/\/iron-toys.com\/sl\/wp-content\/uploads\/sites\/2\/2023\/08\/WhatsApp-Image-2025-09-25-at-11.04.33-1536x1152.jpeg 1536w, https:\/\/iron-toys.com\/sl\/wp-content\/uploads\/sites\/2\/2023\/08\/WhatsApp-Image-2025-09-25-at-11.04.33-655x491.jpeg 655w, https:\/\/iron-toys.com\/sl\/wp-content\/uploads\/sites\/2\/2023\/08\/WhatsApp-Image-2025-09-25-at-11.04.33.jpeg 1600w\" sizes=\"auto, (max-width: 768px) 100vw, 768px\" \/>\t\t\t\t\t\t\n\t\t\t\t\t<\/div>\n\t\t\t\t\t\t\t\t\n<style>\n#image_2104443561 {\n  width: 80%;\n}\n<\/style>\n\t<\/div>\n\t\n\t\t<\/div>\n\t\t\t\t\t<\/div>\n\n\t\n\n\t<div id=\"col-1952473655\" class=\"col medium-12 small-12 large-6 medium-col-first\"  >\n\t\t\t\t<div class=\"col-inner\"  >\n\t\t\t\n\t\t\t\n<h3><b>Kompakten, zmogljiv in u\u010dinkovit<\/b><\/h3>\n<p class=\"p1\">IRT-40 je mo\u010dan in zanesljiv mini bager mase 4000 kg, primeren za profesionalno uporabo na gradbi\u0161\u010dih in zahtevnih terenih, pa tudi za ve\u010dja gradbena dela, kjer sta potrebni stabilnost in mo\u010d. Poganja ga dizelski motor YANMAR 3TNV88F-ESSY z mo\u010djo 18,2 kW pri 2200 rpm in delovno prostornino 1,642 L. V kombinaciji s hidravli\u010dno batno \u010drpalko Le-HydrauliX in delovnim tlakom 26 MPa zagotavlja zmogljiv in u\u010dinkovit hidravli\u010dni sistem s pretokom 99 L\/min.<\/p>\n<p class=\"p1\">Stroj ohranja visoko u\u010dinkovitost in stabilnost tudi na strmih terenih, z najve\u010djo sposobnostjo vzpona 35\u00b0. Kabina se vrti s hitrostjo 9,5 r\/min, hitrost vo\u017enje pa zna\u0161a od 2,7 do 4,5 km\/h.<\/p>\n\t\t<\/div>\n\t\t\t\t\t<\/div>\n\n\t\n<\/div>\n<div class=\"row row-large align-middle\"  id=\"row-210969863\">\n\n\t<div id=\"col-1766964251\" class=\"col medium-12 small-12 large-6\"  >\n\t\t\t\t<div class=\"col-inner\"  >\n\t\t\t\n\t\t\t\n<h3><b>Prostorna in udobna kabina<\/b><\/h3>\n<p class=\"p1\">Prostorna in udobna kabina IRT-40 zagotavlja maksimalno ergonomijo in udobje za operaterja. Raven pod omogo\u010da la\u017eje premikanje v kabini, medtem ko elektronska nadzorna plo\u0161\u010da omogo\u010da hiter pregled klju\u010dnih funkcij, vklju\u010dno z delovnimi urami, napetostjo akumulatorja, osvetlitvijo in zagonom stroja. Hidravli\u010dne ro\u010dice so name\u0161\u010dene tako, da omogo\u010dajo natan\u010dno in nezahtevno upravljanje, udoben sede\u017e z varnostnim pasom pa zagotavlja varnost in udobje tudi pri dalj\u0161em delu. Vstop in izstop iz kabine sta enostavna, kar dodatno izbolj\u0161uje prakti\u010dnost in uporabni\u0161ko izku\u0161njo operaterja.<\/p>\n\t\t<\/div>\n\t\t\t\t\t<\/div>\n\n\t\n\n\t<div id=\"col-119308511\" class=\"col medium-12 small-12 large-6\"  >\n\t\t\t\t<div class=\"col-inner\"  >\n\t\t\t\n\t\t\t\n\t<div class=\"img has-hover x md-x lg-x y md-y lg-y\" id=\"image_1304078617\">\n\t\t\t\t\t\t\t\t<div class=\"img-inner dark\" >\n\t\t\t<img loading=\"lazy\" decoding=\"async\" width=\"1020\" height=\"765\" src=\"https:\/\/iron-toys.com\/sl\/wp-content\/uploads\/sites\/2\/2023\/08\/WhatsApp-Image-2025-09-25-at-11.04.35-1-1024x768.jpeg\" class=\"attachment-large size-large\" alt=\"\" srcset=\"https:\/\/iron-toys.com\/sl\/wp-content\/uploads\/sites\/2\/2023\/08\/WhatsApp-Image-2025-09-25-at-11.04.35-1-1024x768.jpeg 1024w, https:\/\/iron-toys.com\/sl\/wp-content\/uploads\/sites\/2\/2023\/08\/WhatsApp-Image-2025-09-25-at-11.04.35-1-300x225.jpeg 300w, https:\/\/iron-toys.com\/sl\/wp-content\/uploads\/sites\/2\/2023\/08\/WhatsApp-Image-2025-09-25-at-11.04.35-1-768x576.jpeg 768w, https:\/\/iron-toys.com\/sl\/wp-content\/uploads\/sites\/2\/2023\/08\/WhatsApp-Image-2025-09-25-at-11.04.35-1-1536x1152.jpeg 1536w, https:\/\/iron-toys.com\/sl\/wp-content\/uploads\/sites\/2\/2023\/08\/WhatsApp-Image-2025-09-25-at-11.04.35-1-655x491.jpeg 655w, https:\/\/iron-toys.com\/sl\/wp-content\/uploads\/sites\/2\/2023\/08\/WhatsApp-Image-2025-09-25-at-11.04.35-1.jpeg 1600w\" sizes=\"auto, (max-width: 1020px) 100vw, 1020px\" \/>\t\t\t\t\t\t\n\t\t\t\t\t<\/div>\n\t\t\t\t\t\t\t\t\n<style>\n#image_1304078617 {\n  width: 100%;\n}\n<\/style>\n\t<\/div>\n\t\n\t\t<\/div>\n\t\t\t\t\t<\/div>\n\n\t\n<\/div>\n<div class=\"row row-large align-middle\"  id=\"row-1128250536\">\n\n\t<div id=\"col-1298380510\" class=\"col medium-12 small-12 large-6\"  >\n\t\t\t\t<div class=\"col-inner\"  >\n\t\t\t\n\t\t\t\n\t<div class=\"img has-hover x md-x lg-x y md-y lg-y\" id=\"image_376265310\">\n\t\t\t\t\t\t\t\t<div class=\"img-inner dark\" >\n\t\t\t<img loading=\"lazy\" decoding=\"async\" width=\"1020\" height=\"668\" src=\"https:\/\/iron-toys.com\/sl\/wp-content\/uploads\/sites\/2\/2023\/08\/compressed_image-1024x671.jpg\" class=\"attachment-large size-large\" alt=\"\" srcset=\"https:\/\/iron-toys.com\/sl\/wp-content\/uploads\/sites\/2\/2023\/08\/compressed_image-1024x671.jpg 1024w, https:\/\/iron-toys.com\/sl\/wp-content\/uploads\/sites\/2\/2023\/08\/compressed_image-300x197.jpg 300w, https:\/\/iron-toys.com\/sl\/wp-content\/uploads\/sites\/2\/2023\/08\/compressed_image-768x503.jpg 768w, https:\/\/iron-toys.com\/sl\/wp-content\/uploads\/sites\/2\/2023\/08\/compressed_image-655x429.jpg 655w, https:\/\/iron-toys.com\/sl\/wp-content\/uploads\/sites\/2\/2023\/08\/compressed_image.jpg 1529w\" sizes=\"auto, (max-width: 1020px) 100vw, 1020px\" \/>\t\t\t\t\t\t\n\t\t\t\t\t<\/div>\n\t\t\t\t\t\t\t\t\n<style>\n#image_376265310 {\n  width: 100%;\n}\n<\/style>\n\t<\/div>\n\t\n\t\t<\/div>\n\t\t\t\t\t<\/div>\n\n\t\n\n\t<div id=\"col-31658345\" class=\"col medium-12 small-12 large-6 medium-col-first\"  >\n\t\t\t\t<div class=\"col-inner\"  >\n\t\t\t\n\t\t\t\n<h3><b>Enostavno vzdr\u017eevanje in zanesljivo delovanje<\/b><\/h3>\n<p class=\"p1\">Pametna zasnova IRT-40 omogo\u010da hiter dostop do motorja in klju\u010dnih komponent, kar poenostavi redne preglede in servisiranje. Vzdr\u017eevanje je hitro in pregledno, s \u010dimer se zmanj\u0161ajo morebitni zastoji pri delu. Trpe\u017ena konstrukcija in premi\u0161ljena postavitev sistemov zagotavljata varno in zanesljivo delovanje v vseh razmerah.<\/p>\n\t\t<\/div>\n\t\t\t\t\t<\/div>\n\n\t\n<\/div>\n\t\t<\/div>\n\n\t\t\n<style>\n#section_1678492498 {\n  padding-top: 30px;\n  padding-bottom: 30px;\n}\n<\/style>\n\t<\/section>\n\t\n","protected":false},"excerpt":{"rendered":"<p class=\"p1\">IRT-40 je zmogljiv mini bager s te\u017eo 4000 kg, zasnovan za delo na gradbi\u0161\u010dih in zahtevnej\u0161ih terenih. Poganja ga <strong>3-valjni dizelski motor YANMAR 3TNV88F-ESSY <\/strong>z mo\u010djo<strong> 18,2 kW<\/strong> (2200 r\/min) in delovno prostornino 1,642 L, ki v kombinaciji s hidravli\u010dno <strong>batno \u010drpalko Le-HydrauliX (BOSCH Rexroth)<\/strong> zagotavlja delovni tlak 26 MPa in pretok 99 L\/min. IRT-40 omogo\u010da najve\u010djo globino kopanja 3165 mm, najve\u010djo vi\u0161ino iztovarjanja 3490 mm ter doseg kopanja 5260 mm, ob tem pa ponuja sposobnost vzpona do 35\u00b0 in hitrost vo\u017enje 2,7\u20134,5 km\/h.<\/p>\n<div class=\"product-short-description\">\n<p><strong>Pri nakupu prejmete tudi\u00a0<\/strong><strong>GRATIS: Izkopna \u017elica 50CM + H<\/strong><strong>itro vpetje<\/strong><\/p>\n<\/div>\n","protected":false},"featured_media":1009,"template":"","meta":{"_acf_changed":false},"product_brand":[],"product_cat":[16,19],"product_tag":[],"class_list":{"0":"post-1008","1":"product","2":"type-product","3":"status-publish","4":"has-post-thumbnail","6":"product_cat-stroji","7":"product_cat-mini-bagri","9":"first","10":"instock","11":"taxable","12":"shipping-taxable","13":"purchasable","14":"product-type-simple"},"acf":[],"_links":{"self":[{"href":"https:\/\/iron-toys.com\/sl\/wp-json\/wp\/v2\/product\/1008","targetHints":{"allow":["GET"]}}],"collection":[{"href":"https:\/\/iron-toys.com\/sl\/wp-json\/wp\/v2\/product"}],"about":[{"href":"https:\/\/iron-toys.com\/sl\/wp-json\/wp\/v2\/types\/product"}],"wp:featuredmedia":[{"embeddable":true,"href":"https:\/\/iron-toys.com\/sl\/wp-json\/wp\/v2\/media\/1009"}],"wp:attachment":[{"href":"https:\/\/iron-toys.com\/sl\/wp-json\/wp\/v2\/media?parent=1008"}],"wp:term":[{"taxonomy":"product_brand","embeddable":true,"href":"https:\/\/iron-toys.com\/sl\/wp-json\/wp\/v2\/product_brand?post=1008"},{"taxonomy":"product_cat","embeddable":true,"href":"https:\/\/iron-toys.com\/sl\/wp-json\/wp\/v2\/product_cat?post=1008"},{"taxonomy":"product_tag","embeddable":true,"href":"https:\/\/iron-toys.com\/sl\/wp-json\/wp\/v2\/product_tag?post=1008"}],"curies":[{"name":"wp","href":"https:\/\/api.w.org\/{rel}","templated":true}]}}