{"id":777,"date":"2025-10-01T10:30:09","date_gmt":"2025-10-01T10:30:09","guid":{"rendered":"http:\/\/sl.iron-toys.com\/?post_type=product&#038;p=777"},"modified":"2026-04-07T08:52:30","modified_gmt":"2026-04-07T08:52:30","slug":"mini-bager-irt10-1000kg","status":"publish","type":"product","link":"https:\/\/iron-toys.com\/sl\/izdelek\/mini-bager-irt10-1000kg\/","title":{"rendered":"Mini bager IRT10 &#8211; 1000kg"},"content":{"rendered":"\n\t<section class=\"section\" id=\"section_235464031\">\n\t\t<div class=\"section-bg fill\" >\n\t\t\t\t\t\t\t\t\t\n\t\t\t\n\n\t\t<\/div>\n\n\t\t\n\n\t\t<div class=\"section-content relative\">\n\t\t\t\n<div class=\"row row-large align-middle\"  id=\"row-1447532859\">\n\n\t<div id=\"col-1715925405\" class=\"col medium-12 small-12 large-6\"  >\n\t\t\t\t<div class=\"col-inner\"  >\n\t\t\t\n\t\t\t\n<h3><b>Dimenzije<\/b><\/h3>\n<p style=\"text-align: left\"><strong>A \u2013<\/strong> Razmik med kolesi: 910 mm<br \/>\n<strong>B \u2013<\/strong> Skupna dol\u017eina gosenic: 1235 mm<br \/>\n<strong>C \u2013<\/strong> Oddaljenost platforme od tal: 400 mm<br \/>\n<strong>D \u2013<\/strong> Radij obra\u010danja zadnjega dela: 840 mm<br \/>\n<strong>E \u2013<\/strong> \u0160irina \u0161asije: 940 mm<br \/>\n<strong>F \u2013<\/strong> \u0160irina gosenic: 180 mm<br \/>\n<strong>G \u2013<\/strong> Vi\u0161ina gosenic: 320 mm<br \/>\n<strong>H \u2013<\/strong> Transportna dol\u017eina: 2345 \/ 3020 mm<br \/>\n<strong>I \u2013<\/strong> Oddaljenost sede\u017ea od tal: 1545 mm<br \/>\n<strong>J \u2013<\/strong> Skupna vi\u0161ina: 2310 mm<br \/>\n<strong>M \u2013<\/strong> Zasuk roke v desno: 43\u00b0<br \/>\n<strong>N \u2013<\/strong> Zasuk roke v levo: 49\u00b0<\/p>\n\t\t<\/div>\n\t\t\t\t\t<\/div>\n\n\t\n\n\t<div id=\"col-725472927\" class=\"col medium-12 small-12 large-6\"  >\n\t\t\t\t<div class=\"col-inner\"  >\n\t\t\t\n\t\t\t\n\t<div class=\"img has-hover x md-x lg-x y md-y lg-y\" id=\"image_369813044\">\n\t\t\t\t\t\t\t\t<div class=\"img-inner dark\" >\n\t\t\t<img loading=\"lazy\" decoding=\"async\" width=\"1020\" height=\"670\" src=\"https:\/\/iron-toys.com\/sl\/wp-content\/uploads\/sites\/2\/2024\/11\/Screenshot-2025-06-24-at-20.23.27-1024x673.png\" class=\"attachment-large size-large\" alt=\"\" srcset=\"https:\/\/iron-toys.com\/sl\/wp-content\/uploads\/sites\/2\/2024\/11\/Screenshot-2025-06-24-at-20.23.27-1024x673.png 1024w, https:\/\/iron-toys.com\/sl\/wp-content\/uploads\/sites\/2\/2024\/11\/Screenshot-2025-06-24-at-20.23.27-300x197.png 300w, https:\/\/iron-toys.com\/sl\/wp-content\/uploads\/sites\/2\/2024\/11\/Screenshot-2025-06-24-at-20.23.27-768x505.png 768w, https:\/\/iron-toys.com\/sl\/wp-content\/uploads\/sites\/2\/2024\/11\/Screenshot-2025-06-24-at-20.23.27-1536x1010.png 1536w, https:\/\/iron-toys.com\/sl\/wp-content\/uploads\/sites\/2\/2024\/11\/Screenshot-2025-06-24-at-20.23.27-2048x1347.png 2048w, https:\/\/iron-toys.com\/sl\/wp-content\/uploads\/sites\/2\/2024\/11\/Screenshot-2025-06-24-at-20.23.27-655x431.png 655w\" sizes=\"auto, (max-width: 1020px) 100vw, 1020px\" \/>\t\t\t\t\t\t\n\t\t\t\t\t<\/div>\n\t\t\t\t\t\t\t\t\n<style>\n#image_369813044 {\n  width: 100%;\n}\n<\/style>\n\t<\/div>\n\t\n\t\t<\/div>\n\t\t\t\t\t<\/div>\n\n\t\n<\/div>\n<div class=\"row row-large align-middle\"  id=\"row-1158071201\">\n\n\t<div id=\"col-1286246649\" class=\"col medium-12 small-12 large-6\"  >\n\t\t\t\t<div class=\"col-inner\"  >\n\t\t\t\n\t\t\t\n\t<div class=\"img has-hover x md-x lg-x y md-y lg-y\" id=\"image_1958061396\">\n\t\t\t\t\t\t\t\t<div class=\"img-inner dark\" >\n\t\t\t<img loading=\"lazy\" decoding=\"async\" width=\"768\" height=\"576\" src=\"https:\/\/iron-toys.com\/sl\/wp-content\/uploads\/sites\/2\/2025\/06\/0Q8A0602-768x576.jpg\" class=\"attachment-medium_large size-medium_large\" alt=\"\" srcset=\"https:\/\/iron-toys.com\/sl\/wp-content\/uploads\/sites\/2\/2025\/06\/0Q8A0602-768x576.jpg 768w, https:\/\/iron-toys.com\/sl\/wp-content\/uploads\/sites\/2\/2025\/06\/0Q8A0602-300x225.jpg 300w, https:\/\/iron-toys.com\/sl\/wp-content\/uploads\/sites\/2\/2025\/06\/0Q8A0602-1024x768.jpg 1024w, https:\/\/iron-toys.com\/sl\/wp-content\/uploads\/sites\/2\/2025\/06\/0Q8A0602-1536x1152.jpg 1536w, https:\/\/iron-toys.com\/sl\/wp-content\/uploads\/sites\/2\/2025\/06\/0Q8A0602-2048x1536.jpg 2048w, https:\/\/iron-toys.com\/sl\/wp-content\/uploads\/sites\/2\/2025\/06\/0Q8A0602-655x491.jpg 655w\" sizes=\"auto, (max-width: 768px) 100vw, 768px\" \/>\t\t\t\t\t\t\n\t\t\t\t\t<\/div>\n\t\t\t\t\t\t\t\t\n<style>\n#image_1958061396 {\n  width: 80%;\n}\n<\/style>\n\t<\/div>\n\t\n\t\t<\/div>\n\t\t\t\t\t<\/div>\n\n\t\n\n\t<div id=\"col-1976879543\" class=\"col medium-12 small-12 large-6 medium-col-first\"  >\n\t\t\t\t<div class=\"col-inner\"  >\n\t\t\t\n\t\t\t\n<h3><b>Kompakten, zmogljiv in u\u010dinkovit<\/b><\/h3>\n<div>Mini bager IRT-10 zdru\u017euje izjemno kopalno mo\u010d, stabilnost in okretnost v ohi\u0161ju \u0161irine le 940 mm. Opremljen je z zanesljivim motorjem KOOP KD192F (7,6 kW) in naprednim hidravli\u010dnim sistemom, ki zagotavlja natan\u010dno in mo\u010dno delovanje. 360\u00b0 rotacija, gumijaste gosenice ter opcijska funkcija bo\u010dnega nihanja roke omogo\u010dajo delo tudi v najo\u017ejih prostorih. Udobna nadzorna konzola in mo\u017enost buldo\u017eerske deske dodatno pove\u010data vsestranskost stroja, ki je popolna izbira za gradbena dela v urbanih obmo\u010djih ali te\u017eko dostopnih terenih.<\/div>\n\t\t<\/div>\n\t\t\t\t\t<\/div>\n\n\t\n<\/div>\n<div class=\"row row-large align-middle\"  id=\"row-1135076931\">\n\n\t<div id=\"col-1723325030\" class=\"col medium-12 small-12 large-6\"  >\n\t\t\t\t<div class=\"col-inner\"  >\n\t\t\t\n\t\t\t\n<h3><b>Prostorna in udobna kabina<\/b><\/h3>\n<p>Kabina nudi veliko prostora, raven pod za la\u017eje gibanje in udoben dostop. Elektronska nadzorna plo\u0161\u010da omogo\u010da enostaven pregled nad funkcijami, kot so delovne ure, napetost akumulatorja, osvetlitev in zagon. Ergonomsko name\u0161\u010dene ro\u010dice, udoben sede\u017e in varnostni pas poskrbijo za varno in u\u010dinkovito upravljanje v vseh delovnih pogojih.<\/p>\n\t\t<\/div>\n\t\t\t\t\t<\/div>\n\n\t\n\n\t<div id=\"col-621493256\" class=\"col medium-12 small-12 large-6\"  >\n\t\t\t\t<div class=\"col-inner\"  >\n\t\t\t\n\t\t\t\n\t<div class=\"img has-hover x md-x lg-x y md-y lg-y\" id=\"image_1960362881\">\n\t\t\t\t\t\t\t\t<div class=\"img-inner dark\" >\n\t\t\t<img loading=\"lazy\" decoding=\"async\" width=\"1020\" height=\"765\" src=\"https:\/\/iron-toys.com\/sl\/wp-content\/uploads\/sites\/2\/2024\/11\/0Q8A6354-1024x768.jpg\" class=\"attachment-large size-large\" alt=\"\" srcset=\"https:\/\/iron-toys.com\/sl\/wp-content\/uploads\/sites\/2\/2024\/11\/0Q8A6354-1024x768.jpg 1024w, https:\/\/iron-toys.com\/sl\/wp-content\/uploads\/sites\/2\/2024\/11\/0Q8A6354-300x225.jpg 300w, https:\/\/iron-toys.com\/sl\/wp-content\/uploads\/sites\/2\/2024\/11\/0Q8A6354-768x576.jpg 768w, https:\/\/iron-toys.com\/sl\/wp-content\/uploads\/sites\/2\/2024\/11\/0Q8A6354-1536x1152.jpg 1536w, https:\/\/iron-toys.com\/sl\/wp-content\/uploads\/sites\/2\/2024\/11\/0Q8A6354-2048x1536.jpg 2048w, https:\/\/iron-toys.com\/sl\/wp-content\/uploads\/sites\/2\/2024\/11\/0Q8A6354-655x491.jpg 655w\" sizes=\"auto, (max-width: 1020px) 100vw, 1020px\" \/>\t\t\t\t\t\t\n\t\t\t\t\t<\/div>\n\t\t\t\t\t\t\t\t\n<style>\n#image_1960362881 {\n  width: 100%;\n}\n<\/style>\n\t<\/div>\n\t\n\t\t<\/div>\n\t\t\t\t\t<\/div>\n\n\t\n<\/div>\n<div class=\"row row-large align-middle\"  id=\"row-451834353\">\n\n\t<div id=\"col-1471467287\" class=\"col medium-12 small-12 large-6\"  >\n\t\t\t\t<div class=\"col-inner\"  >\n\t\t\t\n\t\t\t\n\t<div class=\"img has-hover x md-x lg-x y md-y lg-y\" id=\"image_192722416\">\n\t\t\t\t\t\t\t\t<div class=\"img-inner dark\" >\n\t\t\t<img loading=\"lazy\" decoding=\"async\" width=\"1020\" height=\"765\" src=\"https:\/\/iron-toys.com\/sl\/wp-content\/uploads\/sites\/2\/2024\/11\/0Q8A6352-1024x768.jpg\" class=\"attachment-large size-large\" alt=\"\" srcset=\"https:\/\/iron-toys.com\/sl\/wp-content\/uploads\/sites\/2\/2024\/11\/0Q8A6352-1024x768.jpg 1024w, https:\/\/iron-toys.com\/sl\/wp-content\/uploads\/sites\/2\/2024\/11\/0Q8A6352-300x225.jpg 300w, https:\/\/iron-toys.com\/sl\/wp-content\/uploads\/sites\/2\/2024\/11\/0Q8A6352-768x576.jpg 768w, https:\/\/iron-toys.com\/sl\/wp-content\/uploads\/sites\/2\/2024\/11\/0Q8A6352-1536x1152.jpg 1536w, https:\/\/iron-toys.com\/sl\/wp-content\/uploads\/sites\/2\/2024\/11\/0Q8A6352-2048x1536.jpg 2048w, https:\/\/iron-toys.com\/sl\/wp-content\/uploads\/sites\/2\/2024\/11\/0Q8A6352-655x491.jpg 655w\" sizes=\"auto, (max-width: 1020px) 100vw, 1020px\" \/>\t\t\t\t\t\t\n\t\t\t\t\t<\/div>\n\t\t\t\t\t\t\t\t\n<style>\n#image_192722416 {\n  width: 100%;\n}\n<\/style>\n\t<\/div>\n\t\n\t\t<\/div>\n\t\t\t\t\t<\/div>\n\n\t\n\n\t<div id=\"col-1873011304\" class=\"col medium-12 small-12 large-6 medium-col-first\"  >\n\t\t\t\t<div class=\"col-inner\"  >\n\t\t\t\n\t\t\t\n<h3><b>Enostavno vzdr\u017eevanje in zanesljivo delovanje<\/b><\/h3>\n<p>Pametna zasnova omogo\u010da hiter dostop do glavnih komponent, kar poenostavi redne preglede in servis. To bistveno skraj\u0161a \u010das vzdr\u017eevanja in pove\u010da zanesljivost. Poleg tega stroj zagotavlja visoko stopnjo varnosti in odpornosti, kar omogo\u010da brezskrbno uporabo tudi v zahtevnej\u0161ih pogojih.<\/p>\n\t\t<\/div>\n\t\t\t\t\t<\/div>\n\n\t\n<\/div>\n\t\t<\/div>\n\n\t\t\n<style>\n#section_235464031 {\n  padding-top: 30px;\n  padding-bottom: 30px;\n}\n<\/style>\n\t<\/section>\n\t\n","protected":false},"excerpt":{"rendered":"<div>\n<p><strong>IRT10<\/strong> je vsestranski 1000-kilogramski mini bager, zasnovan za zanesljivo delo v ozkih prostorih, na gradbi\u0161\u010dih ali v doma\u010dih projektih. Poganja ga zanesljiv dizelski motor <strong>KOOP KD192F<\/strong> z mo\u010djo <strong>7.6 kW<\/strong> (3000 rpm) in delovno prostornino 499 cc, ki v kombinaciji z zobni\u0161ko \u010drpalko in delovnim tlakom 16 MPa zagotavlja u\u010dinkovit hidravli\u010dni sistem s pretokom 18 L\/min. IRT10 dose\u017ee najve\u010djo silo kopanja 6.5 kN in omogo\u010da natan\u010dno upravljanje tudi na zahtevnih terenih z nagibi do 30\u00b0.<\/p>\n<\/div>\n<p><strong>Pri nakupu prejmete tudi <\/strong><strong>GRATIS: Izkopna \u017elica 40CM + H<\/strong><strong>itro vpetje<\/strong><\/p>\n","protected":false},"featured_media":778,"template":"","meta":{"_acf_changed":false},"product_brand":[],"product_cat":[16,19],"product_tag":[],"class_list":{"0":"post-777","1":"product","2":"type-product","3":"status-publish","4":"has-post-thumbnail","6":"product_cat-stroji","7":"product_cat-mini-bagri","9":"first","10":"instock","11":"sale","12":"taxable","13":"shipping-taxable","14":"purchasable","15":"product-type-simple"},"acf":[],"_links":{"self":[{"href":"https:\/\/iron-toys.com\/sl\/wp-json\/wp\/v2\/product\/777","targetHints":{"allow":["GET"]}}],"collection":[{"href":"https:\/\/iron-toys.com\/sl\/wp-json\/wp\/v2\/product"}],"about":[{"href":"https:\/\/iron-toys.com\/sl\/wp-json\/wp\/v2\/types\/product"}],"wp:featuredmedia":[{"embeddable":true,"href":"https:\/\/iron-toys.com\/sl\/wp-json\/wp\/v2\/media\/778"}],"wp:attachment":[{"href":"https:\/\/iron-toys.com\/sl\/wp-json\/wp\/v2\/media?parent=777"}],"wp:term":[{"taxonomy":"product_brand","embeddable":true,"href":"https:\/\/iron-toys.com\/sl\/wp-json\/wp\/v2\/product_brand?post=777"},{"taxonomy":"product_cat","embeddable":true,"href":"https:\/\/iron-toys.com\/sl\/wp-json\/wp\/v2\/product_cat?post=777"},{"taxonomy":"product_tag","embeddable":true,"href":"https:\/\/iron-toys.com\/sl\/wp-json\/wp\/v2\/product_tag?post=777"}],"curies":[{"name":"wp","href":"https:\/\/api.w.org\/{rel}","templated":true}]}}