{"id":810,"date":"2025-09-26T08:00:49","date_gmt":"2025-09-26T08:00:49","guid":{"rendered":"http:\/\/sl.iron-toys.com\/?post_type=product&#038;p=810"},"modified":"2026-04-07T09:00:55","modified_gmt":"2026-04-07T09:00:55","slug":"mini-bager-irt18-1800kg","status":"publish","type":"product","link":"https:\/\/iron-toys.com\/sl\/izdelek\/mini-bager-irt18-1800kg\/","title":{"rendered":"Mini bager IRT18 &#8211; 1800kg"},"content":{"rendered":"\n\t<section class=\"section\" id=\"section_1822759064\">\n\t\t<div class=\"section-bg fill\" >\n\t\t\t\t\t\t\t\t\t\n\t\t\t\n\n\t\t<\/div>\n\n\t\t\n\n\t\t<div class=\"section-content relative\">\n\t\t\t\n<div class=\"row row-large align-middle\"  id=\"row-1923714583\">\n\n\t<div id=\"col-2062392002\" class=\"col medium-12 small-12 large-6\"  >\n\t\t\t\t<div class=\"col-inner\"  >\n\t\t\t\n\t\t\t\n<h3><b>Dimenzije<\/b><\/h3>\n<p style=\"text-align: left\"><strong>A \u2013<\/strong> Razmik med kolesi: 1120 mm<br \/>\n<strong>B \u2013<\/strong> Skupna dol\u017eina gosenic: 1440 mm<br \/>\n<strong>C \u2013<\/strong> Oddaljenost platforme od tal: 400 mm<br \/>\n<strong>D \u2013<\/strong> Radij obra\u010danja zadnjega dela: 860 mm<br \/>\n<strong>E \u2013<\/strong> \u0160irina \u0161asije: 1100 mm<br \/>\n<strong>F \u2013<\/strong> \u0160irina gosenic: 230 mm<br \/>\n<strong>G \u2013<\/strong> Vi\u0161ina gosenic: 320 mm<br \/>\n<strong>H \u2013<\/strong> Transportna dol\u017eina: 2430 \/ 3240 mm<br \/>\n<strong>I \u2013<\/strong> Oddaljenost sede\u017ea od tal: 1610 mm<br \/>\n<strong>J \u2013<\/strong> Skupna vi\u0161ina: 2270 mm<br \/>\n<strong>M \u2013<\/strong> Zasuk roke v desno: 48\u00b0<br \/>\n<strong>N \u2013<\/strong> Zasuk roke v levo: 43\u00b0<\/p>\n\t\t<\/div>\n\t\t\t\t\t<\/div>\n\n\t\n\n\t<div id=\"col-1999944894\" class=\"col medium-12 small-12 large-6\"  >\n\t\t\t\t<div class=\"col-inner\"  >\n\t\t\t\n\t\t\t\n\t<div class=\"img has-hover x md-x lg-x y md-y lg-y\" id=\"image_2117986483\">\n\t\t\t\t\t\t\t\t<div class=\"img-inner dark\" >\n\t\t\t<img loading=\"lazy\" decoding=\"async\" width=\"1020\" height=\"649\" src=\"https:\/\/iron-toys.com\/sl\/wp-content\/uploads\/sites\/2\/2025\/06\/WhatsApp-Image-2025-06-28-at-20.30.06-1024x652.jpeg\" class=\"attachment-large size-large\" alt=\"\" srcset=\"https:\/\/iron-toys.com\/sl\/wp-content\/uploads\/sites\/2\/2025\/06\/WhatsApp-Image-2025-06-28-at-20.30.06-1024x652.jpeg 1024w, https:\/\/iron-toys.com\/sl\/wp-content\/uploads\/sites\/2\/2025\/06\/WhatsApp-Image-2025-06-28-at-20.30.06-300x191.jpeg 300w, https:\/\/iron-toys.com\/sl\/wp-content\/uploads\/sites\/2\/2025\/06\/WhatsApp-Image-2025-06-28-at-20.30.06-768x489.jpeg 768w, https:\/\/iron-toys.com\/sl\/wp-content\/uploads\/sites\/2\/2025\/06\/WhatsApp-Image-2025-06-28-at-20.30.06-655x417.jpeg 655w, https:\/\/iron-toys.com\/sl\/wp-content\/uploads\/sites\/2\/2025\/06\/WhatsApp-Image-2025-06-28-at-20.30.06.jpeg 1110w\" sizes=\"auto, (max-width: 1020px) 100vw, 1020px\" \/>\t\t\t\t\t\t\n\t\t\t\t\t<\/div>\n\t\t\t\t\t\t\t\t\n<style>\n#image_2117986483 {\n  width: 100%;\n}\n<\/style>\n\t<\/div>\n\t\n\t\t<\/div>\n\t\t\t\t\t<\/div>\n\n\t\n<\/div>\n<div class=\"row row-large align-middle\"  id=\"row-1162753978\">\n\n\t<div id=\"col-355463780\" class=\"col medium-12 small-12 large-6\"  >\n\t\t\t\t<div class=\"col-inner\"  >\n\t\t\t\n\t\t\t\n\t<div class=\"img has-hover x md-x lg-x y md-y lg-y\" id=\"image_12825852\">\n\t\t\t\t\t\t\t\t<div class=\"img-inner dark\" >\n\t\t\t<img loading=\"lazy\" decoding=\"async\" width=\"768\" height=\"576\" src=\"https:\/\/iron-toys.com\/sl\/wp-content\/uploads\/sites\/2\/2025\/06\/0Q8A1896-768x576.jpg\" class=\"attachment-medium_large size-medium_large\" alt=\"\" srcset=\"https:\/\/iron-toys.com\/sl\/wp-content\/uploads\/sites\/2\/2025\/06\/0Q8A1896-768x576.jpg 768w, https:\/\/iron-toys.com\/sl\/wp-content\/uploads\/sites\/2\/2025\/06\/0Q8A1896-300x225.jpg 300w, https:\/\/iron-toys.com\/sl\/wp-content\/uploads\/sites\/2\/2025\/06\/0Q8A1896-1024x768.jpg 1024w, https:\/\/iron-toys.com\/sl\/wp-content\/uploads\/sites\/2\/2025\/06\/0Q8A1896-1536x1152.jpg 1536w, https:\/\/iron-toys.com\/sl\/wp-content\/uploads\/sites\/2\/2025\/06\/0Q8A1896-2048x1536.jpg 2048w, https:\/\/iron-toys.com\/sl\/wp-content\/uploads\/sites\/2\/2025\/06\/0Q8A1896-655x491.jpg 655w\" sizes=\"auto, (max-width: 768px) 100vw, 768px\" \/>\t\t\t\t\t\t\n\t\t\t\t\t<\/div>\n\t\t\t\t\t\t\t\t\n<style>\n#image_12825852 {\n  width: 80%;\n}\n<\/style>\n\t<\/div>\n\t\n\t\t<\/div>\n\t\t\t\t\t<\/div>\n\n\t\n\n\t<div id=\"col-566381523\" class=\"col medium-12 small-12 large-6 medium-col-first\"  >\n\t\t\t\t<div class=\"col-inner\"  >\n\t\t\t\n\t\t\t\n<h3><b>Kompakten, zmogljiv in u\u010dinkovit<\/b><\/h3>\n<p>Ta stroj zdru\u017euje visoko kopalno mo\u010d, napreden hidravli\u010dni sistem in stabilno podvozje \u0161irine 1000 mm. 360\u00b0 rotacija, gumijaste gosenice in bo\u010dno nihanje roke (43\u00b0 levo, 48\u00b0 desno) omogo\u010dajo u\u010dinkovito delo tudi v ozkih prostorih. Udobna nadzorna konzola, buldo\u017eerska deska in raztegljivo podvozje pove\u010dujejo vsestranskost stroja na razli\u010dnih terenih \u2013 od urbanih obmo\u010dij do zahtevnih gradbi\u0161\u010d.<\/p>\n\t\t<\/div>\n\t\t\t\t\t<\/div>\n\n\t\n<\/div>\n<div class=\"row row-large align-middle\"  id=\"row-1504491562\">\n\n\t<div id=\"col-120100091\" class=\"col medium-12 small-12 large-6\"  >\n\t\t\t\t<div class=\"col-inner\"  >\n\t\t\t\n\t\t\t\n<h3><b>Prostorna in udobna kabina<\/b><\/h3>\n<p>Kabina nudi ve\u010d prostora, raven pod in \u0161irok vhod, kar omogo\u010da udoben dostop in ve\u010djo gibljivost pri delu. Pregledna nadzorna plo\u0161\u010da prikazuje klju\u010dne informacije \u2013 delovne ure, temperaturo motorja, stanje napetosti in porabo energije. Vse komande so razporejene ergonomsko, kar omogo\u010da preprosto in varno upravljanje. Hidravli\u010dne ro\u010dice z natan\u010dnim odzivom, udoben sede\u017e in logi\u010dno postavljeni gumbi poskrbijo za u\u010dinkovito delovno izku\u0161njo tudi pri dalj\u0161ih delovnih intervalih.<\/p>\n\t\t<\/div>\n\t\t\t\t\t<\/div>\n\n\t\n\n\t<div id=\"col-1455496555\" class=\"col medium-12 small-12 large-6\"  >\n\t\t\t\t<div class=\"col-inner\"  >\n\t\t\t\n\t\t\t\n\t<div class=\"img has-hover x md-x lg-x y md-y lg-y\" id=\"image_146818996\">\n\t\t\t\t\t\t\t\t<div class=\"img-inner dark\" >\n\t\t\t<img loading=\"lazy\" decoding=\"async\" width=\"1020\" height=\"765\" src=\"https:\/\/iron-toys.com\/sl\/wp-content\/uploads\/sites\/2\/2025\/06\/0Q8A1830-1024x768.jpg\" class=\"attachment-large size-large\" alt=\"\" srcset=\"https:\/\/iron-toys.com\/sl\/wp-content\/uploads\/sites\/2\/2025\/06\/0Q8A1830-1024x768.jpg 1024w, https:\/\/iron-toys.com\/sl\/wp-content\/uploads\/sites\/2\/2025\/06\/0Q8A1830-300x225.jpg 300w, https:\/\/iron-toys.com\/sl\/wp-content\/uploads\/sites\/2\/2025\/06\/0Q8A1830-768x576.jpg 768w, https:\/\/iron-toys.com\/sl\/wp-content\/uploads\/sites\/2\/2025\/06\/0Q8A1830-1536x1152.jpg 1536w, https:\/\/iron-toys.com\/sl\/wp-content\/uploads\/sites\/2\/2025\/06\/0Q8A1830-2048x1536.jpg 2048w, https:\/\/iron-toys.com\/sl\/wp-content\/uploads\/sites\/2\/2025\/06\/0Q8A1830-655x491.jpg 655w\" sizes=\"auto, (max-width: 1020px) 100vw, 1020px\" \/>\t\t\t\t\t\t\n\t\t\t\t\t<\/div>\n\t\t\t\t\t\t\t\t\n<style>\n#image_146818996 {\n  width: 100%;\n}\n<\/style>\n\t<\/div>\n\t\n\t\t<\/div>\n\t\t\t\t\t<\/div>\n\n\t\n<\/div>\n<div class=\"row row-large align-middle\"  id=\"row-1890641370\">\n\n\t<div id=\"col-1876685266\" class=\"col medium-12 small-12 large-6\"  >\n\t\t\t\t<div class=\"col-inner\"  >\n\t\t\t\n\t\t\t\n\t<div class=\"img has-hover x md-x lg-x y md-y lg-y\" id=\"image_1415708326\">\n\t\t\t\t\t\t\t\t<div class=\"img-inner dark\" >\n\t\t\t<img loading=\"lazy\" decoding=\"async\" width=\"1020\" height=\"765\" src=\"https:\/\/iron-toys.com\/sl\/wp-content\/uploads\/sites\/2\/2025\/06\/0Q8A1822-1024x768.jpg\" class=\"attachment-large size-large\" alt=\"\" srcset=\"https:\/\/iron-toys.com\/sl\/wp-content\/uploads\/sites\/2\/2025\/06\/0Q8A1822-1024x768.jpg 1024w, https:\/\/iron-toys.com\/sl\/wp-content\/uploads\/sites\/2\/2025\/06\/0Q8A1822-300x225.jpg 300w, https:\/\/iron-toys.com\/sl\/wp-content\/uploads\/sites\/2\/2025\/06\/0Q8A1822-768x576.jpg 768w, https:\/\/iron-toys.com\/sl\/wp-content\/uploads\/sites\/2\/2025\/06\/0Q8A1822-1536x1152.jpg 1536w, https:\/\/iron-toys.com\/sl\/wp-content\/uploads\/sites\/2\/2025\/06\/0Q8A1822-2048x1536.jpg 2048w, https:\/\/iron-toys.com\/sl\/wp-content\/uploads\/sites\/2\/2025\/06\/0Q8A1822-655x491.jpg 655w\" sizes=\"auto, (max-width: 1020px) 100vw, 1020px\" \/>\t\t\t\t\t\t\n\t\t\t\t\t<\/div>\n\t\t\t\t\t\t\t\t\n<style>\n#image_1415708326 {\n  width: 100%;\n}\n<\/style>\n\t<\/div>\n\t\n\t\t<\/div>\n\t\t\t\t\t<\/div>\n\n\t\n\n\t<div id=\"col-1224448025\" class=\"col medium-12 small-12 large-6 medium-col-first\"  >\n\t\t\t\t<div class=\"col-inner\"  >\n\t\t\t\n\t\t\t\n<h3><b>Enostavno vzdr\u017eevanje in zanesljivo delovanje<\/b><\/h3>\n<p>Zasnova stroja omogo\u010da hiter dostop do motorja in klju\u010dnih komponent, kar mo\u010dno poenostavi redne preglede in servisna dela. To zmanj\u0161a \u010das zastojev in pove\u010da zanesljivost pri vsakodnevnem delu. Kvalitetna izdelava in premi\u0161ljena postavitev sistemov dodatno prispevata k varni in dolgotrajni uporabi stroja v vseh pogojih.<\/p>\n\t\t<\/div>\n\t\t\t\t\t<\/div>\n\n\t\n<\/div>\n\t\t<\/div>\n\n\t\t\n<style>\n#section_1822759064 {\n  padding-top: 30px;\n  padding-bottom: 30px;\n}\n<\/style>\n\t<\/section>\n\t\n","protected":false},"excerpt":{"rendered":"<p><strong>IRT-18<\/strong> je zanesljiv 1800-kilogramski mini bager, zasnovan za u\u010dinkovito delo pri zahtevnej\u0161ih izkopih in na raznolikih terenih. Poganja ga dizelski motor<strong> Laidong KM385B (3-valjni)<\/strong> z mo\u010djo <strong>18,1 kW<\/strong> (2600 rpm). Dve zobni\u0161ki \u010drpalki (31.2 + 7.8 L\/min) v kombinaciji z delovnim tlakom 16 MPa omogo\u010data mo\u010dno in natan\u010dno delovanje. S kopalno globino 2170 mm, dosegom 3470 mm in sposobnostjo vzpenjanja do 30\u00b0 je primeren za \u0161irok nabor nalog na gradbi\u0161\u010dih in te\u017eje dostopnih terenih.<\/p>\n<p><strong>Pri nakupu prejmete tudi <\/strong><strong>GRATIS: Izkopna \u017elica 40CM + H<\/strong><strong>itro vpetje<\/strong><\/p>\n","protected":false},"featured_media":811,"template":"","meta":{"_acf_changed":false},"product_brand":[],"product_cat":[16,19],"product_tag":[],"class_list":{"0":"post-810","1":"product","2":"type-product","3":"status-publish","4":"has-post-thumbnail","6":"product_cat-stroji","7":"product_cat-mini-bagri","9":"first","10":"instock","11":"sale","12":"taxable","13":"shipping-taxable","14":"purchasable","15":"product-type-simple"},"acf":[],"_links":{"self":[{"href":"https:\/\/iron-toys.com\/sl\/wp-json\/wp\/v2\/product\/810","targetHints":{"allow":["GET"]}}],"collection":[{"href":"https:\/\/iron-toys.com\/sl\/wp-json\/wp\/v2\/product"}],"about":[{"href":"https:\/\/iron-toys.com\/sl\/wp-json\/wp\/v2\/types\/product"}],"wp:featuredmedia":[{"embeddable":true,"href":"https:\/\/iron-toys.com\/sl\/wp-json\/wp\/v2\/media\/811"}],"wp:attachment":[{"href":"https:\/\/iron-toys.com\/sl\/wp-json\/wp\/v2\/media?parent=810"}],"wp:term":[{"taxonomy":"product_brand","embeddable":true,"href":"https:\/\/iron-toys.com\/sl\/wp-json\/wp\/v2\/product_brand?post=810"},{"taxonomy":"product_cat","embeddable":true,"href":"https:\/\/iron-toys.com\/sl\/wp-json\/wp\/v2\/product_cat?post=810"},{"taxonomy":"product_tag","embeddable":true,"href":"https:\/\/iron-toys.com\/sl\/wp-json\/wp\/v2\/product_tag?post=810"}],"curies":[{"name":"wp","href":"https:\/\/api.w.org\/{rel}","templated":true}]}}