{"id":821,"date":"2025-06-28T08:12:55","date_gmt":"2025-06-28T08:12:55","guid":{"rendered":"http:\/\/sl.iron-toys.com\/?post_type=product&#038;p=821"},"modified":"2025-09-25T15:04:49","modified_gmt":"2025-09-25T15:04:49","slug":"mini-demper-irta800-800kg","status":"publish","type":"product","link":"https:\/\/iron-toys.com\/sl\/izdelek\/mini-demper-irta800-800kg\/","title":{"rendered":"Mini demper IRT-A800 &#8211; 800kg"},"content":{"rendered":"\n\t<section class=\"section\" id=\"section_2114286887\">\n\t\t<div class=\"section-bg fill\" >\n\t\t\t\t\t\t\t\t\t\n\t\t\t\n\n\t\t<\/div>\n\n\t\t\n\n\t\t<div class=\"section-content relative\">\n\t\t\t\n<div class=\"row row-large align-middle\"  id=\"row-2061041221\">\n\n\t<div id=\"col-1855471523\" class=\"col medium-12 small-12 large-6\"  >\n\t\t\t\t<div class=\"col-inner\"  >\n\t\t\t\n\t\t\t\n<h3><b>Kompakten, zmogljiv in u\u010dinkovit<\/b><\/h3>\n<p>Mini demper IRT-A800 zdru\u017euje visoko nosilnost, stabilnost in okretnost v kompaktni \u0161irini le 870 mm, kar omogo\u010da prehod tudi skozi ozke prehode in vrata. Gumijaste gosenice \u0161irine 620 mm zagotavljajo zanesljiv oprijem in stabilnost na razli\u010dnih terenih \u2013 od mehkih podlag do zahtevnej\u0161ih povr\u0161in.<\/p>\n<p>Zaboj s prostornino 0,26 m\u00b3 (dimenzije 1235 \u00d7 730 \u00d7 590 mm) omogo\u010da u\u010dinkovit transport ve\u010djih koli\u010din materiala v enem prehodu. Dvi\u017eni mehanizem z vi\u0161ino prekopa do 1750 mm omogo\u010da preprosto in natan\u010dno raztovarjanje v zabojnike ali neposredno na delovno mesto.<\/p>\n\t\t<\/div>\n\t\t\t\t\t<\/div>\n\n\t\n\n\t<div id=\"col-1113623499\" class=\"col medium-12 small-12 large-6\"  >\n\t\t\t\t<div class=\"col-inner\"  >\n\t\t\t\n\t\t\t\n\t<div class=\"img has-hover x md-x lg-x y md-y lg-y\" id=\"image_460569604\">\n\t\t\t\t\t\t\t\t<div class=\"img-inner dark\" >\n\t\t\t<img loading=\"lazy\" decoding=\"async\" width=\"768\" height=\"1024\" src=\"https:\/\/iron-toys.com\/sl\/wp-content\/uploads\/sites\/2\/2025\/06\/\u5fae\u4fe1\u56fe\u7247_20250627184014-768x1024.jpg\" class=\"attachment-large size-large\" alt=\"\" srcset=\"https:\/\/iron-toys.com\/sl\/wp-content\/uploads\/sites\/2\/2025\/06\/\u5fae\u4fe1\u56fe\u7247_20250627184014-768x1024.jpg 768w, https:\/\/iron-toys.com\/sl\/wp-content\/uploads\/sites\/2\/2025\/06\/\u5fae\u4fe1\u56fe\u7247_20250627184014-225x300.jpg 225w, https:\/\/iron-toys.com\/sl\/wp-content\/uploads\/sites\/2\/2025\/06\/\u5fae\u4fe1\u56fe\u7247_20250627184014-1152x1536.jpg 1152w, https:\/\/iron-toys.com\/sl\/wp-content\/uploads\/sites\/2\/2025\/06\/\u5fae\u4fe1\u56fe\u7247_20250627184014-1536x2048.jpg 1536w, https:\/\/iron-toys.com\/sl\/wp-content\/uploads\/sites\/2\/2025\/06\/\u5fae\u4fe1\u56fe\u7247_20250627184014-655x873.jpg 655w, https:\/\/iron-toys.com\/sl\/wp-content\/uploads\/sites\/2\/2025\/06\/\u5fae\u4fe1\u56fe\u7247_20250627184014-scaled.jpg 1920w\" sizes=\"auto, (max-width: 768px) 100vw, 768px\" \/>\t\t\t\t\t\t\n\t\t\t\t\t<\/div>\n\t\t\t\t\t\t\t\t\n<style>\n#image_460569604 {\n  width: 100%;\n}\n<\/style>\n\t<\/div>\n\t\n\t\t<\/div>\n\t\t\t\t\t<\/div>\n\n\t\n<\/div>\n<div class=\"row row-large align-middle\"  id=\"row-441182859\">\n\n\t<div id=\"col-2003565544\" class=\"col medium-12 small-12 large-6\"  >\n\t\t\t\t<div class=\"col-inner\"  >\n\t\t\t\n\t\t\t\n\t<div class=\"img has-hover x md-x lg-x y md-y lg-y\" id=\"image_1395835875\">\n\t\t\t\t\t\t\t\t<div class=\"img-inner dark\" >\n\t\t\t<img loading=\"lazy\" decoding=\"async\" width=\"768\" height=\"576\" src=\"https:\/\/iron-toys.com\/sl\/wp-content\/uploads\/sites\/2\/2025\/06\/\u5fae\u4fe1\u56fe\u7247_20250627183809-768x576.jpg\" class=\"attachment-medium_large size-medium_large\" alt=\"\" srcset=\"https:\/\/iron-toys.com\/sl\/wp-content\/uploads\/sites\/2\/2025\/06\/\u5fae\u4fe1\u56fe\u7247_20250627183809-768x576.jpg 768w, https:\/\/iron-toys.com\/sl\/wp-content\/uploads\/sites\/2\/2025\/06\/\u5fae\u4fe1\u56fe\u7247_20250627183809-300x225.jpg 300w, https:\/\/iron-toys.com\/sl\/wp-content\/uploads\/sites\/2\/2025\/06\/\u5fae\u4fe1\u56fe\u7247_20250627183809-1024x768.jpg 1024w, https:\/\/iron-toys.com\/sl\/wp-content\/uploads\/sites\/2\/2025\/06\/\u5fae\u4fe1\u56fe\u7247_20250627183809-1536x1152.jpg 1536w, https:\/\/iron-toys.com\/sl\/wp-content\/uploads\/sites\/2\/2025\/06\/\u5fae\u4fe1\u56fe\u7247_20250627183809-2048x1536.jpg 2048w, https:\/\/iron-toys.com\/sl\/wp-content\/uploads\/sites\/2\/2025\/06\/\u5fae\u4fe1\u56fe\u7247_20250627183809-655x491.jpg 655w\" sizes=\"auto, (max-width: 768px) 100vw, 768px\" \/>\t\t\t\t\t\t\n\t\t\t\t\t<\/div>\n\t\t\t\t\t\t\t\t\n<style>\n#image_1395835875 {\n  width: 80%;\n}\n<\/style>\n\t<\/div>\n\t\n\t\t<\/div>\n\t\t\t\t\t<\/div>\n\n\t\n\n\t<div id=\"col-378152390\" class=\"col medium-12 small-12 large-6 medium-col-first\"  >\n\t\t\t\t<div class=\"col-inner\"  >\n\t\t\t\n\t\t\t\n<h3><b>Enostavno upravljanje in vzdr\u017eevanje<\/b><\/h3>\n<p>IRT-A800 je zasnovan za preprosto in varno upravljanje, kar omogo\u010da udobno delo tudi na zahtevnej\u0161em terenu. Najmanj\u0161i radij obra\u010danja 1,35 m zagotavlja visoko okretnost v omejenih prostorih, medtem ko 85 mm oddaljenost podvozja od tal omogo\u010da stabilno pre\u010dkanje manj\u0161ih ovir.<\/p>\n<p>Hidravli\u010dni sistem s prostornino rezervoarja 16 L in uporabo protiobrabnega olja (tip 46) prispeva k dolgi \u017eivljenjski dobi in zanesljivosti delovanja. Poleg tega premi\u0161ljena zasnova stroja omogo\u010da hiter dostop do klju\u010dnih komponent, kar poenostavi servisiranje in redno vzdr\u017eevanje ter zmanj\u0161uje \u010das izpada in obratovalne stro\u0161ke.<\/p>\n\t\t<\/div>\n\t\t\t\t\t<\/div>\n\n\t\n<\/div>\n<div class=\"row row-large align-middle\"  id=\"row-671630610\">\n<\/div>\n\n\t<div id=\"col-320735498\" class=\"col medium-12 small-12 large-6\"  >\n\t\t\t\t<div class=\"col-inner\"  >\n\t\t\t\n\t\t\t\n\t\t<\/div>\n\t\t\t\t\t<\/div>\n\n\t\n\t\t<\/div>\n\n\t\t\n<style>\n#section_2114286887 {\n  padding-top: 30px;\n  padding-bottom: 30px;\n}\n<\/style>\n\t<\/section>\n\t\n","protected":false},"excerpt":{"rendered":"<p><strong>Mini demper IRT-A800<\/strong>\u00a0je robusten in vsestranski stroj z nosilnostjo 800 kg, zasnovan za enostaven transport materiala na gradbi\u0161\u010dih, v kmetijstvu ali pri urejanju okolice. Poganja ga zanesljiv bencinski motor\u00a0<strong>RATO R300<\/strong>\u00a0s prostornino 301 cc in mo\u010djo 9,8 konjskih mo\u010di, ki skupaj z zmogljivim hidravli\u010dnim sistemom zagotavlja zanesljivo dviganje, transport in prekop materiala. S sposobnostjo vzpenjanja do 20\u00b0 in hitrostjo 2,1\u20134,2 km\/h je IRT-A800 idealna re\u0161itev za delo na neravnih in nagnjenih povr\u0161inah.<\/p>\n","protected":false},"featured_media":822,"template":"","meta":{"_acf_changed":false},"product_brand":[],"product_cat":[16,25],"product_tag":[],"class_list":{"0":"post-821","1":"product","2":"type-product","3":"status-publish","4":"has-post-thumbnail","6":"product_cat-stroji","7":"product_cat-mini-demperji","9":"first","10":"instock","11":"sale","12":"taxable","13":"shipping-taxable","14":"purchasable","15":"product-type-simple"},"acf":[],"_links":{"self":[{"href":"https:\/\/iron-toys.com\/sl\/wp-json\/wp\/v2\/product\/821","targetHints":{"allow":["GET"]}}],"collection":[{"href":"https:\/\/iron-toys.com\/sl\/wp-json\/wp\/v2\/product"}],"about":[{"href":"https:\/\/iron-toys.com\/sl\/wp-json\/wp\/v2\/types\/product"}],"wp:featuredmedia":[{"embeddable":true,"href":"https:\/\/iron-toys.com\/sl\/wp-json\/wp\/v2\/media\/822"}],"wp:attachment":[{"href":"https:\/\/iron-toys.com\/sl\/wp-json\/wp\/v2\/media?parent=821"}],"wp:term":[{"taxonomy":"product_brand","embeddable":true,"href":"https:\/\/iron-toys.com\/sl\/wp-json\/wp\/v2\/product_brand?post=821"},{"taxonomy":"product_cat","embeddable":true,"href":"https:\/\/iron-toys.com\/sl\/wp-json\/wp\/v2\/product_cat?post=821"},{"taxonomy":"product_tag","embeddable":true,"href":"https:\/\/iron-toys.com\/sl\/wp-json\/wp\/v2\/product_tag?post=821"}],"curies":[{"name":"wp","href":"https:\/\/api.w.org\/{rel}","templated":true}]}}