{"id":828,"date":"2025-06-28T08:22:01","date_gmt":"2025-06-28T08:22:01","guid":{"rendered":"http:\/\/sl.iron-toys.com\/?post_type=product&#038;p=828"},"modified":"2025-07-04T16:55:38","modified_gmt":"2025-07-04T16:55:38","slug":"mini-demper-irt-a500-500kg","status":"publish","type":"product","link":"https:\/\/iron-toys.com\/sl\/izdelek\/mini-demper-irt-a500-500kg\/","title":{"rendered":"Mini demper IRT-A500 &#8211; 500kg"},"content":{"rendered":"\n\t<section class=\"section\" id=\"section_938629735\">\n\t\t<div class=\"section-bg fill\" >\n\t\t\t\t\t\t\t\t\t\n\t\t\t\n\n\t\t<\/div>\n\n\t\t\n\n\t\t<div class=\"section-content relative\">\n\t\t\t\n<div class=\"row row-large align-middle\"  id=\"row-708317563\">\n\n\t<div id=\"col-279015795\" class=\"col medium-12 small-12 large-6\"  >\n\t\t\t\t<div class=\"col-inner\"  >\n\t\t\t\n\t\t\t\n<h3><b>Kompakten, okreten in prilagodljiv<\/b><\/h3>\n<p>IRT-A500 zdru\u017euje visoko funkcionalnost v izjemno kompaktni zasnovi \u2013 s \u0161irino le 870 mm omogo\u010da prehod skozi standardne prehode in vrata. Gumijaste gosenice \u0161irine 520 mm zagotavljajo stabilen oprijem tudi na mehkih ali spolzkih podlagah.<\/p>\n<p>Zaboj s prostornino 0,22 m\u00b3 (dimenzije 1040 \u00d7 730 \u00d7 590 mm) omogo\u010da enostaven prevoz ve\u010djih koli\u010din materiala. Dvig in prekop do vi\u0161ine 1350 mm olaj\u0161ata raztovarjanje neposredno v zabojnike ali na to\u010dno dolo\u010dena mesta.<\/p>\n<p>Z najmanj\u0161im radijem obra\u010danja le 1 meter pa IRT-A500 navdu\u0161uje z izjemno okretnostjo, kar je idealno za delo v ozkih in omejenih prostorih.<\/p>\n<p>\u00a0<\/p>\n\t\t<\/div>\n\t\t\t\t\t<\/div>\n\n\t\n\n\t<div id=\"col-587931650\" class=\"col medium-12 small-12 large-6\"  >\n\t\t\t\t<div class=\"col-inner\"  >\n\t\t\t\n\t\t\t\n\t<div class=\"img has-hover x md-x lg-x y md-y lg-y\" id=\"image_1102373165\">\n\t\t\t\t\t\t\t\t<div class=\"img-inner dark\" >\n\t\t\t<img loading=\"lazy\" decoding=\"async\" width=\"1020\" height=\"765\" src=\"https:\/\/iron-toys.com\/sl\/wp-content\/uploads\/sites\/2\/2025\/06\/IRT-A5003-1024x768.jpg\" class=\"attachment-large size-large\" alt=\"\" srcset=\"https:\/\/iron-toys.com\/sl\/wp-content\/uploads\/sites\/2\/2025\/06\/IRT-A5003-1024x768.jpg 1024w, https:\/\/iron-toys.com\/sl\/wp-content\/uploads\/sites\/2\/2025\/06\/IRT-A5003-300x225.jpg 300w, https:\/\/iron-toys.com\/sl\/wp-content\/uploads\/sites\/2\/2025\/06\/IRT-A5003-768x576.jpg 768w, https:\/\/iron-toys.com\/sl\/wp-content\/uploads\/sites\/2\/2025\/06\/IRT-A5003-1536x1152.jpg 1536w, https:\/\/iron-toys.com\/sl\/wp-content\/uploads\/sites\/2\/2025\/06\/IRT-A5003-2048x1536.jpg 2048w, https:\/\/iron-toys.com\/sl\/wp-content\/uploads\/sites\/2\/2025\/06\/IRT-A5003-655x491.jpg 655w\" sizes=\"auto, (max-width: 1020px) 100vw, 1020px\" \/>\t\t\t\t\t\t\n\t\t\t\t\t<\/div>\n\t\t\t\t\t\t\t\t\n<style>\n#image_1102373165 {\n  width: 100%;\n}\n<\/style>\n\t<\/div>\n\t\n\t\t<\/div>\n\t\t\t\t\t<\/div>\n\n\t\n<\/div>\n<div class=\"row row-large align-middle\"  id=\"row-527720056\">\n\n\t<div id=\"col-831076216\" class=\"col medium-12 small-12 large-6\"  >\n\t\t\t\t<div class=\"col-inner\"  >\n\t\t\t\n\t\t\t\n\t<div class=\"img has-hover x md-x lg-x y md-y lg-y\" id=\"image_717934790\">\n\t\t\t\t\t\t\t\t<div class=\"img-inner dark\" >\n\t\t\t<img loading=\"lazy\" decoding=\"async\" width=\"768\" height=\"576\" src=\"https:\/\/iron-toys.com\/sl\/wp-content\/uploads\/sites\/2\/2025\/06\/IRT-A5003-768x576.jpg\" class=\"attachment-medium_large size-medium_large\" alt=\"\" srcset=\"https:\/\/iron-toys.com\/sl\/wp-content\/uploads\/sites\/2\/2025\/06\/IRT-A5003-768x576.jpg 768w, https:\/\/iron-toys.com\/sl\/wp-content\/uploads\/sites\/2\/2025\/06\/IRT-A5003-300x225.jpg 300w, https:\/\/iron-toys.com\/sl\/wp-content\/uploads\/sites\/2\/2025\/06\/IRT-A5003-1024x768.jpg 1024w, https:\/\/iron-toys.com\/sl\/wp-content\/uploads\/sites\/2\/2025\/06\/IRT-A5003-1536x1152.jpg 1536w, https:\/\/iron-toys.com\/sl\/wp-content\/uploads\/sites\/2\/2025\/06\/IRT-A5003-2048x1536.jpg 2048w, https:\/\/iron-toys.com\/sl\/wp-content\/uploads\/sites\/2\/2025\/06\/IRT-A5003-655x491.jpg 655w\" sizes=\"auto, (max-width: 768px) 100vw, 768px\" \/>\t\t\t\t\t\t\n\t\t\t\t\t<\/div>\n\t\t\t\t\t\t\t\t\n<style>\n#image_717934790 {\n  width: 80%;\n}\n<\/style>\n\t<\/div>\n\t\n\t\t<\/div>\n\t\t\t\t\t<\/div>\n\n\t\n\n\t<div id=\"col-603162383\" class=\"col medium-12 small-12 large-6 medium-col-first\"  >\n\t\t\t\t<div class=\"col-inner\"  >\n\t\t\t\n\t\t\t\n<h3><b>Enostavno upravljanje in vzdr\u017eevanje<\/b><\/h3>\n<p>Stroj je zasnovan z mislijo na enostavno upravljanje, varnost in udobje uporabnika. Oddaljenost podvozja od tal zna\u0161a 85 mm, kar omogo\u010da varno premagovanje manj\u0161ih ovir na razli\u010dnih terenih.<\/p>\n<p>Pametna zasnova omogo\u010da hiter in enostaven dostop do klju\u010dnih komponent, kar poenostavi redne preglede, servisiranje in vzdr\u017eevanje. To znatno skraj\u0161a \u010das izpada in zagotavlja nemoteno delovanje na terenu.<\/p>\n<p>Zanesljiv hidravli\u010dni sistem, ki uporablja protiobrabno olje (tip 46) ter rezervoar s prostornino 16 litrov, prispeva k dolgi \u017eivljenjski dobi in visoki zanesljivosti stroja.<\/p>\n<p>\u00a0<\/p>\n\t\t<\/div>\n\t\t\t\t\t<\/div>\n\n\t\n<\/div>\n<div class=\"row row-large align-middle\"  id=\"row-1375944433\">\n<\/div>\n\n\t<div id=\"col-1228250401\" class=\"col medium-12 small-12 large-6\"  >\n\t\t\t\t<div class=\"col-inner\"  >\n\t\t\t\n\t\t\t\n\t\t<\/div>\n\t\t\t\t\t<\/div>\n\n\t\n\t\t<\/div>\n\n\t\t\n<style>\n#section_938629735 {\n  padding-top: 30px;\n  padding-bottom: 30px;\n}\n<\/style>\n\t<\/section>\n\t\n","protected":false},"excerpt":{"rendered":"<p><strong>Mini demper IRT-A500<\/strong>\u00a0je kompakten in zmogljiv stroj z nosilnostjo 500 kg, idealen za uporabo na gradbi\u0161\u010dih, v vrtnarstvu, kmetijstvu ter pri urejanju okolice. Stroj poganja preverjen bencinski motor\u00a0<strong>RATO R300<\/strong>\u00a0s prostornino 301 cc in mo\u010djo 9,8 konjskih mo\u010di, ki zagotavlja stabilno delovanje in dovolj mo\u010di za vsakodnevne delovne izzive. S hitrostjo od 1,7 do 3,5 km\/h in sposobnostjo vzpenjanja do 20\u00b0 omogo\u010da varno in u\u010dinkovito delo na razli\u010dnih terenih.<\/p>\n","protected":false},"featured_media":829,"template":"","meta":{"_acf_changed":false},"product_brand":[],"product_cat":[16,25],"product_tag":[],"class_list":{"0":"post-828","1":"product","2":"type-product","3":"status-publish","4":"has-post-thumbnail","6":"product_cat-stroji","7":"product_cat-mini-demperji","9":"first","10":"instock","11":"taxable","12":"shipping-taxable","13":"purchasable","14":"product-type-simple"},"acf":[],"_links":{"self":[{"href":"https:\/\/iron-toys.com\/sl\/wp-json\/wp\/v2\/product\/828","targetHints":{"allow":["GET"]}}],"collection":[{"href":"https:\/\/iron-toys.com\/sl\/wp-json\/wp\/v2\/product"}],"about":[{"href":"https:\/\/iron-toys.com\/sl\/wp-json\/wp\/v2\/types\/product"}],"wp:featuredmedia":[{"embeddable":true,"href":"https:\/\/iron-toys.com\/sl\/wp-json\/wp\/v2\/media\/829"}],"wp:attachment":[{"href":"https:\/\/iron-toys.com\/sl\/wp-json\/wp\/v2\/media?parent=828"}],"wp:term":[{"taxonomy":"product_brand","embeddable":true,"href":"https:\/\/iron-toys.com\/sl\/wp-json\/wp\/v2\/product_brand?post=828"},{"taxonomy":"product_cat","embeddable":true,"href":"https:\/\/iron-toys.com\/sl\/wp-json\/wp\/v2\/product_cat?post=828"},{"taxonomy":"product_tag","embeddable":true,"href":"https:\/\/iron-toys.com\/sl\/wp-json\/wp\/v2\/product_tag?post=828"}],"curies":[{"name":"wp","href":"https:\/\/api.w.org\/{rel}","templated":true}]}}