{"id":949,"date":"2025-09-28T15:45:01","date_gmt":"2025-09-28T15:45:01","guid":{"rendered":"https:\/\/iron-toys.com\/sl\/?post_type=product&#038;p=949"},"modified":"2026-04-07T08:53:00","modified_gmt":"2026-04-07T08:53:00","slug":"mini-bager-irt12s-1200kg","status":"publish","type":"product","link":"https:\/\/iron-toys.com\/sl\/izdelek\/mini-bager-irt12s-1200kg\/","title":{"rendered":"Mini bager IRT12S &#8211; 1200kg"},"content":{"rendered":"\n\t<section class=\"section\" id=\"section_869565860\">\n\t\t<div class=\"section-bg fill\" >\n\t\t\t\t\t\t\t\t\t\n\t\t\t\n\n\t\t<\/div>\n\n\t\t\n\n\t\t<div class=\"section-content relative\">\n\t\t\t\n<div class=\"row row-large align-middle\"  id=\"row-477132739\">\n\n\t<div id=\"col-1783258212\" class=\"col medium-12 small-12 large-6\"  >\n\t\t\t\t<div class=\"col-inner\"  >\n\t\t\t\n\t\t\t\n<h3><b>Dimenzije<\/b><\/h3>\n<p style=\"text-align: left\"><strong>A \u2013<\/strong> Razmik med kolesi: 910 mm<br \/>\n<strong>B \u2013<\/strong> Skupna dol\u017eina gosenic: 1235 mm<br \/>\n<strong>C \u2013<\/strong> Oddaljenost platforme od tal: 400 mm<br \/>\n<strong>D \u2013<\/strong> Radij obra\u010danja zadnjega dela: 830 mm<br \/>\n<strong>E \u2013<\/strong> \u0160irina \u0161asije: 940 mm<br \/>\n<strong>F \u2013<\/strong> \u0160irina gosenic: 180 mm<br \/>\n<strong>G \u2013<\/strong> Vi\u0161ina gosenic: 320 mm<br \/>\n<strong>H \u2013<\/strong> Transportna dol\u017eina: 2350 \/ 2870 mm<br \/>\n<strong>I \u2013<\/strong> Oddaljenost sede\u017ea od tal: 1560 mm<br \/>\n<strong>J \u2013<\/strong> Skupna vi\u0161ina: 2270 mm<br \/>\n<strong>M \u2013<\/strong> Zasuk roke v desno: 40\u00b0<br \/>\n<strong>N \u2013<\/strong> Zasuk roke v levo: 53\u00b0<\/p>\n\t\t<\/div>\n\t\t\t\t\t<\/div>\n\n\t\n\n\t<div id=\"col-1559903340\" class=\"col medium-12 small-12 large-6\"  >\n\t\t\t\t<div class=\"col-inner\"  >\n\t\t\t\n\t\t\t\n\t<div class=\"img has-hover x md-x lg-x y md-y lg-y\" id=\"image_973188308\">\n\t\t\t\t\t\t\t\t<div class=\"img-inner dark\" >\n\t\t\t<img loading=\"lazy\" decoding=\"async\" width=\"1020\" height=\"670\" src=\"https:\/\/iron-toys.com\/sl\/wp-content\/uploads\/sites\/2\/2024\/11\/Screenshot-2025-06-24-at-20.23.27-1024x673.png\" class=\"attachment-large size-large\" alt=\"\" srcset=\"https:\/\/iron-toys.com\/sl\/wp-content\/uploads\/sites\/2\/2024\/11\/Screenshot-2025-06-24-at-20.23.27-1024x673.png 1024w, https:\/\/iron-toys.com\/sl\/wp-content\/uploads\/sites\/2\/2024\/11\/Screenshot-2025-06-24-at-20.23.27-300x197.png 300w, https:\/\/iron-toys.com\/sl\/wp-content\/uploads\/sites\/2\/2024\/11\/Screenshot-2025-06-24-at-20.23.27-768x505.png 768w, https:\/\/iron-toys.com\/sl\/wp-content\/uploads\/sites\/2\/2024\/11\/Screenshot-2025-06-24-at-20.23.27-1536x1010.png 1536w, https:\/\/iron-toys.com\/sl\/wp-content\/uploads\/sites\/2\/2024\/11\/Screenshot-2025-06-24-at-20.23.27-2048x1347.png 2048w, https:\/\/iron-toys.com\/sl\/wp-content\/uploads\/sites\/2\/2024\/11\/Screenshot-2025-06-24-at-20.23.27-655x431.png 655w\" sizes=\"auto, (max-width: 1020px) 100vw, 1020px\" \/>\t\t\t\t\t\t\n\t\t\t\t\t<\/div>\n\t\t\t\t\t\t\t\t\n<style>\n#image_973188308 {\n  width: 100%;\n}\n<\/style>\n\t<\/div>\n\t\n\t\t<\/div>\n\t\t\t\t\t<\/div>\n\n\t\n<\/div>\n<div class=\"row row-large align-middle\"  id=\"row-269590934\">\n\n\t<div id=\"col-1036433484\" class=\"col medium-12 small-12 large-6\"  >\n\t\t\t\t<div class=\"col-inner\"  >\n\t\t\t\n\t\t\t\n\t<div class=\"img has-hover x md-x lg-x y md-y lg-y\" id=\"image_31426977\">\n\t\t\t\t\t\t\t\t<div class=\"img-inner dark\" >\n\t\t\t<img loading=\"lazy\" decoding=\"async\" width=\"768\" height=\"576\" src=\"https:\/\/iron-toys.com\/sl\/wp-content\/uploads\/sites\/2\/2024\/12\/WhatsApp-Image-2025-07-23-at-09.40.45-768x576.jpeg\" class=\"attachment-medium_large size-medium_large\" alt=\"\" srcset=\"https:\/\/iron-toys.com\/sl\/wp-content\/uploads\/sites\/2\/2024\/12\/WhatsApp-Image-2025-07-23-at-09.40.45-768x576.jpeg 768w, https:\/\/iron-toys.com\/sl\/wp-content\/uploads\/sites\/2\/2024\/12\/WhatsApp-Image-2025-07-23-at-09.40.45-300x225.jpeg 300w, https:\/\/iron-toys.com\/sl\/wp-content\/uploads\/sites\/2\/2024\/12\/WhatsApp-Image-2025-07-23-at-09.40.45-1024x768.jpeg 1024w, https:\/\/iron-toys.com\/sl\/wp-content\/uploads\/sites\/2\/2024\/12\/WhatsApp-Image-2025-07-23-at-09.40.45-1536x1152.jpeg 1536w, https:\/\/iron-toys.com\/sl\/wp-content\/uploads\/sites\/2\/2024\/12\/WhatsApp-Image-2025-07-23-at-09.40.45-655x491.jpeg 655w, https:\/\/iron-toys.com\/sl\/wp-content\/uploads\/sites\/2\/2024\/12\/WhatsApp-Image-2025-07-23-at-09.40.45.jpeg 1600w\" sizes=\"auto, (max-width: 768px) 100vw, 768px\" \/>\t\t\t\t\t\t\n\t\t\t\t\t<\/div>\n\t\t\t\t\t\t\t\t\n<style>\n#image_31426977 {\n  width: 80%;\n}\n<\/style>\n\t<\/div>\n\t\n\t\t<\/div>\n\t\t\t\t\t<\/div>\n\n\t\n\n\t<div id=\"col-1635982311\" class=\"col medium-12 small-12 large-6 medium-col-first\"  >\n\t\t\t\t<div class=\"col-inner\"  >\n\t\t\t\n\t\t\t\n<h3><b>Kompakten, zmogljiv in u\u010dinkovit<\/b><\/h3>\n<p>Kompakten in zmogljiv stroj zdru\u017euje visoko kopalno mo\u010d, stabilnost in okretnost v \u0161irini le 940 mm. Opremljen je z zanesljivim KOOP motorjem in naprednim hidravli\u010dnim sistemom, ki omogo\u010da natan\u010dno in u\u010dinkovito delovanje. Rotacija v vse smeri, gumijaste gosenice in bo\u010dno nihanje roke omogo\u010dajo delo tudi v zelo omejenih prostorih. Udobna upravljalna konzola ter buldo\u017eerska deska dodatno pove\u010dujeta vsestranskost pri delu v urbanih in zahtevnej\u0161ih okoljih.<\/p>\n\t\t<\/div>\n\t\t\t\t\t<\/div>\n\n\t\n<\/div>\n<div class=\"row row-large align-middle\"  id=\"row-99760563\">\n\n\t<div id=\"col-1019415540\" class=\"col medium-12 small-12 large-6\"  >\n\t\t\t\t<div class=\"col-inner\"  >\n\t\t\t\n\t\t\t\n<h3><b>Prostorna in udobna kabina<\/b><\/h3>\n<p>Kabina ponuja \u0161e ve\u010d prostora in izbolj\u0161ano ergonomijo za udobno upravljanje. Raven pod omogo\u010da la\u017eje gibanje, elektronska nadzorna plo\u0161\u010da pa zagotavlja hiter pregled nad klju\u010dnimi funkcijami, kot so delovne ure, napetost akumulatorja, osvetlitev in zagon. Hidravli\u010dne ro\u010dice so name\u0161\u010dene tako, da omogo\u010dajo natan\u010dno upravljanje brez napora, udoben sede\u017e in varnostni pas pa skrbita za varnost tudi pri dalj\u0161em delu. Vstop in izstop iz kabine sta preprosta, kar dodatno izbolj\u0161a uporabni\u0161ko izku\u0161njo.<\/p>\n\t\t<\/div>\n\t\t\t\t\t<\/div>\n\n\t\n\n\t<div id=\"col-1695478074\" class=\"col medium-12 small-12 large-6\"  >\n\t\t\t\t<div class=\"col-inner\"  >\n\t\t\t\n\t\t\t\n\t<div class=\"img has-hover x md-x lg-x y md-y lg-y\" id=\"image_1463003192\">\n\t\t\t\t\t\t\t\t<div class=\"img-inner dark\" >\n\t\t\t<img loading=\"lazy\" decoding=\"async\" width=\"1020\" height=\"765\" src=\"https:\/\/iron-toys.com\/sl\/wp-content\/uploads\/sites\/2\/2024\/12\/WhatsApp-Image-2025-07-23-at-09.40.47-1024x768.jpeg\" class=\"attachment-large size-large\" alt=\"\" srcset=\"https:\/\/iron-toys.com\/sl\/wp-content\/uploads\/sites\/2\/2024\/12\/WhatsApp-Image-2025-07-23-at-09.40.47-1024x768.jpeg 1024w, https:\/\/iron-toys.com\/sl\/wp-content\/uploads\/sites\/2\/2024\/12\/WhatsApp-Image-2025-07-23-at-09.40.47-300x225.jpeg 300w, https:\/\/iron-toys.com\/sl\/wp-content\/uploads\/sites\/2\/2024\/12\/WhatsApp-Image-2025-07-23-at-09.40.47-768x576.jpeg 768w, https:\/\/iron-toys.com\/sl\/wp-content\/uploads\/sites\/2\/2024\/12\/WhatsApp-Image-2025-07-23-at-09.40.47-1536x1152.jpeg 1536w, https:\/\/iron-toys.com\/sl\/wp-content\/uploads\/sites\/2\/2024\/12\/WhatsApp-Image-2025-07-23-at-09.40.47-655x491.jpeg 655w, https:\/\/iron-toys.com\/sl\/wp-content\/uploads\/sites\/2\/2024\/12\/WhatsApp-Image-2025-07-23-at-09.40.47.jpeg 1600w\" sizes=\"auto, (max-width: 1020px) 100vw, 1020px\" \/>\t\t\t\t\t\t\n\t\t\t\t\t<\/div>\n\t\t\t\t\t\t\t\t\n<style>\n#image_1463003192 {\n  width: 100%;\n}\n<\/style>\n\t<\/div>\n\t\n\t\t<\/div>\n\t\t\t\t\t<\/div>\n\n\t\n<\/div>\n<div class=\"row row-large align-middle\"  id=\"row-1852625024\">\n\n\t<div id=\"col-1787365274\" class=\"col medium-12 small-12 large-6\"  >\n\t\t\t\t<div class=\"col-inner\"  >\n\t\t\t\n\t\t\t\n\t<div class=\"img has-hover x md-x lg-x y md-y lg-y\" id=\"image_2026368473\">\n\t\t\t\t\t\t\t\t<div class=\"img-inner dark\" >\n\t\t\t<img loading=\"lazy\" decoding=\"async\" width=\"1020\" height=\"828\" src=\"https:\/\/iron-toys.com\/sl\/wp-content\/uploads\/sites\/2\/2025\/09\/Screenshot-2025-09-28-at-17.53.29-1-1024x831.png\" class=\"attachment-large size-large\" alt=\"\" srcset=\"https:\/\/iron-toys.com\/sl\/wp-content\/uploads\/sites\/2\/2025\/09\/Screenshot-2025-09-28-at-17.53.29-1-1024x831.png 1024w, https:\/\/iron-toys.com\/sl\/wp-content\/uploads\/sites\/2\/2025\/09\/Screenshot-2025-09-28-at-17.53.29-1-300x243.png 300w, https:\/\/iron-toys.com\/sl\/wp-content\/uploads\/sites\/2\/2025\/09\/Screenshot-2025-09-28-at-17.53.29-1-768x623.png 768w, https:\/\/iron-toys.com\/sl\/wp-content\/uploads\/sites\/2\/2025\/09\/Screenshot-2025-09-28-at-17.53.29-1-655x532.png 655w, https:\/\/iron-toys.com\/sl\/wp-content\/uploads\/sites\/2\/2025\/09\/Screenshot-2025-09-28-at-17.53.29-1.png 1242w\" sizes=\"auto, (max-width: 1020px) 100vw, 1020px\" \/>\t\t\t\t\t\t\n\t\t\t\t\t<\/div>\n\t\t\t\t\t\t\t\t\n<style>\n#image_2026368473 {\n  width: 100%;\n}\n<\/style>\n\t<\/div>\n\t\n\t\t<\/div>\n\t\t\t\t\t<\/div>\n\n\t\n\n\t<div id=\"col-927673389\" class=\"col medium-12 small-12 large-6 medium-col-first\"  >\n\t\t\t\t<div class=\"col-inner\"  >\n\t\t\t\n\t\t\t\n<h3><b>Enostavno vzdr\u017eevanje in zanesljivo delovanje<\/b><\/h3>\n<p>Zasnova stroja omogo\u010da hiter dostop do motorja in klju\u010dnih komponent, kar mo\u010dno poenostavi redne preglede in servisna dela. S tem se skraj\u0161a \u010das vzdr\u017eevanja in zmanj\u0161a mo\u017enost napak pri delovanju. Vgrajeni varnostni elementi ter robustna konstrukcija zagotavljajo zanesljivo in varno uporabo tudi v zahtevnih pogojih.<\/p>\n\t\t<\/div>\n\t\t\t\t\t<\/div>\n\n\t\n<\/div>\n\t\t<\/div>\n\n\t\t\n<style>\n#section_869565860 {\n  padding-top: 30px;\n  padding-bottom: 30px;\n}\n<\/style>\n\t<\/section>\n\t\n","protected":false},"excerpt":{"rendered":"<p><strong>IRT-12S<\/strong> je zmogljiv in zanesljiv 1200-kilogramski mini bager, primeren za profesionalno rabo na gradbi\u0161\u010dih in zahtevnej\u0161ih terenih, pa tudi za manj\u0161a gradbena opravila v omejenih prostorih. Poganja ga dizelski motor <strong>KOOP KD192F<\/strong> z mo\u010djo <strong>7.6 kW<\/strong> (3000 rpm) in prostornino 499 cc. V kombinaciji z zobni\u0161ko \u010drpalko in delovnim tlakom 16 MPa omogo\u010da u\u010dinkovit hidravli\u010dni sistem s pretokom 21.6 + 10.8 L\/min. Najve\u010dja sila kopanja zna\u0161a 6.5 kN, stroj pa ohranja zmogljivost tudi pri vzponih do 30\u00b0. Zaradi majhnega radija vrtenja (1190 mm) in \u0161irine podvozja 940 mm se odli\u010dno obnese v ozkih in urbanih okoljih.<\/p>\n<p><strong>Pri nakupu prejmete tudi <\/strong><strong>GRATIS: Izkopna \u017elica 40CM + H<\/strong><strong>itro vpetje<\/strong><\/p>\n","protected":false},"featured_media":951,"template":"","meta":{"_acf_changed":false},"product_brand":[],"product_cat":[16,19],"product_tag":[],"class_list":{"0":"post-949","1":"product","2":"type-product","3":"status-publish","4":"has-post-thumbnail","6":"product_cat-stroji","7":"product_cat-mini-bagri","9":"first","10":"instock","11":"sale","12":"taxable","13":"shipping-taxable","14":"purchasable","15":"product-type-simple"},"acf":[],"_links":{"self":[{"href":"https:\/\/iron-toys.com\/sl\/wp-json\/wp\/v2\/product\/949","targetHints":{"allow":["GET"]}}],"collection":[{"href":"https:\/\/iron-toys.com\/sl\/wp-json\/wp\/v2\/product"}],"about":[{"href":"https:\/\/iron-toys.com\/sl\/wp-json\/wp\/v2\/types\/product"}],"wp:featuredmedia":[{"embeddable":true,"href":"https:\/\/iron-toys.com\/sl\/wp-json\/wp\/v2\/media\/951"}],"wp:attachment":[{"href":"https:\/\/iron-toys.com\/sl\/wp-json\/wp\/v2\/media?parent=949"}],"wp:term":[{"taxonomy":"product_brand","embeddable":true,"href":"https:\/\/iron-toys.com\/sl\/wp-json\/wp\/v2\/product_brand?post=949"},{"taxonomy":"product_cat","embeddable":true,"href":"https:\/\/iron-toys.com\/sl\/wp-json\/wp\/v2\/product_cat?post=949"},{"taxonomy":"product_tag","embeddable":true,"href":"https:\/\/iron-toys.com\/sl\/wp-json\/wp\/v2\/product_tag?post=949"}],"curies":[{"name":"wp","href":"https:\/\/api.w.org\/{rel}","templated":true}]}}