{"id":965,"date":"2025-09-23T16:22:45","date_gmt":"2025-09-23T16:22:45","guid":{"rendered":"https:\/\/iron-toys.com\/sl\/?post_type=product&#038;p=965"},"modified":"2025-12-03T15:00:42","modified_gmt":"2025-12-03T15:00:42","slug":"mini-bager-irt16-kubota-1600kg","status":"publish","type":"product","link":"https:\/\/iron-toys.com\/sl\/izdelek\/mini-bager-irt16-kubota-1600kg\/","title":{"rendered":"Mini bager IRT16 (KUBOTA) &#8211; 1600kg"},"content":{"rendered":"\n\t<section class=\"section\" id=\"section_300462190\">\n\t\t<div class=\"section-bg fill\" >\n\t\t\t\t\t\t\t\t\t\n\t\t\t\n\n\t\t<\/div>\n\n\t\t\n\n\t\t<div class=\"section-content relative\">\n\t\t\t\n<div class=\"row row-large align-middle\"  id=\"row-499327363\">\n\n\t<div id=\"col-254692392\" class=\"col medium-12 small-12 large-6\"  >\n\t\t\t\t<div class=\"col-inner\"  >\n\t\t\t\n\t\t\t\n<h3><b>Dimenzije<\/b><\/h3>\n<p style=\"text-align: left\"><strong>A \u2013<\/strong> Razmik med kolesi: 1084 mm<br \/>\n<strong>B \u2013<\/strong> Skupna dol\u017eina gosenic: 1392 mm<br \/>\n<strong>C \u2013<\/strong> Oddaljenost platforme od tal: 400 mm<br \/>\n<strong>D \u2013<\/strong> Radij obra\u010danja zadnjega dela: 824 mm<br \/>\n<strong>E \u2013<\/strong> \u0160irina \u0161asije: 1100 mm<br \/>\n<strong>F \u2013<\/strong> \u0160irina gosenic: 180 mm<br \/>\n<strong>G \u2013<\/strong> Vi\u0161ina gosenic: 320 mm<br \/>\n<strong>H \u2013<\/strong> Transportna dol\u017eina: 2270 \/ 3060 mm<br \/>\n<strong>I \u2013<\/strong> Oddaljenost sede\u017ea od tal: 1610 mm<br \/>\n<strong>J \u2013<\/strong> Skupna vi\u0161ina: 2270 mm<br \/>\n<strong>M \u2013<\/strong> Zasuk roke v desno: 46\u00b0<br \/>\n<strong>N \u2013<\/strong> Zasuk roke v levo: 44\u00b0<\/p>\n\t\t<\/div>\n\t\t\t\t\t<\/div>\n\n\t\n\n\t<div id=\"col-924707409\" class=\"col medium-12 small-12 large-6\"  >\n\t\t\t\t<div class=\"col-inner\"  >\n\t\t\t\n\t\t\t\n\t<div class=\"img has-hover x md-x lg-x y md-y lg-y\" id=\"image_1538348432\">\n\t\t\t\t\t\t\t\t<div class=\"img-inner dark\" >\n\t\t\t<img loading=\"lazy\" decoding=\"async\" width=\"1020\" height=\"649\" src=\"https:\/\/iron-toys.com\/sl\/wp-content\/uploads\/sites\/2\/2025\/06\/WhatsApp-Image-2025-06-28-at-20.30.06-1024x652.jpeg\" class=\"attachment-large size-large\" alt=\"\" srcset=\"https:\/\/iron-toys.com\/sl\/wp-content\/uploads\/sites\/2\/2025\/06\/WhatsApp-Image-2025-06-28-at-20.30.06-1024x652.jpeg 1024w, https:\/\/iron-toys.com\/sl\/wp-content\/uploads\/sites\/2\/2025\/06\/WhatsApp-Image-2025-06-28-at-20.30.06-300x191.jpeg 300w, https:\/\/iron-toys.com\/sl\/wp-content\/uploads\/sites\/2\/2025\/06\/WhatsApp-Image-2025-06-28-at-20.30.06-768x489.jpeg 768w, https:\/\/iron-toys.com\/sl\/wp-content\/uploads\/sites\/2\/2025\/06\/WhatsApp-Image-2025-06-28-at-20.30.06-655x417.jpeg 655w, https:\/\/iron-toys.com\/sl\/wp-content\/uploads\/sites\/2\/2025\/06\/WhatsApp-Image-2025-06-28-at-20.30.06.jpeg 1110w\" sizes=\"auto, (max-width: 1020px) 100vw, 1020px\" \/>\t\t\t\t\t\t\n\t\t\t\t\t<\/div>\n\t\t\t\t\t\t\t\t\n<style>\n#image_1538348432 {\n  width: 100%;\n}\n<\/style>\n\t<\/div>\n\t\n\t\t<\/div>\n\t\t\t\t\t<\/div>\n\n\t\n<\/div>\n<div class=\"row row-large align-middle\"  id=\"row-1488497884\">\n\n\t<div id=\"col-1961175473\" class=\"col medium-12 small-12 large-6\"  >\n\t\t\t\t<div class=\"col-inner\"  >\n\t\t\t\n\t\t\t\n\t<div class=\"img has-hover x md-x lg-x y md-y lg-y\" id=\"image_890863854\">\n\t\t\t\t\t\t\t\t<div class=\"img-inner dark\" >\n\t\t\t<img loading=\"lazy\" decoding=\"async\" width=\"768\" height=\"576\" src=\"https:\/\/iron-toys.com\/sl\/wp-content\/uploads\/sites\/2\/2025\/06\/0Q8A0862-768x576.jpg\" class=\"attachment-medium_large size-medium_large\" alt=\"\" srcset=\"https:\/\/iron-toys.com\/sl\/wp-content\/uploads\/sites\/2\/2025\/06\/0Q8A0862-768x576.jpg 768w, https:\/\/iron-toys.com\/sl\/wp-content\/uploads\/sites\/2\/2025\/06\/0Q8A0862-300x225.jpg 300w, https:\/\/iron-toys.com\/sl\/wp-content\/uploads\/sites\/2\/2025\/06\/0Q8A0862-1024x768.jpg 1024w, https:\/\/iron-toys.com\/sl\/wp-content\/uploads\/sites\/2\/2025\/06\/0Q8A0862-1536x1152.jpg 1536w, https:\/\/iron-toys.com\/sl\/wp-content\/uploads\/sites\/2\/2025\/06\/0Q8A0862-2048x1536.jpg 2048w, https:\/\/iron-toys.com\/sl\/wp-content\/uploads\/sites\/2\/2025\/06\/0Q8A0862-655x491.jpg 655w\" sizes=\"auto, (max-width: 768px) 100vw, 768px\" \/>\t\t\t\t\t\t\n\t\t\t\t\t<\/div>\n\t\t\t\t\t\t\t\t\n<style>\n#image_890863854 {\n  width: 80%;\n}\n<\/style>\n\t<\/div>\n\t\n\t\t<\/div>\n\t\t\t\t\t<\/div>\n\n\t\n\n\t<div id=\"col-503586637\" class=\"col medium-12 small-12 large-6 medium-col-first\"  >\n\t\t\t\t<div class=\"col-inner\"  >\n\t\t\t\n\t\t\t\n<h3><b>Kompakten, zmogljiv in u\u010dinkovit<\/b><\/h3>\n<p>Kompakten stroj zdru\u017euje visoko kopalno mo\u010d, napreden hidravli\u010dni sistem in stabilnost v \u0161irini podvozja 1100 mm.Zaradi 360\u00b0 rotacije, gumijastih gosenic ter bo\u010dnega nagiba roke se odli\u010dno obnese tudi v zelo omejenih prostorih. Udobna nadzorna konzola, buldo\u017eerska deska in raztegljivo podvozje pove\u010dujejo prilagodljivost stroja za \u0161irok spekter terenskih in gradbenih nalog.<\/p>\n\t\t<\/div>\n\t\t\t\t\t<\/div>\n\n\t\n<\/div>\n<div class=\"row row-large align-middle\"  id=\"row-752194931\">\n\n\t<div id=\"col-1435371034\" class=\"col medium-12 small-12 large-6\"  >\n\t\t\t\t<div class=\"col-inner\"  >\n\t\t\t\n\t\t\t\n<h3><b>Prostorna in udobna kabina<\/b><\/h3>\n<p>Kabina IRT-16 je prostorna, z ravnim podom in nastavljivim sede\u017eem za ve\u010dje udobje. Elektronska nadzorna plo\u0161\u010da prikazuje klju\u010dne podatke, kot so delovne ure, napetost in temperatura motorja. Ergonomi\u010dne hidravli\u010dne ro\u010dice omogo\u010dajo natan\u010dno upravljanje, stikala pa hiter zagon in nadzor osvetlitve.<\/p>\n\t\t<\/div>\n\t\t\t\t\t<\/div>\n\n\t\n\n\t<div id=\"col-393682791\" class=\"col medium-12 small-12 large-6\"  >\n\t\t\t\t<div class=\"col-inner\"  >\n\t\t\t\n\t\t\t\n\t<div class=\"img has-hover x md-x lg-x y md-y lg-y\" id=\"image_2121578463\">\n\t\t\t\t\t\t\t\t<div class=\"img-inner dark\" >\n\t\t\t<img loading=\"lazy\" decoding=\"async\" width=\"1020\" height=\"765\" src=\"https:\/\/iron-toys.com\/sl\/wp-content\/uploads\/sites\/2\/2025\/06\/0Q8A0868-1024x768.jpg\" class=\"attachment-large size-large\" alt=\"\" srcset=\"https:\/\/iron-toys.com\/sl\/wp-content\/uploads\/sites\/2\/2025\/06\/0Q8A0868-1024x768.jpg 1024w, https:\/\/iron-toys.com\/sl\/wp-content\/uploads\/sites\/2\/2025\/06\/0Q8A0868-300x225.jpg 300w, https:\/\/iron-toys.com\/sl\/wp-content\/uploads\/sites\/2\/2025\/06\/0Q8A0868-768x576.jpg 768w, https:\/\/iron-toys.com\/sl\/wp-content\/uploads\/sites\/2\/2025\/06\/0Q8A0868-1536x1152.jpg 1536w, https:\/\/iron-toys.com\/sl\/wp-content\/uploads\/sites\/2\/2025\/06\/0Q8A0868-2048x1536.jpg 2048w, https:\/\/iron-toys.com\/sl\/wp-content\/uploads\/sites\/2\/2025\/06\/0Q8A0868-655x491.jpg 655w\" sizes=\"auto, (max-width: 1020px) 100vw, 1020px\" \/>\t\t\t\t\t\t\n\t\t\t\t\t<\/div>\n\t\t\t\t\t\t\t\t\n<style>\n#image_2121578463 {\n  width: 100%;\n}\n<\/style>\n\t<\/div>\n\t\n\t\t<\/div>\n\t\t\t\t\t<\/div>\n\n\t\n<\/div>\n<div class=\"row row-large align-middle\"  id=\"row-2088120553\">\n\n\t<div id=\"col-458786266\" class=\"col medium-12 small-12 large-6\"  >\n\t\t\t\t<div class=\"col-inner\"  >\n\t\t\t\n\t\t\t\n\t<div class=\"img has-hover x md-x lg-x y md-y lg-y\" id=\"image_1810096704\">\n\t\t\t\t\t\t\t\t<div class=\"img-inner dark\" >\n\t\t\t<img loading=\"lazy\" decoding=\"async\" width=\"1020\" height=\"721\" src=\"https:\/\/iron-toys.com\/sl\/wp-content\/uploads\/sites\/2\/2025\/06\/IMG_0568-scaled-e1758996623343-1024x724.jpg\" class=\"attachment-large size-large\" alt=\"\" srcset=\"https:\/\/iron-toys.com\/sl\/wp-content\/uploads\/sites\/2\/2025\/06\/IMG_0568-scaled-e1758996623343-1024x724.jpg 1024w, https:\/\/iron-toys.com\/sl\/wp-content\/uploads\/sites\/2\/2025\/06\/IMG_0568-scaled-e1758996623343-300x212.jpg 300w, https:\/\/iron-toys.com\/sl\/wp-content\/uploads\/sites\/2\/2025\/06\/IMG_0568-scaled-e1758996623343-768x543.jpg 768w, https:\/\/iron-toys.com\/sl\/wp-content\/uploads\/sites\/2\/2025\/06\/IMG_0568-scaled-e1758996623343-1536x1086.jpg 1536w, https:\/\/iron-toys.com\/sl\/wp-content\/uploads\/sites\/2\/2025\/06\/IMG_0568-scaled-e1758996623343-655x463.jpg 655w, https:\/\/iron-toys.com\/sl\/wp-content\/uploads\/sites\/2\/2025\/06\/IMG_0568-scaled-e1758996623343.jpg 1920w\" sizes=\"auto, (max-width: 1020px) 100vw, 1020px\" \/>\t\t\t\t\t\t\n\t\t\t\t\t<\/div>\n\t\t\t\t\t\t\t\t\n<style>\n#image_1810096704 {\n  width: 100%;\n}\n<\/style>\n\t<\/div>\n\t\n\t\t<\/div>\n\t\t\t\t\t<\/div>\n\n\t\n\n\t<div id=\"col-1969015159\" class=\"col medium-12 small-12 large-6 medium-col-first\"  >\n\t\t\t\t<div class=\"col-inner\"  >\n\t\t\t\n\t\t\t\n<h3><b>Enostavno vzdr\u017eevanje in zanesljivo delovanje<\/b><\/h3>\n<p>Pametna zasnova omogo\u010da hiter dostop do motorja in klju\u010dnih komponent, kar poenostavi redne preglede in servis. Vzdr\u017eevanje je hitro in pregledno, s \u010dimer se zmanj\u0161ajo morebitni zastoji pri delu. Trpe\u017ena konstrukcija in premi\u0161ljena postavitev sistemov pa poskrbita za varno in zanesljivo delovanje v vseh pogojih.<\/p>\n\t\t<\/div>\n\t\t\t\t\t<\/div>\n\n\t\n<\/div>\n\t\t<\/div>\n\n\t\t\n<style>\n#section_300462190 {\n  padding-top: 30px;\n  padding-bottom: 30px;\n}\n<\/style>\n\t<\/section>\n\t\n","protected":false},"excerpt":{"rendered":"<p><strong>IRT-16<\/strong> je zmogljiv 1600-kilogramski mini bager, zasnovan za zahtevnej\u0161a gradbena dela in vsakodnevno profesionalno uporabo. Poganja ga dizelski motor <strong>Kubota D722-E4B<\/strong> <strong>(3-valjni)<\/strong> z mo\u010djo <strong>10.2 kW<\/strong> \/ 2500 rpm in prostornino 719 cc. Hidravli\u010dni sistem z dvema zobni\u0161kima \u010drpalkama (31.2 + 7.8 L\/min) ter delovnim tlakom 16 MPa omogo\u010da mo\u010dno in natan\u010dno upravljanje. Z dosegom kopanja 3420 mm, globino 1780 mm in radijem vrtenja 1350 mm se odli\u010dno obnese tudi v omejenih prostorih.<\/p>\n<p><strong>Pri nakupu prejmete tudi <\/strong><strong>GRATIS: Izkopna \u017elica 40CM + H<\/strong><strong>itro vpetje<\/strong><\/p>\n","protected":false},"featured_media":966,"template":"","meta":{"_acf_changed":false},"product_brand":[],"product_cat":[16,19],"product_tag":[],"class_list":{"0":"post-965","1":"product","2":"type-product","3":"status-publish","4":"has-post-thumbnail","6":"product_cat-stroji","7":"product_cat-mini-bagri","9":"first","10":"instock","11":"taxable","12":"shipping-taxable","13":"purchasable","14":"product-type-simple"},"acf":[],"_links":{"self":[{"href":"https:\/\/iron-toys.com\/sl\/wp-json\/wp\/v2\/product\/965","targetHints":{"allow":["GET"]}}],"collection":[{"href":"https:\/\/iron-toys.com\/sl\/wp-json\/wp\/v2\/product"}],"about":[{"href":"https:\/\/iron-toys.com\/sl\/wp-json\/wp\/v2\/types\/product"}],"wp:featuredmedia":[{"embeddable":true,"href":"https:\/\/iron-toys.com\/sl\/wp-json\/wp\/v2\/media\/966"}],"wp:attachment":[{"href":"https:\/\/iron-toys.com\/sl\/wp-json\/wp\/v2\/media?parent=965"}],"wp:term":[{"taxonomy":"product_brand","embeddable":true,"href":"https:\/\/iron-toys.com\/sl\/wp-json\/wp\/v2\/product_brand?post=965"},{"taxonomy":"product_cat","embeddable":true,"href":"https:\/\/iron-toys.com\/sl\/wp-json\/wp\/v2\/product_cat?post=965"},{"taxonomy":"product_tag","embeddable":true,"href":"https:\/\/iron-toys.com\/sl\/wp-json\/wp\/v2\/product_tag?post=965"}],"curies":[{"name":"wp","href":"https:\/\/api.w.org\/{rel}","templated":true}]}}