{"id":985,"date":"2023-11-29T14:46:32","date_gmt":"2023-11-29T14:46:32","guid":{"rendered":"https:\/\/iron-toys.com\/sl\/?post_type=product&#038;p=985"},"modified":"2025-12-03T15:00:00","modified_gmt":"2025-12-03T15:00:00","slug":"mini-bager-irt20-kubota-2000kg","status":"publish","type":"product","link":"https:\/\/iron-toys.com\/sl\/izdelek\/mini-bager-irt20-kubota-2000kg\/","title":{"rendered":"Mini bager IRT20 (KUBOTA) &#8211; 2000kg"},"content":{"rendered":"\n\t<section class=\"section\" id=\"section_1749038661\">\n\t\t<div class=\"section-bg fill\" >\n\t\t\t\t\t\t\t\t\t\n\t\t\t\n\n\t\t<\/div>\n\n\t\t\n\n\t\t<div class=\"section-content relative\">\n\t\t\t\n<div class=\"row row-large align-middle\"  id=\"row-258860496\">\n\n\t<div id=\"col-678264767\" class=\"col medium-12 small-12 large-6\"  >\n\t\t\t\t<div class=\"col-inner\"  >\n\t\t\t\n\t\t\t\n<h3><b>Dimenzije<\/b><\/h3>\n<p style=\"text-align: left\"><strong>A \u2013<\/strong> Razmik med kolesi: 1230 mm<br \/>\n<strong>B \u2013<\/strong> Skupna dol\u017eina gosenic: 1550 mm<br \/>\n<strong>C \u2013<\/strong> Oddaljenost platforme od tal: 440 mm<br \/>\n<strong>D \u2013<\/strong> Radij obra\u010danja zadnjega dela: 805 mm<br \/>\n<strong>E \u2013<\/strong> \u0160irina \u0161asije: 1000-1250 mm<br \/>\n<strong>F \u2013<\/strong> \u0160irina gosenic: 230 mm<br \/>\n<strong>G \u2013<\/strong> Vi\u0161ina gosenic: 320 mm<br \/>\n<strong>H \u2013<\/strong> Transportna dol\u017eina: 2225 \/ 3470 mm<br \/>\n<strong>I \u2013<\/strong> Oddaljenost sede\u017ea od tal: 1655 mm<br \/>\n<strong>J \u2013<\/strong> Skupna vi\u0161ina: 2295 mm<br \/>\n<strong>M \u2013<\/strong> Zasuk roke v desno: 50\u00b0<br \/>\n<strong>N \u2013<\/strong> Zasuk roke v levo: 60\u00b0<\/p>\n\t\t<\/div>\n\t\t\t\t\t<\/div>\n\n\t\n\n\t<div id=\"col-265379653\" class=\"col medium-12 small-12 large-6\"  >\n\t\t\t\t<div class=\"col-inner\"  >\n\t\t\t\n\t\t\t\n\t<div class=\"img has-hover x md-x lg-x y md-y lg-y\" id=\"image_748995725\">\n\t\t\t\t\t\t\t\t<div class=\"img-inner dark\" >\n\t\t\t<img loading=\"lazy\" decoding=\"async\" width=\"1020\" height=\"649\" src=\"https:\/\/iron-toys.com\/sl\/wp-content\/uploads\/sites\/2\/2025\/06\/WhatsApp-Image-2025-06-28-at-20.30.06-1024x652.jpeg\" class=\"attachment-large size-large\" alt=\"\" srcset=\"https:\/\/iron-toys.com\/sl\/wp-content\/uploads\/sites\/2\/2025\/06\/WhatsApp-Image-2025-06-28-at-20.30.06-1024x652.jpeg 1024w, https:\/\/iron-toys.com\/sl\/wp-content\/uploads\/sites\/2\/2025\/06\/WhatsApp-Image-2025-06-28-at-20.30.06-300x191.jpeg 300w, https:\/\/iron-toys.com\/sl\/wp-content\/uploads\/sites\/2\/2025\/06\/WhatsApp-Image-2025-06-28-at-20.30.06-768x489.jpeg 768w, https:\/\/iron-toys.com\/sl\/wp-content\/uploads\/sites\/2\/2025\/06\/WhatsApp-Image-2025-06-28-at-20.30.06-655x417.jpeg 655w, https:\/\/iron-toys.com\/sl\/wp-content\/uploads\/sites\/2\/2025\/06\/WhatsApp-Image-2025-06-28-at-20.30.06.jpeg 1110w\" sizes=\"auto, (max-width: 1020px) 100vw, 1020px\" \/>\t\t\t\t\t\t\n\t\t\t\t\t<\/div>\n\t\t\t\t\t\t\t\t\n<style>\n#image_748995725 {\n  width: 100%;\n}\n<\/style>\n\t<\/div>\n\t\n\t\t<\/div>\n\t\t\t\t\t<\/div>\n\n\t\n<\/div>\n<div class=\"row row-large align-middle\"  id=\"row-958784930\">\n\n\t<div id=\"col-354303899\" class=\"col medium-12 small-12 large-6\"  >\n\t\t\t\t<div class=\"col-inner\"  >\n\t\t\t\n\t\t\t\n\t<div class=\"img has-hover x md-x lg-x y md-y lg-y\" id=\"image_303119317\">\n\t\t\t\t\t\t\t\t<div class=\"img-inner dark\" >\n\t\t\t<img loading=\"lazy\" decoding=\"async\" width=\"768\" height=\"576\" src=\"https:\/\/iron-toys.com\/sl\/wp-content\/uploads\/sites\/2\/2025\/06\/0Q8A1896-768x576.jpg\" class=\"attachment-medium_large size-medium_large\" alt=\"\" srcset=\"https:\/\/iron-toys.com\/sl\/wp-content\/uploads\/sites\/2\/2025\/06\/0Q8A1896-768x576.jpg 768w, https:\/\/iron-toys.com\/sl\/wp-content\/uploads\/sites\/2\/2025\/06\/0Q8A1896-300x225.jpg 300w, https:\/\/iron-toys.com\/sl\/wp-content\/uploads\/sites\/2\/2025\/06\/0Q8A1896-1024x768.jpg 1024w, https:\/\/iron-toys.com\/sl\/wp-content\/uploads\/sites\/2\/2025\/06\/0Q8A1896-1536x1152.jpg 1536w, https:\/\/iron-toys.com\/sl\/wp-content\/uploads\/sites\/2\/2025\/06\/0Q8A1896-2048x1536.jpg 2048w, https:\/\/iron-toys.com\/sl\/wp-content\/uploads\/sites\/2\/2025\/06\/0Q8A1896-655x491.jpg 655w\" sizes=\"auto, (max-width: 768px) 100vw, 768px\" \/>\t\t\t\t\t\t\n\t\t\t\t\t<\/div>\n\t\t\t\t\t\t\t\t\n<style>\n#image_303119317 {\n  width: 80%;\n}\n<\/style>\n\t<\/div>\n\t\n\t\t<\/div>\n\t\t\t\t\t<\/div>\n\n\t\n\n\t<div id=\"col-407922208\" class=\"col medium-12 small-12 large-6 medium-col-first\"  >\n\t\t\t\t<div class=\"col-inner\"  >\n\t\t\t\n\t\t\t\n<h3><b>Kompakten, zmogljiv in u\u010dinkovit<\/b><\/h3>\n<p class=\"p1\">Ta stroj zdru\u017euje mo\u010dno silo kopanja, napreden hidravli\u010dni sistem in stabilno podvozje \u0161irine 1000 mm. Rotacija 360\u00b0, gumijaste gosenice in bo\u010dni pomik roke (60\u00b0 v levo, 50\u00b0 v desno) omogo\u010dajo u\u010dinkovito delo tudi v ozkih prostorih. Upravlja\u0161ka konzola, dozersko rezilo in nastavljivo podvozje dodatno pove\u010dajo vsestranskost stroja na razli\u010dnih terenih \u2013 od urbanih obmo\u010dij do zahtevnih gradbi\u0161\u010d.<\/p>\n\t\t<\/div>\n\t\t\t\t\t<\/div>\n\n\t\n<\/div>\n<div class=\"row row-large align-middle\"  id=\"row-909487029\">\n\n\t<div id=\"col-1017466058\" class=\"col medium-12 small-12 large-6\"  >\n\t\t\t\t<div class=\"col-inner\"  >\n\t\t\t\n\t\t\t\n<h3><b>Prostorna in udobna kabina<\/b><\/h3>\n<p class=\"p1\">Kabina ponuja ve\u010d prostora, raven pod in \u0161irok vhod, kar omogo\u010da la\u017eji dostop in bolj\u0161o gibljivost med delom. Pregledna upravljalna plo\u0161\u010da prikazuje vse klju\u010dne podatke, kot so delovne ure, temperatura motorja, napetost akumulatorja in poraba energije. Komande so razporejene ergonomsko, zato je upravljanje preprosto in varno. Natan\u010dne hidravli\u010dne ro\u010dice, udoben sede\u017e in jasno ozna\u010dene funkcijske tipke zagotavljajo udobno in u\u010dinkovito delo tudi pri dalj\u0161ih delovnih obdobjih.<\/p>\n\t\t<\/div>\n\t\t\t\t\t<\/div>\n\n\t\n\n\t<div id=\"col-1626653072\" class=\"col medium-12 small-12 large-6\"  >\n\t\t\t\t<div class=\"col-inner\"  >\n\t\t\t\n\t\t\t\n\t<div class=\"img has-hover x md-x lg-x y md-y lg-y\" id=\"image_1649831107\">\n\t\t\t\t\t\t\t\t<div class=\"img-inner dark\" >\n\t\t\t<img loading=\"lazy\" decoding=\"async\" width=\"1020\" height=\"765\" src=\"https:\/\/iron-toys.com\/sl\/wp-content\/uploads\/sites\/2\/2025\/06\/0Q8A1830-1024x768.jpg\" class=\"attachment-large size-large\" alt=\"\" srcset=\"https:\/\/iron-toys.com\/sl\/wp-content\/uploads\/sites\/2\/2025\/06\/0Q8A1830-1024x768.jpg 1024w, https:\/\/iron-toys.com\/sl\/wp-content\/uploads\/sites\/2\/2025\/06\/0Q8A1830-300x225.jpg 300w, https:\/\/iron-toys.com\/sl\/wp-content\/uploads\/sites\/2\/2025\/06\/0Q8A1830-768x576.jpg 768w, https:\/\/iron-toys.com\/sl\/wp-content\/uploads\/sites\/2\/2025\/06\/0Q8A1830-1536x1152.jpg 1536w, https:\/\/iron-toys.com\/sl\/wp-content\/uploads\/sites\/2\/2025\/06\/0Q8A1830-2048x1536.jpg 2048w, https:\/\/iron-toys.com\/sl\/wp-content\/uploads\/sites\/2\/2025\/06\/0Q8A1830-655x491.jpg 655w\" sizes=\"auto, (max-width: 1020px) 100vw, 1020px\" \/>\t\t\t\t\t\t\n\t\t\t\t\t<\/div>\n\t\t\t\t\t\t\t\t\n<style>\n#image_1649831107 {\n  width: 100%;\n}\n<\/style>\n\t<\/div>\n\t\n\t\t<\/div>\n\t\t\t\t\t<\/div>\n\n\t\n<\/div>\n<div class=\"row row-large align-middle\"  id=\"row-335798570\">\n\n\t<div id=\"col-584521258\" class=\"col medium-12 small-12 large-6\"  >\n\t\t\t\t<div class=\"col-inner\"  >\n\t\t\t\n\t\t\t\n\t<div class=\"img has-hover x md-x lg-x y md-y lg-y\" id=\"image_389772881\">\n\t\t\t\t\t\t\t\t<div class=\"img-inner dark\" >\n\t\t\t<img loading=\"lazy\" decoding=\"async\" width=\"1020\" height=\"765\" src=\"https:\/\/iron-toys.com\/sl\/wp-content\/uploads\/sites\/2\/2025\/06\/0Q8A1822-1024x768.jpg\" class=\"attachment-large size-large\" alt=\"\" srcset=\"https:\/\/iron-toys.com\/sl\/wp-content\/uploads\/sites\/2\/2025\/06\/0Q8A1822-1024x768.jpg 1024w, https:\/\/iron-toys.com\/sl\/wp-content\/uploads\/sites\/2\/2025\/06\/0Q8A1822-300x225.jpg 300w, https:\/\/iron-toys.com\/sl\/wp-content\/uploads\/sites\/2\/2025\/06\/0Q8A1822-768x576.jpg 768w, https:\/\/iron-toys.com\/sl\/wp-content\/uploads\/sites\/2\/2025\/06\/0Q8A1822-1536x1152.jpg 1536w, https:\/\/iron-toys.com\/sl\/wp-content\/uploads\/sites\/2\/2025\/06\/0Q8A1822-2048x1536.jpg 2048w, https:\/\/iron-toys.com\/sl\/wp-content\/uploads\/sites\/2\/2025\/06\/0Q8A1822-655x491.jpg 655w\" sizes=\"auto, (max-width: 1020px) 100vw, 1020px\" \/>\t\t\t\t\t\t\n\t\t\t\t\t<\/div>\n\t\t\t\t\t\t\t\t\n<style>\n#image_389772881 {\n  width: 100%;\n}\n<\/style>\n\t<\/div>\n\t\n\t\t<\/div>\n\t\t\t\t\t<\/div>\n\n\t\n\n\t<div id=\"col-766709491\" class=\"col medium-12 small-12 large-6 medium-col-first\"  >\n\t\t\t\t<div class=\"col-inner\"  >\n\t\t\t\n\t\t\t\n<h3><b>Enostavno vzdr\u017eevanje in zanesljivo delovanje<\/b><\/h3>\n<section id=\"section_659491336\" class=\"section\">\n<div class=\"section-content relative\">\n<div id=\"row-1543527781\" class=\"row row-large align-middle\">\n<div id=\"col-999593564\" class=\"col medium-12 small-12 large-6 medium-col-first\">\n<div class=\"col-inner\">\n<p class=\"p1\">Pametna zasnova omogo\u010da hiter dostop do glavnih komponent, kar poenostavi redne preglede in servis. To bistveno skraj\u0161a \u010das vzdr\u017eevanja in pove\u010da zanesljivost. Poleg tega stroj zagotavlja visoko stopnjo varnosti in odpornosti, kar omogo\u010da brezskrbno uporabo tudi v zahtevnej\u0161ih pogojih.<\/p>\n<\/div>\n<\/div>\n<\/div>\n<\/div>\n<\/section>\n<section id=\"section_1808604169\" class=\"section related-category\"><\/section>\n\t\t<\/div>\n\t\t\t\t\t<\/div>\n\n\t\n<\/div>\n\t\t<\/div>\n\n\t\t\n<style>\n#section_1749038661 {\n  padding-top: 30px;\n  padding-bottom: 30px;\n}\n<\/style>\n\t<\/section>\n\t\n","protected":false},"excerpt":{"rendered":"<p class=\"p1\"><strong>IRT-20<\/strong> je zmogljiv in zanesljiv mini bager mase 2000 kg, primeren za profesionalno uporabo na gradbi\u0161\u010dih, kmetijskih povr\u0161inah, zahtevnih terenih ter za natan\u010dna dela v omejenih prostorih. Poganja ga <strong>trivaljni dizelski motor Kubota D902 <\/strong>z mo\u010djo<strong> 11.8 kW<\/strong> pri 2300 rpm in prostornino 0.898 L. V kombinaciji z zobni\u0161ko hidravli\u010dno \u010drpalko in delovnim tlakom 16 MPa stroj zagotavlja stabilen in u\u010dinkovit hidravli\u010dni sistem s pretokom 15.6 + 15.6 + 7.8 L\/min. Visoke zmogljivosti ohranja tudi pri vzponih do 30\u00b0, zaradi majhnega radija obra\u010danja (1395 mm) in gumijastih gosenic pa se odli\u010dno znajde v ozkih, urbanih in zahtevnih delovnih okoljih.<\/p>\n<p><strong>Pri nakupu prejmete tudi\u00a0<\/strong><strong>GRATIS: Izkopna \u017elica 40CM + H<\/strong><strong>itro vpetje<\/strong><\/p>\n","protected":false},"featured_media":986,"template":"","meta":{"_acf_changed":false},"product_brand":[],"product_cat":[16,19],"product_tag":[],"class_list":{"0":"post-985","1":"product","2":"type-product","3":"status-publish","4":"has-post-thumbnail","6":"product_cat-stroji","7":"product_cat-mini-bagri","9":"first","10":"instock","11":"taxable","12":"shipping-taxable","13":"purchasable","14":"product-type-simple"},"acf":[],"_links":{"self":[{"href":"https:\/\/iron-toys.com\/sl\/wp-json\/wp\/v2\/product\/985","targetHints":{"allow":["GET"]}}],"collection":[{"href":"https:\/\/iron-toys.com\/sl\/wp-json\/wp\/v2\/product"}],"about":[{"href":"https:\/\/iron-toys.com\/sl\/wp-json\/wp\/v2\/types\/product"}],"wp:featuredmedia":[{"embeddable":true,"href":"https:\/\/iron-toys.com\/sl\/wp-json\/wp\/v2\/media\/986"}],"wp:attachment":[{"href":"https:\/\/iron-toys.com\/sl\/wp-json\/wp\/v2\/media?parent=985"}],"wp:term":[{"taxonomy":"product_brand","embeddable":true,"href":"https:\/\/iron-toys.com\/sl\/wp-json\/wp\/v2\/product_brand?post=985"},{"taxonomy":"product_cat","embeddable":true,"href":"https:\/\/iron-toys.com\/sl\/wp-json\/wp\/v2\/product_cat?post=985"},{"taxonomy":"product_tag","embeddable":true,"href":"https:\/\/iron-toys.com\/sl\/wp-json\/wp\/v2\/product_tag?post=985"}],"curies":[{"name":"wp","href":"https:\/\/api.w.org\/{rel}","templated":true}]}}