{"id":1028,"date":"2025-09-22T15:11:50","date_gmt":"2025-09-22T15:11:50","guid":{"rendered":"https:\/\/iron-toys.com\/uk\/?post_type=product&#038;p=1028"},"modified":"2026-02-28T17:50:12","modified_gmt":"2026-02-28T18:50:12","slug":"mini-excavator-irt18-kubota-1800kg","status":"publish","type":"product","link":"https:\/\/iron-toys.com\/uk\/product\/mini-excavator-irt18-kubota-1800kg\/","title":{"rendered":"Mini excavator IRT18 (KUBOTA) \u2013 1800kg"},"content":{"rendered":"\n\t<section class=\"section\" id=\"section_582838062\">\n\t\t<div class=\"section-bg fill\" >\n\t\t\t\t\t\t\t\t\t\n\t\t\t\n\n\t\t<\/div>\n\n\t\t\n\n\t\t<div class=\"section-content relative\">\n\t\t\t\n<div class=\"row row-large align-middle\"  id=\"row-310897857\">\n\n\t<div id=\"col-399487053\" class=\"col medium-12 small-12 large-6\"  >\n\t\t\t\t<div class=\"col-inner\"  >\n\t\t\t\n\t\t\t\n<h3><b>Dimensions<\/b><\/h3>\n<p><strong>A \u2013<\/strong>\u00a0Wheelbase: 1120\u00a0mm<br \/>\n<strong>B \u2013<\/strong>\u00a0Total track length: 1440\u00a0mm<br \/>\n<strong>C \u2013<\/strong>\u00a0Ground clearance of platform: 400\u00a0mm<br \/>\n<strong>D \u2013<\/strong>\u00a0Rear turning radius: 860\u00a0mm<br \/>\n<strong>E \u2013<\/strong>\u00a0Chassis width: 1100\u00a0mm<br \/>\n<strong>F \u2013<\/strong>\u00a0Track width: 230\u00a0mm<br \/>\n<strong>G \u2013<\/strong>\u00a0Track height: 320\u00a0mm<br \/>\n<strong>H \u2013<\/strong>\u00a0Transport length: 2430\u00a0\/ 3240\u00a0mm<br \/>\n<strong>I \u2013<\/strong>\u00a0Seat height from ground: 1610\u00a0mm<br \/>\n<strong>J \u2013\u00a0<\/strong>Total height: 2270\u00a0mm<br \/>\n<strong>M \u2013<\/strong>\u00a0Arm swing to the right: 48\u00b0<br \/>\n<strong>N \u2013<\/strong>\u00a0Arm swing to the left: 43\u00b0<\/p>\n\t\t<\/div>\n\t\t\t\t\t<\/div>\n\n\t\n\n\t<div id=\"col-1522999397\" class=\"col medium-12 small-12 large-6\"  >\n\t\t\t\t<div class=\"col-inner\"  >\n\t\t\t\n\t\t\t\n\t<div class=\"img has-hover x md-x lg-x y md-y lg-y\" id=\"image_1899343507\">\n\t\t\t\t\t\t\t\t<div class=\"img-inner dark\" >\n\t\t\t<img loading=\"lazy\" decoding=\"async\" width=\"1020\" height=\"649\" src=\"https:\/\/iron-toys.com\/uk\/wp-content\/uploads\/sites\/9\/2025\/06\/WhatsApp-Image-2025-06-28-at-20.30.06-1024x652.jpeg\" class=\"attachment-large size-large\" alt=\"\" srcset=\"https:\/\/iron-toys.com\/uk\/wp-content\/uploads\/sites\/9\/2025\/06\/WhatsApp-Image-2025-06-28-at-20.30.06-1024x652.jpeg 1024w, https:\/\/iron-toys.com\/uk\/wp-content\/uploads\/sites\/9\/2025\/06\/WhatsApp-Image-2025-06-28-at-20.30.06-300x191.jpeg 300w, https:\/\/iron-toys.com\/uk\/wp-content\/uploads\/sites\/9\/2025\/06\/WhatsApp-Image-2025-06-28-at-20.30.06-768x489.jpeg 768w, https:\/\/iron-toys.com\/uk\/wp-content\/uploads\/sites\/9\/2025\/06\/WhatsApp-Image-2025-06-28-at-20.30.06-655x417.jpeg 655w, https:\/\/iron-toys.com\/uk\/wp-content\/uploads\/sites\/9\/2025\/06\/WhatsApp-Image-2025-06-28-at-20.30.06.jpeg 1110w\" sizes=\"auto, (max-width: 1020px) 100vw, 1020px\" \/>\t\t\t\t\t\t\n\t\t\t\t\t<\/div>\n\t\t\t\t\t\t\t\t\n<style>\n#image_1899343507 {\n  width: 100%;\n}\n<\/style>\n\t<\/div>\n\t\n\t\t<\/div>\n\t\t\t\t\t<\/div>\n\n\t\n<\/div>\n<div class=\"row row-large align-middle\"  id=\"row-973968800\">\n\n\t<div id=\"col-1222290613\" class=\"col medium-12 small-12 large-6\"  >\n\t\t\t\t<div class=\"col-inner\"  >\n\t\t\t\n\t\t\t\n\t<div class=\"img has-hover x md-x lg-x y md-y lg-y\" id=\"image_1199208892\">\n\t\t\t\t\t\t\t\t<div class=\"img-inner dark\" >\n\t\t\t<img loading=\"lazy\" decoding=\"async\" width=\"768\" height=\"576\" src=\"https:\/\/iron-toys.com\/uk\/wp-content\/uploads\/sites\/9\/2025\/06\/0Q8A1896-768x576.jpg\" class=\"attachment-medium_large size-medium_large\" alt=\"\" srcset=\"https:\/\/iron-toys.com\/uk\/wp-content\/uploads\/sites\/9\/2025\/06\/0Q8A1896-768x576.jpg 768w, https:\/\/iron-toys.com\/uk\/wp-content\/uploads\/sites\/9\/2025\/06\/0Q8A1896-300x225.jpg 300w, https:\/\/iron-toys.com\/uk\/wp-content\/uploads\/sites\/9\/2025\/06\/0Q8A1896-1024x768.jpg 1024w, https:\/\/iron-toys.com\/uk\/wp-content\/uploads\/sites\/9\/2025\/06\/0Q8A1896-1536x1152.jpg 1536w, https:\/\/iron-toys.com\/uk\/wp-content\/uploads\/sites\/9\/2025\/06\/0Q8A1896-2048x1536.jpg 2048w, https:\/\/iron-toys.com\/uk\/wp-content\/uploads\/sites\/9\/2025\/06\/0Q8A1896-655x491.jpg 655w\" sizes=\"auto, (max-width: 768px) 100vw, 768px\" \/>\t\t\t\t\t\t\n\t\t\t\t\t<\/div>\n\t\t\t\t\t\t\t\t\n<style>\n#image_1199208892 {\n  width: 80%;\n}\n<\/style>\n\t<\/div>\n\t\n\t\t<\/div>\n\t\t\t\t\t<\/div>\n\n\t\n\n\t<div id=\"col-2130461473\" class=\"col medium-12 small-12 large-6 medium-col-first\"  >\n\t\t\t\t<div class=\"col-inner\"  >\n\t\t\t\n\t\t\t\n<h3><b>Compact, powerful, and efficient<\/b><\/h3>\n<p>This machine combines high digging power, an advanced hydraulic system, and a stable chassis width of 1000\u00a0mm. 360\u00b0 rotation, rubber tracks, and lateral arm movement (43\u00b0 to the left, 48\u00b0 to the right) enable efficient operation even in tight spaces. The control console, dozer blade, and adjustable undercarriage further enhance the machine&#8217;s versatility on various terrains \u2013 from urban environments to challenging construction sites.<\/p>\n\t\t<\/div>\n\t\t\t\t\t<\/div>\n\n\t\n<\/div>\n<div class=\"row row-large align-middle\"  id=\"row-1059828565\">\n\n\t<div id=\"col-596982838\" class=\"col medium-12 small-12 large-6\"  >\n\t\t\t\t<div class=\"col-inner\"  >\n\t\t\t\n\t\t\t\n<h3><b>Spacious and comfortable cabin<\/b><\/h3>\n<p>The cabin offers more space, a flat floor, and a wide entrance, which allows for comfortable access and greater mobility during work. The overview dashboard displays key information \u2013 operating hours, engine temperature, voltage status, and energy consumption. All controls are arranged ergonomically, allowing for easy and safe operation. Hydraulic levers with precise response, a comfortable seat, and logically positioned buttons ensure an efficient working experience even during longer work intervals.<\/p>\n\t\t<\/div>\n\t\t\t\t\t<\/div>\n\n\t\n\n\t<div id=\"col-1802854320\" class=\"col medium-12 small-12 large-6\"  >\n\t\t\t\t<div class=\"col-inner\"  >\n\t\t\t\n\t\t\t\n\t<div class=\"img has-hover x md-x lg-x y md-y lg-y\" id=\"image_1171442210\">\n\t\t\t\t\t\t\t\t<div class=\"img-inner dark\" >\n\t\t\t<img loading=\"lazy\" decoding=\"async\" width=\"1020\" height=\"765\" src=\"https:\/\/iron-toys.com\/uk\/wp-content\/uploads\/sites\/9\/2025\/06\/0Q8A1830-1024x768.jpg\" class=\"attachment-large size-large\" alt=\"\" srcset=\"https:\/\/iron-toys.com\/uk\/wp-content\/uploads\/sites\/9\/2025\/06\/0Q8A1830-1024x768.jpg 1024w, https:\/\/iron-toys.com\/uk\/wp-content\/uploads\/sites\/9\/2025\/06\/0Q8A1830-300x225.jpg 300w, https:\/\/iron-toys.com\/uk\/wp-content\/uploads\/sites\/9\/2025\/06\/0Q8A1830-768x576.jpg 768w, https:\/\/iron-toys.com\/uk\/wp-content\/uploads\/sites\/9\/2025\/06\/0Q8A1830-1536x1152.jpg 1536w, https:\/\/iron-toys.com\/uk\/wp-content\/uploads\/sites\/9\/2025\/06\/0Q8A1830-2048x1536.jpg 2048w, https:\/\/iron-toys.com\/uk\/wp-content\/uploads\/sites\/9\/2025\/06\/0Q8A1830-655x491.jpg 655w\" sizes=\"auto, (max-width: 1020px) 100vw, 1020px\" \/>\t\t\t\t\t\t\n\t\t\t\t\t<\/div>\n\t\t\t\t\t\t\t\t\n<style>\n#image_1171442210 {\n  width: 100%;\n}\n<\/style>\n\t<\/div>\n\t\n\t\t<\/div>\n\t\t\t\t\t<\/div>\n\n\t\n<\/div>\n<div class=\"row row-large align-middle\"  id=\"row-1051851314\">\n\n\t<div id=\"col-989747451\" class=\"col medium-12 small-12 large-6\"  >\n\t\t\t\t<div class=\"col-inner\"  >\n\t\t\t\n\t\t\t\n\t<div class=\"img has-hover x md-x lg-x y md-y lg-y\" id=\"image_1101530928\">\n\t\t\t\t\t\t\t\t<div class=\"img-inner dark\" >\n\t\t\t<img loading=\"lazy\" decoding=\"async\" width=\"1020\" height=\"765\" src=\"https:\/\/iron-toys.com\/uk\/wp-content\/uploads\/sites\/9\/2025\/06\/0Q8A1822-1024x768.jpg\" class=\"attachment-large size-large\" alt=\"\" srcset=\"https:\/\/iron-toys.com\/uk\/wp-content\/uploads\/sites\/9\/2025\/06\/0Q8A1822-1024x768.jpg 1024w, https:\/\/iron-toys.com\/uk\/wp-content\/uploads\/sites\/9\/2025\/06\/0Q8A1822-300x225.jpg 300w, https:\/\/iron-toys.com\/uk\/wp-content\/uploads\/sites\/9\/2025\/06\/0Q8A1822-768x576.jpg 768w, https:\/\/iron-toys.com\/uk\/wp-content\/uploads\/sites\/9\/2025\/06\/0Q8A1822-1536x1152.jpg 1536w, https:\/\/iron-toys.com\/uk\/wp-content\/uploads\/sites\/9\/2025\/06\/0Q8A1822-2048x1536.jpg 2048w, https:\/\/iron-toys.com\/uk\/wp-content\/uploads\/sites\/9\/2025\/06\/0Q8A1822-655x491.jpg 655w\" sizes=\"auto, (max-width: 1020px) 100vw, 1020px\" \/>\t\t\t\t\t\t\n\t\t\t\t\t<\/div>\n\t\t\t\t\t\t\t\t\n<style>\n#image_1101530928 {\n  width: 100%;\n}\n<\/style>\n\t<\/div>\n\t\n\t\t<\/div>\n\t\t\t\t\t<\/div>\n\n\t\n\n\t<div id=\"col-1716126022\" class=\"col medium-12 small-12 large-6 medium-col-first\"  >\n\t\t\t\t<div class=\"col-inner\"  >\n\t\t\t\n\t\t\t\n<h3><b>Simple and reliable<\/b><\/h3>\n<p>Smart design allows quick access to the engine and key components, simplifying regular checks and servicing. Maintenance is quick and clear, reducing potential work stoppages. Durable construction and thoughtful system layout ensure safe and reliable operation in all conditions.<\/p>\n\t\t<\/div>\n\t\t\t\t\t<\/div>\n\n\t\n<\/div>\n\t\t<\/div>\n\n\t\t\n<style>\n#section_582838062 {\n  padding-top: 30px;\n  padding-bottom: 30px;\n}\n<\/style>\n\t<\/section>\n\t\n","protected":false},"excerpt":{"rendered":"<p><strong>IRT-18<\/strong> je pouzdan mini bager mase 1800 kg, dizajniran za u\u010dinkovito izvo\u0111enje zahtjevnih iskopa i rad na raznovrsnim terenima. Pokre\u0107e ga dizelski motor <strong>Kubota D722-E4B (3-cilindri\u010den)<\/strong> snage <strong>10.2 kW<\/strong> \/ 2500 rpm. Dvije zup\u010daste pumpe (31,2 + 7,8 L\/min) u kombinaciji s radnim tlakom od 16 MPa omogu\u0107uju sna\u017ean i precizan rad. S dubinom kopanja od 2170 mm, dosegom od 3470 mm i sposobno\u0161\u0107u uspona do 30\u00b0, prikladan je za \u0161irok raspon zadataka na gradili\u0161tima i te\u0161ko dostupnim terenima.<\/p>\n<p><strong>Uz kupnju dobivate GRATIS: Kopa\u010dka korpa 40cm + Brza spojka<\/strong><\/p>\n","protected":false},"featured_media":1029,"template":"","meta":{"_acf_changed":false},"product_brand":[],"product_cat":[16,19],"product_tag":[],"class_list":{"0":"post-1028","1":"product","2":"type-product","3":"status-publish","4":"has-post-thumbnail","6":"product_cat-machines","7":"product_cat-mini-excavators","9":"first","10":"instock","11":"taxable","12":"shipping-taxable","13":"purchasable","14":"product-type-simple"},"acf":[],"_links":{"self":[{"href":"https:\/\/iron-toys.com\/uk\/wp-json\/wp\/v2\/product\/1028","targetHints":{"allow":["GET"]}}],"collection":[{"href":"https:\/\/iron-toys.com\/uk\/wp-json\/wp\/v2\/product"}],"about":[{"href":"https:\/\/iron-toys.com\/uk\/wp-json\/wp\/v2\/types\/product"}],"wp:featuredmedia":[{"embeddable":true,"href":"https:\/\/iron-toys.com\/uk\/wp-json\/wp\/v2\/media\/1029"}],"wp:attachment":[{"href":"https:\/\/iron-toys.com\/uk\/wp-json\/wp\/v2\/media?parent=1028"}],"wp:term":[{"taxonomy":"product_brand","embeddable":true,"href":"https:\/\/iron-toys.com\/uk\/wp-json\/wp\/v2\/product_brand?post=1028"},{"taxonomy":"product_cat","embeddable":true,"href":"https:\/\/iron-toys.com\/uk\/wp-json\/wp\/v2\/product_cat?post=1028"},{"taxonomy":"product_tag","embeddable":true,"href":"https:\/\/iron-toys.com\/uk\/wp-json\/wp\/v2\/product_tag?post=1028"}],"curies":[{"name":"wp","href":"https:\/\/api.w.org\/{rel}","templated":true}]}}